
{"id":140329,"date":"2026-03-24T11:35:11","date_gmt":"2026-03-24T11:35:11","guid":{"rendered":"https:\/\/gevelridder.nl\/product\/zestaw-przedluzajacy-duze-szklo\/"},"modified":"2026-03-24T11:35:11","modified_gmt":"2026-03-24T11:35:11","slug":"zestaw-przedluzajacy-duze-szklo","status":"publish","type":"product","link":"https:\/\/gevelridder.nl\/pl\/produkt\/zestaw-przedluzajacy-duze-szklo\/","title":{"rendered":"Zestaw przed\u0142u\u017caj\u0105cy du\u017ce szk\u0142o"},"content":{"rendered":"<h2>Zestaw przed\u0142u\u017caj\u0105cy du\u017ce szk\u0142o<\/h2>\n<p>Dzi\u0119ki temu zestawowi przed\u0142u\u017caj\u0105cemu du\u017ce szk\u0142o do w\u00f3zka do transportu szk\u0142a Gevelridder mo\u017cna wygodnie i bezpiecznie transportowa\u0107 du\u017ce ramy ze szk\u0142em. Zestaw sk\u0142ada si\u0119 z solidnego pr\u0119ta o d\u0142ugo\u015bci 2 metr\u00f3w, na kt\u00f3rym zamontowane s\u0105 dwa leksanowe t\u0142oki pompuj\u0105ce. Pozycja t\u0142ok\u00f3w jest regulowana.  <\/p>\n<p>Zestaw mo\u017ce by\u0107 u\u017cywany zar\u00f3wno z naszym <a href=\"https:\/\/gevelridder.nl\/product\/glaskar-platenwagen-150kg\/\">w\u00f3zkiem do szk\u0142a o wadze 150 kg<\/a>, jak i <a href=\"https:\/\/gevelridder.nl\/product\/glaskar-250-platenwagen\/\">w\u00f3zkiem do szk\u0142a o wadze 250 kg<\/a>.<\/p>\n<h2>W\u00f3zek do p\u0142yt<\/h2>\n<p>Gevelkar 100\u00d7100 cm z p\u0142yt\u0105 \u0142adunkow\u0105 18 cm, odpowiedni do 250 kg, ma 2 tuleje zamontowane na dole, co daje mo\u017cliwo\u015b\u0107 u\u017cycia zacisk\u00f3w napinaj\u0105cych, jest wykonany w ca\u0142o\u015bci z aluminium i dlatego ma wag\u0119 oko\u0142o 10 kg. Zaciski napinaj\u0105ce lub lance napinaj\u0105ce mo\u017cna zam\u00f3wi\u0107 osobno. Upewnij si\u0119, \u017ce w\u00f3zki (ale tak\u017ce stojaki na szk\u0142o) s\u0105 zawsze wypoziomowane, aby zapobiec przewr\u00f3ceniu si\u0119 szk\u0142a!  <\/p>\n<h3>W\u00f3zek na szk\u0142o z zestawem rozszerzaj\u0105cym du\u017ce szk\u0142o<\/h3>\n<p>Nasze w\u00f3zki s\u0105 zaprojektowane i wykonane z mi\u0142o\u015bci\u0105, z czego jeste\u015bmy dumni. #MadeinHolland. W\u00f3zki s\u0105 wykonywane r\u0119cznie, a tak\u017ce r\u0119cznie tapicerowane. To sprawia, \u017ce jest to &#8222;Aston Martin&#8221; w\u015br\u00f3d w\u00f3zk\u00f3w. <\/p>\n<p>Chocia\u017c jest to najmniej bezpieczny spos\u00f3b transportu szk\u0142a, nadal jest ono regularnie podnoszone i przenoszone r\u0119cznie. Czasami brakuje odpowiednich urz\u0105dze\u0144 podnosz\u0105cych i sprz\u0119tu transportowego, a czasami wynika to z wygody pracownik\u00f3w. Szk\u0142o mo\u017ce by\u0107 podnoszone r\u0119cznie, je\u015bli nie jest zbyt du\u017ce i ci\u0119\u017ckie i nie musi by\u0107 transportowane zbyt daleko.   Ale czy chcesz zaryzykowa\u0107 b\u00f3l plec\u00f3w na ca\u0142e \u017cycie, my nie!<\/p>\n<p><a href=\"https:\/\/arbocatalogus-vlakglas.nl\/handeling\/handmatig-tillen-en-dragen-van-glas\">Zobacz tak\u017ce katalog BHP dla sektora szk\u0142a p\u0142askiego  <\/a><\/p>\n<p>Najcz\u0119stsze przyczyny wypadk\u00f3w i obra\u017ce\u0144 to:<\/p>\n<ul>\n<li>Ci\u0119cia spowodowane dzia\u0142aniem szk\u0142a<\/li>\n<li>Nadmierny wysi\u0142ek fizyczny zwi\u0105zany z podnoszeniem i przenoszeniem ci\u0119\u017ckich tafli szk\u0142a<\/li>\n<li>Potkni\u0119cie, po\u015blizgni\u0119cie lub upadek<\/li>\n<li>Uderzenie przez spadaj\u0105cy \u0142adunek<\/li>\n<\/ul>\n<p>Kluczowe zagro\u017cenia:<\/p>\n<ol>\n<li>Obci\u0105\u017cenie fizyczne<\/li>\n<li>Uderzenie przez (spadaj\u0105ce) materia\u0142y<\/li>\n<li>Zagro\u017cenie przeci\u0119ciem<\/li>\n<li>Potkni\u0119cia, upadki i po\u015blizgni\u0119cia<\/li>\n<\/ol>\n<p>Rozwi\u0105zania dla zagro\u017ce\u0144:<\/p>\n<ol>\n<li>Bezpieczne r\u0119czne podnoszenie i przenoszenie<\/li>\n<li>Zapobieganie uszkodzeniom cia\u0142a<\/li>\n<li>Zapobieganie upadkom, po\u015blizgni\u0119ciom i potkni\u0119ciom<\/li>\n<li>Odpowiednie \u015brodki ochrony indywidualnej dla ka\u017cdej operacji!<\/li>\n<\/ol>\n<p>Racja, wi\u0119c Gable Knight! Czy wiesz, \u017ce Gevelridderkar, znany r\u00f3wnie\u017c jako w\u00f3zek na talerze lub w\u00f3zek na szk\u0142o, istnieje ju\u017c od ponad <a href=\"https:\/\/gevelridder.nl\/nieuws\/8-jaar-de-gevelridderkar\/\">o\u015bmiu lat<\/a>?<\/p>\n","protected":false},"excerpt":{"rendered":"<p>Dzi\u0119ki temu zestawowi przed\u0142u\u017caj\u0105cemu du\u017ce szk\u0142o do w\u00f3zka do transportu szk\u0142a Gevelridder mo\u017cna wygodnie i bezpiecznie transportowa\u0107 du\u017ce ramy ze szk\u0142em. Zestaw sk\u0142ada si\u0119 z solidnego pr\u0119ta o d\u0142ugo\u015bci 2 metr\u00f3w, na kt\u00f3rym zamontowane s\u0105 dwa leksanowe t\u0142oki pompki r\u0119cznej. Pozycja t\u0142ok\u00f3w jest regulowana. W ten spos\u00f3b szk\u0142o jest przymocowane do w\u00f3zka (zacisk napinaj\u0105cy nie jest wymagany). Dotyczy to oczywi\u015bcie jednej tafli szk\u0142a, kt\u00f3ra jest zasysana z ty\u0142u. Upewnij si\u0119, \u017ce w\u00f3zki (ale tak\u017ce stojaki na szk\u0142o) s\u0105 zawsze wypoziomowane, aby zapobiec przewr\u00f3ceniu si\u0119 szk\u0142a!     <\/p>\n","protected":false},"featured_media":131838,"template":"","meta":{"_acf_changed":false,"_seopress_robots_primary_cat":"","_seopress_titles_title":"","_seopress_titles_desc":"","_seopress_robots_index":""},"product_brand":[],"product_cat":[2038,2025],"product_tag":[1957,2018,2033,2027],"class_list":{"0":"post-140329","1":"product","2":"type-product","3":"status-publish","4":"has-post-thumbnail","6":"product_cat-czesci-zamienne-3","7":"product_cat-wozki-elewacyjne","8":"product_tag-gevelridder","9":"product_tag-montaz-szkla-2","10":"product_tag-wozek-do-plyt","11":"product_tag-wozek-do-szyb","12":"product_shipping_class-65-euro","14":"first","15":"instock","16":"taxable","17":"shipping-taxable","18":"purchasable","19":"product-type-simple"},"acf":[],"_links":{"self":[{"href":"https:\/\/gevelridder.nl\/pl\/wp-json\/wp\/v2\/product\/140329","targetHints":{"allow":["GET"]}}],"collection":[{"href":"https:\/\/gevelridder.nl\/pl\/wp-json\/wp\/v2\/product"}],"about":[{"href":"https:\/\/gevelridder.nl\/pl\/wp-json\/wp\/v2\/types\/product"}],"wp:featuredmedia":[{"embeddable":true,"href":"https:\/\/gevelridder.nl\/pl\/wp-json\/wp\/v2\/media\/131838"}],"wp:attachment":[{"href":"https:\/\/gevelridder.nl\/pl\/wp-json\/wp\/v2\/media?parent=140329"}],"wp:term":[{"taxonomy":"product_brand","embeddable":true,"href":"https:\/\/gevelridder.nl\/pl\/wp-json\/wp\/v2\/product_brand?post=140329"},{"taxonomy":"product_cat","embeddable":true,"href":"https:\/\/gevelridder.nl\/pl\/wp-json\/wp\/v2\/product_cat?post=140329"},{"taxonomy":"product_tag","embeddable":true,"href":"https:\/\/gevelridder.nl\/pl\/wp-json\/wp\/v2\/product_tag?post=140329"}],"curies":[{"name":"wp","href":"https:\/\/api.w.org\/{rel}","templated":true}]}}