
{"id":140319,"date":"2026-03-24T11:34:17","date_gmt":"2026-03-24T11:34:17","guid":{"rendered":"https:\/\/gevelridder.nl\/product\/wozek-na-plyty-glaskar-urban-500kg\/"},"modified":"2026-03-24T11:34:17","modified_gmt":"2026-03-24T11:34:17","slug":"wozek-na-plyty-glaskar-urban-500kg","status":"publish","type":"product","link":"https:\/\/gevelridder.nl\/pl\/produkt\/wozek-na-plyty-glaskar-urban-500kg\/","title":{"rendered":"W\u00f3zek na p\u0142yty Glaskar Urban 500kg"},"content":{"rendered":"<p>W\u00f3zek Glaskar Urban Slab Trolley 500 kg oferuje doskona\u0142e rozwi\u0105zanie z du\u017c\u0105 g\u00f3rn\u0105 p\u00f3\u0142k\u0105, idealn\u0105 do szerszych ram okiennych i innych materia\u0142\u00f3w. Przy maksymalnym obci\u0105\u017ceniu 500 kg (r\u00f3wnomiernie roz\u0142o\u017conym), w\u00f3zek Glaskar jest w\u0142a\u015bciwym wyborem dla Twoich potrzeb transportowych. <\/p>\n<p><strong>W\u00f3zek na p\u0142yty Glaskar Urban 500kg: Wydajny transport  <\/strong><\/p>\n<p>W\u00f3zek Gable Cart o wymiarach 100 x 100 cm z p\u00f3\u0142k\u0105 \u0142adunkow\u0105 o d\u0142ugo\u015bci 18 cm zosta\u0142 zaprojektowany tak, aby spe\u0142ni\u0107 Twoje wymagania. Wa\u017c\u0105cy zaledwie 12 kg, ten aluminiowy w\u00f3zek oferuje trwa\u0142o\u015b\u0107 i przeno\u015bno\u015b\u0107. Dno w\u00f3zka ma 2 zamontowane rurki, co pozwala na u\u017cycie zacisk\u00f3w napinaj\u0105cych dla dodatkowej stabilno\u015bci podczas transportu. Du\u017ce ko\u0142a o dopuszczalnym obci\u0105\u017ceniu 150 kg na ko\u0142o (\u015brednica oko\u0142o 400 mm) sprawiaj\u0105, \u017ce w\u00f3zek ten nadaje si\u0119 do r\u00f3\u017cnych sytuacji, w tym do warunk\u00f3w terenowych.   <\/p>\n<p><strong>Glaskar Urban Plate Trolley 500kg: Zaprojektowany z mi\u0142o\u015bci\u0105, wyprodukowany w Holandii<\/strong><\/p>\n<p>Nasz w\u00f3zek na p\u0142yty to nie byle jaki w\u00f3zek. Z dum\u0105 prezentujemy nasz r\u0119cznie zaprojektowany i r\u0119cznie wykonany w\u00f3zek na p\u0142yty, #MadeinHolland. Ka\u017cdy szczeg\u00f3\u0142 zosta\u0142 starannie dopracowany, dzi\u0119ki czemu w\u00f3zek ten wyr\u00f3\u017cnia si\u0119 jako &#8222;Mercedes&#8221; w\u015br\u00f3d w\u00f3zk\u00f3w.  <\/p>\n<p><strong>Zaciski i akcesoria<\/strong><\/p>\n<p>Nale\u017cy pami\u0119ta\u0107, \u017ce cena nie obejmuje zacisk\u00f3w napinaj\u0105cych. Mo\u017cna je zam\u00f3wi\u0107 osobno, aby transport by\u0142 jeszcze bezpieczniejszy. <\/p>\n<p><strong>Wymiary i opcje<\/strong><\/p>\n<p>Szeroko\u015b\u0107 p\u0142yty \u0142adunkowej w\u00f3zka Glaskar Plate Trolley wynosi 18 cm, a ca\u0142kowita szeroko\u015b\u0107 wraz z ko\u0142ami to tylko 50 cm. Dla wi\u0119kszej \u0142atwo\u015bci obs\u0142ugi dost\u0119pna jest r\u00f3wnie\u017c wersja z mniejszymi ko\u0142ami (obci\u0105\u017cenie 250 kg). Szukasz w\u00f3zka jednoosiowego? Nasza przyczepa jednoosiowa ma maksymalne obci\u0105\u017cenie robocze WLL (Working Load Limit) wynosz\u0105ce 150 kg. Regulowane uchwyty z mechanizmem szybkiego zatrzasku i czarny\/antracytowy filc dope\u0142niaj\u0105 ca\u0142o\u015bci.    <\/p>\n<p><strong>Gable Knight: Zapobiegaj problemom zdrowotnym dzi\u0119ki wydajnemu transportowi<\/strong><\/p>\n<p>Czy wiesz, \u017ce podnoszenie i przenoszenie podczas pracy jest g\u0142\u00f3wn\u0105 przyczyn\u0105 dolegliwo\u015bci fizycznych? B\u00f3l plec\u00f3w, ramion, szyi, kolan i bioder mo\u017ce wynika\u0107 z niew\u0142a\u015bciwego podnoszenia, a nasz w\u00f3zek do p\u0142yt zapobiega temu. Nasz w\u00f3zek elewacyjny lub w\u00f3zek do p\u0142yt zosta\u0142 zaprojektowany z my\u015bl\u0105 zar\u00f3wno o wydajno\u015bci, jak i zdrowiu. Dzi\u0119ki urz\u0105dzeniom podnosz\u0105cym Gevelridder mo\u017cna zapobiec tym dolegliwo\u015bciom i pracowa\u0107 bezpiecznie i wygodnie.   <\/p>\n<p><strong>TNO &#8211; Fakty dotycz\u0105ce fizycznego obci\u0105\u017cenia prac\u0105 2018<\/strong><\/p>\n<p>Obci\u0105\u017cenie fizyczne pozostaje g\u0142\u00f3wn\u0105 przyczyn\u0105 chor\u00f3b zawodowych i nieobecno\u015bci w pracy. Nasze produkty zosta\u0142y zaprojektowane tak, aby przyczynia\u0107 si\u0119 do zdrowszego \u015brodowiska pracy, zgodnie z ustaleniami TNO. <\/p>\n<p>Odkryj moc w\u00f3zk\u00f3w Gable Trolley i Plate Trolley &#8211; Twoich partner\u00f3w w zakresie wydajnego transportu i zdrowych warunk\u00f3w pracy. Zam\u00f3w teraz i poczuj r\u00f3\u017cnic\u0119! Przy okazji, czy widzia\u0142e\u015b ju\u017c <a href=\"https:\/\/gevelridder.nl\/pl\/produkt\/brammetje-500kg\/\">pieska Brammetje<\/a>?  <\/p>\n","protected":false},"excerpt":{"rendered":"<p>Z obszern\u0105 g\u00f3rn\u0105 p\u00f3\u0142k\u0105 na szerokie ramy okienne i imponuj\u0105cym ud\u017awigiem do 500 kg (uwaga, nale\u017cy unika\u0107 du\u017cych obci\u0105\u017ce\u0144 punktowych). Ze wzgl\u0119du na wi\u0119ksze ko\u0142a, ten w\u00f3zek do arkuszy jest nieco mniej zwrotny ni\u017c <a href=\"https:\/\/gevelridder.nl\/product\/glaskar-250-platenwagen\/\">w\u00f3zek o ud\u017awigu 25 kg<\/a>, kt\u00f3ry jest najcz\u0119\u015bciej sprzedawany. Praktyka pokazuje jednak, \u017ce ten w\u00f3zek dzia\u0142a dobrze. Dzi\u0119ki sprytnie zmontowanym rurkom mo\u017cna u\u017cywa\u0107 zacisk\u00f3w (opcja), a du\u017ce ko\u0142a (150 kg na ko\u0142o) i solidna konstrukcja poradz\u0105 sobie nawet z transportem terenowym. (prze\u015bwit pod zderzakiem 13 cm). Rama tego w\u00f3zka na szk\u0142o ma 100 cm d\u0142ugo\u015bci, 108 cm d\u0142ugo\u015bci ca\u0142kowitej i 108 cm wysoko\u015bci. Zewn\u0119trzny wymiar k\u00f3\u0142 wynosi 58 cm.      <\/p>\n<p>Cena nie obejmuje zacisk\u00f3w napinaj\u0105cych, kt\u00f3rych oferujemy trzy r\u00f3\u017cne rodzaje:<\/p>\n<ul>\n<li><a href=\"https:\/\/gevelridder.nl\/product\/spanklem-2-0-alu\/\">Napinacz Alu<\/a> (najcz\u0119\u015bciej sprzedawany)<\/li>\n<li><a href=\"https:\/\/gevelridder.nl\/product\/spanklem\/\">zacisk stalowy<\/a> (dro\u017cszy i ci\u0119\u017cszy)<\/li>\n<li><a href=\"https:\/\/gevelridder.nl\/product\/spanklem-lans\/\">lanca napinaj\u0105ca<\/a> (do mniejszych szyb).<\/li>\n<\/ul>\n","protected":false},"featured_media":131927,"template":"","meta":{"_acf_changed":false,"_seopress_robots_primary_cat":"none","_seopress_titles_title":"","_seopress_titles_desc":"","_seopress_robots_index":""},"product_brand":[],"product_cat":[2057],"product_tag":[2069,2140,1993,1998,2138,2015,1992,2071,2070,2109,2037,2027,2141,2139,2137,2072],"class_list":{"0":"post-140319","1":"product","2":"type-product","3":"status-publish","4":"has-post-thumbnail","6":"product_cat-gable-knights","7":"product_tag-allterraindolly","8":"product_tag-jezyna","9":"product_tag-podnosnik-do-szkla","10":"product_tag-rama-okienna","11":"product_tag-shopfitterzy","12":"product_tag-szklarz-2","13":"product_tag-szklarz","14":"product_tag-windowframecarrier","15":"product_tag-wozek-3","16":"product_tag-wozek-do-drzwi","17":"product_tag-wozek-do-plyt-2","18":"product_tag-wozek-do-szyb","19":"product_tag-wozek-drzwiowy-2","20":"product_tag-wozek-na-plyty-glaskar","21":"product_tag-wozek-na-szklo","22":"product_tag-wozek-ramowy","23":"product_shipping_class-65-euro","25":"first","26":"instock","27":"taxable","28":"shipping-taxable","29":"purchasable","30":"product-type-simple"},"acf":[],"_links":{"self":[{"href":"https:\/\/gevelridder.nl\/pl\/wp-json\/wp\/v2\/product\/140319","targetHints":{"allow":["GET"]}}],"collection":[{"href":"https:\/\/gevelridder.nl\/pl\/wp-json\/wp\/v2\/product"}],"about":[{"href":"https:\/\/gevelridder.nl\/pl\/wp-json\/wp\/v2\/types\/product"}],"wp:featuredmedia":[{"embeddable":true,"href":"https:\/\/gevelridder.nl\/pl\/wp-json\/wp\/v2\/media\/131927"}],"wp:attachment":[{"href":"https:\/\/gevelridder.nl\/pl\/wp-json\/wp\/v2\/media?parent=140319"}],"wp:term":[{"taxonomy":"product_brand","embeddable":true,"href":"https:\/\/gevelridder.nl\/pl\/wp-json\/wp\/v2\/product_brand?post=140319"},{"taxonomy":"product_cat","embeddable":true,"href":"https:\/\/gevelridder.nl\/pl\/wp-json\/wp\/v2\/product_cat?post=140319"},{"taxonomy":"product_tag","embeddable":true,"href":"https:\/\/gevelridder.nl\/pl\/wp-json\/wp\/v2\/product_tag?post=140319"}],"curies":[{"name":"wp","href":"https:\/\/api.w.org\/{rel}","templated":true}]}}