
{"id":140313,"date":"2026-03-24T08:17:11","date_gmt":"2026-03-24T08:17:11","guid":{"rendered":"https:\/\/gevelridder.nl\/product\/wozek-na-materace-wozek-na-szklo-i-blachy\/"},"modified":"2026-03-24T08:17:11","modified_gmt":"2026-03-24T08:17:11","slug":"wozek-na-materace-wozek-na-szklo-i-blachy","status":"publish","type":"product","link":"https:\/\/gevelridder.nl\/pl\/produkt\/wozek-na-materace-wozek-na-szklo-i-blachy\/","title":{"rendered":"W\u00f3zek na materace \/ w\u00f3zek na szk\u0142o i blachy"},"content":{"rendered":"<p>Ten lekki w\u00f3zek na materace Facade Cart 100 kg zosta\u0142 opracowany dla parku wakacyjnego w Portugalii. Umo\u017cliwi\u0142 on personelowi \u0142atw\u0105 wymian\u0119 materacy. RESPALDO, lekki aluminiowy w\u00f3zek elewacyjny z bardzo szerok\u0105 osi\u0105 k\u00f3\u0142.  <\/p>\n<p>Stela\u017c Gevelkar 100&#215;100 cm z 18-centymetrow\u0105 p\u0142yt\u0105 \u0142adunkow\u0105 i przed\u0142u\u017con\u0105 osi\u0105 do materacy o grubo\u015bci do 28 cm, odpowiedni dla os\u00f3b o wadze do 150 kg.<\/p>\n<p>Ten w\u00f3zek zosta\u0142 starannie wykonany w Holandii, z czego jeste\u015bmy dumni.<\/p>\n<h2>W\u00f3zek na materac W\u00f3zek \u015bcienny 150 kg<\/h2>\n<p>W\u00f3zek fasadowy lub w\u00f3zek na materace ma 100 cm d\u0142ugo\u015bci, 100 cm wysoko\u015bci i 60 cm szeroko\u015bci z p\u0142yt\u0105 \u0142adunkow\u0105 18 cm, odpowiedni\u0105 dla 150 kg, materace mog\u0105 znajdowa\u0107 si\u0119 do 28 cm mi\u0119dzy pasem. Mocny w\u00f3zek ma 2 rurki zamontowane na dole, co pozwala na u\u017cycie zacisk\u00f3w napinaj\u0105cych, jest wykonany w ca\u0142o\u015bci z aluminium i dlatego wa\u017cy 10 kg. Zaciski napinaj\u0105ce lub lance napinaj\u0105ce mo\u017cna zam\u00f3wi\u0107 osobno.  <\/p>\n<h2>W\u00f3zek szczytowy<\/h2>\n<p>Ten por\u0119czny w\u00f3zek zosta\u0142 starannie zaprojektowany w Holandii i wykonany przez rzemie\u015blnik\u00f3w, z czego jeste\u015bmy dumni. #MadeinHolland. W\u00f3zki s\u0105 wykonywane r\u0119cznie, a tak\u017ce r\u0119cznie tapicerowane. To sprawia, \u017ce jest to &#8222;Maybach&#8221; w\u015br\u00f3d w\u00f3zk\u00f3w. <\/p>\n<h2>Zacisk napinaj\u0105cy do w\u00f3zka na materac 150 kg<\/h2>\n<p><a href=\"https:\/\/gevelridder.nl\/product\/spanklem\/\">Zacisk napinaj\u0105cy<\/a> mo\u017cna zam\u00f3wi\u0107 osobno wraz z w\u00f3zkiem.<\/p>\n<h3>Wymiary w\u00f3zka na materac<\/h3>\n<p>Szeroko\u015b\u0107 p\u00f3\u0142ki \u0142adunkowej wynosi 18 cm, a przestrze\u0144 mi\u0119dzy ko\u0142ami 28 cm. Ca\u0142kowita szeroko\u015b\u0107 w\u00f3zka wraz z ko\u0142ami wynosi tylko 60 cm.  <\/p>\n<p>W\u00f3zek jest r\u00f3wnie\u017c dost\u0119pny w wersji z<a href=\"https:\/\/gevelridder.nl\/product\/glaskar-platenwagen-150kg\/\"> 1 osi\u0105 dla 150 kg<\/a>. Uchwyty s\u0105 regulowane za pomoc\u0105 szybkiego klipsa. W\u00f3zek jest wyposa\u017cony w filc w kolorze czarnym\/antracytowym.  W razie potrzeby mo\u017cemy dostosowa\u0107 w\u00f3zki do indywidualnych potrzeb.<\/p>\n<h2>TNO &#8211; Arkusz informacyjny dotycz\u0105cy fizycznego obci\u0105\u017cenia prac\u0105 w 2018 r.<\/h2>\n<p>Obci\u0105\u017cenie fizyczne jest nadal g\u0142\u00f3wn\u0105 przyczyn\u0105 chor\u00f3b zawodowych i nieobecno\u015bci w pracy, obok psychospo\u0142ecznego obci\u0105\u017cenia prac\u0105. Jest to arkusz informacyjny <a href=\"https:\/\/www.arboportaal.nl\/onderwerpen\/tillen-en-dragen\/documenten\/publicatie\/2018\/07\/01\/factsheet-fysieke-arbeidsbelasting-2018\">TNO<\/a> z danymi z czerwca 2018 r., dlatego nale\u017cy korzysta\u0107 z pomocy do podnoszenia Gevelridder! <\/p>\n<h2>Podnoszenie i przenoszenie W\u00f3zek na materace 100 kg<\/h2>\n<div class=\"row\">\n<div class=\"col-12 col-md-10 offset-md-1\">\n<p class=\"content__intro\">Podnoszenie to podnoszenie i odk\u0142adanie \u0142adunku r\u0119kami bez poruszania si\u0119. Je\u015bli przenosisz co\u015b podczas chodzenia w trakcie podnoszenia, nazywamy to d\u017awiganiem. Te wskaz\u00f3wki pomog\u0105 ci unikn\u0105\u0107 problem\u00f3w zdrowotnych.  <\/p>\n<\/div>\n<\/div>\n<div class=\"row\">\n<p class=\"col-12 col-md-10 offset-md-1\">Jakie dolegliwo\u015bci mog\u0105 wyst\u0105pi\u0107? Podnoszenie i przenoszenie podczas pracy jest g\u0142\u00f3wn\u0105 przyczyn\u0105 <g id=\"gid_0\">dolegliwo\u015bci fizycznych<\/g>, takich jak b\u00f3l (dolnej) cz\u0119\u015bci plec\u00f3w, ramion, szyi, kolan i bioder. Dolegliwo\u015bci plec\u00f3w mog\u0105 r\u00f3wnie\u017c wynika\u0107 z podnoszenia przedmiot\u00f3w w pozycji zgi\u0119tej lub ze skr\u0119conymi plecami.  <\/p>\n<p class=\"col-12 col-md-10 offset-md-1\">\n<\/div>\n<p><a href=\"https:\/\/www.fnv.nl\/werk-inkomen\/veilig-gezond-werken\/lichamelijke-belasting\/tillen-en-dragen\">zob. tak\u017ce  <\/a><\/p>\n","protected":false},"excerpt":{"rendered":"<p>W\u00f3zek na materace 150 kg WLL &#8222;RESPALDO&#8221;, lekki w\u00f3zek dwuspadowy opracowany specjalnie do transportu materacy, prze\u015bcierade\u0142 i szk\u0142a.<\/p>\n","protected":false},"featured_media":131523,"template":"","meta":{"_acf_changed":false,"_seopress_robots_primary_cat":"","_seopress_titles_title":"","_seopress_titles_desc":"","_seopress_robots_index":""},"product_brand":[],"product_cat":[1990],"product_tag":[2136,2135,2052,2134,2133],"class_list":{"0":"post-140313","1":"product","2":"type-product","3":"status-publish","4":"has-post-thumbnail","6":"product_cat-outlet","7":"product_tag-szpital","8":"product_tag-tablice-samochodowe","9":"product_tag-wozek-2","10":"product_tag-wozek-na-materace","11":"product_tag-wykonane-na-zamowienie","12":"product_shipping_class-45-euro","14":"first","15":"outofstock","16":"taxable","17":"shipping-taxable","18":"purchasable","19":"product-type-simple"},"acf":[],"_links":{"self":[{"href":"https:\/\/gevelridder.nl\/pl\/wp-json\/wp\/v2\/product\/140313","targetHints":{"allow":["GET"]}}],"collection":[{"href":"https:\/\/gevelridder.nl\/pl\/wp-json\/wp\/v2\/product"}],"about":[{"href":"https:\/\/gevelridder.nl\/pl\/wp-json\/wp\/v2\/types\/product"}],"wp:featuredmedia":[{"embeddable":true,"href":"https:\/\/gevelridder.nl\/pl\/wp-json\/wp\/v2\/media\/131523"}],"wp:attachment":[{"href":"https:\/\/gevelridder.nl\/pl\/wp-json\/wp\/v2\/media?parent=140313"}],"wp:term":[{"taxonomy":"product_brand","embeddable":true,"href":"https:\/\/gevelridder.nl\/pl\/wp-json\/wp\/v2\/product_brand?post=140313"},{"taxonomy":"product_cat","embeddable":true,"href":"https:\/\/gevelridder.nl\/pl\/wp-json\/wp\/v2\/product_cat?post=140313"},{"taxonomy":"product_tag","embeddable":true,"href":"https:\/\/gevelridder.nl\/pl\/wp-json\/wp\/v2\/product_tag?post=140313"}],"curies":[{"name":"wp","href":"https:\/\/api.w.org\/{rel}","templated":true}]}}