
{"id":140285,"date":"2026-03-24T11:39:17","date_gmt":"2026-03-24T11:39:17","guid":{"rendered":"https:\/\/gevelridder.nl\/product\/cargoridder150-wozek-reczny-z-podnosnikiem\/"},"modified":"2026-03-24T11:39:17","modified_gmt":"2026-03-24T11:39:17","slug":"cargoridder150-wozek-reczny-z-podnosnikiem","status":"publish","type":"product","link":"https:\/\/gevelridder.nl\/pl\/produkt\/cargoridder150-wozek-reczny-z-podnosnikiem\/","title":{"rendered":"CargoRidder150 W\u00f3zek r\u0119czny z podno\u015bnikiem"},"content":{"rendered":"<h2>W\u00f3zek podno\u015bnikowy CargoRidder150: Innowacyjne rozwi\u0105zanie dla bezpiecznej i wydajnej pracy<\/h2>\n<p>Odkryj CargoRidder150 Push-Lift Truck, innowacyjne urz\u0105dzenie wspomagaj\u0105ce podnoszenie.<\/p>\n<p>Nale\u017cy unika\u0107 podnoszenia ci\u0119\u017ckich \u0142adunk\u00f3w! Chro\u0144 siebie i swoich pracownik\u00f3w podczas transportu i za\u0142adunku du\u017cych paczek i sprz\u0119tu. <\/p>\n<p>Dzi\u0119ki temu specjalnemu aluminiowemu w\u00f3zkowi z du\u017cymi ko\u0142ami (D=250 mm) i regulowan\u0105 platform\u0105 lub wid\u0142ami za pomoc\u0105 wci\u0105garki, transport i podnoszenie \u0142adunk\u00f3w np. na nadwoziach ci\u0119\u017car\u00f3wek, samochod\u00f3w dostawczych, p\u00f3\u0142kach lub sto\u0142ach roboczych jest bezpieczn\u0105 opcj\u0105.<\/p>\n<p>Prowadzenie w\u00f3zka przechylnego jest r\u00f3wnie\u017c bardzo wygodne dzi\u0119ki du\u017cym ko\u0142om i przechylaniu dzi\u0119ki osiom k\u00f3\u0142 umieszczonym daleko z ty\u0142u.<\/p>\n<p>Wyzwanie stoj\u0105ce przed wieloma organizacjami ma kluczowe znaczenie dla zdrowia i wydajno\u015bci ich pracownik\u00f3w. Wyobra\u017a sobie: Tw\u00f3j klient pracuje z ci\u0119\u017ckimi skrzyniami wa\u017c\u0105cymi ponad 23 kg, kt\u00f3re musz\u0105 by\u0107 codziennie rozwo\u017cone z centrum logistycznego do r\u00f3\u017cnych miejsc docelowych autobusami bez tylnych burt. Obecnie podnoszenie tych ci\u0119\u017ckich beczek cz\u0119sto odbywa si\u0119 r\u0119cznie. Jest to nie tylko stresuj\u0105ce dla pracownik\u00f3w, ale tak\u017ce negatywnie wp\u0142ywa na ich satysfakcj\u0119 z pracy. Co wi\u0119cej, te r\u0119czne operacje podnoszenia przekraczaj\u0105 obowi\u0105zuj\u0105ce normy podnoszenia wynosz\u0105ce 23 kg, co stanowi naruszenie obowi\u0105zuj\u0105cych przepis\u00f3w.    <\/p>\n<p>Rozumiemy wyzwania stoj\u0105ce przed Twoj\u0105 organizacj\u0105 i mamy rozwi\u0105zanie. W przeciwie\u0144stwie do wielu innych projekt\u00f3w rozwojowych, kt\u00f3re cz\u0119sto prowadz\u0105 do skomplikowanego i kosztownego, a zw\u0142aszcza ci\u0119\u017ckiego sprz\u0119tu, przyj\u0119li\u015bmy podej\u015bcie, w kt\u00f3rym najwa\u017cniejsza jest \u0142atwo\u015b\u0107 u\u017cytkowania i op\u0142acalno\u015b\u0107. Naszym celem jest dostarczenie praktycznego narz\u0119dzia, kt\u00f3re p\u0142ynnie zaspokoi potrzeby Twoich pracownik\u00f3w.  <\/p>\n<h3>Konstrukcja w\u00f3zka wid\u0142owego CargoRidder<\/h3>\n<p>W\u00f3zek podno\u015bnikowy CargoRidder Stick-Lift zosta\u0142 zaprojektowany tak, aby dzia\u0142a\u0142 w harmonii z lud\u017ami, tak jak rzemie\u015blnik pracuje ze swoimi narz\u0119dziami. Dzi\u0119ki w\u00f3zkowi CargoRidder Stick Lift pracownicy mog\u0105 bezpiecznie i wydajnie podnosi\u0107 ci\u0119\u017ckie \u0142adunki, bez ryzyka nadwyr\u0119\u017cenia i b\u00f3lu plec\u00f3w. Nasza filozofia jest prosta: powinien by\u0107 nie tylko bezpieczny, ale tak\u017ce praktyczny i \u0142atwy w u\u017cyciu.  <\/p>\n<p>Niekt\u00f3re funkcje w\u00f3zka podno\u015bnikowego CargoRidder:<\/p>\n<ul>\n<li>Bezpiecze\u0144stwo przede wszystkim: Upewnili\u015bmy si\u0119, \u017ce w\u00f3zek CargoRidder Stick Lift spe\u0142nia wszystkie normy bezpiecze\u0144stwa, a wszelkie pozosta\u0142e zagro\u017cenia s\u0105 obj\u0119te jasnymi instrukcjami bezpiecze\u0144stwa.<\/li>\n<li>  W\u00f3zek wa\u017cy 24 kg, dzi\u0119ki czemu jest \u0142atwy w transporcie i nie stanowi dodatkowego obci\u0105\u017cenia dla pracownik\u00f3w.<\/li>\n<li>Kompaktowy i przeno\u015bny: Dzi\u0119ki kompaktowej konstrukcji CargoRidder Stick Lift mo\u017ce by\u0107 \u0142atwo przewo\u017cony w autobusie, nie zajmuj\u0105c cennego miejsca.<\/li>\n<li>WLL 150 kg<\/li>\n<li>Masa w\u0142asna 24 kg, wid\u0142y 5 kg.<\/li>\n<\/ul>\n<p>Jeste\u015bmy przekonani, \u017ce CargoRidder150 Stick Lift (mini podno\u015bnik) b\u0119dzie cennym dodatkiem do Twojej dzia\u0142alno\u015bci biznesowej. Zainwestuj w zdrowie i wydajno\u015b\u0107 swoich pracownik\u00f3w, a w d\u0142u\u017cszej perspektywie skorzystaj ze zmniejszonej absencji i przyjemnego \u015brodowiska pracy. <\/p>\n<p>Wybierz w\u00f3zek podno\u015bnikowy CargoRidder Stick-Lift i zmie\u0144 swoj\u0105 organizacj\u0119. Skontaktuj si\u0119 z nami ju\u017c dzi\u015b i dowiedz si\u0119, jak CargoRidder Stick Lift Truck mo\u017ce przenie\u015b\u0107 Twoj\u0105 firm\u0119 na wy\u017cszy poziom. Nie sprzedajemy produktu, inwestujemy w Twoje dobre samopoczucie!  <\/p>\n<h3><strong>TNO &#8211; Fakty dotycz\u0105ce fizycznego obci\u0105\u017cenia prac\u0105  <\/strong><\/h3>\n<p>Obci\u0105\u017cenie fizyczne pozostaje g\u0142\u00f3wn\u0105 przyczyn\u0105 chor\u00f3b zawodowych i nieobecno\u015bci w pracy. Nasze produkty zosta\u0142y zaprojektowane tak, aby przyczynia\u0107 si\u0119 do zdrowszego \u015brodowiska pracy, zgodnie z ustaleniami TNO. <\/p>\n<p>Odkryj moc podno\u015bnika CargoRidder Stick Lift. Wspania\u0142y mini-podno\u015bnik zapewniaj\u0105cy wydajny transport i zdrowe warunki pracy. <\/p>\n","protected":false},"excerpt":{"rendered":"<p>W\u00f3zek do podnoszenia WLL150 kg<\/p>\n<p><span style=\"color: #5bbc3a;\">Solidne<\/span> opony terenowe<\/p>\n<p>Regulowane widelce 32-59 <span style=\"color: #5bbc3a;\">cm<\/span> <\/p>\n<p>Wysoko\u015b\u0107 podnoszenia 105 cm, minimum 62 mm<span style=\"color: #5bbc3a;\">.<\/span> <\/p>\n<p>Sk\u0142adany<\/p>\n<p>Waga: maszt 24 kg, wid\u0142y \u0142adunkowe 5 kg<span style=\"color: #5bbc3a;\">. <\/span><\/p>\n<p>Wymiary: widelec 370 x 320 &#8211; 590 mm<span style=\"color: #5bbc3a;\">. <\/span><\/p>\n<p>Wci\u0105garka &#8211; ud\u017awig: lina \u00d8 4 mm &#8211; 230 kg, mechanizm wci\u0105garki DIN 15020 &#8211; 1429 kg<span style=\"color: #5bbc3a;\">. <\/span><\/p>\n<p>Szybkie wdro\u017cenie z r\u00f3\u017cnymi opcjami<span style=\"color: #5bbc3a;\">.<\/span> <\/p>\n","protected":false},"featured_media":132305,"template":"","meta":{"_acf_changed":false,"_seopress_robots_primary_cat":"none","_seopress_titles_title":"","_seopress_titles_desc":"","_seopress_robots_index":""},"product_brand":[],"product_cat":[2118,2078,2025],"product_tag":[2121,2119,2122,2120,2092],"class_list":{"0":"post-140285","1":"product","2":"type-product","3":"status-publish","4":"has-post-thumbnail","6":"product_cat-cargoridder-2","7":"product_cat-wozki-2","8":"product_cat-wozki-elewacyjne","9":"product_tag-inteligentne-podnoszenie-skrzynki-w-autobusie","10":"product_tag-kurier","11":"product_tag-podnosnik-materialu","12":"product_tag-sektor-logistyczny","13":"product_tag-zapobiegaja-bolom-plecow","14":"product_shipping_class-europaleta","16":"first","17":"instock","18":"taxable","19":"shipping-taxable","20":"purchasable","21":"product-type-simple"},"acf":[],"_links":{"self":[{"href":"https:\/\/gevelridder.nl\/pl\/wp-json\/wp\/v2\/product\/140285","targetHints":{"allow":["GET"]}}],"collection":[{"href":"https:\/\/gevelridder.nl\/pl\/wp-json\/wp\/v2\/product"}],"about":[{"href":"https:\/\/gevelridder.nl\/pl\/wp-json\/wp\/v2\/types\/product"}],"wp:featuredmedia":[{"embeddable":true,"href":"https:\/\/gevelridder.nl\/pl\/wp-json\/wp\/v2\/media\/132305"}],"wp:attachment":[{"href":"https:\/\/gevelridder.nl\/pl\/wp-json\/wp\/v2\/media?parent=140285"}],"wp:term":[{"taxonomy":"product_brand","embeddable":true,"href":"https:\/\/gevelridder.nl\/pl\/wp-json\/wp\/v2\/product_brand?post=140285"},{"taxonomy":"product_cat","embeddable":true,"href":"https:\/\/gevelridder.nl\/pl\/wp-json\/wp\/v2\/product_cat?post=140285"},{"taxonomy":"product_tag","embeddable":true,"href":"https:\/\/gevelridder.nl\/pl\/wp-json\/wp\/v2\/product_tag?post=140285"}],"curies":[{"name":"wp","href":"https:\/\/api.w.org\/{rel}","templated":true}]}}