
{"id":140260,"date":"2026-03-24T11:40:03","date_gmt":"2026-03-24T11:40:03","guid":{"rendered":"https:\/\/gevelridder.nl\/product\/podnosnik-do-ogrodu-zimowego-montaz-dachow-werandy-i-ogrodu-zimowego\/"},"modified":"2026-03-24T11:40:03","modified_gmt":"2026-03-24T11:40:03","slug":"podnosnik-do-ogrodu-zimowego-montaz-dachow-werandy-i-ogrodu-zimowego","status":"publish","type":"product","link":"https:\/\/gevelridder.nl\/pl\/produkt\/podnosnik-do-ogrodu-zimowego-montaz-dachow-werandy-i-ogrodu-zimowego\/","title":{"rendered":"Podno\u015bnik do ogrodu zimowego: monta\u017c dach\u00f3w werandy i ogrodu zimowego"},"content":{"rendered":"<h2>Winda do ogrodu zimowego<\/h2>\n<p>Podno\u015bnik ogrodowy do monta\u017cu d\u0142ugich w\u0105skich okien w dachu ogrodu zimowego od do\u0142u, wyposa\u017cony w t\u0142ok z zatrzaskami r\u0119cznymi i wci\u0105gark\u0119 elektryczn\u0105.<\/p>\n<h2>Podno\u015bnik jest odpowiedni dla<\/h2>\n<p>Do wysoko\u015bci 4,2 metra, elektryczny, nadaje si\u0119 r\u00f3wnie\u017c do monta\u017cu p\u0142yt sufitowych, \u017caluzji, rolet, klimatyzator\u00f3w itp. Do tego potrzebna jest platforma, kt\u00f3ra kosztuje 35 euro.<br \/>\nDzia\u0142a z wci\u0105gark\u0105 elektryczn\u0105 i jest bardzo kompaktowy w transporcie i przenoszeniu do miejsca monta\u017cu. Je\u015bli instalujesz \u017caluzje lub rolety, mamy r\u00f3wnie\u017c <a href=\"https:\/\/gevelridder.nl\/pl\/produkt\/zupelnie-nowy-wheelie-z150\/\">por\u0119czne w\u00f3zki<\/a> do <a href=\"https:\/\/gevelridder.nl\/pl\/produkt\/wozek-na-szklo-i-plyty-150-kg-2-0\/\">transportu<\/a> bez uszkadzania profili.  <\/p>\n<h2>Szczeg\u00f3\u0142y Winda do ogrodu zimowego<\/h2>\n<p>Wyposa\u017cony w wyr\u00f3wnywacz z 4 przyssawkami r\u0119cznymi, ale dost\u0119pna jest r\u00f3wnie\u017c przystawka (opcja) do monta\u017cu p\u0142yt sufitowych, \u017caluzji, rolet itp.<br \/>\nMo\u017ce osi\u0105gn\u0105\u0107 wysoko\u015b\u0107 4,2 metra.<br \/>\nOdpowiedni dla maksymalnej wagi 120 kg.<br \/>\nZadzwo\u0144 lub napisz do nas, aby uzyska\u0107 wi\u0119cej informacji,<\/p>\n","protected":false},"excerpt":{"rendered":"<p>Przeno\u015bny podno\u015bnik monta\u017cowy do szk\u0142a to niezwykle kompaktowy, lekki podno\u015bnik monta\u017cowy do \u0142atwego monta\u017cu szk\u0142a i innych ci\u0119\u017ckich przedmiot\u00f3w, kt\u00f3re musz\u0105 by\u0107 montowane na wysoko\u015bci.<\/p>\n<p><strong>WLL 120 kg<span style=\"color: #5bbc3a;\">.<\/span> <\/strong><\/p>\n<p><strong>Wysoko\u015b\u0107 do 4,2 metra<span style=\"color: #5bbc3a;\">.<\/span> <\/strong><\/p>\n<p><strong>Waga 66 kg<span style=\"color: #5bbc3a;\">.<\/span> <\/strong><\/p>\n<p><strong>Z p\u0142yt\u0105 ss\u0105c\u0105 ze wspornikami<span style=\"color: #5bbc3a;\">.<\/span> <\/strong><\/p>\n<p><strong>550&#215;650 mm transport<span style=\"color: #5bbc3a;\">.<\/span> <\/strong><\/p>\n<p><strong>\u2714 <span style=\"color: #5bbc3a;\">1,<\/span> 0 x 1,1 lub 0,75 x 1,6 m1 podczas pracy.<\/strong><\/p>\n<p><strong>Szybka konfiguracja przez 1 osob\u0119<span style=\"color: #5bbc3a;\">.<\/span> <\/strong><\/p>\n<p><strong>Wyposa\u017cony w pilota na przewodzie<span style=\"color: #5bbc3a;\">.<\/span> <\/strong><\/p>\n<p><strong>Podnoszenie na mm<span style=\"color: #5bbc3a;\">.<\/span> <\/strong><\/p>\n<p><strong>Dachy szklarniowe<span style=\"color: #5bbc3a;\">.<\/span> <\/strong><\/p>\n<p><strong>Os\u0142ony taras\u00f3w<span style=\"color: #5bbc3a;\">.<\/span> <\/strong><\/p>\n","protected":false},"featured_media":131588,"template":"","meta":{"_acf_changed":false,"_seopress_robots_primary_cat":"","_seopress_titles_title":"","_seopress_titles_desc":"","_seopress_robots_index":""},"product_brand":[],"product_cat":[2084,2078],"product_tag":[1967,2107,2093,2052,2091,2092],"class_list":{"0":"post-140260","1":"product","2":"type-product","3":"status-publish","4":"has-post-thumbnail","6":"product_cat-podnosniki-do-szkla","7":"product_cat-wozki-2","8":"product_tag-montaz-szkla","9":"product_tag-serrelift","10":"product_tag-szklo-szklarniowe","11":"product_tag-wozek-2","12":"product_tag-wynajem","13":"product_tag-zapobiegaja-bolom-plecow","14":"product_shipping_class-europaleta","16":"first","17":"onbackorder","18":"taxable","19":"shipping-taxable","20":"purchasable","21":"product-type-simple"},"acf":[],"_links":{"self":[{"href":"https:\/\/gevelridder.nl\/pl\/wp-json\/wp\/v2\/product\/140260","targetHints":{"allow":["GET"]}}],"collection":[{"href":"https:\/\/gevelridder.nl\/pl\/wp-json\/wp\/v2\/product"}],"about":[{"href":"https:\/\/gevelridder.nl\/pl\/wp-json\/wp\/v2\/types\/product"}],"wp:featuredmedia":[{"embeddable":true,"href":"https:\/\/gevelridder.nl\/pl\/wp-json\/wp\/v2\/media\/131588"}],"wp:attachment":[{"href":"https:\/\/gevelridder.nl\/pl\/wp-json\/wp\/v2\/media?parent=140260"}],"wp:term":[{"taxonomy":"product_brand","embeddable":true,"href":"https:\/\/gevelridder.nl\/pl\/wp-json\/wp\/v2\/product_brand?post=140260"},{"taxonomy":"product_cat","embeddable":true,"href":"https:\/\/gevelridder.nl\/pl\/wp-json\/wp\/v2\/product_cat?post=140260"},{"taxonomy":"product_tag","embeddable":true,"href":"https:\/\/gevelridder.nl\/pl\/wp-json\/wp\/v2\/product_tag?post=140260"}],"curies":[{"name":"wp","href":"https:\/\/api.w.org\/{rel}","templated":true}]}}