
{"id":140257,"date":"2026-03-24T11:34:17","date_gmt":"2026-03-24T11:34:17","guid":{"rendered":"https:\/\/gevelridder.nl\/product\/quattro-lift-combi-200-plus\/"},"modified":"2026-05-08T07:29:53","modified_gmt":"2026-05-08T07:29:53","slug":"quattro-lift-combi-200-plus","status":"publish","type":"product","link":"https:\/\/gevelridder.nl\/pl\/produkt\/quattro-lift-combi-200-plus\/","title":{"rendered":"Quattro-lift Combi 200 Plus"},"content":{"rendered":"<h2>Quattro-lift Combi 200 Plus<\/h2>\n<p style=\"text-align: left;\">Podno\u015bnik Quattro Combi 200 Prof Kim 4 umo\u017cliwia monta\u017c szk\u0142a o wadze 200 kg bez dodatkowej pomocy. Ten pi\u0119kny podno\u015bnik monta\u017cowy dla profesjonalnych rzemie\u015blnik\u00f3w mo\u017cna r\u00f3wnie\u017c przekszta\u0142ci\u0107 w &#8222;normalny&#8221; podno\u015bnik Quattro bez w\u00f3zka balastowego. Czyli dwie pieczenie na jednym ogniu. Ten podno\u015bnik do szk\u0142a to Mercedes w\u015br\u00f3d w\u00f3zk\u00f3w do transportu i uk\u0142adania szk\u0142a typu combi, wyprodukowany w Australii. Jest niezwykle wytrzyma\u0142y, kompaktowy, inteligentny i zbudowany tylko z ma\u0142ych, \u0142atwych w obs\u0142udze segment\u00f3w. W\u00f3zek jest wyposa\u017cony w solidny hamulec no\u017cny o du\u017cej wytrzyma\u0142o\u015bci. Ten w\u00f3zek &#8222;prof Kim4&#8221; jest wyposa\u017cony w 4 t\u0142oki Kim120 Plus, elektryczne t\u0142oki pompy r\u0119cznej, kt\u00f3re dzia\u0142aj\u0105 bardzo wygodnie na tym w\u00f3zku. Dwa du\u017ce t\u0142oki pompy r\u0119cznej s\u0105 r\u00f3wnie\u017c do\u0142\u0105czone jako zapasowe.       <\/p>\n<p>Za pomoc\u0105 podno\u015bnika Quattro bez w\u00f3zka balastowego mo\u017cna umie\u015bci\u0107 do 80 kg szk\u0142a samodzielnie, 150 kg razem i 200 kg z trzema osobami, bez naruszania przepis\u00f3w dotycz\u0105cych podnoszenia. Je\u015bli posiadasz ju\u017c podno\u015bnik Quattro 200, mo\u017cesz kupi\u0107 w\u00f3zek balastowy osobno. Aby uzyska\u0107 wi\u0119cej informacji, zadzwo\u0144 do nas.   <\/p>\n<p>Por\u0119czny mobilny podno\u015bnik do obracania, transportu i ustawiania szk\u0142a. Dodatkowo mo\u017cna dokupi\u0107 dolne przed\u0142u\u017cenie za dodatkowe 240 euro, aby podnosi\u0107 szk\u0142o ni\u017cej. <\/p>\n<p>Po co wynajmowa\u0107 lub kupowa\u0107 kolejnego drogiego robota do szk\u0142a? W kontek\u015bcie oblicze\u0144 azotu, Quattro-lift jest r\u00f3wnie\u017c idealny do prac budowlanych w pobli\u017cu obszar\u00f3w Natura 2000. Nie s\u0105 potrzebne \u017cadne dodatkowe paliwa kopalne, aby przywie\u017a\u0107 drogiego robota szklarskiego na plac budowy i tam go obs\u0142ugiwa\u0107, Quattro-lift Combi to kompaktowy podno\u015bnik monta\u017cowy, kt\u00f3ry mo\u017cna \u0142atwo przewozi\u0107 w samochodzie dostawczym, ponadto urz\u0105dzenie nie jest zasilane energi\u0105 elektryczn\u0105 ani \u017cadnym paliwem kopalnym, jest zr\u00f3wnowa\u017cone, bezpieczne, wydajne i r\u0119czne!  <\/p>\n<p>Uroczy <b>mi\u015b koala, symbol Australii<\/b>, jest dumny z tego w\u00f3zka. Ze wzgl\u0119du na sw\u00f3j wygl\u0105d przypominaj\u0105cy pluszowego misia, cz\u0119sto mylnie uwa\u017cany jest za nied\u017awiedzia. &#8222;Koala&#8221; pochodzi z Dharuk, wymar\u0142ego j\u0119zyka aborygen\u00f3w. M\u00f3wi si\u0119, \u017ce oznacza co\u015b w rodzaju &#8222;nie pije&#8221;, odnosz\u0105c si\u0119 do faktu, \u017ce koala rzadko pije. Quattro-lift Combi 200 r\u00f3wnie\u017c nie pije, wi\u0119c wznosimy kieliszek za ten pi\u0119kny ma\u0142y w\u00f3zek!    <\/p>\n<p>Je\u015bli chcesz uzyska\u0107 szczeg\u00f3\u0142owe informacje lub niezobowi\u0105zuj\u0105c\u0105 prezentacj\u0119 w naszym salonie w \u015brodku kraju, skontaktuj si\u0119 z nami.<\/p>\n<h3>Unikaj r\u0119cznego przenoszenia szk\u0142a<\/h3>\n<p>Szk\u0142o jest nadal regularnie podnoszone i przenoszone r\u0119cznie, gdy nie jest to konieczne. Czasami brakuje odpowiednich urz\u0105dze\u0144 podnosz\u0105cych i sprz\u0119tu transportowego, a czasami wynika to z lenistwa pracownik\u00f3w. Szk\u0142o mo\u017ce by\u0107 podnoszone r\u0119cznie, je\u015bli nie jest zbyt du\u017ce i ci\u0119\u017ckie i nie musi by\u0107 transportowane zbyt daleko. Dla w\u0142asnego bezpiecze\u0144stwa lepiej jest jednak korzysta\u0107 z podno\u015bnik\u00f3w.   <\/p>\n<p>Ale czy chcesz zaryzykowa\u0107 b\u00f3l plec\u00f3w na ca\u0142e \u017cycie, my nie!<\/p>\n<p><a href=\"https:\/\/arbocatalogus-vlakglas.nl\/handeling\/handmatig-tillen-en-dragen-van-glas\">Zobacz tak\u017ce katalog BHP dla sektora szk\u0142a p\u0142askiego  <\/a><\/p>\n<p>Dobr\u0105 alternatyw\u0105 dla tego produktu jest zakup <a href=\"https:\/\/gevelridder.nl\/pl\/produkt\/dystans-do-gevelridder-2-metry\/\">zestawu Facade<\/a>Knight, z kt\u00f3rym mo\u017cna wykona\u0107 jeszcze wi\u0119cej pracy. Zestaw ten sk\u0142ada si\u0119 z w\u00f3zka, Facade Knight, t\u0142oka i zacisku napinaj\u0105cego. <\/p>\n<p>Najcz\u0119stsze przyczyny wypadk\u00f3w i obra\u017ce\u0144 to:<\/p>\n<ul>\n<li>Ci\u0119cia spowodowane dzia\u0142aniem szk\u0142a<\/li>\n<li>Nadmierny wysi\u0142ek fizyczny zwi\u0105zany z podnoszeniem i przenoszeniem ci\u0119\u017ckich tafli szk\u0142a<\/li>\n<li>Potkni\u0119cie, po\u015blizgni\u0119cie lub upadek<\/li>\n<li>Uderzenie przez spadaj\u0105cy \u0142adunek<\/li>\n<\/ul>\n<p>Kluczowe zagro\u017cenia:<\/p>\n<ol>\n<li>Obci\u0105\u017cenie fizyczne<\/li>\n<li>Uderzenie przez (spadaj\u0105ce) materia\u0142y<\/li>\n<li>Zagro\u017cenie przeci\u0119ciem<\/li>\n<li>Potkni\u0119cia, upadki i po\u015blizgni\u0119cia<\/li>\n<\/ol>\n<p>Rozwi\u0105zania dla zagro\u017ce\u0144:<\/p>\n<ol>\n<li>Bezpieczne r\u0119czne podnoszenie i przenoszenie<\/li>\n<li>Zapobieganie uszkodzeniom cia\u0142a<\/li>\n<li>Zapobieganie upadkom, po\u015blizgni\u0119ciom i potkni\u0119ciom<\/li>\n<li>Odpowiednie \u015brodki ochrony indywidualnej dla ka\u017cdej operacji!<\/li>\n<\/ol>\n<p>Racja, wi\u0119c Gable Knight!<\/p>\n","protected":false},"excerpt":{"rendered":"<p>Czas dostawy 10 dni <span style=\"color: #5bbc3a;\">roboczych<\/span> <\/p>\n<p>Mo\u017ce by\u0107 u\u017cywany zar\u00f3wno z w\u00f3zkiem balastowym, jak i bez niego<span style=\"color: #5bbc3a;\">.<\/span> <\/p>\n<p>Tylko z w\u00f3zkiem balastowym o ud\u017awigu 200 kg<span style=\"color: #5bbc3a;\">!<\/span> <\/p>\n<p>Automatyczne pompowanie za pomoc\u0105 4 sztuk KIM120<span style=\"color: #5bbc3a;\">.<\/span> <\/p>\n<p>WLL200 kg<span style=\"color: #5bbc3a;\">.<\/span> <\/p>\n<p>Waga <span style=\"color: #5bbc3a;\">w\u0142asna<\/span> oko\u0142o 44 kg W\u00f3zek balastowy 170 kg<span style=\"color: #5bbc3a;\">.<\/span> <\/p>\n<p>Z boczn\u0105 zmian\u0105 bieg\u00f3w<span style=\"color: #5bbc3a;\">!<\/span> <\/p>\n<p>Funkcja obrotu w p\u0142aszczy\u017anie i poza p\u0142aszczyzn\u0105<span style=\"color: #5bbc3a;\">.<\/span> <\/p>\n","protected":false},"featured_media":131870,"template":"","meta":{"_acf_changed":false,"_seopress_robots_primary_cat":"none","_seopress_titles_title":"","_seopress_titles_desc":"","_seopress_robots_index":""},"product_brand":[],"product_cat":[2084,2106],"product_tag":[1957,2085],"class_list":{"0":"post-140257","1":"product","2":"type-product","3":"status-publish","4":"has-post-thumbnail","6":"product_cat-podnosniki-do-szkla","7":"product_cat-wozki-do-drzwi","8":"product_tag-gevelridder","9":"product_tag-wozek-instalacyjny","10":"product_shipping_class-europaleta","12":"first","13":"onbackorder","14":"taxable","15":"shipping-taxable","16":"purchasable","17":"product-type-simple"},"acf":[],"_links":{"self":[{"href":"https:\/\/gevelridder.nl\/pl\/wp-json\/wp\/v2\/product\/140257","targetHints":{"allow":["GET"]}}],"collection":[{"href":"https:\/\/gevelridder.nl\/pl\/wp-json\/wp\/v2\/product"}],"about":[{"href":"https:\/\/gevelridder.nl\/pl\/wp-json\/wp\/v2\/types\/product"}],"wp:featuredmedia":[{"embeddable":true,"href":"https:\/\/gevelridder.nl\/pl\/wp-json\/wp\/v2\/media\/131870"}],"wp:attachment":[{"href":"https:\/\/gevelridder.nl\/pl\/wp-json\/wp\/v2\/media?parent=140257"}],"wp:term":[{"taxonomy":"product_brand","embeddable":true,"href":"https:\/\/gevelridder.nl\/pl\/wp-json\/wp\/v2\/product_brand?post=140257"},{"taxonomy":"product_cat","embeddable":true,"href":"https:\/\/gevelridder.nl\/pl\/wp-json\/wp\/v2\/product_cat?post=140257"},{"taxonomy":"product_tag","embeddable":true,"href":"https:\/\/gevelridder.nl\/pl\/wp-json\/wp\/v2\/product_tag?post=140257"}],"curies":[{"name":"wp","href":"https:\/\/api.w.org\/{rel}","templated":true}]}}