
{"id":140253,"date":"2026-03-24T08:17:10","date_gmt":"2026-03-24T08:17:10","guid":{"rendered":"https:\/\/gevelridder.nl\/product\/elevall-180-base-z-rama-balastowa\/"},"modified":"2026-03-24T08:17:10","modified_gmt":"2026-03-24T08:17:10","slug":"elevall-180-base-z-rama-balastowa","status":"publish","type":"product","link":"https:\/\/gevelridder.nl\/pl\/produkt\/elevall-180-base-z-rama-balastowa\/","title":{"rendered":"Elevall 180 Base z ram\u0105 balastow\u0105"},"content":{"rendered":"<h2>Podstawa Elevall 180 z ram\u0105 balastow\u0105<\/h2>\n<p style=\"text-align: left;\">Coraz cz\u0119\u015bciej budynki s\u0105 budowane wy\u017cej i cia\u015bniej, dlatego Elevall 180 Base z ram\u0105 balastow\u0105 jest idealnym rozwi\u0105zaniem. Podczas budowy wie\u017cowc\u00f3w cz\u0119sto dochodzi do konieczno\u015bci uk\u0142adania element\u00f3w w stosy. Ale jak mo\u017cna wymieni\u0107 okno, \u017caluzje, szyb\u0119 balustrady lub inny du\u017cy element bez wynajmowania drogiego d\u017awigu? Cz\u0119sto trzeba r\u00f3wnie\u017c odgrodzi\u0107 ca\u0142\u0105 drog\u0119, a emisje z takiego d\u017awigu s\u0105 r\u00f3wnie\u017c szkodliwe dla \u015brodowiska. Co wi\u0119cej, cz\u0119sto wymagane s\u0105 kosztowne pozwolenia na prace w obszarach miejskich. Dlatego Gevelridder z dum\u0105 prezentuje Elevall. Jako oficjalny dealer na kraje Beneluksu, Gevelridder oferuje to unikalne rozwi\u0105zanie d\u017awigowe.      <\/p>\n<p>Znamy ju\u017c Gevelridder o wysoko\u015bci podnoszenia do 10 metr\u00f3w, teraz Gevelridder ma rozwi\u0105zanie do prostego, bezpiecznego podnoszenia przedmiot\u00f3w o wadze 180 kg na wysoko\u015b\u0107 do 60 metr\u00f3w. Inteligentne my\u015blenie od Gevelridder. Gevelridder jest oficjalnym dealerem w krajach Beneluksu.  <\/p>\n<p>Przyjd\u017a i odwied\u017a nasz salon, aby zobaczy\u0107 Elevall, zadzwo\u0144 lub wy\u015blij e-mail, aby um\u00f3wi\u0107 si\u0119 na spotkanie!<\/p>\n<p>&nbsp;<\/p>\n","protected":false},"excerpt":{"rendered":"<p>Tam, gdzie Gable Knight si\u0119 ko\u0144czy, ten por\u0119czny Minilift kontynuuje.<\/p>\n<p><strong>Do mocowania mi\u0119dzy dwoma pi\u0119trami<span style=\"color: #5bbc3a;\">.<\/span> <\/strong><\/p>\n<p><strong>Z ram\u0105 balastow\u0105<span style=\"color: #5bbc3a;\">.<\/span> <\/strong><\/p>\n<p><strong><span style=\"color: #5bbc3a;\">\u2714<\/span> 3-krotno\u015b\u0107 masy podnoszenia wymaganej jako balast<\/strong><\/p>\n<p><strong>Mo\u017cliwe <span style=\"color: #5bbc3a;\">zamocowanie<\/span> balastu ipv za pomoc\u0105 kotew<\/strong><\/p>\n<p><strong>Szybka rozbudowa<span style=\"color: #5bbc3a;\">.<\/span> <\/strong><\/p>\n<p><strong>Wysoko\u015b\u0107 do 60 metr\u00f3w<span style=\"color: #5bbc3a;\">.<\/span> <\/strong><\/p>\n<p><strong>WLL 180 kg<span style=\"color: #5bbc3a;\">.<\/span> <\/strong><\/p>\n<p><strong>Maksymalnie 181 cm wysi\u0119gnika od kolumny<span style=\"color: #5bbc3a;\">.<\/span> <\/strong><\/p>\n<p><strong>Maksymalnie 126 cm na zewn\u0105trz balustrady<span style=\"color: #5bbc3a;\">.<\/span> <\/strong><\/p>\n<p><strong><span style=\"color: #5bbc3a;\">Na<\/span> wystawie w salonie<\/strong><\/p>\n<p><strong>Bezpo\u015brednio dost\u0119pne  <\/strong><\/p>\n<p><strong>CE, KIWA ISO 9001, TUV Sud, AWS zatwierdzone<span style=\"color: #5bbc3a;\">.<\/span> <\/strong><\/p>\n<p><strong>  Zestaw podstawowy z ram\u0105 balastow\u0105 bez balastu!<\/strong><\/p>\n<p><strong>Wymagane dodatkowe: 34 p\u0142yty balastowe o wadze 16 kg<\/strong><\/p>\n<p><strong>Alternatywa jako balast 16 betonowych st\u00f3p (ogrodzenie budowlane) o wadze 36 kg<\/strong><\/p>\n<p><strong>Alternatywa dla balastu: kotwice<\/strong><\/p>\n<p>&nbsp;<\/p>\n","protected":false},"featured_media":132297,"template":"","meta":{"_acf_changed":false,"_seopress_robots_primary_cat":"none","_seopress_titles_title":"","_seopress_titles_desc":"","_seopress_robots_index":""},"product_brand":[],"product_cat":[2099],"product_tag":[2105,2102,1957,2100,2101,2085],"class_list":{"0":"post-140253","1":"product","2":"type-product","3":"status-publish","4":"has-post-thumbnail","6":"product_cat-mini-zuraw","7":"product_tag-180-kg","8":"product_tag-60-metrow","9":"product_tag-gevelridder","10":"product_tag-szklo-podnoszone-nowe","11":"product_tag-winda","12":"product_tag-wozek-instalacyjny","13":"product_shipping_class-europaleta","15":"first","16":"onbackorder","17":"taxable","18":"shipping-taxable","19":"purchasable","20":"product-type-simple"},"acf":[],"_links":{"self":[{"href":"https:\/\/gevelridder.nl\/pl\/wp-json\/wp\/v2\/product\/140253","targetHints":{"allow":["GET"]}}],"collection":[{"href":"https:\/\/gevelridder.nl\/pl\/wp-json\/wp\/v2\/product"}],"about":[{"href":"https:\/\/gevelridder.nl\/pl\/wp-json\/wp\/v2\/types\/product"}],"wp:featuredmedia":[{"embeddable":true,"href":"https:\/\/gevelridder.nl\/pl\/wp-json\/wp\/v2\/media\/132297"}],"wp:attachment":[{"href":"https:\/\/gevelridder.nl\/pl\/wp-json\/wp\/v2\/media?parent=140253"}],"wp:term":[{"taxonomy":"product_brand","embeddable":true,"href":"https:\/\/gevelridder.nl\/pl\/wp-json\/wp\/v2\/product_brand?post=140253"},{"taxonomy":"product_cat","embeddable":true,"href":"https:\/\/gevelridder.nl\/pl\/wp-json\/wp\/v2\/product_cat?post=140253"},{"taxonomy":"product_tag","embeddable":true,"href":"https:\/\/gevelridder.nl\/pl\/wp-json\/wp\/v2\/product_tag?post=140253"}],"curies":[{"name":"wp","href":"https:\/\/api.w.org\/{rel}","templated":true}]}}