
{"id":140248,"date":"2026-03-24T11:41:17","date_gmt":"2026-03-24T11:41:17","guid":{"rendered":"https:\/\/gevelridder.nl\/product\/mini-dzwig-ksf-grm250-do-podnoszenia-szkla\/"},"modified":"2026-03-24T11:41:17","modified_gmt":"2026-03-24T11:41:17","slug":"mini-dzwig-ksf-grm250-do-podnoszenia-szkla","status":"publish","type":"product","link":"https:\/\/gevelridder.nl\/pl\/produkt\/mini-dzwig-ksf-grm250-do-podnoszenia-szkla\/","title":{"rendered":"Mini d\u017awig KSF GRM250 do podnoszenia szk\u0142a"},"content":{"rendered":"<h3>Mini d\u017awig do szyb KSF GRM250: rewolucja w precyzyjnym r\u0119cznym monta\u017cu szyb<\/h3>\n<h4>Wprowadzenie<\/h4>\n<p>KSF GRM250 Mini Crane Glass Lift to najprostszy na \u015bwiecie r\u0119czny robot do szk\u0142a. Ta innowacyjna maszyna zachowuje wszystkie funkcje swoich elektrycznych odpowiednik\u00f3w, ale jest w pe\u0142ni sterowana r\u0119cznie. Zaprojektowany w celu u\u0142atwienia zada\u0144 zwi\u0105zanych z przenoszeniem szk\u0142a, oferuje niezawodne i wydajne rozwi\u0105zanie dla profesjonalist\u00f3w pracuj\u0105cych na r\u00f3\u017cnych placach budowy.  <\/p>\n<h4>Kluczowe cechy i korzy\u015bci<\/h4>\n<p><strong>1. Kompaktowa i stabilna<\/strong> konstrukcja Jednym z g\u0142\u00f3wnych wyzwa\u0144 zwi\u0105zanych z (mini) d\u017awigami jest ich waga i logistyka transportu na plac budowy. Mini \u017curaw KSF GRM250 Glass Lift rozwi\u0105zuje te problemy dzi\u0119ki swojej kompaktowej i stabilnej konstrukcji. Posiada wysuwane przednie ko\u0142a, co zwi\u0119ksza stabilno\u015b\u0107 podczas pracy. Pomimo tego, \u017ce jest obs\u0142ugiwany r\u0119cznie, umo\u017cliwia precyzyjne manewrowanie i umieszczanie szklanych paneli, dzi\u0119ki czemu idealnie nadaje si\u0119 do zada\u0144 na p\u0142askich powierzchniach, g\u0142\u00f3wnie w pomieszczeniach.   <\/p>\n<p><strong>2. Wszechstronny<\/strong> monta\u017c Mini podno\u015bnik do szyb KSF GRM250 mo\u017cna roz\u0142o\u017cy\u0107 na kilka cz\u0119\u015bci, dzi\u0119ki czemu jest wyj\u0105tkowo przeno\u015bny. Funkcja ta jest szczeg\u00f3lnie przydatna podczas pracy na wy\u017cszych pi\u0119trach bez dost\u0119pu do windy. \u0141atwy monta\u017c i demonta\u017c umo\u017cliwiaj\u0105 szybki transport i konfiguracj\u0119 robota, minimalizuj\u0105c przestoje i zwi\u0119kszaj\u0105c produktywno\u015b\u0107 w miejscu pracy.  <\/p>\n<p><strong>3. Pot\u0119\u017cne mo\u017cliwo\u015bci przenoszenia szk\u0142a<\/strong> Mini d\u017awig do szk\u0142a KSF GRM250 mo\u017ce obs\u0142ugiwa\u0107 tafle szk\u0142a o wadze do 250 kg. Dzi\u0119ki temu nadaje si\u0119 do szerokiego zakresu zastosowa\u0144, w tym monta\u017cu okien, szklenia pod\u0142\u00f3g, a nawet szklenia dach\u00f3w. Solidna konstrukcja zapewnia bezpieczne i wydajne przenoszenie tak ci\u0119\u017ckich \u0142adunk\u00f3w.  <\/p>\n<h4>Specyfikacja techniczna<\/h4>\n<p><strong>Waga i pojemno\u015b\u0107<\/strong><\/p>\n<ul>\n<li><strong>Maksymalna \u0142adowno\u015b\u0107 (WLL):<\/strong> 250 kg<\/li>\n<li><strong>Ca\u0142kowita waga:<\/strong> 461 kg<\/li>\n<\/ul>\n<p><strong>Zwrotno\u015b\u0107<\/strong><\/p>\n<ul>\n<li><strong>Promie\u0144 skr\u0119tu:<\/strong> Ma\u0142y, co u\u0142atwia poruszanie si\u0119 w ciasnych przestrzeniach.<\/li>\n<li><strong>Ko\u0142a obrotowe 360 stopni:<\/strong> Poprawiaj\u0105 zwrotno\u015b\u0107 i precyzj\u0119 podczas umieszczania szk\u0142a.<\/li>\n<\/ul>\n<p><strong>Dodatkowe funkcje<\/strong><\/p>\n<ul>\n<li><strong>Elastyczna g\u0142owica:<\/strong> Umo\u017cliwia dostosowanie do r\u00f3\u017cnych scenariuszy monta\u017cu szk\u0142a.<\/li>\n<li><strong>Wci\u0105garka r\u0119czna z automatycznym hamulcem:<\/strong> Zapewnia bezpiecze\u0144stwo i kontrol\u0119 podczas pracy.<\/li>\n<li><strong>Cztery r\u0119czne kubki pr\u00f3\u017cniowe:<\/strong> ka\u017cdy o ud\u017awigu 100 kg i bezpiecznym obci\u0105\u017ceniu 70 kg, zapewniaj\u0105ce pewny chwyt szklanych p\u0142yt.<\/li>\n<\/ul>\n<h4>Wnioski<\/h4>\n<p>Podno\u015bnik do szk\u0142a KSF GRM250 Mini Crane stanowi znacz\u0105cy post\u0119p w technologii przenoszenia szk\u0142a. Zaprojektowane, aby sprosta\u0107 zmieniaj\u0105cym si\u0119 potrzebom bran\u017cy budowlanej, narz\u0119dzia te oferuj\u0105 rozwi\u0105zania, kt\u00f3re s\u0105 zar\u00f3wno skuteczne, jak i przyjazne dla u\u017cytkownika. Korzystaj\u0105c z tych innowacji, profesjonali\u015bci mog\u0105 osi\u0105gn\u0105\u0107 wy\u017csz\u0105 wydajno\u015b\u0107, bezpiecze\u0144stwo i precyzj\u0119 w swoich projektach monta\u017cu szk\u0142a.  <\/p>\n<p>Aby uzyska\u0107 wi\u0119cej informacji i by\u0107 na bie\u017c\u0105co z najnowszymi produktami, odwied\u017a stron\u0119 internetow\u0105 Fa\u00e7ade Knight. Poznaj przysz\u0142o\u015b\u0107 przenoszenia szk\u0142a dzi\u0119ki podno\u015bnikowi KSF GRM250 Mini Crane Glass Lift i przenie\u015b swoj\u0105 prac\u0119 na wy\u017cszy poziom perfekcji. <\/p>\n","protected":false},"excerpt":{"rendered":"<p>Mini d\u017awig do szyb KSF GRM250 umo\u017cliwia umieszczanie szyb o wadze do 250 kg. Zar\u00f3wno w oknach, w pod\u0142odze, jak i na dachu. <\/p>\n<p><span style=\"color: #5bbc3a;\"><strong>\u2714<\/strong><\/span><strong>   <\/strong><strong>WLL250 kg.<\/strong><\/p>\n<p><strong><span style=\"color: #5bbc3a;\">Ma\u0142y<\/span> promie\u0144 skr\u0119tu.<\/strong><\/p>\n<p><span style=\"color: #5bbc3a;\"><strong>\u2714<\/strong><\/span><strong> R\u00f3wnie\u017c do ogrod\u00f3w zimowych i szk\u0142a pod\u0142ogowego.<\/strong><\/p>\n<p><span style=\"color: #5bbc3a;\"><strong>\u2714<\/strong><\/span><strong> Elastyczna g\u0142owica.<\/strong><\/p>\n<p><span style=\"color: #5bbc3a;\"><strong>\u2714<\/strong><\/span><strong> K\u00f3\u0142ko obrotowe do 360 stopni.<\/strong><\/p>\n<p><span style=\"color: #5bbc3a;\"><strong>\u2714<\/strong><\/span><strong> 4 t\u0142oki pompy r\u0119cznej.<\/strong><\/p>\n<p><span style=\"color: #5bbc3a;\"><strong><span style=\"color: #0000ff;\">\u2660<\/span><\/strong><\/span><strong> Opcja: t\u0142oki elektryczne (Kim75 plus). <\/strong> <\/p>\n<p><span style=\"color: #5bbc3a;\"><strong>\u2714<\/strong><\/span><strong> ca\u0142kowita waga w\u00f3zka 461 kg.<\/strong><\/p>\n<p><strong>Czas dostawy oko\u0142o 2 tygodni<span style=\"color: #ff0000;\">.<\/span> <\/strong><\/p>\n","protected":false},"featured_media":132355,"template":"","meta":{"_acf_changed":false,"_seopress_robots_primary_cat":"none","_seopress_titles_title":"","_seopress_titles_desc":"","_seopress_robots_index":""},"product_brand":[],"product_cat":[2084,2078,2025],"product_tag":[1957,2085],"class_list":{"0":"post-140248","1":"product","2":"type-product","3":"status-publish","4":"has-post-thumbnail","6":"product_cat-podnosniki-do-szkla","7":"product_cat-wozki-2","8":"product_cat-wozki-elewacyjne","9":"product_tag-gevelridder","10":"product_tag-wozek-instalacyjny","11":"product_shipping_class-europaleta","13":"first","14":"onbackorder","15":"taxable","16":"shipping-taxable","17":"purchasable","18":"product-type-simple"},"acf":[],"_links":{"self":[{"href":"https:\/\/gevelridder.nl\/pl\/wp-json\/wp\/v2\/product\/140248","targetHints":{"allow":["GET"]}}],"collection":[{"href":"https:\/\/gevelridder.nl\/pl\/wp-json\/wp\/v2\/product"}],"about":[{"href":"https:\/\/gevelridder.nl\/pl\/wp-json\/wp\/v2\/types\/product"}],"wp:featuredmedia":[{"embeddable":true,"href":"https:\/\/gevelridder.nl\/pl\/wp-json\/wp\/v2\/media\/132355"}],"wp:attachment":[{"href":"https:\/\/gevelridder.nl\/pl\/wp-json\/wp\/v2\/media?parent=140248"}],"wp:term":[{"taxonomy":"product_brand","embeddable":true,"href":"https:\/\/gevelridder.nl\/pl\/wp-json\/wp\/v2\/product_brand?post=140248"},{"taxonomy":"product_cat","embeddable":true,"href":"https:\/\/gevelridder.nl\/pl\/wp-json\/wp\/v2\/product_cat?post=140248"},{"taxonomy":"product_tag","embeddable":true,"href":"https:\/\/gevelridder.nl\/pl\/wp-json\/wp\/v2\/product_tag?post=140248"}],"curies":[{"name":"wp","href":"https:\/\/api.w.org\/{rel}","templated":true}]}}