
{"id":140221,"date":"2026-03-24T08:17:11","date_gmt":"2026-03-24T08:17:11","guid":{"rendered":"https:\/\/gevelridder.nl\/product\/quattro-lift-combi-200\/"},"modified":"2026-03-24T08:17:11","modified_gmt":"2026-03-24T08:17:11","slug":"quattro-lift-combi-200","status":"publish","type":"product","link":"https:\/\/gevelridder.nl\/pl\/produkt\/quattro-lift-combi-200\/","title":{"rendered":"Quattro-lift Combi 200"},"content":{"rendered":"<h2>Quattro lift Combi 200<\/h2>\n<p>Za pomoc\u0105 tego podno\u015bnika Quattro Combi 200 mo\u017cna samodzielnie zamontowa\u0107 200 kg szk\u0142a bez dodatkowej pomocy. Ten pi\u0119kny podno\u015bnik monta\u017cowy dla profesjonalnych rzemie\u015blnik\u00f3w mo\u017cna r\u00f3wnie\u017c przekszta\u0142ci\u0107 w &#8222;normalny&#8221; <a href=\"https:\/\/gevelridder.nl\/pl\/produkt\/podnosnik-quattro-200-kg\/\" target=\"_blank\" rel=\"noopener\">podno\u015bnik Quattro<\/a> bez w\u00f3zka z wa\u0142em kulowym. A wi\u0119c dwie pieczenie na jednym ogniu. Ten podno\u015bnik do szk\u0142a to Mercedes w\u015br\u00f3d w\u00f3zk\u00f3w transportowych i monta\u017cowych, wyprodukowany w Australii. Jest niezwykle wytrzyma\u0142y, kompaktowy, inteligentny i sk\u0142ada si\u0119 tylko z ma\u0142ych, \u0142atwych w zarz\u0105dzaniu segment\u00f3w. W\u00f3zek monta\u017cowy jest wyposa\u017cony w wytrzyma\u0142y, solidny hamulec no\u017cny.     <\/p>\n<p>Za pomoc\u0105 podno\u015bnika Quattro bez w\u00f3zka balastowego mo\u017cna umie\u015bci\u0107 do 80 kg szk\u0142a samodzielnie, 150 kg razem i 200 kg z trzema osobami, bez naruszania przepis\u00f3w dotycz\u0105cych podnoszenia. Je\u015bli posiadasz ju\u017c podno\u015bnik Quattro lift 200, mo\u017cesz kupi\u0107 w\u00f3zek balastowy osobno. Aby uzyska\u0107 wi\u0119cej informacji, zadzwo\u0144 do nas.   <\/p>\n<p>Por\u0119czny mobilny podno\u015bnik do obracania, transportu i ustawiania szk\u0142a. Mo\u017cna r\u00f3wnie\u017c dokupi\u0107 dolne przed\u0142u\u017cenie za dodatkowe 187 euro, aby podnosi\u0107 szk\u0142o ni\u017cej. <\/p>\n<p>Po co wynajmowa\u0107 lub kupowa\u0107 drogiego Glass Robota? W kontek\u015bcie oblicze\u0144 azotu, podno\u015bnik Quattro jest r\u00f3wnie\u017c idealny do prac budowlanych w pobli\u017cu obszar\u00f3w Natura 2000. Nie s\u0105 potrzebne \u017cadne dodatkowe paliwa kopalne, aby przewie\u017a\u0107 drogiego robota szklarskiego na miejsce budowy i tam go obs\u0142ugiwa\u0107, Quattro lift Combi to kompaktowy podno\u015bnik monta\u017cowy, kt\u00f3ry mo\u017cna \u0142atwo przewozi\u0107 w samochodzie dostawczym, a urz\u0105dzenie nie jest zasilane energi\u0105 elektryczn\u0105 ani paliwami kopalnymi. paliwo, zr\u00f3wnowa\u017cone, bezpieczne, wydajne i r\u0119czne!   <\/p>\n<p>Uroczy mi\u015b koala, symbol Australii, jest dumny z tego w\u00f3zka. Ze wzgl\u0119du na sw\u00f3j wygl\u0105d przypominaj\u0105cy pluszowego misia, cz\u0119sto mylnie uwa\u017cany jest za nied\u017awiedzia. &#8222;Koala&#8221; pochodzi z Dharuk, wymar\u0142ego j\u0119zyka Aborygen\u00f3w. M\u00f3wi si\u0119, \u017ce oznacza co\u015b w rodzaju &#8222;nie pije&#8221;, odnosz\u0105c si\u0119 do faktu, \u017ce koala rzadko pije. Quattro lift Combi 200 r\u00f3wnie\u017c nie pije, wi\u0119c wznosimy kieliszek za ten uroczy w\u00f3zek!    <\/p>\n<p>Je\u015bli chcesz uzyska\u0107 szczeg\u00f3\u0142owe informacje lub niezobowi\u0105zuj\u0105c\u0105 prezentacj\u0119 w naszym salonie w \u015brodku kraju, skontaktuj si\u0119 z nami.<\/p>\n<h2>R\u0119czne podnoszenie szk\u0142a?<\/h2>\n<p>Szk\u0142o jest nadal regularnie podnoszone i przenoszone r\u0119cznie, nawet je\u015bli nie jest to konieczne. Czasami brakuje odpowiedniego sprz\u0119tu do podnoszenia i transportu, czasami wynika to z lenistwa pracownika. Szk\u0142o mo\u017ce by\u0107 podnoszone r\u0119cznie, je\u015bli tafle szk\u0142a nie s\u0105 zbyt du\u017ce i ci\u0119\u017ckie i nie musz\u0105 by\u0107 transportowane zbyt daleko. Dla w\u0142asnego bezpiecze\u0144stwa lepiej jest jednak u\u017cywa\u0107 sprz\u0119tu do podnoszenia.   <\/p>\n<p>Ale je\u015bli chcesz zaryzykowa\u0107 b\u00f3l plec\u00f3w na ca\u0142e \u017cycie, to nie!<\/p>\n<p>Zobacz tak\u017ce Katalog BHP dla sektora szk\u0142a p\u0142askiego<\/p>\n<p>Dobr\u0105 alternatyw\u0105 dla tego produktu jest zakup <a href=\"https:\/\/gevelridder.nl\/pl\/produkt\/zestaw-gable-knight-basic-250kg\/\">zestawu Facade<\/a> Knight, kt\u00f3ry pozwala wykona\u0107 jeszcze wi\u0119cej pracy. Zestaw ten sk\u0142ada si\u0119 z w\u00f3zka do szk\u0142a, Gevelridder M Hybrid, t\u0142oka i dw\u00f3ch zacisk\u00f3w napinaj\u0105cych. <\/p>\n<p>Najcz\u0119stsze przyczyny wypadk\u00f3w i obra\u017ce\u0144 to:<\/p>\n<ul>\n<li>Skaleczenia spowodowane obs\u0142ug\u0105 szk\u0142a<\/li>\n<li>Przeci\u0105\u017cenie fizyczne spowodowane podnoszeniem i przenoszeniem ci\u0119\u017ckich tafli szk\u0142a<\/li>\n<li>Potkni\u0119cie, po\u015blizgni\u0119cie lub upadek<\/li>\n<li>Uderzenie przez spadaj\u0105cy \u0142adunek<\/li>\n<\/ul>\n<p>Kluczowe zagro\u017cenia:<\/p>\n<ul>\n<li>Obci\u0105\u017cenie fizyczne<\/li>\n<li>Dotkni\u0119cie przez (spadaj\u0105ce) materia\u0142y<\/li>\n<li>Zagro\u017cenie przeci\u0119ciem<\/li>\n<li>Potkni\u0119cia, upadki i po\u015blizgni\u0119cia<\/li>\n<\/ul>\n<p>Rozwi\u0105zania dla zagro\u017ce\u0144:<\/p>\n<ul>\n<li>Bezpieczne r\u0119czne podnoszenie i przenoszenie<\/li>\n<li>Zapobieganie urazom bocznym<\/li>\n<li>Zapobieganie upadkom, po\u015blizgni\u0119ciom i potkni\u0119ciom<\/li>\n<li>Odpowiednie \u015brodki ochrony indywidualnej do ka\u017cdego zadania!<\/li>\n<\/ul>\n<p>Racja, wi\u0119c Gable Knight!<\/p>\n<p>W Gevelridder mo\u017cesz \u0142atwo i bezpiecznie zamawia\u0107 na stronie. Wszystkie produkty s\u0105 w magazynie i szybko dost\u0119pne. <\/p>\n","protected":false},"excerpt":{"rendered":"<p>Mo\u017ce by\u0107 u\u017cywany zar\u00f3wno z w\u00f3zkiem balastowym, jak i bez niego<span style=\"color: #5bbc3a;\">.<\/span> <\/p>\n<p><span style=\"color: #5bbc3a;\">Bez<\/span> w\u00f3zka balastowego 80 kg Z w\u00f3zkiem balastowym 200 kg Tylko podnoszenie!<\/p>\n<p><span style=\"color: #5bbc3a;\">Z dwoma du\u017cymi t\u0142okami pompy r\u0119cznej<\/span>.<\/p>\n<p>WLL200 kg<span style=\"color: #5bbc3a;\">.<\/span> <\/p>\n<p>Waga <span style=\"color: #5bbc3a;\">w\u0142asna<\/span> oko\u0142o 44 kg W\u00f3zek balastowy 170 kg<span style=\"color: #5bbc3a;\">.<\/span> <\/p>\n<p>Z boczn\u0105 zmian\u0105 bieg\u00f3w<span style=\"color: #5bbc3a;\">! <\/span><\/p>\n<p>Funkcja obrotu w p\u0142aszczy\u017anie i poza p\u0142aszczyzn\u0105<span style=\"color: #5bbc3a;\">.<\/span> <\/p>\n","protected":false},"featured_media":131816,"template":"","meta":{"_acf_changed":false,"_seopress_robots_primary_cat":"none","_seopress_titles_title":"","_seopress_titles_desc":"","_seopress_robots_index":""},"product_brand":[],"product_cat":[2084],"product_tag":[2096,1957,2097,2098,2095,2094,2052,2085],"class_list":{"0":"post-140221","1":"product","2":"type-product","3":"status-publish","4":"has-post-thumbnail","6":"product_cat-podnosniki-do-szkla","7":"product_tag-dealer-facade-knight","8":"product_tag-gevelridder","9":"product_tag-quattro-lift","10":"product_tag-szklana-raczka-transportowa","11":"product_tag-transport-szkla-2","12":"product_tag-umieszczanie-szkla","13":"product_tag-wozek-2","14":"product_tag-wozek-instalacyjny","15":"product_shipping_class-europaleta","17":"first","18":"onbackorder","19":"taxable","20":"shipping-taxable","21":"purchasable","22":"product-type-simple"},"acf":[],"_links":{"self":[{"href":"https:\/\/gevelridder.nl\/pl\/wp-json\/wp\/v2\/product\/140221","targetHints":{"allow":["GET"]}}],"collection":[{"href":"https:\/\/gevelridder.nl\/pl\/wp-json\/wp\/v2\/product"}],"about":[{"href":"https:\/\/gevelridder.nl\/pl\/wp-json\/wp\/v2\/types\/product"}],"wp:featuredmedia":[{"embeddable":true,"href":"https:\/\/gevelridder.nl\/pl\/wp-json\/wp\/v2\/media\/131816"}],"wp:attachment":[{"href":"https:\/\/gevelridder.nl\/pl\/wp-json\/wp\/v2\/media?parent=140221"}],"wp:term":[{"taxonomy":"product_brand","embeddable":true,"href":"https:\/\/gevelridder.nl\/pl\/wp-json\/wp\/v2\/product_brand?post=140221"},{"taxonomy":"product_cat","embeddable":true,"href":"https:\/\/gevelridder.nl\/pl\/wp-json\/wp\/v2\/product_cat?post=140221"},{"taxonomy":"product_tag","embeddable":true,"href":"https:\/\/gevelridder.nl\/pl\/wp-json\/wp\/v2\/product_tag?post=140221"}],"curies":[{"name":"wp","href":"https:\/\/api.w.org\/{rel}","templated":true}]}}