
{"id":140200,"date":"2026-03-24T11:36:30","date_gmt":"2026-03-24T11:36:30","guid":{"rendered":"https:\/\/gevelridder.nl\/product\/quattro-lift-350cwa\/"},"modified":"2026-03-24T11:36:30","modified_gmt":"2026-03-24T11:36:30","slug":"quattro-lift-350cwa","status":"publish","type":"product","link":"https:\/\/gevelridder.nl\/pl\/produkt\/quattro-lift-350cwa\/","title":{"rendered":"Quattro-lift 350CWA"},"content":{"rendered":"<h2>Ergonomia i wydajno\u015b\u0107 dzi\u0119ki Quattro-lift 350CWA<\/h2>\n<p>Ergonomia i wydajno\u015b\u0107 id\u0105 w parze z Quattro-lift 350CWA: Bezemisyjna i komfortowa praca ci\u0105g\u0142a<\/p>\n<p>Odkryj QuattroLift 350, najlepsze rozwi\u0105zanie do podnoszenia, kt\u00f3re \u0142\u0105czy w sobie ergonomi\u0119, prac\u0119 zorientowan\u0105 na klienta i wydajno\u015b\u0107 bez emisji spalin. Dzi\u0119ki ud\u017awigowi do 350 kg i opcji obs\u0142ugi jedno- lub dwuosobowej, maszyna ta jest idealna do szklenia w ma\u0142ych, ograniczonych przestrzeniach. Dzi\u0119ki takim funkcjom jak przechylne, obrotowe i przesuwane na boki chwytaki podci\u015bnieniowe, nap\u0119d elektryczny i elastyczne zasysanie podci\u015bnieniowe, QuattroLift 350 oferuje niezr\u00f3wnan\u0105 wszechstronno\u015b\u0107 i komfort.  <\/p>\n<ul>\n<li>Wydajno\u015b\u0107 bez emisji spalin: Dzi\u0119ki Quattro Lift 350CWA mo\u017cesz cieszy\u0107 si\u0119 wydajn\u0105 prac\u0105 bez szkodliwych emisji. Elektryczny nap\u0119d tylnych k\u00f3\u0142 zapewnia cich\u0105 i ekologiczn\u0105 prac\u0119, nawet na nier\u00f3wnym terenie i placach budowy. System podci\u015bnienia dzia\u0142a na baterie, zapewniaj\u0105c elastyczno\u015b\u0107 bez konieczno\u015bci korzystania z zewn\u0119trznych \u017ar\u00f3de\u0142 zasilania. Dzi\u0119ki temu QuattroLift 350 jest przyjazny nie tylko dla \u015brodowiska, ale tak\u017ce dla produktywno\u015bci.   <\/li>\n<li>Elastyczno\u015b\u0107 i bezpiecze\u0144stwo: Dzi\u0119ki czterem regulowanym, elastycznym t\u0142okom podci\u015bnieniowym o \u015brednicy 300 mm i opcji 1 lub 2 w pe\u0142ni niezale\u017cnych system\u00f3w podci\u015bnieniowych, QuattroLift 350 zapewnia maksymaln\u0105 przyczepno\u015b\u0107 i stabilno\u015b\u0107 podczas podnoszenia szk\u0142a lub innych materia\u0142\u00f3w. Co wi\u0119cej, szk\u0142o mo\u017cna przechyla\u0107 na boki w celu bezproblemowego transportu przez w\u0105skie otwory drzwiowe. Dzi\u0119ki standardowemu wyposa\u017ceniu maszyny w przeciwwagi i opatentowanej konstrukcji, kt\u00f3ra zapewnia komfort i bezpiecze\u0144stwo, mo\u017cesz pracowa\u0107 bez obaw, wiedz\u0105c, \u017ce Twoje cia\u0142o i otoczenie s\u0105 chronione.  <\/li>\n<\/ul>\n<p>\u0141atwo\u015b\u0107 transportu i monta\u017cu: QuattroLift 350 zosta\u0142 zaprojektowany z my\u015bl\u0105 o \u0142atwym transporcie i szybkim monta\u017cu. Mo\u017cna go \u0142atwo transportowa\u0107 w furgonetce i szybko zmontowa\u0107 w miejscu docelowym. Dzi\u0119ki kompaktowej konstrukcji i przyjaznym dla u\u017cytkownika funkcjom, QuattroLift 350 jest idealnym partnerem dla szklarzy i innych profesjonalist\u00f3w poszukuj\u0105cych wydajno\u015bci, niezawodno\u015bci i komfortu.  <\/p>\n<h3>Podsumowanie Quattro-lift 350CWA<\/h3>\n<p>QuattroLift 350 przenosi ergonomi\u0119, wydajno\u015b\u0107 i bezemisyjn\u0105 prac\u0119 na wy\u017cszy poziom. Dzi\u0119ki wszechstronnym funkcjom, doskona\u0142ej przyczepno\u015bci, nap\u0119dowi elektrycznemu i \u0142atwemu transportowi, to rozwi\u0105zanie podnosz\u0105ce jest idealne do szklenia w ograniczonych przestrzeniach i innych zastosowa\u0144, w kt\u00f3rych precyzja i komfort s\u0105 niezb\u0119dne. Przekonaj si\u0119 sam o zaletach QuattroLift 350 i ju\u017c dzi\u015b popraw jako\u015b\u0107 swojej pracy.  <\/p>\n","protected":false},"excerpt":{"rendered":"<p>Odkryj QuattroLift 350, najlepsze rozwi\u0105zanie do podnoszenia, kt\u00f3re \u0142\u0105czy w sobie ergonomi\u0119, prac\u0119 zorientowan\u0105 na klienta i wydajno\u015b\u0107 bez emisji spalin. Dzi\u0119ki ud\u017awigowi do 350 kg i opcji obs\u0142ugi jedno- lub dwuosobowej, maszyna ta jest idealna do szklenia w ma\u0142ych, ograniczonych przestrzeniach. Dzi\u0119ki takim funkcjom jak przechylne, obrotowe i przesuwane na boki chwytaki podci\u015bnieniowe, nap\u0119d elektryczny i elastyczne zasysanie podci\u015bnieniowe, QuattroLift 350 oferuje niezr\u00f3wnan\u0105 wszechstronno\u015b\u0107 i komfort.  <\/p>\n","protected":false},"featured_media":1869,"template":"","meta":{"_acf_changed":false,"_seopress_robots_primary_cat":"none","_seopress_titles_title":"","_seopress_titles_desc":"","_seopress_robots_index":""},"product_brand":[],"product_cat":[2084],"product_tag":[1957,2085],"class_list":{"0":"post-140200","1":"product","2":"type-product","3":"status-publish","4":"has-post-thumbnail","6":"product_cat-podnosniki-do-szkla","7":"product_tag-gevelridder","8":"product_tag-wozek-instalacyjny","9":"product_shipping_class-190-euro","11":"first","12":"onbackorder","13":"taxable","14":"shipping-taxable","15":"purchasable","16":"product-type-simple"},"acf":[],"_links":{"self":[{"href":"https:\/\/gevelridder.nl\/pl\/wp-json\/wp\/v2\/product\/140200","targetHints":{"allow":["GET"]}}],"collection":[{"href":"https:\/\/gevelridder.nl\/pl\/wp-json\/wp\/v2\/product"}],"about":[{"href":"https:\/\/gevelridder.nl\/pl\/wp-json\/wp\/v2\/types\/product"}],"wp:featuredmedia":[{"embeddable":true,"href":"https:\/\/gevelridder.nl\/pl\/wp-json\/wp\/v2\/media\/1869"}],"wp:attachment":[{"href":"https:\/\/gevelridder.nl\/pl\/wp-json\/wp\/v2\/media?parent=140200"}],"wp:term":[{"taxonomy":"product_brand","embeddable":true,"href":"https:\/\/gevelridder.nl\/pl\/wp-json\/wp\/v2\/product_brand?post=140200"},{"taxonomy":"product_cat","embeddable":true,"href":"https:\/\/gevelridder.nl\/pl\/wp-json\/wp\/v2\/product_cat?post=140200"},{"taxonomy":"product_tag","embeddable":true,"href":"https:\/\/gevelridder.nl\/pl\/wp-json\/wp\/v2\/product_tag?post=140200"}],"curies":[{"name":"wp","href":"https:\/\/api.w.org\/{rel}","templated":true}]}}