
{"id":140192,"date":"2026-03-24T11:33:09","date_gmt":"2026-03-24T11:33:09","guid":{"rendered":"https:\/\/gevelridder.nl\/product\/wynajem-windy-do-ogrodu-zimowego\/"},"modified":"2026-03-24T11:33:09","modified_gmt":"2026-03-24T11:33:09","slug":"wynajem-windy-do-ogrodu-zimowego","status":"publish","type":"product","link":"https:\/\/gevelridder.nl\/pl\/produkt\/wynajem-windy-do-ogrodu-zimowego\/","title":{"rendered":"Wynajem windy do ogrodu zimowego"},"content":{"rendered":"<h2>RENT Winda do ogrodu zimowego<\/h2>\n<p>Podno\u015bnik ogrodowy do monta\u017cu d\u0142ugich w\u0105skich okien w dachu ogrodu zimowego od do\u0142u, wyposa\u017cony w t\u0142ok z zatrzaskami r\u0119cznymi i wci\u0105gark\u0119 elektryczn\u0105. Aby uzyska\u0107 wi\u0119cej informacji, prosimy o kontakt mailowy lub telefoniczny. <\/p>\n<ul>\n<li>za dzie\u0144 135<\/li>\n<\/ul>\n<p>U nas doba to 24 godziny od odbioru do zwrotu. Minimalny okres wynajmu to 2 dni. <\/p>\n<p>Prosimy o wskazanie dnia lub okresu ze wzgl\u0119du na dost\u0119pno\u015b\u0107.<\/p>\n<p>Ograniczona dost\u0119pno\u015b\u0107, wi\u0119c rezerwuj z wyprzedzeniem! Sprzedajemy r\u00f3wnie\u017c t\u0119 wind\u0119, ale ta b\u0119dzie dost\u0119pna wkr\u00f3tce! <\/p>\n<p>Depozyt wynosi 500 euro<\/p>\n<p>Wynajmujemy tylko profesjonalnym rzemie\u015blnikom szk\u0142a, a nie osobom prywatnym.<\/p>\n<h2>Podno\u015bnik jest odpowiedni dla<\/h2>\n<p>Do wysoko\u015bci 4,2 m, elektryczny, nadaje si\u0119 r\u00f3wnie\u017c do monta\u017cu p\u0142yt sufitowych, \u017caluzji, rolet, klimatyzator\u00f3w itp. Z por\u0119czn\u0105 platform\u0105 w zestawie.<br \/>\nWsp\u00f3\u0142pracuje z wci\u0105gark\u0105 elektryczn\u0105 i jest bardzo kompaktowy w transporcie i przenoszeniu na miejsce monta\u017cu. W przypadku monta\u017cu \u017caluzji lub rolet oferujemy r\u00f3wnie\u017c <a href=\"https:\/\/gevelridder.nl\/pl\/produkt\/zupelnie-nowy-wheelie-z150\/\">por\u0119czne w\u00f3zki<\/a> do <a href=\"https:\/\/gevelridder.nl\/product\/glaskar-platenwagen-150kg\/\">transportu<\/a> bez uszkadzania profili.  <\/p>\n<h2><a href=\"https:\/\/www.youtube.com\/watch?v=vezwIrxufKc\">Szczeg\u00f3\u0142y Winda do ogrodu zimowego<\/a><\/h2>\n<p>Wyposa\u017cony w wyr\u00f3wnywacz z 4 przyssawkami r\u0119cznymi, ale istnieje r\u00f3wnie\u017c przystawka do monta\u017cu p\u0142yt sufitowych, \u017caluzji, rolet itp.<br \/>\nMo\u017ce osi\u0105gn\u0105\u0107 wysoko\u015b\u0107 4,2 metra.<br \/>\nOdpowiedni dla maksymalnej wagi 120 kg.<br \/>\nZadzwo\u0144 lub napisz do nas, aby uzyska\u0107 wi\u0119cej informacji,<\/p>\n","protected":false},"excerpt":{"rendered":"<p>Wynajem Serrelift, zadzwo\u0144 do nas, napisz do nas, aby uzyska\u0107 wi\u0119cej informacji i dokona\u0107 rezerwacji. Tylko dla profesjonalist\u00f3w, nie wynajmujemy osobom prywatnym. <\/p>\n<p>Przeno\u015bny podno\u015bnik monta\u017cowy do szk\u0142a to niezwykle kompaktowy, lekki podno\u015bnik monta\u017cowy do \u0142atwego monta\u017cu szk\u0142a i innych ci\u0119\u017ckich przedmiot\u00f3w, kt\u00f3re musz\u0105 by\u0107 montowane na wysoko\u015bci.<\/p>\n<p><strong>\u2714 <span style=\"color: #5bbc3a;\">150<\/span> euro za minimum 2 dni wynajmu.<\/strong><\/p>\n<p><strong>WLL wynosi 120 kg<span style=\"color: #5bbc3a;\">.<\/span> <\/strong><\/p>\n<p><strong>Wysoko\u015b\u0107 do 4,2 metra<span style=\"color: #5bbc3a;\">.<\/span> <\/strong><\/p>\n<p><strong>Waga 66 kg<span style=\"color: #5bbc3a;\">.<\/span> <\/strong><\/p>\n<p><strong>Z p\u0142yt\u0105 ss\u0105c\u0105 ze wspornikami<span style=\"color: #5bbc3a;\">.<\/span> <\/strong><\/p>\n<p><strong>550\u00d7650 mm transport<span style=\"color: #5bbc3a;\">.<\/span> <\/strong><\/p>\n<p><strong>\u2714 <span style=\"color: #5bbc3a;\">1,<\/span> 0 x 1,1 lub 0,75 x 1,6 m1 podczas pracy.<\/strong><\/p>\n<p><strong>Szybka konfiguracja przez 1 osob\u0119<span style=\"color: #5bbc3a;\">.<\/span> <\/strong><\/p>\n<p><strong>Wyposa\u017cony w pilota na przewodzie<span style=\"color: #5bbc3a;\">.<\/span> <\/strong><\/p>\n<p><strong>Podnoszenie na mm<span style=\"color: #5bbc3a;\">.<\/span> <\/strong><\/p>\n<p><strong>Dachy szklarniowe<span style=\"color: #5bbc3a;\">. <\/span> <\/strong><\/p>\n<p><strong>Os\u0142ony taras\u00f3w<span style=\"color: #5bbc3a;\">.<\/span> <\/strong><\/p>\n<p><strong>Kaucja<\/strong> wynosi 500 euro.<\/p>\n<p>Najemca musi samodzielnie ubezpieczy\u0107 jednostk\u0119 od uszkodze\u0144, kradzie\u017cy i po\u017caru.<\/p>\n<p>Urz\u0105dzenie nale\u017cy odebra\u0107 i zwr\u00f3ci\u0107 w Kapel Avezaath.<\/p>\n<p>&nbsp;<\/p>\n<p>UWAGA: Wypo\u017cyczamy tylko profesjonalistom, a nie osobom prywatnym. Dost\u0119pno\u015b\u0107 urz\u0105dzenia ograniczona. <\/p>\n","protected":false},"featured_media":131588,"template":"","meta":{"_acf_changed":false,"_seopress_robots_primary_cat":"","_seopress_titles_title":"","_seopress_titles_desc":"","_seopress_robots_index":""},"product_brand":[],"product_cat":[2084,2078],"product_tag":[1967,2093,2052,2091,2092],"class_list":{"0":"post-140192","1":"product","2":"type-product","3":"status-publish","4":"has-post-thumbnail","6":"product_cat-podnosniki-do-szkla","7":"product_cat-wozki-2","8":"product_tag-montaz-szkla","9":"product_tag-szklo-szklarniowe","10":"product_tag-wozek-2","11":"product_tag-wynajem","12":"product_tag-zapobiegaja-bolom-plecow","13":"product_shipping_class-europaleta","15":"first","16":"instock","17":"taxable","18":"shipping-taxable","19":"purchasable","20":"product-type-simple"},"acf":[],"_links":{"self":[{"href":"https:\/\/gevelridder.nl\/pl\/wp-json\/wp\/v2\/product\/140192","targetHints":{"allow":["GET"]}}],"collection":[{"href":"https:\/\/gevelridder.nl\/pl\/wp-json\/wp\/v2\/product"}],"about":[{"href":"https:\/\/gevelridder.nl\/pl\/wp-json\/wp\/v2\/types\/product"}],"wp:featuredmedia":[{"embeddable":true,"href":"https:\/\/gevelridder.nl\/pl\/wp-json\/wp\/v2\/media\/131588"}],"wp:attachment":[{"href":"https:\/\/gevelridder.nl\/pl\/wp-json\/wp\/v2\/media?parent=140192"}],"wp:term":[{"taxonomy":"product_brand","embeddable":true,"href":"https:\/\/gevelridder.nl\/pl\/wp-json\/wp\/v2\/product_brand?post=140192"},{"taxonomy":"product_cat","embeddable":true,"href":"https:\/\/gevelridder.nl\/pl\/wp-json\/wp\/v2\/product_cat?post=140192"},{"taxonomy":"product_tag","embeddable":true,"href":"https:\/\/gevelridder.nl\/pl\/wp-json\/wp\/v2\/product_tag?post=140192"}],"curies":[{"name":"wp","href":"https:\/\/api.w.org\/{rel}","templated":true}]}}