
{"id":140186,"date":"2026-04-03T10:24:57","date_gmt":"2026-04-03T10:24:57","guid":{"rendered":"https:\/\/gevelridder.nl\/product\/brammetje-500kg\/"},"modified":"2026-04-03T10:24:57","modified_gmt":"2026-04-03T10:24:57","slug":"brammetje-500kg","status":"publish","type":"product","link":"https:\/\/gevelridder.nl\/pl\/produkt\/brammetje-500kg\/","title":{"rendered":"Brammetje 500kg"},"content":{"rendered":"<div class=\"row\">\n<h2><strong>Optymalna wydajno\u015b\u0107 w bran\u017cy budowlanej dzi\u0119ki w\u00f3zkowi ramowemu Brammetje<\/strong><\/h2>\n<p>Brammetje to niezawodny lekki w\u00f3zek ramowy z dwiema osiami.<\/p>\n<h2><strong>W\u00f3zek ramowy Brammetje: Niezast\u0105piony przyjaciel na placu budowy<\/strong><\/h2>\n<p>Brammetje nie jest zwyk\u0142ym w\u00f3zkiem do ram; to zoptymalizowane narz\u0119dzie dla profesjonalist\u00f3w budowlanych. Dzi\u0119ki rozstawowi 240 mm Brammetje doskonale nadaje si\u0119 do szerszych ram z potr\u00f3jnymi szybami. Jego solidna konstrukcja i d\u0142ugo\u015b\u0107 580 mm sprawiaj\u0105, \u017ce idealnie nadaje si\u0119 zar\u00f3wno do ma\u0142ych, jak i wi\u0119kszych prac. Jako wierny towarzysz, Brammetje jest zawsze gotowy do \u0142atwego transportu ram, belek i \u017caluzji, dzi\u0119ki czemu mo\u017cesz pracowa\u0107 z u\u015bmiechem.   <\/p>\n<p>Rozumiemy, \u017ce sukces w budownictwie zale\u017cy od precyzji i wygody, dlatego zaprojektowali\u015bmy szereg narz\u0119dzi, kt\u00f3re p\u0142ynnie integruj\u0105 si\u0119 z przep\u0142ywem pracy. Opr\u00f3cz psich w\u00f3zk\u00f3w <a href=\"https:\/\/gevelridder.nl\/pl\/produkt\/malle-jantje\/\" target=\"_blank\" rel=\"noopener\">Malle Jantje<\/a> i Brammetje, w naszej ofercie znajduj\u0105 si\u0119 r\u00f3wnie\u017c lekkie <a href=\"https:\/\/gevelridder.nl\/pl\/produkt\/wozek-glaskar-250kg-2\/\" target=\"_blank\" rel=\"noopener\">w\u00f3zki<\/a> do szk\u0142a. <\/p>\n<ul>\n<li style=\"list-style-type: none;\">\n<ul>\n<li>Szeroko\u015b\u0107 za\u0142adunku 240 mm<\/li>\n<li>D\u0142ugo\u015b\u0107 580 mm<\/li>\n<li>2 osie, 4 ko\u0142a<\/li>\n<li>maksymalnie 500 kg (r\u00f3wnomiernie roz\u0142o\u017cone obci\u0105\u017cenie na 4 ko\u0142a).<\/li>\n<\/ul>\n<\/li>\n<\/ul>\n<h3><strong>Obci\u0105\u017cenie fizyczne: wyzwanie dla profesjonalist\u00f3w budowlanych<\/strong><\/h3>\n<p>Obci\u0105\u017cenie fizyczne jest sta\u0142ym wyzwaniem dla profesjonalist\u00f3w z bran\u017cy budowlanej. Wed\u0142ug danych <a href=\"https:\/\/fysiekebelasting.tno.nl\/nl\/\" target=\"_blank\" rel=\"noopener\">TNO<\/a> z czerwca 2018 r. obci\u0105\u017cenie fizyczne pozostaje g\u0142\u00f3wn\u0105 przyczyn\u0105 chor\u00f3b zawodowych i nieobecno\u015bci w pracy. B\u00f3l plec\u00f3w, ramion, szyi, kolan i bioder to cz\u0119ste dolegliwo\u015bci wynikaj\u0105ce z podnoszenia i przenoszenia w miejscu pracy. Nieprawid\u0142owa technika podnoszenia mo\u017ce skutkowa\u0107 powa\u017cnymi problemami zdrowotnymi, dlatego nale\u017cy korzysta\u0107 z jak najwi\u0119kszej liczby urz\u0105dze\u0144 wspomagaj\u0105cych podnoszenie, takich jak nasz uroczy piesek, w\u00f3zek brammetje.   <\/p>\n<p><strong>Brammetje Frame Trolley &#8211; w\u00f3zek podno\u015bnikowy: Ochrona zdrowia<\/strong><\/p>\n<p>Aby zmniejszy\u0107 to ryzyko dla zdrowia, Gable Knight oferuje lekki w\u00f3zek Brammetje. Ta nowoczesna wersja klasycznego w\u00f3zka transportowego z dawnych lat zosta\u0142a zaprojektowana, aby pom\u00f3c profesjonalistom budowlanym w zapobieganiu urazom fizycznym. Wspieraj\u0105c prawid\u0142ow\u0105 technik\u0119 podnoszenia i zmniejszaj\u0105c obci\u0105\u017cenie fizyczne, pomoce do podnoszenia Gevelridder przyczyniaj\u0105 si\u0119 do zdrowszej i bardziej produktywnej pracy.  <\/p>\n<p>W Gevelridder staramy si\u0119 by\u0107 Twoim partnerem w osi\u0105ganiu sukces\u00f3w na miejscu. Oferujemy wysokiej jako\u015bci, wydajne rozwi\u0105zania, kt\u00f3re promuj\u0105 zar\u00f3wno kunszt, jak i zdrowie. Wsp\u00f3lnie budujemy przysz\u0142o\u015b\u0107, w kt\u00f3rej profesjonali\u015bci budowlani mog\u0105 si\u0119 doskonali\u0107, nie martwi\u0105c si\u0119 o wysi\u0142ek fizyczny. Wybierz Gevelridder, wybierz rzemios\u0142o i dobre samopoczucie w miejscu pracy.   <\/p>\n<\/div>\n","protected":false},"excerpt":{"rendered":"<p class=\"ai-optimize-29\"><strong>Brammetje &#8211; Kompaktowy i wydajny podno\u015bnik do prac elewacyjnych<\/strong><\/p>\n<p class=\"ai-optimize-30\">Brammetje to idealne rozwi\u0105zanie do bezpiecznego i \u0142atwego podnoszenia podczas prac elewacyjnych. Ten innowacyjny podno\u015bnik zapewnia ergonomiczne metody pracy, zmniejsza obci\u0105\u017cenie plec\u00f3w i ramion oraz zwi\u0119ksza produktywno\u015b\u0107 na hali produkcyjnej. Nadaje si\u0119 do r\u00f3\u017cnych materia\u0142\u00f3w, takich jak ramy okienne, szk\u0142o, ceg\u0142y licowe i panele izolacyjne. Dzi\u0119ki kompaktowym rozmiarom i \u0142atwo\u015bci u\u017cytkowania Brammetje jest idealny do ma\u0142ych i du\u017cych projekt\u00f3w budowlanych. Zam\u00f3w teraz i poczuj r\u00f3\u017cnic\u0119 w wydajno\u015bci i bezpiecze\u0144stwie!    <\/p>\n<p class=\"ai-optimize-31\"><span style=\"color: #5bbc3a;\"><b>\u2714<\/b><\/span> Szeroko\u015b\u0107 za\u0142adunku 240 mm<\/p>\n<p class=\"ai-optimize-32\"><span style=\"color: #5bbc3a;\"><b>\u2714 <\/b><\/span>D\u0142ugo\u015b\u0107 580 mm<\/p>\n<p class=\"ai-optimize-33\"><span style=\"color: #5bbc3a;\"><b>\u2714 <\/b><\/span>2 osie, 4 ko\u0142a<\/p>\n<p class=\"ai-optimize-34\"><span style=\"color: #5bbc3a;\"><b>\u2714 <\/b><\/span>maksymalnie 500 kg wll<\/p>\n<p class=\"ai-optimize-35\">(r\u00f3wnomierne roz\u0142o\u017cenie obci\u0105\u017cenia na 4 ko\u0142a).<\/p>\n","protected":false},"featured_media":1868,"template":"","meta":{"_acf_changed":false,"_seopress_robots_primary_cat":"none","_seopress_titles_title":"","_seopress_titles_desc":"","_seopress_robots_index":""},"product_brand":[],"product_cat":[2080,2079,2024,2078,2025],"product_tag":[1957,2089,2015,2086,2027,2087,2088,2072,2075],"class_list":{"0":"post-140186","1":"product","2":"type-product","3":"status-publish","4":"has-post-thumbnail","6":"product_cat-najczesciej-sprzedawane","7":"product_cat-wozek-na-talerze-glaskar","8":"product_cat-wozek-transportowy-typu-piesek","9":"product_cat-wozki-2","10":"product_cat-wozki-elewacyjne","11":"product_tag-gevelridder","12":"product_tag-rama-transportowa","13":"product_tag-szklarz-2","14":"product_tag-transport-szkla","15":"product_tag-wozek-do-szyb","16":"product_tag-wozek-drzwiowy","17":"product_tag-wozek-ramowy-2","18":"product_tag-wozek-ramowy","19":"product_tag-wozek-z-rama","20":"product_shipping_class-paczka-50-50-60","22":"first","23":"instock","24":"taxable","25":"shipping-taxable","26":"purchasable","27":"product-type-simple"},"acf":[],"_links":{"self":[{"href":"https:\/\/gevelridder.nl\/pl\/wp-json\/wp\/v2\/product\/140186","targetHints":{"allow":["GET"]}}],"collection":[{"href":"https:\/\/gevelridder.nl\/pl\/wp-json\/wp\/v2\/product"}],"about":[{"href":"https:\/\/gevelridder.nl\/pl\/wp-json\/wp\/v2\/types\/product"}],"wp:featuredmedia":[{"embeddable":true,"href":"https:\/\/gevelridder.nl\/pl\/wp-json\/wp\/v2\/media\/1868"}],"wp:attachment":[{"href":"https:\/\/gevelridder.nl\/pl\/wp-json\/wp\/v2\/media?parent=140186"}],"wp:term":[{"taxonomy":"product_brand","embeddable":true,"href":"https:\/\/gevelridder.nl\/pl\/wp-json\/wp\/v2\/product_brand?post=140186"},{"taxonomy":"product_cat","embeddable":true,"href":"https:\/\/gevelridder.nl\/pl\/wp-json\/wp\/v2\/product_cat?post=140186"},{"taxonomy":"product_tag","embeddable":true,"href":"https:\/\/gevelridder.nl\/pl\/wp-json\/wp\/v2\/product_tag?post=140186"}],"curies":[{"name":"wp","href":"https:\/\/api.w.org\/{rel}","templated":true}]}}