
{"id":140178,"date":"2026-03-24T08:17:09","date_gmt":"2026-03-24T08:17:09","guid":{"rendered":"https:\/\/gevelridder.nl\/product\/blok-uchylny-z-przyssawka\/"},"modified":"2026-03-24T08:17:09","modified_gmt":"2026-03-24T08:17:09","slug":"blok-uchylny-z-przyssawka","status":"publish","type":"product","link":"https:\/\/gevelridder.nl\/pl\/produkt\/blok-uchylny-z-przyssawka\/","title":{"rendered":"blok uchylny z przyssawk\u0105"},"content":{"rendered":"<div id=\"ts-body\">\n<div class=\"css-44 ts-pivot-container\">\n<div id=\"ContentContainer\">\n<div role=\"tabpanel\" aria-labelledby=\"Pivot0-Tab0\">\n<div class=\"ts-lookup-pivot\">\n<div id=\"Lookup\" class=\"ts-pivot-lookup-component\">\n<div class=\"ms-Grid ts-grid\">\n<div aria-hidden=\"true\">\n<h2><strong>Gable Knight&#8217;s Tilt Block: Stra\u017cnik szk\u0142a i p\u0142yt<\/strong><\/h2>\n<p>W staro\u017cytnym kr\u00f3lestwie rzemios\u0142a istnia\u0142a legenda o rycerzu, kt\u00f3ry by\u0142 symbolem ochrony i si\u0142y. Jego imi\u0119? Gable Knight. Jego bro\u0144? Blok uchylny z przyssawk\u0105. Ten wierny sojusznik zosta\u0142 specjalnie zaprojektowany dla tych odwa\u017cnych pracownik\u00f3w budowlanych, kt\u00f3rzy przechylaj\u0105 szk\u0142o i p\u0142yty, chroni\u0105c ka\u017cdy naro\u017cnik przed rozbiciem.     <\/p>\n<p>Wyobra\u017a sobie pole bitwy na placach budowy, gdzie ka\u017cdy kawa\u0142ek szk\u0142a, bez wzgl\u0119du na to, jak gruby lub delikatny, mo\u017cna bezpiecznie przechyli\u0107 bez obawy o uszkodzenie. Dzi\u0119ki ma\u0142ej przyssawce blok pozostaje stabilnie na swoim miejscu, podnosz\u0105c szk\u0142o w elegancki i bezpieczny spos\u00f3b. I nie obawiaj si\u0119, rycerzu, poniewa\u017c ten blok mo\u017ce przechyla\u0107 p\u0142yty o imponuj\u0105cej grubo\u015bci do 55 mm!  <\/p>\n<p>Si\u0142a tego bloku uchylnego le\u017cy nie tylko w jego funkcjonalno\u015bci, ale tak\u017ce w jego zr\u00f3wnowa\u017conym rozwoju. Wykonany z drewna IPPC, ten blok uchylny symbolizuje zr\u00f3wnowa\u017cony rozw\u00f3j i szacunek dla naszej planety. Dla tych, kt\u00f3rzy si\u0119 zastanawiaj\u0105, Mi\u0119dzynarodowa Konwencja Ochrony Ro\u015blin (IPPC) to globalny pakt maj\u0105cy na celu ochron\u0119 naszych zasob\u00f3w ro\u015blinnych przed szkodnikami i promowanie bezpiecznego handlu.  <\/p>\n<p>Ale przygoda nie ko\u0144czy si\u0119 tutaj. Ten blok przechy\u0142u jest nie tylko mistrzem przechylania. Mo\u017ce r\u00f3wnie\u017c s\u0142u\u017cy\u0107 jako nieustraszony ochraniacz naro\u017cnik\u00f3w podczas transportu szk\u0142a, na przyk\u0142ad na naszym majestatycznym <a href=\"https:\/\/gevelridder.nl\/pl\/produkt\/wozek-glaskar-250kg-2\/\">Glaskar<\/a>.  <\/p>\n<p>Rycerze gildii budowlanej, wyposa\u017ccie si\u0119 w najlepsz\u0105 bro\u0144 w swoim arsenale! Odwied\u017a GevelRidder i poznaj legendarny blok przechy\u0142u z przyssawk\u0105. Dla budowniczego d\u0105\u017c\u0105cego do perfekcji, ten blok uchylny jest absolutnym must-have.  <\/p>\n<\/div>\n<div id=\"Lookup\" class=\"ts-pivot-lookup-component\">\n<div class=\"ms-Grid ts-grid\">\n<div class=\"ms-Grid-row\">\n<div class=\"ts-insert-button-container\">\n<div class=\"ms-Button-flexContainer flexContainer-74\">\n<div class=\"ms-Button-textContainer textContainer-75\">\n<div id=\"id__20\" class=\"ms-Button-label label-87\"><\/div>\n<\/div>\n<\/div>\n<\/div>\n<\/div>\n<\/div>\n<\/div>\n<\/div>\n<\/div>\n<\/div>\n<\/div>\n<\/div>\n<\/div>\n<\/div>\n","protected":false},"excerpt":{"rendered":"<p>Idealna do bezpiecznego przechylania szk\u0142a i talerzy, wykonana z wytrzyma\u0142ego drewna IPPC. Drewniana n\u00f3\u017cka k\u0105towa o szeroko\u015bci 60 mm z wbudowanym t\u0142okiem<br \/>\n. Idealna r\u00f3wnie\u017c do ochrony szk\u0142a podczas transportu!!!  <\/p>\n<p><span style=\"color: #5bbc3a;\"><b>\u2714<\/b><\/span>  <strong> grubo\u015b\u0107 maksymalnie 55 mm<\/strong><\/p>\n<p><strong><span style=\"color: #5bbc3a;\">Do<\/span> obracania szk\u0142a<\/strong><\/p>\n<p><strong>Drewno <span style=\"color: #5bbc3a;\">IPPC<\/span> <\/strong><\/p>\n","protected":false},"featured_media":131598,"template":"","meta":{"_acf_changed":false,"_seopress_robots_primary_cat":"none","_seopress_titles_title":"","_seopress_titles_desc":"","_seopress_robots_index":""},"product_brand":[],"product_cat":[2038,2080,1974,2025],"product_tag":[2083,2082,1957,2073,2081,2027],"class_list":{"0":"post-140178","1":"product","2":"type-product","3":"status-publish","4":"has-post-thumbnail","6":"product_cat-czesci-zamienne-3","7":"product_cat-najczesciej-sprzedawane","8":"product_cat-narzedzia-do-szkla","9":"product_cat-wozki-elewacyjne","10":"product_tag-blok-plyt","11":"product_tag-blok-przechylu","12":"product_tag-gevelridder","13":"product_tag-szklo","14":"product_tag-szklo-ochronne","15":"product_tag-wozek-do-szyb","16":"product_shipping_class-16-euro","18":"first","19":"instock","20":"sale","21":"taxable","22":"shipping-taxable","23":"purchasable","24":"product-type-simple"},"acf":[],"_links":{"self":[{"href":"https:\/\/gevelridder.nl\/pl\/wp-json\/wp\/v2\/product\/140178","targetHints":{"allow":["GET"]}}],"collection":[{"href":"https:\/\/gevelridder.nl\/pl\/wp-json\/wp\/v2\/product"}],"about":[{"href":"https:\/\/gevelridder.nl\/pl\/wp-json\/wp\/v2\/types\/product"}],"wp:featuredmedia":[{"embeddable":true,"href":"https:\/\/gevelridder.nl\/pl\/wp-json\/wp\/v2\/media\/131598"}],"wp:attachment":[{"href":"https:\/\/gevelridder.nl\/pl\/wp-json\/wp\/v2\/media?parent=140178"}],"wp:term":[{"taxonomy":"product_brand","embeddable":true,"href":"https:\/\/gevelridder.nl\/pl\/wp-json\/wp\/v2\/product_brand?post=140178"},{"taxonomy":"product_cat","embeddable":true,"href":"https:\/\/gevelridder.nl\/pl\/wp-json\/wp\/v2\/product_cat?post=140178"},{"taxonomy":"product_tag","embeddable":true,"href":"https:\/\/gevelridder.nl\/pl\/wp-json\/wp\/v2\/product_tag?post=140178"}],"curies":[{"name":"wp","href":"https:\/\/api.w.org\/{rel}","templated":true}]}}