
{"id":140158,"date":"2026-03-24T11:35:38","date_gmt":"2026-03-24T11:35:38","guid":{"rendered":"https:\/\/gevelridder.nl\/product\/aluminiowy-wciagnik-trawersowy-150\/"},"modified":"2026-03-24T11:35:38","modified_gmt":"2026-03-24T11:35:38","slug":"aluminiowy-wciagnik-trawersowy-150","status":"publish","type":"product","link":"https:\/\/gevelridder.nl\/pl\/produkt\/aluminiowy-wciagnik-trawersowy-150\/","title":{"rendered":"Aluminiowy wci\u0105gnik trawersowy 150"},"content":{"rendered":"<h2>Aluminiowy wci\u0105gnik trawersowy 150<\/h2>\n<p>Podno\u015bnik \/ trawers do markiz i rolet Gevelridder jest nie tylko por\u0119czny, ale tak\u017ce zapobiega konieczno\u015bci wspinania si\u0119 po drabinie z ci\u0119\u017ck\u0105 markiz\u0105 lub rolet\u0105. Uchwyt jest lekki i \u0142atwy do przenoszenia. Aby zapobiec uszkodzeniu markizy lub rolety, wsporniki s\u0105 wy\u0142o\u017cone filcem szklanym. W po\u0142\u0105czeniu z Gevelridder M, monta\u017c staje si\u0119 przyjemn\u0105 prac\u0105, bardziej bezpieczn\u0105 i bez b\u00f3lu plec\u00f3w.   <\/p>\n<p>Obci\u0105\u017cenie fizyczne, obok psychospo\u0142ecznego obci\u0105\u017cenia prac\u0105, wci\u0105\u017c pozostaje najwa\u017cniejsz\u0105 przyczyn\u0105 chor\u00f3b zawodowych oraz absencji chorobowych. Wynika to z arkusza <a href=\"https:\/\/www.arboportaal.nl\/onderwerpen\/tillen-en-dragen\/documenten\/publicatie\/2018\/07\/01\/factsheet-fysieke-arbeidsbelasting-2018\">informacyjnego <\/a>TNO z danymi z czerwca 2018 roku. Dlatego te\u017c nale\u017cy korzysta\u0107 z urz\u0105dze\u0144 wspomagaj\u0105cych podnoszenie firmy Gevelridder.  <\/p>\n","protected":false},"excerpt":{"rendered":"<p>Mini trawers wykonany z aluminium. Pasy podnosz\u0105ce (brak w zestawie) mo\u017cna prze\u0142o\u017cy\u0107 przez wg\u0142\u0119bienia, aby zabezpieczy\u0107 markiz\u0119. WLL wynosi 150 kg. Wyprodukowany zgodnie z norm\u0105 DIN EN 13155. Rozstaw hak\u00f3w (otwor\u00f3w) na ko\u0142ki mocuj\u0105ce (brak w zestawie) wynosi 870 mm. N\u00f3\u017cki s\u0105 pokryte filcem szklanym, aby zapobiec uszkodzeniu g\u00f3rnej cz\u0119\u015bci markizy.     <\/p>\n<p>&#8211; Kilka pozycji zawieszenia<br \/>\n&#8211; Z n\u00f3\u017ckami do odk\u0142adania<\/p>\n<p>-D\u0142ugo\u015b\u0107 918 mm, wysoko\u015b\u0107 i szeroko\u015b\u0107 10 cm<\/p>\n<p>Wyprodukowano w Holandii!<\/p>\n","protected":false},"featured_media":131867,"template":"","meta":{"_acf_changed":false,"_seopress_robots_primary_cat":"none","_seopress_titles_title":"","_seopress_titles_desc":"","_seopress_robots_index":""},"product_brand":[],"product_cat":[1956,2057],"product_tag":[2059,2065,2061,2062,2064,2060,2066,2063,2067],"class_list":{"0":"post-140158","1":"product","2":"type-product","3":"status-publish","4":"has-post-thumbnail","6":"product_cat-czesci-zamienne-2","7":"product_cat-gable-knights","8":"product_tag-alumnat","9":"product_tag-markiza","10":"product_tag-markizy-ze-wspornikiem","11":"product_tag-montaz-markizy","12":"product_tag-trawers","13":"product_tag-wspornik-do-podnoszenia","14":"product_tag-wspornik-do-podnoszenia-markizy","15":"product_tag-wspornik-do-podnoszenia-zaluzji","16":"product_tag-wspornik-markizy","17":"product_shipping_class-65-euro","19":"first","20":"instock","21":"sale","22":"taxable","23":"shipping-taxable","24":"purchasable","25":"product-type-simple"},"acf":[],"_links":{"self":[{"href":"https:\/\/gevelridder.nl\/pl\/wp-json\/wp\/v2\/product\/140158","targetHints":{"allow":["GET"]}}],"collection":[{"href":"https:\/\/gevelridder.nl\/pl\/wp-json\/wp\/v2\/product"}],"about":[{"href":"https:\/\/gevelridder.nl\/pl\/wp-json\/wp\/v2\/types\/product"}],"wp:featuredmedia":[{"embeddable":true,"href":"https:\/\/gevelridder.nl\/pl\/wp-json\/wp\/v2\/media\/131867"}],"wp:attachment":[{"href":"https:\/\/gevelridder.nl\/pl\/wp-json\/wp\/v2\/media?parent=140158"}],"wp:term":[{"taxonomy":"product_brand","embeddable":true,"href":"https:\/\/gevelridder.nl\/pl\/wp-json\/wp\/v2\/product_brand?post=140158"},{"taxonomy":"product_cat","embeddable":true,"href":"https:\/\/gevelridder.nl\/pl\/wp-json\/wp\/v2\/product_cat?post=140158"},{"taxonomy":"product_tag","embeddable":true,"href":"https:\/\/gevelridder.nl\/pl\/wp-json\/wp\/v2\/product_tag?post=140158"}],"curies":[{"name":"wp","href":"https:\/\/api.w.org\/{rel}","templated":true}]}}