
{"id":140149,"date":"2026-03-24T11:34:17","date_gmt":"2026-03-24T11:34:17","guid":{"rendered":"https:\/\/gevelridder.nl\/product\/opona-pelna-260-85-z-kolpakiem-zaciskowym\/"},"modified":"2026-03-24T11:34:17","modified_gmt":"2026-03-24T11:34:17","slug":"opona-pelna-260-85-z-kolpakiem-zaciskowym","status":"publish","type":"product","link":"https:\/\/gevelridder.nl\/pl\/produkt\/opona-pelna-260-85-z-kolpakiem-zaciskowym\/","title":{"rendered":"Opona pe\u0142na 260\/85 z ko\u0142pakiem zaciskowym"},"content":{"rendered":"<h2><strong>Opona pe\u0142na z ko\u0142pakiem zaciskowym 260\/85<\/strong><\/h2>\n<p>W \u015bwiecie, w kt\u00f3rym mobilno\u015b\u0107 jest kluczowa, wyb\u00f3r odpowiedniego ko\u0142a ma zasadnicze znaczenie. Nasze ko\u0142a serii 54, wyposa\u017cone w plastikow\u0105 obr\u0119cz z opon\u0105 ze spienionego PU i \u0142o\u017cyskiem rolkowym, s\u0105 najlepszym produktem w \u015bwiecie sprz\u0119tu transportowego. <\/p>\n<p>Troch\u0119 historii m\u00f3wi nam, \u017ce najstarsze znane opony by\u0142y u\u017cywane w Mezopotamii oko\u0142o 2000 r. p.n.e. Od opon sk\u00f3rzanych po warianty \u017celazne; technologia przesz\u0142a d\u0142ug\u0105 drog\u0119. Wraz z wynalezieniem wulkanizacji gumy w 1839 r. rozpocz\u0119\u0142a si\u0119 nowa era opon, kt\u00f3re by\u0142y zar\u00f3wno wytrzyma\u0142e, jak i zapewnia\u0142y pewien poziom komfortu.  <\/p>\n<p>Pe\u0142na opona gumowa pojawi\u0142a si\u0119 jako rozwi\u0105zanie zapewniaj\u0105ce zu\u017cycie i trwa\u0142o\u015b\u0107. Jednak w dzisiejszych czasach, w kt\u00f3rych bezpiecze\u0144stwo i wydajno\u015b\u0107 id\u0105 w parze, musimy rozwa\u017cy\u0107 zalety i wady r\u00f3\u017cnych typ\u00f3w opon. Opona pe\u0142na z nak\u0142adk\u0105 zaciskow\u0105 jest idealna do \u015brodowisk, w kt\u00f3rych pod\u0142oga mo\u017ce by\u0107 za\u015bmiecona ostrymi przedmiotami, takimi jak \u015bruby lub od\u0142amki. Jednak dla optymalnego bezpiecze\u0144stwa i \u0142atwo\u015bci u\u017cytkowania zalecamy nasze opony pneumatyczne, szczeg\u00f3lnie pod naszym lekkim w\u00f3zkiem szczytowym. Zapewniaj\u0105 one lepsz\u0105 amortyzacj\u0119, nie \u015blizgaj\u0105 si\u0119 na piasku lub \u017cwirze i s\u0105 \u0142atwiejsze w manewrowaniu przez progi.    <\/p>\n<p>Chocia\u017c w okre\u015blonych sytuacjach warto zdecydowa\u0107 si\u0119 na solidne opony, przypominamy, \u017ce uporz\u0105dkowane miejsce pracy jest bezpieczniejsze. Dlatego zainwestuj r\u00f3wnie\u017c w miot\u0142\u0119! <\/p>\n<p>Patrz\u0105c na profile, oferujemy profil blokowy \u00d8260 mm zapewniaj\u0105cy wytrzyma\u0142o\u015b\u0107 i profil liniowy \u00d8400 mm zapewniaj\u0105cy elastyczno\u015b\u0107 u\u017cytkowania.<\/p>\n<p>Podsumowuj\u0105c, k\u00f3\u0142ka serii 54 s\u0105 produktem wieloletnich innowacji i oferuj\u0105 w\u0142a\u015bciw\u0105 r\u00f3wnowag\u0119 mi\u0119dzy bezpiecze\u0144stwem a funkcjonalno\u015bci\u0105. Niezale\u017cnie od tego, czy potrzebujesz k\u00f3\u0142ka do ci\u0119\u017ckich zastosowa\u0144 przemys\u0142owych, czy do codziennych zada\u0144, nasze k\u00f3\u0142ka gwarantuj\u0105 jako\u015b\u0107. <\/p>\n<p>maksymalne WLL = 150 kg<\/p>\n","protected":false},"excerpt":{"rendered":"<p>Wyposa\u017cone w plastikow\u0105 obr\u0119cz i opon\u0119 ze spienionego PU, ko\u0142a serii 54 oferuj\u0105 najwy\u017csz\u0105 trwa\u0142o\u015b\u0107 i \u0142atwo\u015b\u0107 u\u017cytkowania. Chocia\u017c opony pe\u0142ne maj\u0105 swoje zalety, zalecamy stosowanie opon pneumatycznych ze wzgl\u0119du na bezpiecze\u0144stwo i komfort. Nasze ko\u0142a z profilami \u00d8260 mm z blokowym bie\u017cnikiem s\u0105 wynikiem wielowiekowych innowacji w technologii k\u00f3\u0142. Wybierz jako\u015b\u0107, wybierz Seri\u0119 54. Maksymalny ud\u017awig wynosi 150 kg.    <\/p>\n","protected":false},"featured_media":131705,"template":"","meta":{"_acf_changed":false,"_seopress_robots_primary_cat":"none","_seopress_titles_title":"","_seopress_titles_desc":"","_seopress_robots_index":""},"product_brand":[],"product_cat":[2038,2025],"product_tag":[2051],"class_list":{"0":"post-140149","1":"product","2":"type-product","3":"status-publish","4":"has-post-thumbnail","6":"product_cat-czesci-zamienne-3","7":"product_cat-wozki-elewacyjne","8":"product_tag-opona-pelna","10":"first","11":"instock","12":"taxable","13":"shipping-taxable","14":"purchasable","15":"product-type-simple"},"acf":[],"_links":{"self":[{"href":"https:\/\/gevelridder.nl\/pl\/wp-json\/wp\/v2\/product\/140149","targetHints":{"allow":["GET"]}}],"collection":[{"href":"https:\/\/gevelridder.nl\/pl\/wp-json\/wp\/v2\/product"}],"about":[{"href":"https:\/\/gevelridder.nl\/pl\/wp-json\/wp\/v2\/types\/product"}],"wp:featuredmedia":[{"embeddable":true,"href":"https:\/\/gevelridder.nl\/pl\/wp-json\/wp\/v2\/media\/131705"}],"wp:attachment":[{"href":"https:\/\/gevelridder.nl\/pl\/wp-json\/wp\/v2\/media?parent=140149"}],"wp:term":[{"taxonomy":"product_brand","embeddable":true,"href":"https:\/\/gevelridder.nl\/pl\/wp-json\/wp\/v2\/product_brand?post=140149"},{"taxonomy":"product_cat","embeddable":true,"href":"https:\/\/gevelridder.nl\/pl\/wp-json\/wp\/v2\/product_cat?post=140149"},{"taxonomy":"product_tag","embeddable":true,"href":"https:\/\/gevelridder.nl\/pl\/wp-json\/wp\/v2\/product_tag?post=140149"}],"curies":[{"name":"wp","href":"https:\/\/api.w.org\/{rel}","templated":true}]}}