
{"id":140140,"date":"2026-03-24T11:41:17","date_gmt":"2026-03-24T11:41:17","guid":{"rendered":"https:\/\/gevelridder.nl\/product\/polyfill-wiel-400-100-met-klemdop\/"},"modified":"2026-03-24T11:41:17","modified_gmt":"2026-03-24T11:41:17","slug":"polyfill-wiel-400-100-met-klemdop","status":"publish","type":"product","link":"https:\/\/gevelridder.nl\/pl\/produkt\/polyfill-wiel-400-100-met-klemdop\/","title":{"rendered":"Polyfill Wiel 400\/100 met klemdop"},"content":{"rendered":"<h2>Wiel met Polyfill vulling 400\/100 met klemdop<\/h2>\n<p><strong>Ko\u0142a Serii 54: Po\u0142\u0105czenie Innowacji i Funkcjonalno\u015bci<\/strong><\/p>\n<p>In een sector waar kwaliteit en duurzaamheid de sleutel tot succes zijn, presenteren wij u met trots onze Serie 54 wielen met een kunststof velg en zwarte luchtband. Deze worden geleverd met een rollager. De wielen zijn gevuld met Polyfill MD2.0 voor een optimale vering, en; NOOIT MEER EEN LEKKE BAND!  <\/p>\n<p>Te ko\u0142a, o imponuj\u0105cym ud\u017awigu wynosz\u0105cym 250 kg, s\u0105 niezawodnym partnerem przy ka\u017cdym zadaniu \u2013 zar\u00f3wno ci\u0119\u017ckim, jak i lekkim. Solidna konstrukcja, o szeroko\u015bci ko\u0142a 100 mm i \u015brednicy 400 mm, sprawia, \u017ce idealnie nadaj\u0105 si\u0119 do szeregu zastosowa\u0144: od w\u00f3zk\u00f3w przemys\u0142owych po w\u00f3zki ogrodowe. D\u0142ugo\u015b\u0107 piasty wynosi 75 mm.  <\/p>\n<p>Opony pneumatyczne zapewniaj\u0105 p\u0142ynn\u0105 i komfortow\u0105 jazd\u0119, amortyzuj\u0105 wstrz\u0105sy oraz minimalizuj\u0105 drgania, co przek\u0142ada si\u0119 na mniejsze obci\u0105\u017cenie dla u\u017cytkownika i d\u0142u\u017csz\u0105 \u017cywotno\u015b\u0107 sprz\u0119tu.<\/p>\n<p>Nale\u017cy pami\u0119ta\u0107, \u017ce rzeczywisty wygl\u0105d ko\u0142a mo\u017ce r\u00f3\u017cni\u0107 si\u0119 od przedstawionego na zdj\u0119ciu. Jednak to, co pozostaje niezmienne, to nasze d\u0105\u017cenie do doskona\u0142o\u015bci i satysfakcji klienta. <\/p>\n<p>Podkre\u015blamy r\u00f3wnie\u017c znaczenie u\u0142o\u017cyskowania; zastosowane \u0142o\u017cysko wa\u0142eczkowe zapewnia p\u0142ynniejsz\u0105 rotacj\u0119. Z numerem EAN 8718116089995, ko\u0142o to jest nie tylko produktem, ale obietnic\u0105 jako\u015bci i wydajno\u015bci.<\/p>\n<p>W \u015bwiecie k\u00f3\u0142 nasza Seria 54 jest synonimem innowacji, funkcjonalno\u015bci i niezawodno\u015bci \u2013 to nieodzowne narz\u0119dzie dla ka\u017cdego profesjonalisty. Wykorzystujemy te ko\u0142a w <a href=\"https:\/\/gevelridder.nl\/product\/glaskar-urban-platenwagen-350kg\/\">w\u00f3zkach Urban<\/a> oraz <a href=\"https:\/\/gevelridder.nl\/product\/carve-500kg\/\">Carve 500<\/a>. <\/p>\n","protected":false},"excerpt":{"rendered":"<p>To inwestycja, kt\u00f3ra gwarantuje, \u017ce ju\u017c nigdy nie do\u015bwiadczysz przebitej opony. Komfort jazdy jest taki sam jak w przypadku opon pneumatycznych, nale\u017cy jednak pami\u0119ta\u0107: s\u0105 one stosunkowo ci\u0119\u017ckie (8,7 kg sztuka!!). Dlatego zawsze zalecamy opony pneumatyczne. Czas dostawy wynosi dwa tygodnie.   <\/p>\n<p><b><span style=\"color: #5bbc3a;\">\u2714<\/span><\/b> <span style=\"color: #000000;\">Opona Polyfill: koniec z przebitymi oponami.<\/span> <\/p>\n<div class=\"markdown prose w-full break-words dark:prose-invert light\">\n<p><b><span style=\"color: #5bbc3a;\">\u2714<\/span><\/b> \u015arednica ko\u0142a (mm) 400<\/p>\n<p><b>\u2714<\/b> Szeroko\u015b\u0107 ko\u0142a (mm) 100<\/p>\n<p><b><span style=\"color: #5bbc3a;\">\u2714<\/span><\/b> Ud\u017awig (kg) 250<\/p>\n<p><b>\u2714<\/b> Typ \u0142o\u017cyska: \u0142o\u017cysko wa\u0142eczkowe<\/p>\n<p><b>\u2714<\/b> Materia\u0142 felgi: rdze\u0144 z poliamidu 6<\/p>\n<p><b><span style=\"color: #5bbc3a;\">\u2714<\/span><\/b> D\u0142ugo\u015b\u0107 piasty (mm) 75<\/p>\n<p><b><span style=\"color: #5bbc3a;\">\u2714 <\/span><\/b>\u00d8 otworu na o\u015b (mm) 20<\/p>\n<p><b><span style=\"color: #5bbc3a;\">\u2714<\/span><\/b> Do u\u017cytku wewn\u0105trz i na zewn\u0105trz<\/p>\n<p><b><span style=\"color: #5bbc3a;\">\u2714<\/span><\/b> <span style=\"color: #5bbc3a;\"><span style=\"color: #000000;\">Masa w\u0142asna 8,7 kg.<\/span><\/span> <\/p>\n<\/div>\n","protected":false},"featured_media":132351,"template":"","meta":{"_acf_changed":false,"_seopress_robots_primary_cat":"none","_seopress_titles_title":"","_seopress_titles_desc":"","_seopress_robots_index":""},"product_brand":[],"product_cat":[2038,2025],"product_tag":[2041,2042,2043,2040,2037],"class_list":{"0":"post-140140","1":"product","2":"type-product","3":"status-publish","4":"has-post-thumbnail","6":"product_cat-czesci-zamienne-3","7":"product_cat-wozki-elewacyjne","8":"product_tag-opona-400","9":"product_tag-opona-pneumatyczna-do-wozka-do-szkla","10":"product_tag-podnoszenie-2","11":"product_tag-transport","12":"product_tag-wozek-do-plyt-2","13":"product_shipping_class-paczka-50-50-60","15":"first","16":"instock","17":"taxable","18":"shipping-taxable","19":"purchasable","20":"product-type-simple"},"acf":[],"_links":{"self":[{"href":"https:\/\/gevelridder.nl\/pl\/wp-json\/wp\/v2\/product\/140140","targetHints":{"allow":["GET"]}}],"collection":[{"href":"https:\/\/gevelridder.nl\/pl\/wp-json\/wp\/v2\/product"}],"about":[{"href":"https:\/\/gevelridder.nl\/pl\/wp-json\/wp\/v2\/types\/product"}],"wp:featuredmedia":[{"embeddable":true,"href":"https:\/\/gevelridder.nl\/pl\/wp-json\/wp\/v2\/media\/132351"}],"wp:attachment":[{"href":"https:\/\/gevelridder.nl\/pl\/wp-json\/wp\/v2\/media?parent=140140"}],"wp:term":[{"taxonomy":"product_brand","embeddable":true,"href":"https:\/\/gevelridder.nl\/pl\/wp-json\/wp\/v2\/product_brand?post=140140"},{"taxonomy":"product_cat","embeddable":true,"href":"https:\/\/gevelridder.nl\/pl\/wp-json\/wp\/v2\/product_cat?post=140140"},{"taxonomy":"product_tag","embeddable":true,"href":"https:\/\/gevelridder.nl\/pl\/wp-json\/wp\/v2\/product_tag?post=140140"}],"curies":[{"name":"wp","href":"https:\/\/api.w.org\/{rel}","templated":true}]}}