
{"id":140087,"date":"2026-03-24T08:17:11","date_gmt":"2026-03-24T08:17:11","guid":{"rendered":"https:\/\/gevelridder.nl\/product\/zacisk-do-oscieznic-na-kolach-pneumatycznych-70-mm\/"},"modified":"2026-03-24T08:17:11","modified_gmt":"2026-03-24T08:17:11","slug":"zacisk-do-oscieznic-na-kolach-pneumatycznych-70-mm","status":"publish","type":"product","link":"https:\/\/gevelridder.nl\/pl\/produkt\/zacisk-do-oscieznic-na-kolach-pneumatycznych-70-mm\/","title":{"rendered":"Zacisk do o\u015bcie\u017cnic na ko\u0142ach pneumatycznych 70 mm"},"content":{"rendered":"<h2>Zacisk do o\u015bcie\u017cnic na ko\u0142ach pneumatycznych 70 mm<\/h2>\n<p>Zacisk do o\u015bcie\u017cnic na ko\u0142ach pneumatycznych 70 mm ma szeroko\u015b\u0107 prze\u015bwitu (wymiar wewn\u0119trzny) wynosz\u0105c\u0105 70 mm, ale mo\u017ce by\u0107 r\u00f3wnie\u017c dostarczony w szeroko\u015bciach 125 i 170 mm. Wn\u0119trze jest wy\u0142o\u017cone materia\u0142em ochronnym, kt\u00f3ry zabezpiecza przed uderzeniami i zarysowaniami.<br \/>Wymiary: oko\u0142o 20 \u00d7 20 cm Waga: 2 kg <\/p>\n<h2>Jakie inne ma\u0142e w\u00f3zki posiadamy opr\u00f3cz zacisku do o\u015bcie\u017cnic na ko\u0142ach pneumatycznych 70 mm?<\/h2>\n<p>W naszym asortymencie posiadamy r\u00f3wnie\u017c nast\u0119puj\u0105ce por\u0119czne, ma\u0142e w\u00f3zki:<\/p>\n<ul>\n<li><a href=\"https:\/\/gevelridder.nl\/product\/malle-jantje\/\">Malle Jantje<\/a> to por\u0119czny w\u00f3zek do ram, z kt\u00f3rego z przyjemno\u015bci\u0105 korzysta ka\u017cdy fachowiec. Z u\u015bmiechem transportuje ramy, belki czy os\u0142ony przeciws\u0142oneczne na miejsce pracy. Skrzynia ma szeroko\u015b\u0107 wewn\u0119trzn\u0105 250 mm, dzi\u0119ki czemu nadaje si\u0119 do szerokich ram z szybami trzyszybowymi. W\u00f3zek ma d\u0142ugo\u015b\u0107 500 mm.   <\/li>\n<li><a href=\"https:\/\/gevelridder.nl\/pl\/produkt\/zacisk-do-ram-na-kolach-pompowanych-170-mm\/\">Zacisk do o\u015bcie\u017cnic na ko\u0142ach pneumatycznych 170 mm <\/a>Zacisk ma szeroko\u015b\u0107 170 mm. Wn\u0119trze jest r\u00f3wnie\u017c wy\u0142o\u017cone materia\u0142em ochronnym, kt\u00f3ry zabezpiecza przed uderzeniami i zarysowaniami.<br \/>\nWymiary: oko\u0142o 40 \u00d7 36 cm Waga: 2 kg <\/li>\n<li><a href=\"https:\/\/gevelridder.nl\/pl\/produkt\/zacisk-do-oscieznic-na-kolach-pneumatycznych-125-mm\/\">Zacisk do o\u015bcie\u017cnic na ko\u0142ach pneumatycznych 125 mm<\/a> Zacisk ma szeroko\u015b\u0107 125 mm. Wn\u0119trze jest wy\u0142o\u017cone materia\u0142em ochronnym, kt\u00f3ry zabezpiecza przed uderzeniami i zarysowaniami.<br \/>\nWymiary: oko\u0142o 40 \u00d7 30 cm Waga: 2 kg <\/li>\n<\/ul>\n<h3>Chcesz kupi\u0107 zacisk do o\u015bcie\u017cnic?<\/h3>\n<p>Na co powiniene\u015b zwr\u00f3ci\u0107 uwag\u0119 przy zakupie zacisku do o\u015bcie\u017cnic (kozijnklem)? Wa\u017cne jest, aby dok\u0142adnie okre\u015bli\u0107, do czego zamierzasz u\u017cywa\u0107 zacisku. O jakie materia\u0142y i wymiary chodzi? Cz\u0119sto nasi klienci decyduj\u0105 si\u0119 jednak na w\u00f3zek do szyb <a href=\"https:\/\/gevelridder.nl\/pl\/produkt\/zacisk-do-oscieznic-na-kolach-pneumatycznych-125-mm\/\">Glaskar 250 kg<\/a> lub <a href=\"https:\/\/gevelridder.nl\/product\/glaskar-platenwagen-150kg\/\">Glaskar 150 kg<\/a>, poniewa\u017c ten typ w\u00f3zka potrafi sta\u0107 samodzielnie.   <\/p>\n<p>Czy znasz ryzyko zwi\u0105zane z podnoszeniem i przenoszeniem? Zerknij na t\u0119 <a href=\"https:\/\/www.arboportaal.nl\/onderwerpen\/tillen-en-dragen\/wat-zijn-de-risico%E2%80%99s-van-tillen-en-dragen\">stron\u0119<\/a>. <\/p>\n","protected":false},"excerpt":{"rendered":"<p>Zacisk do o\u015bcie\u017cnic na ko\u0142ach pneumatycznych 70 mm to por\u0119czny i wytrzyma\u0142y w\u00f3zek do transportu sklejki szalunkowej (betonplex) oraz innych ci\u0119\u017ckich p\u0142yt.<\/p>\n","protected":false},"featured_media":131562,"template":"","meta":{"_acf_changed":false,"_seopress_robots_primary_cat":"","_seopress_titles_title":"","_seopress_titles_desc":"","_seopress_robots_index":""},"product_brand":[],"product_cat":[2024,2025],"product_tag":[2028,2029,2031,2034,2033,2037,2027,2030,2032,2023],"class_list":{"0":"post-140087","1":"product","2":"type-product","3":"status-publish","4":"has-post-thumbnail","6":"product_cat-wozek-transportowy-typu-piesek","7":"product_cat-wozki-elewacyjne","8":"product_tag-blat-kuchenny","9":"product_tag-montaz-drzwi","10":"product_tag-uchwyt-do-szyb","11":"product_tag-wozek","12":"product_tag-wozek-do-plyt","13":"product_tag-wozek-do-plyt-2","14":"product_tag-wozek-do-szyb","15":"product_tag-wozek-do-transportu-drzwi","16":"product_tag-wozek-transportowy-typu-piesek","17":"product_tag-wszystko-do-szkla","18":"product_shipping_class-paczka-50-50-60","20":"first","21":"instock","22":"taxable","23":"shipping-taxable","24":"purchasable","25":"product-type-simple"},"acf":[],"_links":{"self":[{"href":"https:\/\/gevelridder.nl\/pl\/wp-json\/wp\/v2\/product\/140087","targetHints":{"allow":["GET"]}}],"collection":[{"href":"https:\/\/gevelridder.nl\/pl\/wp-json\/wp\/v2\/product"}],"about":[{"href":"https:\/\/gevelridder.nl\/pl\/wp-json\/wp\/v2\/types\/product"}],"wp:featuredmedia":[{"embeddable":true,"href":"https:\/\/gevelridder.nl\/pl\/wp-json\/wp\/v2\/media\/131562"}],"wp:attachment":[{"href":"https:\/\/gevelridder.nl\/pl\/wp-json\/wp\/v2\/media?parent=140087"}],"wp:term":[{"taxonomy":"product_brand","embeddable":true,"href":"https:\/\/gevelridder.nl\/pl\/wp-json\/wp\/v2\/product_brand?post=140087"},{"taxonomy":"product_cat","embeddable":true,"href":"https:\/\/gevelridder.nl\/pl\/wp-json\/wp\/v2\/product_cat?post=140087"},{"taxonomy":"product_tag","embeddable":true,"href":"https:\/\/gevelridder.nl\/pl\/wp-json\/wp\/v2\/product_tag?post=140087"}],"curies":[{"name":"wp","href":"https:\/\/api.w.org\/{rel}","templated":true}]}}