
{"id":140045,"date":"2026-03-24T08:17:09","date_gmt":"2026-03-24T08:17:09","guid":{"rendered":"https:\/\/gevelridder.nl\/product\/dystans-do-gevelridder-pie\/"},"modified":"2026-03-24T08:17:09","modified_gmt":"2026-03-24T08:17:09","slug":"dystans-do-gevelridder-pie","status":"publish","type":"product","link":"https:\/\/gevelridder.nl\/pl\/produkt\/dystans-do-gevelridder-pie\/","title":{"rendered":"Dystans do Gevelridder Pie"},"content":{"rendered":"<p>Czy u\u017cywacie ju\u017c dystansu do Gevelridder Basis przy modelach <a href=\"https:\/\/gevelridder.nl\/product\/gevelridder-s-incl-afstandhouder\/\">Gevelridder S<\/a> i <a href=\"https:\/\/gevelridder.nl\/product\/gevelridder-m-hybride\/\">Gevelridder M<\/a>?<\/p>\n<h2>Turniej z Dystansem do Gevelridder Pie<\/h2>\n<p>Turniej rycerski to Wasza ulubiona gra \u2013 im d\u0142u\u017csza lanca ni\u017c u konkurenta podczas starcia na koniach, tym wi\u0119ksze szanse na zwyci\u0119stwo. Tak samo jest z u\u017cywaniem narz\u0119dzi pomocniczych w budownictwie. Dzi\u0119ki #slimbouwen (m\u0105dremu budowaniu) wyprzedzasz konkurencj\u0119!  <\/p>\n<p>My, Rycerze Okr\u0105g\u0142ego Sto\u0142u, kruszymy kopi\u0119 za produkty marki Gevelridder!<\/p>\n<p>Profile dystansu podstawowego wykonane s\u0105 z aluminium, dzi\u0119ki czemu s\u0105 lekkie. Dystanse s\u0142u\u017c\u0105 do odsuni\u0119cia haka urz\u0105dzenia Gevelridder dalej od elewacji. Jest to niezb\u0119dne w sytuacjach, gdy poza lico \u015bciany wystaje na przyk\u0142ad os\u0142ona przeciws\u0142oneczna. Dystanse s\u0105 r\u00f3wnie\u017c przydatne, gdy nad ram\u0105 okienn\u0105 brakuje miejsca na oparcie urz\u0105dzenia \u2013 dzi\u0119ki tym wspornikom Gevelridder mo\u017cna ustawi\u0107 na dachu znajduj\u0105cym si\u0119 powy\u017cej. Belka poprzeczna tego dystansu jest r\u00f3wnie\u017c przeznaczona do oparcia o s\u0142upki stojaka transportowego lub stojaka na szk\u0142o. W ten spos\u00f3b, korzystaj\u0105c z Gevelriddera, mo\u017cna umieszcza\u0107 szk\u0142o bezpo\u015brednio na <a href=\"https:\/\/gevelridder.nl\/product\/glaskar-250-platenwagen\/\">naszym w\u00f3zku<\/a> do szyb.      <\/p>\n<p>Sk\u0105d w\u0142a\u015bciwie pochodzi wyra\u017cenie \u201e\u0142ama\u0107 kopi\u0119 za czym\u015b\u201d? Wed\u0142ug Onze Taal wygl\u0105da to <a href=\"https:\/\/onzetaal.nl\/schatkamer\/lezen\/uitdrukkingen\/ergens-een-lans-voor-breken\">nast\u0119puj\u0105co<\/a>: <\/p>\n<p><g id=\"gid_2\" data-joinlink-temp=\"true\"><em>Wyra\u017cenie \u201e\u0142ama\u0107 kopi\u0119 za czym\u015b<\/em>\u201d oznacza \u201ebroni\u0107 czego\u015b\u201d albo \u201epoleca\u0107 co\u015b\u201d. Mo\u017cna te\u017c \u201e<em>\u0142ama\u0107 kopi\u0119 za kim\u015b<\/em>\u201d \u2014 oznacza to wstawia\u0107 si\u0119 za kim\u015b lub broni\u0107 danej osoby.<\/g> <\/p>\n<p>Wi\u0119cej na temat bezpiecze\u0144stwa znajdziesz w katalogu <a href=\"https:\/\/www.nlarbeidsinspectie.nl\/onderwerpen\/arbocatalogus\" target=\"_blank\" rel=\"noopener\">Arbocatalogus<\/a>.<\/p>\n<p>To powiedzenie wyst\u0119puje w wielu j\u0119zykach, na przyk\u0142ad:<em> f\u00fcr jemanden\/etwas eine Lanze brechen\/einlegen<\/em> (niemiecki), rompre des lances pour quelqu\u2019un(e) (francuski), <em>to break a lance for someone\/something<\/em> (angielski) <em>oraz spezzare una lancia a\/in favore di qualcuno\/qualcosa<\/em> (w\u0142oski).<\/p>\n<p>\u201eTylko \u017ceby\u015b wiedzia\u0142\u2026\u201d<\/p>\n<p>Dystans Gevelridder Basis jest przeznaczony wy\u0142\u0105cznie dla modeli <a href=\"https:\/\/gevelridder.nl\/product\/gevelridder-s-incl-afstandhouder\/\">Gevelridder S<\/a> oraz <a href=\"https:\/\/gevelridder.nl\/product\/gevelridder-m-hybride\/\">Gevelridder M<\/a>.<\/p>\n","protected":false},"excerpt":{"rendered":"<p>Drodzy Rycerze, czy u\u017cywacie ju\u017c dystansu do Gevelridder Basis przy modelu <a href=\"https:\/\/gevelridder.nl\/product\/gevelridder-m-hybride\/\">Gevelridder M<\/a> lub <a href=\"https:\/\/gevelridder.nl\/product\/gevelridder-s-incl-afstandhouder\/\">Gevelridder S<\/a>?<\/p>\n<p>Ten dystans podstawowy nadaje si\u0119 r\u00f3wnie\u017c do zdejmowania (podnoszenia) szk\u0142a bezpo\u015brednio ze stojaka na szk\u0142o.<\/p>\n<p>Turniej rycerski to Wasza ulubiona gra \u2013 im d\u0142u\u017csza lanca ni\u017c u konkurenta podczas starcia na koniach, tym wi\u0119ksze szanse na zwyci\u0119stwo. Tak samo jest z u\u017cywaniem narz\u0119dzi pomocniczych w budownictwie. Dzi\u0119ki #slimbouwen (m\u0105dremu budowaniu) wyprzedzasz konkurencj\u0119!   My, Rycerze Okr\u0105g\u0142ego Sto\u0142u, kruszymy kopi\u0119 za produkty marki Gevelridder!<\/p>\n<p>Ten dystans jest dostarczany w standardzie z modelami Gevelridder M i S, wi\u0119c nie musz\u0105 go Pa\u0144stwo zamawia\u0107 osobno.<\/p>\n","protected":false},"featured_media":131391,"template":"","meta":{"_acf_changed":false,"_seopress_robots_primary_cat":"none","_seopress_titles_title":"","_seopress_titles_desc":"","_seopress_robots_index":""},"product_brand":[],"product_cat":[1956],"product_tag":[1987,1988,1968,1989],"class_list":{"0":"post-140045","1":"product","2":"type-product","3":"status-publish","4":"has-post-thumbnail","6":"product_cat-czesci-zamienne-2","7":"product_tag-dystans-2","8":"product_tag-dystans-do-gevelridder","9":"product_tag-podnoszenie","10":"product_tag-wciagarki","11":"product_shipping_class-40-euro","13":"first","14":"instock","15":"taxable","16":"shipping-taxable","17":"purchasable","18":"product-type-simple"},"acf":[],"_links":{"self":[{"href":"https:\/\/gevelridder.nl\/pl\/wp-json\/wp\/v2\/product\/140045","targetHints":{"allow":["GET"]}}],"collection":[{"href":"https:\/\/gevelridder.nl\/pl\/wp-json\/wp\/v2\/product"}],"about":[{"href":"https:\/\/gevelridder.nl\/pl\/wp-json\/wp\/v2\/types\/product"}],"wp:featuredmedia":[{"embeddable":true,"href":"https:\/\/gevelridder.nl\/pl\/wp-json\/wp\/v2\/media\/131391"}],"wp:attachment":[{"href":"https:\/\/gevelridder.nl\/pl\/wp-json\/wp\/v2\/media?parent=140045"}],"wp:term":[{"taxonomy":"product_brand","embeddable":true,"href":"https:\/\/gevelridder.nl\/pl\/wp-json\/wp\/v2\/product_brand?post=140045"},{"taxonomy":"product_cat","embeddable":true,"href":"https:\/\/gevelridder.nl\/pl\/wp-json\/wp\/v2\/product_cat?post=140045"},{"taxonomy":"product_tag","embeddable":true,"href":"https:\/\/gevelridder.nl\/pl\/wp-json\/wp\/v2\/product_tag?post=140045"}],"curies":[{"name":"wp","href":"https:\/\/api.w.org\/{rel}","templated":true}]}}