
{"id":140013,"date":"2026-03-24T08:17:09","date_gmt":"2026-03-24T08:17:09","guid":{"rendered":"https:\/\/gevelridder.nl\/product\/warn-pullzall-akumulatorowy\/"},"modified":"2026-03-24T08:17:09","modified_gmt":"2026-03-24T08:17:09","slug":"warn-pullzall-akumulatorowy","status":"publish","type":"product","link":"https:\/\/gevelridder.nl\/pl\/produkt\/warn-pullzall-akumulatorowy\/","title":{"rendered":"Warn PullzAll akumulatorowy"},"content":{"rendered":"<h2 data-test=\"title\">Opis produktu Warn PullzAll akumulatorowy<\/h2>\n<div class=\"js_show-more-description show-more active\">\n<div class=\"js_show-more-holder show-more-holder show-more--l product-tracklists-show-more--animate\">\n<div class=\"js_description_content js_show-more-content\">\n<div class=\"product-description\" data-test=\"description\">\n<p>Akumulatorowy Warn PullzAll to por\u0119czne narz\u0119dzie d\u017awigowe, kt\u00f3re w\u0142a\u015bciwie ka\u017cdy fachowiec powinien mie\u0107 w swoim furgonie. Jest ono przydatne nie tylko do u\u017cytku z hakiem Gevelridder przy monta\u017cu szk\u0142a na samej g\u00f3rze rusztowania, ale tak\u017ce w sytuacjach awaryjnych \u2013 na przyk\u0142ad do wyci\u0105gania na drog\u0119 samochodu, kt\u00f3ry utkn\u0105\u0142 na poboczu. Wszystkie por\u00f3wnywalne produkty, takie jak wci\u0105gniki zapadkowe czy wielokr\u0105\u017cki, staj\u0105 si\u0119 dzi\u0119ki niemu definitywnie przesz\u0142o\u015bci\u0105.   <\/p>\n<p>Ta przeno\u015bna wci\u0105garka przemieszcza 454 kg w ka\u017cdych warunkach i w dowolnym miejscu. Dzi\u0119ki bezstopniowej regulacji pr\u0119dko\u015bci, teraz bez trudu i w mgnieniu oka ustawisz ka\u017cdy \u0142adunek, zar\u00f3wno podczas podnoszenia, jak i ci\u0105gni\u0119cia. Za naci\u015bni\u0119ciem jednego przycisku zmienisz kierunek obrot\u00f3w i ponownie rozwiniesz lin\u0119. Zapobiegaj ci\u0119\u017ckiej pracy fizycznej i b\u00f3lom plec\u00f3w \u2013 niech PullzAll wykona robot\u0119 za Ciebie!   <\/p>\n<ul>\n<li><strong>Si\u0142a uci\u0105gu<\/strong> 454 kg<\/li>\n<li><strong>Zasilanie akumulatorowe<\/strong> 24V (2 akumulatory i \u0142adowarka w zestawie)<\/li>\n<li><strong>Moc <\/strong>akumulatora &#8211; 7200W<\/li>\n<li><strong>Hamulec <\/strong>dynamiczny, trzymaj\u0105cy \u0142adunek<\/li>\n<li><strong>Obs\u0142uga<\/strong>: Przycisk w\u0142\u0105cz\/wy\u0142\u0105cz na wci\u0105garce oraz prze\u0142\u0105cznik do zmiennej regulacji pr\u0119dko\u015bci.<\/li>\n<li><strong>Lina stalowa do wci\u0105garki <\/strong>4,6 mm x 6 m<\/li>\n<li><strong>Wymiary D\u0142. x G\u0142. x Wys<\/strong>. 500 mm x 310 mm x 330 mm<\/li>\n<li><strong>Waga <\/strong>8,2 kg <a href=\"https:\/\/international.warn.com\/\">*<\/a><\/li>\n<\/ul>\n<p>Wci\u0105gark\u0119 posiadamy r\u00f3wnie\u017c w wersji na <a href=\"https:\/\/gevelridder.nl\/product\/warn-pullzall-230v\/\">230 wolt\u00f3w<\/a>.<\/p>\n<p>&nbsp;<\/p>\n<\/div>\n<\/div>\n<\/div>\n<\/div>\n","protected":false},"excerpt":{"rendered":"<p><strong>Warn PullzAll<\/strong> \u2013 PullzAll to por\u0119czne narz\u0119dzie d\u017awigowe, kt\u00f3re w\u0142a\u015bciwie ka\u017cdy fachowiec powinien mie\u0107 w swoim samochodzie dostawczym.<\/p>\n","protected":false},"featured_media":131706,"template":"","meta":{"_acf_changed":false,"_seopress_robots_primary_cat":"none","_seopress_titles_title":"","_seopress_titles_desc":"","_seopress_robots_index":""},"product_brand":[],"product_cat":[1973,1974],"product_tag":[1978],"class_list":{"0":"post-140013","1":"product","2":"type-product","3":"status-publish","4":"has-post-thumbnail","6":"product_cat-narzedzia","7":"product_cat-narzedzia-do-szkla","8":"product_tag-wciagarka-warn","9":"product_shipping_class-25-euro","11":"first","12":"instock","13":"taxable","14":"shipping-taxable","15":"purchasable","16":"product-type-simple"},"acf":[],"_links":{"self":[{"href":"https:\/\/gevelridder.nl\/pl\/wp-json\/wp\/v2\/product\/140013","targetHints":{"allow":["GET"]}}],"collection":[{"href":"https:\/\/gevelridder.nl\/pl\/wp-json\/wp\/v2\/product"}],"about":[{"href":"https:\/\/gevelridder.nl\/pl\/wp-json\/wp\/v2\/types\/product"}],"wp:featuredmedia":[{"embeddable":true,"href":"https:\/\/gevelridder.nl\/pl\/wp-json\/wp\/v2\/media\/131706"}],"wp:attachment":[{"href":"https:\/\/gevelridder.nl\/pl\/wp-json\/wp\/v2\/media?parent=140013"}],"wp:term":[{"taxonomy":"product_brand","embeddable":true,"href":"https:\/\/gevelridder.nl\/pl\/wp-json\/wp\/v2\/product_brand?post=140013"},{"taxonomy":"product_cat","embeddable":true,"href":"https:\/\/gevelridder.nl\/pl\/wp-json\/wp\/v2\/product_cat?post=140013"},{"taxonomy":"product_tag","embeddable":true,"href":"https:\/\/gevelridder.nl\/pl\/wp-json\/wp\/v2\/product_tag?post=140013"}],"curies":[{"name":"wp","href":"https:\/\/api.w.org\/{rel}","templated":true}]}}