
{"id":140012,"date":"2026-04-03T09:37:20","date_gmt":"2026-04-03T09:37:20","guid":{"rendered":"https:\/\/gevelridder.nl\/product\/wciagarka-reczna-do-gevelridder\/"},"modified":"2026-05-07T06:29:44","modified_gmt":"2026-05-07T06:29:44","slug":"wciagarka-reczna-do-gevelridder","status":"publish","type":"product","link":"https:\/\/gevelridder.nl\/pl\/produkt\/wciagarka-reczna-do-gevelridder\/","title":{"rendered":"Wci\u0105garka r\u0119czna do Gevelridder"},"content":{"rendered":"<p>Witajcie, cz\u0142onkowie Zakonu Rycerskiego! Oczywi\u015bcie mo\u017ce si\u0119 zdarzy\u0107, \u017ce po d\u0142ugim turnieju wci\u0105garka r\u0119czna odm\u00f3wi pos\u0142usze\u0144stwa, co napawa \u017calem. Gevelridder pomo\u017ce Ci jak najszybciej powr\u00f3ci\u0107 do walki na Twojej krucjacie dzi\u0119ki nowej wci\u0105garce. Ta wci\u0105garka r\u0119czna jest odpowiednia dla wszystkich typ\u00f3w urz\u0105dze\u0144 Gevelridder i sk\u0142ada si\u0119 z k\u00f3\u0142 z\u0119batych hartowanych w wielkim ognisku \u2013 przez co ko\u0144 musia\u0142 nieco d\u0142u\u017cej poczeka\u0107 na nowe podkowy. Zaoszcz\u0119d\u017a pieni\u0105dze, zamawiaj\u0105c od razu inne <a href=\"https:\/\/gevelridder.nl\/product\/glaskar-250-platenwagen\/\">rycerskie bronie<\/a> z naszej kolekcji.   <\/p>\n<p>Ko\u0142o z\u0119bate tej wci\u0105garki jest os\u0142oni\u0119te. Uwaga: je\u015bli wci\u0105garka nie \u201eterkocze\u201d podczas pracy, oznacza to, \u017ce hamulec jest uszkodzony. Nale\u017cy natychmiast przerwa\u0107 prac\u0119 i przekaza\u0107 wci\u0105gark\u0119 do naprawy.  <\/p>\n<p>Oto modele Gevelridder, do kt\u00f3rych pasuje ta wci\u0105garka r\u0119czna:<\/p>\n<p><a href=\"https:\/\/gevelridder.nl\/product\/gevelridder-s-incl-afstandhouder\/\">-1. Gevelridder S<\/a><\/p>\n<p><a href=\"https:\/\/gevelridder.nl\/?post_type=product&#038;p=131321\">-2. Gevelridder M<\/a><\/p>\n<p><a href=\"https:\/\/gevelridder.nl\/product\/gevelridder-l\/\">-3. Gevelridder L<\/a><\/p>\n<p><a href=\"https:\/\/gevelridder.nl\/?post_type=product&#038;p=131339\">-4. Gevelridder XL<\/a><\/p>\n<p>&nbsp;<\/p>\n<h2>Rola producent\u00f3w przy oznakowaniu CE wyci\u0105garki r\u0119cznej<\/h2>\n<p>Producent musi ustali\u0107, czy produkt spe\u0142nia wymagania.<\/p>\n<h2>Oznakowanie CE dla produkt\u00f3w spoza EOG<\/h2>\n<p>Czy produkt zosta\u0142 wyprodukowany poza EOG (Europejskim Obszarem Gospodarczym)? W takim przypadku importer produktu musi sprawdzi\u0107, czy spe\u0142nia on wymagania. A zatem musi r\u00f3wnie\u017c zweryfikowa\u0107, czy produkt powinien posiada\u0107 oznakowanie CE.  <\/p>\n<p>Czy importer wprowadza produkty na rynek pod w\u0142asn\u0105 nazw\u0105? W takim przypadku przejmuje on odpowiedzialno\u015b\u0107 producenta. R\u00f3wnie\u017c w tej sytuacji musi on samodzielnie umie\u015bci\u0107 oznakowanie CE.  <\/p>\n<h2>Oznakowanie CE jest obowi\u0105zkowe dla ponad 20 grup produkt\u00f3w.<\/h2>\n<p>Oznakowanie CE obowi\u0105zuje dla ponad 20 grup produkt\u00f3w. S\u0105 to mi\u0119dzy innymi: <\/p>\n<ul>\n<li>wyroby budowlane;<\/li>\n<li>urz\u0105dzenia gazowe;<\/li>\n<li>zabawki;<\/li>\n<li>meetinstrumenten;<\/li>\n<li>przyrz\u0105dy pomiarowe;<\/li>\n<li>windy.<\/li>\n<\/ul>\n<p>Doradzamy naszym klientom post\u0119powanie zgodnie z <a href=\"https:\/\/www.nlarbeidsinspectie.nl\/onderwerpen\/arbocatalogus\" target=\"_blank\" rel=\"noopener\">Arbocatalogus <\/a>(Katalogiem BHP). Katalog ten jest uznawany za sprawdzon\u0105, powszechnie akceptowan\u0105 i opracowan\u0105 przez samych partner\u00f3w spo\u0142ecznych \u201erecept\u0119\u201d na promowanie zdrowych i bezpiecznych warunk\u00f3w pracy. <\/p>\n<p>&nbsp;<\/p>\n","protected":false},"excerpt":{"rendered":"<p>Witajcie, cz\u0142onkowie Zakonu Rycerskiego! Oczywi\u015bcie mo\u017ce si\u0119 zdarzy\u0107, \u017ce po d\u0142ugim u\u017cytkowaniu wci\u0105garka r\u0119czna ulegnie awarii. Gevelridder pomo\u017ce Ci jak najszybciej powr\u00f3ci\u0107 do walki dzi\u0119ki nowej wci\u0105garce.<br \/>Ta wci\u0105garka r\u0119czna jest odpowiednia dla wszystkich typ\u00f3w urz\u0105dze\u0144 Gevelridder i sk\u0142ada si\u0119 z k\u00f3\u0142 z\u0119batych hartowanych w wielkim ognisku oraz automatycznego hamulca naciskowego. Zam\u00f3w j\u0105 tutaj! Zaoszcz\u0119d\u017a pieni\u0105dze, zamawiaj\u0105c od razu inne <a href=\"https:\/\/gevelridder.nl\/product\/glaskar-250-platenwagen\/\">rycerskie bronie<\/a> z naszej kolekcji.    <\/p>\n","protected":false},"featured_media":132958,"template":"","meta":{"_acf_changed":false,"_seopress_robots_primary_cat":"none","_seopress_titles_title":"","_seopress_titles_desc":"","_seopress_robots_index":""},"product_brand":[],"product_cat":[1956,1973,1974],"product_tag":[1976,1957,1968,1975],"class_list":{"0":"post-140012","1":"product","2":"type-product","3":"status-publish","4":"has-post-thumbnail","6":"product_cat-czesci-zamienne-2","7":"product_cat-narzedzia","8":"product_cat-narzedzia-do-szkla","9":"product_tag-bezpieczne-podnoszenie","10":"product_tag-gevelridder","11":"product_tag-podnoszenie","12":"product_tag-wciagarka-reczna","14":"first","15":"instock","16":"taxable","17":"shipping-taxable","18":"purchasable","19":"product-type-simple"},"acf":[],"_links":{"self":[{"href":"https:\/\/gevelridder.nl\/pl\/wp-json\/wp\/v2\/product\/140012","targetHints":{"allow":["GET"]}}],"collection":[{"href":"https:\/\/gevelridder.nl\/pl\/wp-json\/wp\/v2\/product"}],"about":[{"href":"https:\/\/gevelridder.nl\/pl\/wp-json\/wp\/v2\/types\/product"}],"wp:featuredmedia":[{"embeddable":true,"href":"https:\/\/gevelridder.nl\/pl\/wp-json\/wp\/v2\/media\/132958"}],"wp:attachment":[{"href":"https:\/\/gevelridder.nl\/pl\/wp-json\/wp\/v2\/media?parent=140012"}],"wp:term":[{"taxonomy":"product_brand","embeddable":true,"href":"https:\/\/gevelridder.nl\/pl\/wp-json\/wp\/v2\/product_brand?post=140012"},{"taxonomy":"product_cat","embeddable":true,"href":"https:\/\/gevelridder.nl\/pl\/wp-json\/wp\/v2\/product_cat?post=140012"},{"taxonomy":"product_tag","embeddable":true,"href":"https:\/\/gevelridder.nl\/pl\/wp-json\/wp\/v2\/product_tag?post=140012"}],"curies":[{"name":"wp","href":"https:\/\/api.w.org\/{rel}","templated":true}]}}