
{"id":139963,"date":"2026-03-24T08:17:09","date_gmt":"2026-03-24T08:17:09","guid":{"rendered":"https:\/\/gevelridder.nl\/product\/stalowa-lina-z-malym-hakiem-do-gevelridder-m\/"},"modified":"2026-03-24T08:17:09","modified_gmt":"2026-03-24T08:17:09","slug":"stalowa-lina-z-malym-hakiem-do-gevelridder-m","status":"publish","type":"product","link":"https:\/\/gevelridder.nl\/pl\/produkt\/stalowa-lina-z-malym-hakiem-do-gevelridder-m\/","title":{"rendered":"Stalowa lina z ma\u0142ym hakiem do Gevelridder M"},"content":{"rendered":"<h2>Stalowa lina z ma\u0142ym hakiem do Gevelridder M<\/h2>\n<p>Cz\u0142onkowie Zakonu Rycerskiego, oczywi\u015bcie mo\u017ce si\u0119 zdarzy\u0107, \u017ce po d\u0142ugim, mozolnym turnieju lina stalowa z ma\u0142ym hakiem do Gevelriddera M odm\u00f3wi pos\u0142usze\u0144stwa, co napawa \u017calem. Gevelridder pomo\u017ce Ci jak najszybciej powr\u00f3ci\u0107 do walki na Twojej krucjacie dzi\u0119ki nowej linie. Lina ta jest odpowiednia dla modelu <a href=\"https:\/\/gevelridder.nl\/?post_type=product&#038;p=131321\">Gevelridder M<\/a>. Zaoszcz\u0119d\u017a pieni\u0105dze, zamawiaj\u0105c od razu inne <a href=\"https:\/\/gevelridder.nl\/product\/glaskar-250-platenwagen\/\">rycerskie bronie<\/a> z naszej kolekcji.   <\/p>\n<p><a href=\"https:\/\/gevelridder.nl\/?post_type=product&#038;p=131321\">Gevelridder M<\/a> jest wyposa\u017cony w lin\u0119 stalow\u0105 z ma\u0142ym hakiem zabezpieczaj\u0105cym oraz przeciwwag\u0105, na kt\u00f3rej mo\u017cna zawiesza\u0107 przedmioty.<\/p>\n<p>Stalowa lina z ma\u0142ym hakiem do Gevelriddera M jest kosztowna w zakupie, doprawdy szkoda na ni\u0105 dukat\u00f3w. Jak mo\u017cna przed\u0142u\u017cy\u0107 \u017cywotno\u015b\u0107 liny? Po pracy z Gevelridderem chcesz oczywi\u015bcie jak najszybciej wr\u00f3ci\u0107 do domu, aby ma\u0142\u017conka mog\u0142a pom\u00f3c Ci zdj\u0105\u0107 ci\u0119\u017ck\u0105 kolczug\u0119, w ko\u0144cu \u017cycie rycerza bez b\u00f3lu plec\u00f3w nie sk\u0142ada si\u0119 tylko z turniej\u00f3w. Jednak cz\u0119sto lina jest zwijana zbyt szybko i bez obci\u0105\u017cenia. Mo\u017ce to powodowa\u0107 powstawanie p\u0119tli na b\u0119bnie, co prowadzi do za\u0142ama\u0144, a tym samym do uszkodze\u0144. Dlatego upewnij si\u0119, \u017ce lina jest zwijana starannie i ciasno, co znacznie wyd\u0142u\u017cy jej \u017cywotno\u015b\u0107.     <\/p>\n<p>Lina wykonana jest z wysokiej jako\u015bci stali. Jest ona jednocze\u015bnie cienka i elastyczna. <\/p>\n<p>Czy pami\u0119tasz o tym, aby podczas turnieju Twoje \u015brodki ochrony osobistej r\u00f3wnie\u017c by\u0142y w nale\u017cytym porz\u0105dku?<\/p>\n<h2><strong> \u015arodki ochrony przy stalowej linie z <span style=\"font-size: 16px;\">ma\u0142ym hakiem do Gevelridder M<\/span><\/strong><\/h2>\n<p aria-level=\"3\"><b><\/b><span data-contrast=\"auto\">Ustawa o warunkach pracy (Arbowet) nak\u0142ada na pracodawc\u0119 obowi\u0105zek zapewnienia niezb\u0119dnych \u015brodk\u00f3w ochrony indywidualnej (\u015aOI). To, kiedy i jakie \u015aOI nale\u017cy nosi\u0107, musi zosta\u0107 okre\u015blone w Wykazie i Ocenie Ryzyka (RI&#038;E). Pracownik ma obowi\u0105zek<\/span><span data-ccp-props=\"{\"201341983\":0,\"335551550\":1,\"335551620\":1,\"335559685\":847,\"335559737\":803,\"335559738\":61,\"335559739\":0,\"335559740\":304}\"> <\/span><span data-contrast=\"auto\">noszenia \u015brodk\u00f3w ochrony udost\u0119pnionych przez pracodawc\u0119<\/span>. <span data-ccp-props=\"{\"201341983\":0,\"335551550\":1,\"335551620\":1,\"335559685\":847,\"335559737\":803,\"335559738\":5,\"335559739\":0,\"335559740\":304}\">Jako Rycerz Zakonu mo\u017cecie oczywi\u015bcie naby\u0107 te \u015brodki ochronne r\u00f3wnie\u017c w Gevelridder \u2013 zar\u00f3wno <a href=\"https:\/\/gevelridder.nl\/product\/werkhandschoenen-activgrip-omega-maat-xl\/\">r\u0119kawice<\/a>, jak i ochraniacze na <a href=\"https:\/\/gevelridder.nl\/product\/polsbescherming\/\">nadgarstki<\/a>.<\/span> <\/p>\n<ul>\n<li data-leveltext=\"\u2022\" data-font=\"Calibri\" data-listid=\"6\" aria-setsize=\"-1\" data-aria-posinset=\"0\" data-aria-level=\"1\"><span data-contrast=\"auto\">Odzie\u017c robocza i obuwie ochronne (klasa S3) s\u0105 obowi\u0105zkowe przy szkleniu i monta\u017cu szk\u0142a ze wzgl\u0119du na ryzyko zranie\u0144 ci\u0119tych. Deszcz wymaga zastosowania odzie\u017cy wodoodpornej.  <\/span><span data-ccp-props=\"{\"201341983\":0,\"335551550\":1,\"335551620\":1,\"335559685\":1130,\"335559737\":876,\"335559738\":2,\"335559739\":0,\"335559740\":304,\"335559991\":284,\"469777462\":[1131],\"469777927\":[0],\"469777928\":[1]}\"> <\/span><\/li>\n<\/ul>\n<ul>\n<li data-leveltext=\"\u2022\" data-font=\"Calibri\" data-listid=\"6\" aria-setsize=\"-1\" data-aria-posinset=\"0\" data-aria-level=\"1\"><span data-contrast=\"auto\">Ochrona s\u0142uchu (z odpowiednim t\u0142umieniem) podczas zszywania i usuwania kitu.<\/span><span data-ccp-props=\"{\"201341983\":0,\"335551550\":1,\"335551620\":1,\"335559685\":1130,\"335559737\":978,\"335559738\":5,\"335559739\":0,\"335559740\":304,\"335559991\":284,\"469777462\":[1131],\"469777927\":[0],\"469777928\":[1]}\"> <\/span><\/li>\n<li data-leveltext=\"\u2022\" data-font=\"Calibri\" data-listid=\"6\" aria-setsize=\"-1\" data-aria-posinset=\"0\" data-aria-level=\"1\"><span data-contrast=\"auto\">Okulary ochronne zapewniaj\u0105 ochron\u0119 przed odpryskami szk\u0142a podczas r\u0119cznej obr\u00f3bki i usuwania szk\u0142a.<\/span><span data-ccp-props=\"{\"201341983\":0,\"335551550\":1,\"335551620\":1,\"335559685\":1130,\"335559737\":1221,\"335559738\":2,\"335559739\":0,\"335559740\":304,\"335559991\":284,\"469777462\":[1131],\"469777927\":[0],\"469777928\":[1]}\"> <\/span><\/li>\n<li data-leveltext=\"\u2022\" data-font=\"Calibri\" data-listid=\"6\" aria-setsize=\"-1\" data-aria-posinset=\"0\" data-aria-level=\"1\"><span data-contrast=\"auto\">Kask ochronny, je\u015bli istnieje ryzyko uderzenia przez spadaj\u0105ce przedmioty lub urazu g\u0142owy.<\/span><span data-ccp-props=\"{\"201341983\":0,\"335551550\":1,\"335551620\":1,\"335559685\":1130,\"335559737\":1136,\"335559738\":2,\"335559739\":0,\"335559740\":304,\"335559991\":284,\"469777462\":[1131],\"469777927\":[0],\"469777928\":[1]}\"> <\/span><\/li>\n<li data-leveltext=\"\u2022\" data-font=\"Calibri\" data-listid=\"6\" aria-setsize=\"-1\" data-aria-posinset=\"0\" data-aria-level=\"1\"><span data-contrast=\"auto\">\u015arodki ochrony przed upadkiem z wysoko\u015bci (szelki bezpiecze\u0144stwa z lin\u0105 asekuracyjn\u0105) s\u0105 obowi\u0105zkowe podczas prac na wysoko\u015bci, je\u015bli nie zastosowano innych \u015brodk\u00f3w technicznych zapobiegaj\u0105cych upadkowi.<\/span><span data-ccp-props=\"{\"201341983\":0,\"335551550\":6,\"335551620\":6,\"335559685\":1130,\"335559737\":886,\"335559738\":2,\"335559739\":0,\"335559740\":304,\"335559991\":284,\"469777462\":[1131],\"469777927\":[0],\"469777928\":[1]}\"> <\/span><\/li>\n<li data-leveltext=\"\u2022\" data-font=\"Calibri\" data-listid=\"6\" aria-setsize=\"-1\" data-aria-posinset=\"0\" data-aria-level=\"1\"><span data-contrast=\"auto\">R\u0119kawice antyprzeci\u0119ciowe (minimum klasa 3) zapewniaj\u0105 ochron\u0119 przed skaleczeniami o szk\u0142o. R\u0119kawice, kt\u00f3re gwarantuj\u0105 komfort pracy, wykonane s\u0105 z kevlaru, w\u0142\u00f3kien aramidowych, prz\u0119dzy Dyneema lub Spectra. R\u0119kawice te charakteryzuj\u0105 si\u0119 wysok\u0105 odporno\u015bci\u0105 na przeci\u0119cia i du\u017c\u0105 elastyczno\u015bci\u0105. Pow\u0142oka gumowa zapewnia optymalny chwyt. Istotne s\u0105: dobre dopasowanie, brak szw\u00f3w oraz ochrona nadgarstka. Patrz obja\u015bnienie w polu tekstowym.     <\/span><span data-ccp-props=\"{\"201341983\":0,\"335551550\":1,\"335551620\":1,\"335559685\":1130,\"335559737\":870,\"335559738\":3,\"335559739\":0,\"335559740\":304,\"335559991\":284,\"469777462\":[1131],\"469777927\":[0],\"469777928\":[1]}\"> <\/span><\/li>\n<\/ul>\n<ul>\n<li data-leveltext=\"\u2022\" data-font=\"Calibri\" data-listid=\"6\" aria-setsize=\"-1\" data-aria-posinset=\"0\" data-aria-level=\"1\"><span data-contrast=\"auto\">Ochrona nadgarstka zapewnia zabezpieczenie przed ranami ci\u0119tymi powsta\u0142ymi w wyniku kontaktu ze szk\u0142em.<\/span><span data-ccp-props=\"{\"201341983\":0,\"335551550\":1,\"335551620\":1,\"335559685\":1130,\"335559737\":1152,\"335559738\":9,\"335559739\":0,\"335559740\":304,\"335559991\":284,\"469777462\":[1131],\"469777927\":[0],\"469777928\":[1]}\"> <\/span><\/li>\n<\/ul>\n<p>Aby uzyska\u0107 wi\u0119cej informacji, <a href=\"https:\/\/www.volandis.nl\/media\/1125\/16063832-a-blad-glaszetten-hr.pdf\">kliknij tutaj<\/a>.<\/p>\n<p>&nbsp;<\/p>\n","protected":false},"excerpt":{"rendered":"<p>Hak \u0142adunkowy z zapadk\u0105 i specjalna, elastyczna lina stalowa do Gevelridder M. Lina o d\u0142ugo\u015bci 21 metr\u00f3w. Nad hakiem zamontowany jest cylinder balastowy, u\u0142atwiaj\u0105cy rozwijanie liny. Nowo\u015bci\u0105 jest gumowa os\u0142ona balastu, kt\u00f3ra zapewnia dodatkow\u0105 ochron\u0119.  <\/p>\n<p>&nbsp;<\/p>\n<p>&nbsp;<\/p>\n","protected":false},"featured_media":131511,"template":"","meta":{"_acf_changed":false,"_seopress_robots_primary_cat":"","_seopress_titles_title":"","_seopress_titles_desc":"","_seopress_robots_index":""},"product_brand":[],"product_cat":[1956],"product_tag":[1972],"class_list":{"0":"post-139963","1":"product","2":"type-product","3":"status-publish","4":"has-post-thumbnail","6":"product_cat-czesci-zamienne-2","7":"product_tag-gevelridder-kabel","9":"first","10":"instock","11":"taxable","12":"shipping-taxable","13":"purchasable","14":"product-type-simple"},"acf":[],"_links":{"self":[{"href":"https:\/\/gevelridder.nl\/pl\/wp-json\/wp\/v2\/product\/139963","targetHints":{"allow":["GET"]}}],"collection":[{"href":"https:\/\/gevelridder.nl\/pl\/wp-json\/wp\/v2\/product"}],"about":[{"href":"https:\/\/gevelridder.nl\/pl\/wp-json\/wp\/v2\/types\/product"}],"wp:featuredmedia":[{"embeddable":true,"href":"https:\/\/gevelridder.nl\/pl\/wp-json\/wp\/v2\/media\/131511"}],"wp:attachment":[{"href":"https:\/\/gevelridder.nl\/pl\/wp-json\/wp\/v2\/media?parent=139963"}],"wp:term":[{"taxonomy":"product_brand","embeddable":true,"href":"https:\/\/gevelridder.nl\/pl\/wp-json\/wp\/v2\/product_brand?post=139963"},{"taxonomy":"product_cat","embeddable":true,"href":"https:\/\/gevelridder.nl\/pl\/wp-json\/wp\/v2\/product_cat?post=139963"},{"taxonomy":"product_tag","embeddable":true,"href":"https:\/\/gevelridder.nl\/pl\/wp-json\/wp\/v2\/product_tag?post=139963"}],"curies":[{"name":"wp","href":"https:\/\/api.w.org\/{rel}","templated":true}]}}