
{"id":139948,"date":"2026-03-24T08:17:10","date_gmt":"2026-03-24T08:17:10","guid":{"rendered":"https:\/\/gevelridder.nl\/product\/tasma-wciagajaca-gevelridder-l-i-xl\/"},"modified":"2026-03-24T08:17:10","modified_gmt":"2026-03-24T08:17:10","slug":"tasma-wciagajaca-gevelridder-l-i-xl","status":"publish","type":"product","link":"https:\/\/gevelridder.nl\/pl\/produkt\/tasma-wciagajaca-gevelridder-l-i-xl\/","title":{"rendered":"Ta\u015bma wci\u0105gaj\u0105ca Gevelridder L i XL"},"content":{"rendered":"<h2>Optrekband Gevelridder L en XL<\/h2>\n<p>W krainie budownictwa i architektury, gdzie zamki i wie\u017ce wznosz\u0105 si\u0119 wysoko ku niebu, ka\u017cdy rycerz jest zale\u017cny od swoich narz\u0119dzi tak, jak od swojego miecza. Tutaj pojawia si\u0119 ta\u015bma wci\u0105gaj\u0105ca \u2013 narz\u0119dzie tak kluczowe, jak cugle bitewnego rumaka. Jedn\u0105 z tych zaufanych broni w jego arsenale jest nieustraszony Gevelridder.  <\/p>\n<p>Gevelridder, krzepki i niez\u0142omny, dzielnie stawia czo\u0142a wyzwaniom w terenie, lecz nawet najodwa\u017cniejszy rycerz potrzebuje czasem pomocy, by dosi\u0119gn\u0105\u0107 najwy\u017cszych szczyt\u00f3w wie\u017c. Tutaj pojawia si\u0119 ta\u015bma wci\u0105gaj\u0105ca \u2013 narz\u0119dzie tak kluczowe, jak cugle bitewnego rumaka. Gdy Gevelridder znajdzie ju\u017c punkt podparcia i jest gotowy do wspinaczki, dzi\u0119ki tej ta\u015bmie mo\u017ce zosta\u0107 z \u0142atwo\u015bci\u0105 wci\u0105gni\u0119ty na g\u00f3r\u0119, co sprawia, \u017ce nawet najbardziej niedost\u0119pne miejsca staj\u0105 si\u0119 osi\u0105galne.  <\/p>\n<h2>Dlaczego warto kupi\u0107 t\u0119 ta\u015bm\u0119 wci\u0105gaj\u0105c\u0105?<\/h2>\n<p>Zaprojektowana z precyzj\u0105 i kunsztem, ta\u015bma wci\u0105gaj\u0105ca jest idealnie dopasowana do potrzeb modeli Gevelridder L oraz XL. Niczym niezawodny giermek, kt\u00f3ry prowadzi swojego rycerza do walki, ta\u015bma wci\u0105gaj\u0105ca dba o to, by ka\u017cda misja zako\u0144czy\u0142a si\u0119 sukcesem. <\/p>\n<p>Legendy g\u0142osz\u0105 o Gevelridderach, kt\u00f3rzy za pomoc\u0105 ta\u015bmy wci\u0105gaj\u0105cej zdobywali niezdobyte wa\u0142y i wie\u017ce. Z ka\u017cdym u\u017cyciem ta\u015bmy opowie\u015bci o bohaterskich czynach stawa\u0142y si\u0119 coraz bardziej imponuj\u0105ce. <\/p>\n<p>Zatem, szlachetni budowniczowie i rzemie\u015blnicy, wyposa\u017ccie swojego Gevelriddera w t\u0119 niezb\u0119dn\u0105 ta\u015bm\u0119 wci\u0105gaj\u0105c\u0105. Albowiem na arenie konstrukcji i projektowania, gdzie ka\u017cde dzia\u0142anie ma znaczenie, to po\u0142\u0105czenie si\u0142y i odpowiedniego narz\u0119dzia tworzy prawdziwe legendy. <\/p>\n","protected":false},"excerpt":{"rendered":"<p>W kr\u00f3lestwie architektury Gevelridder stoi dumny i silny. Jednak aby dosi\u0119gn\u0105\u0107 najwy\u017cszych wie\u017c, polega on na swojej wiernej ta\u015bmie wci\u0105gaj\u0105cej. Idealnie dopasowana do modeli Gevelridder L i XL, ta\u015bma ta zapewnia si\u0142\u0119 niezb\u0119dn\u0105 do \u0142atwej wspinaczki z ka\u017cdego punktu podparcia. Niczym giermek prowadz\u0105cy swojego rycerza do boju, ta\u015bma wci\u0105gaj\u0105ca jest nieodzown\u0105 broni\u0105 w arsenale ka\u017cdego rzemie\u015blnika.   <\/p>\n","protected":false},"featured_media":131510,"template":"","meta":{"_acf_changed":false,"_seopress_robots_primary_cat":"none","_seopress_titles_title":"","_seopress_titles_desc":"","_seopress_robots_index":""},"product_brand":[],"product_cat":[1956],"product_tag":[1965],"class_list":{"0":"post-139948","1":"product","2":"type-product","3":"status-publish","4":"has-post-thumbnail","6":"product_cat-czesci-zamienne-2","7":"product_tag-tasma-wciagajaca-dystansowa","9":"first","10":"instock","11":"taxable","12":"shipping-taxable","13":"purchasable","14":"product-type-simple"},"acf":[],"_links":{"self":[{"href":"https:\/\/gevelridder.nl\/pl\/wp-json\/wp\/v2\/product\/139948","targetHints":{"allow":["GET"]}}],"collection":[{"href":"https:\/\/gevelridder.nl\/pl\/wp-json\/wp\/v2\/product"}],"about":[{"href":"https:\/\/gevelridder.nl\/pl\/wp-json\/wp\/v2\/types\/product"}],"wp:featuredmedia":[{"embeddable":true,"href":"https:\/\/gevelridder.nl\/pl\/wp-json\/wp\/v2\/media\/131510"}],"wp:attachment":[{"href":"https:\/\/gevelridder.nl\/pl\/wp-json\/wp\/v2\/media?parent=139948"}],"wp:term":[{"taxonomy":"product_brand","embeddable":true,"href":"https:\/\/gevelridder.nl\/pl\/wp-json\/wp\/v2\/product_brand?post=139948"},{"taxonomy":"product_cat","embeddable":true,"href":"https:\/\/gevelridder.nl\/pl\/wp-json\/wp\/v2\/product_cat?post=139948"},{"taxonomy":"product_tag","embeddable":true,"href":"https:\/\/gevelridder.nl\/pl\/wp-json\/wp\/v2\/product_tag?post=139948"}],"curies":[{"name":"wp","href":"https:\/\/api.w.org\/{rel}","templated":true}]}}