
{"id":139945,"date":"2026-03-24T08:17:08","date_gmt":"2026-03-24T08:17:08","guid":{"rendered":"https:\/\/gevelridder.nl\/product\/rolki-elewacyjne-zestaw-2-sztuk\/"},"modified":"2026-03-24T08:17:08","modified_gmt":"2026-03-24T08:17:08","slug":"rolki-elewacyjne-zestaw-2-sztuk","status":"publish","type":"product","link":"https:\/\/gevelridder.nl\/pl\/produkt\/rolki-elewacyjne-zestaw-2-sztuk\/","title":{"rendered":"Rolki elewacyjne, zestaw 2 sztuk"},"content":{"rendered":"<h2>Rolki elewacyjne, zestaw 2 sztuk<\/h2>\n<p>W dynamicznym \u015bwiecie sektora budowlanego kluczowe jest uwzgl\u0119dnienie ka\u017cdego szczeg\u00f3\u0142u, aby zapewni\u0107 optymalne bezpiecze\u0144stwo i wydajno\u015b\u0107 w miejscu pracy. Jednym z takich detali, kt\u00f3ry mo\u017ce zrobi\u0107 ogromn\u0105 r\u00f3\u017cnic\u0119 w codziennych operacjach, s\u0105 rewolucyjne rolki elewacyjne montowane na g\u0142owicy urz\u0105dzenia Gevelridder. To pomys\u0142owe narz\u0119dzie odgrywa kluczow\u0105 rol\u0119 w ochronie zar\u00f3wno elewacji, jak i samego urz\u0105dzenia podczas u\u017cytkowania. Poni\u017cej sprawdzimy, dlaczego te rolki elewacyjne s\u0105 nieodzownym elementem Twojej skrzynki narz\u0119dziowej.   <\/p>\n<h2>Antypo\u015blizgowy<\/h2>\n<p>Antypo\u015blizgowe rolki elewacyjne to prawdziwy prze\u0142om w sektorze budowlanym. Rolki te s\u0105 oferowane w zestawie, a ich g\u0142\u00f3wnym celem jest umo\u017cliwienie bezwysi\u0142kowego przesuwania urz\u0105dzenia Gevelridder w g\u00f3r\u0119 elewacji bez powodowania uszkodze\u0144. Unikalna konstrukcja antypo\u015blizgowa zapewnia r\u00f3wnomierny i stabilny ruch, co znacznie zmniejsza ryzyko ewentualnych uszkodze\u0144 fasady. Gwarantuje to bezpieczniejsze i bardziej kontrolowane \u015brodowisko pracy, co z kolei przyczynia si\u0119 do wy\u017cszej wydajno\u015bci i mniejszej liczby przestoj\u00f3w spowodowanych uszkodzeniami.   <\/p>\n<p>Wykorzystanie rolek elewacyjnych u\u0142atwia r\u00f3wnie\u017c sprawniejsze pozycjonowanie urz\u0105dzenia Gevelridder w r\u00f3\u017cnych sytuacjach roboczych. W sektorze, w kt\u00f3rym czas to pieni\u0105dz, te kilka zaoszcz\u0119dzonych minut mo\u017ce pod koniec dnia zrobi\u0107 znacz\u0105c\u0105 r\u00f3\u017cnic\u0119. P\u0142ynne przesuwanie si\u0119 urz\u0105dzenia Gevelridder sprawia, \u017ce pracownicy musz\u0105 wk\u0142ada\u0107 mniej wysi\u0142ku fizycznego, co zmniejsza ryzyko uraz\u00f3w zwi\u0105zanych z prac\u0105.  <\/p>\n<p>Ponadto rolki elewacyjne zosta\u0142y wykonane z priorytetem dla trwa\u0142o\u015bci, dzi\u0119ki czemu s\u0105 odporne na rygorystyczne wymagania placu budowy. Zastosowanie wysokiej jako\u015bci materia\u0142\u00f3w w procesie produkcji gwarantuje d\u0142u\u017csz\u0105 \u017cywotno\u015b\u0107 i niezawodne dzia\u0142anie za ka\u017cdym razem. <\/p>\n<p>W skr\u00f3cie, rolki elewacyjne to inwestycja nie tylko w ochron\u0119 elewacji, ale tak\u017ce w wydajno\u015b\u0107 i bezpiecze\u0144stwo w miejscu pracy. S\u0105 niewielkim dodatkiem o ogromnym znaczeniu, kt\u00f3rego z pewno\u015bci\u0105 nie nale\u017cy pomija\u0107 przy planowaniu kolejnego projektu. <\/p>\n<p>Zadbaj o to, by by\u0107 liderem w bran\u017cy budowlanej, inwestuj\u0105c w to innowacyjne narz\u0119dzie, kt\u00f3re stanowi warto\u015bciowe uzupe\u0142nienie wyposa\u017cenia Twojego Gevelridder. Odwied\u017a nasz\u0105 stron\u0119 internetow\u0105 ju\u017c teraz, aby zam\u00f3wi\u0107 zestaw rolek elewacyjnych i osobi\u015bcie przekona\u0107 si\u0119 o korzy\u015bciach p\u0142yn\u0105cych z p\u0142ynniejszego, bezpieczniejszego i wydajniejszego procesu pracy. <\/p>\n","protected":false},"excerpt":{"rendered":"<p>Rolki elewacyjne do urz\u0105dzenia Gevelridder to niezast\u0105pione narz\u0119dzie w sektorze budowlanym. Montowane na g\u0142owicy urz\u0105dzenia, te antypo\u015blizgowe rolki zapewniaj\u0105 bezproblemowe i bezpieczne przemieszczanie si\u0119 po elewacji, zapobiegaj\u0105c jej uszkodzeniom. U\u0142atwiaj\u0105 sprawne pozycjonowanie w r\u00f3\u017cnych sytuacjach i zmniejszaj\u0105 wysi\u0142ek fizyczny pracownik\u00f3w. Wykonane z my\u015bl\u0105 o trwa\u0142o\u015bci, rolki elewacyjne oferuj\u0105 d\u0142u\u017csz\u0105 \u017cywotno\u015b\u0107 i niezawodne dzia\u0142anie. To niewielka inwestycja w wi\u0119ksz\u0105 wydajno\u015b\u0107 i bezpiecze\u0144stwo na placu budowy. W zestawie \u015bruby i nakr\u0119tki motylkowe.     <\/p>\n","protected":false},"featured_media":131390,"template":"","meta":{"_acf_changed":false,"_seopress_robots_primary_cat":"none","_seopress_titles_title":"","_seopress_titles_desc":"","_seopress_robots_index":""},"product_brand":[],"product_cat":[1956],"product_tag":[1957,1964,1961,1962,1963],"class_list":{"0":"post-139945","1":"product","2":"type-product","3":"status-publish","4":"has-post-thumbnail","6":"product_cat-czesci-zamienne-2","7":"product_tag-gevelridder","8":"product_tag-kola","9":"product_tag-ochrona-elewacji","10":"product_tag-przeprowadzkarollen","11":"product_tag-verhuizen","13":"first","14":"instock","15":"taxable","16":"shipping-taxable","17":"purchasable","18":"product-type-simple"},"acf":[],"_links":{"self":[{"href":"https:\/\/gevelridder.nl\/pl\/wp-json\/wp\/v2\/product\/139945","targetHints":{"allow":["GET"]}}],"collection":[{"href":"https:\/\/gevelridder.nl\/pl\/wp-json\/wp\/v2\/product"}],"about":[{"href":"https:\/\/gevelridder.nl\/pl\/wp-json\/wp\/v2\/types\/product"}],"wp:featuredmedia":[{"embeddable":true,"href":"https:\/\/gevelridder.nl\/pl\/wp-json\/wp\/v2\/media\/131390"}],"wp:attachment":[{"href":"https:\/\/gevelridder.nl\/pl\/wp-json\/wp\/v2\/media?parent=139945"}],"wp:term":[{"taxonomy":"product_brand","embeddable":true,"href":"https:\/\/gevelridder.nl\/pl\/wp-json\/wp\/v2\/product_brand?post=139945"},{"taxonomy":"product_cat","embeddable":true,"href":"https:\/\/gevelridder.nl\/pl\/wp-json\/wp\/v2\/product_cat?post=139945"},{"taxonomy":"product_tag","embeddable":true,"href":"https:\/\/gevelridder.nl\/pl\/wp-json\/wp\/v2\/product_tag?post=139945"}],"curies":[{"name":"wp","href":"https:\/\/api.w.org\/{rel}","templated":true}]}}