
{"id":139943,"date":"2026-03-24T08:17:10","date_gmt":"2026-03-24T08:17:10","guid":{"rendered":"https:\/\/gevelridder.nl\/product\/zestaw-gum-stopy-gevelridder-1\/"},"modified":"2026-05-07T06:48:25","modified_gmt":"2026-05-07T06:48:25","slug":"zestaw-gum-stopy-gevelridder-1","status":"publish","type":"product","link":"https:\/\/gevelridder.nl\/pl\/produkt\/zestaw-gum-stopy-gevelridder-1\/","title":{"rendered":"Zestaw gum stopy Gevelridder 1"},"content":{"rendered":"<h2>Gevelridder Voet Rubber Set 1<\/h2>\n<p>Nale\u017cy regularnie wymienia\u0107 Zestaw 1 gum stopy urz\u0105dzenia Gevelridder. Ka\u017cdy \u201eRycerz\u201d wie najlepiej, jak wa\u017cna jest dba\u0142o\u015b\u0107 o w\u0142asny rynsztunek \u2013 dotyczy to r\u00f3wnie\u017c Zestawu 1 gum stopy Gevelridder. Sukces lub pora\u017cka cz\u0119sto zale\u017c\u0105 od szczeg\u00f3\u0142\u00f3w. Kontrola musi odbywa\u0107 si\u0119 zar\u00f3wno podczas corocznego przegl\u0105du, jak i w trakcie bie\u017c\u0105cego u\u017cytkowania urz\u0105dzenia. Gevelridder musi by\u0107 poddawany przegl\u0105dowi technicznemu co rok. Przed ka\u017cdym u\u017cyciem nale\u017cy r\u00f3wnie\u017c wzrokowo sprawdzi\u0107 stan gum stopy. W przypadku zu\u017cycia profilu gumy nale\u017cy wymieni\u0107 je po obu stronach, aby zapewni\u0107 stabilno\u015b\u0107 urz\u0105dzenia Gevelridder i zapobiec jego przesuwaniu si\u0119.      <\/p>\n<p>Zestaw 1 gum stopy Gevelridder jest odpowiedni dla urz\u0105dze\u0144 zakupionych przed 2022 rokiem.<\/p>\n<p>Uwaga:<\/p>\n<p>Zestaw 1 = Gevelridder zakupiony przed 2021 rokiem<\/p>\n<p>Zestaw 2 = dla Gevelridder zakupionego w roku 2022 lub p\u00f3\u017aniej<\/p>\n<p>Zestaw ten jest zatem przeznaczony dla nast\u0119puj\u0105cych urz\u0105dze\u0144 Gevelridder, <a href=\"https:\/\/gevelridder.nl\/gevelridders\/gevelridders-gevelridders\/\">kliknij tutaj<\/a>. <\/p>\n<p>Potrzebuj\u0105 Pa\u0144stwo zestawu do urz\u0105dzenia Gevelridder!<\/p>\n<p>Urz\u0105dzenie Gevelridder jest dostarczane z oznakowaniem CE. Gevelridder jest producentem urz\u0105dzenia, a tym samym podmiotem uprawnionym do wystawienia deklaracji CE. Ka\u017cdego roku Gevelridder musi zosta\u0107 poddany przegl\u0105dowi przez uprawnionego specjalist\u0119.  <\/p>\n<p class=\"intro-text\">CE to skr\u00f3t od \u201eConformit\u00e9 Europ\u00e9enne\u201d. Oznakowanie CE to etykieta wskazuj\u0105ca, \u017ce produkt spe\u0142nia wymagania dyrektyw europejskich. Dyrektywy te dotycz\u0105 wymog\u00f3w prawnych w zakresie bezpiecze\u0144stwa, zdrowia i ochrony \u015brodowiska.  <\/p>\n<h2>Cel oznakowania CE dla Zestawu 1 gum stopy Gevelridder<\/h2>\n<p>Celem oznakowania CE jest promowanie swobodnego przep\u0142ywu towar\u00f3w mi\u0119dzy pa\u0144stwami cz\u0142onkowskimi UE oraz harmonizacja przepis\u00f3w krajowych w zakresie bezpiecze\u0144stwa i ochrony zdrowia produkt\u00f3w. Produkt posiadaj\u0105cy oznakowanie CE ma swobodny dost\u0119p do rynku mi\u0119dzynarodowego w obr\u0119bie Europy. Oznakowanie CE \u2013 rozpoznawalne po literach C i E \u2013 musi znajdowa\u0107 si\u0119 bezpo\u015brednio na produkcie lub na zamocowanej do niego tabliczce znamionowej.  <\/p>\n<h2>Wnioskowanie o oznakowanie CE lub jego nanoszenie<\/h2>\n<p>Wnioskowanie o oznakowanie CE nie jest mo\u017cliwe; powinno ono zosta\u0107 naniesione samodzielnie przez producent\u00f3w lub importer\u00f3w. Tym samym producent lub importer o\u015bwiadcza, \u017ce produkt spe\u0142nia stawiane mu wymagania. Produkty, dla kt\u00f3rych istnieje dyrektywa europejska, musz\u0105 zawsze by\u0107 z ni\u0105 zgodne i posiada\u0107 oznakowanie CE. Wprowadzenie produktu do obrotu jest mo\u017cliwe tylko wtedy, gdy ocena zgodno\u015bci potwierdzi spe\u0142nienie wymog\u00f3w dyrektywy \u2013 zatem Gevelridder musi r\u00f3wnie\u017c posiada\u0107 odpowiednie gumy. Producent lub importer potwierdza zgodno\u015b\u0107 produktu z wymaganiami za pomoc\u0105 deklaracji zgodno\u015bci WE i mo\u017ce w\u00f3wczas nanie\u015b\u0107 oznakowanie CE.    <\/p>\n<p><a href=\"https:\/\/kader-advies.nl\/begrippen\/ce-markering\/\">Zobacz r\u00f3wnie\u017c.<\/a><\/p>\n","protected":false},"excerpt":{"rendered":"<p>Drodzy Fachowcy Zakonu Rycerskiego, drodzy Rycerze,<\/p>\n<p>Rycerz wie najlepiej, jak wa\u017cna jest dba\u0142o\u015b\u0107 o w\u0142asny rynsztunek. Sukces lub pora\u017cka cz\u0119sto zale\u017c\u0105 od szczeg\u00f3\u0142\u00f3w. Dlatego niezwykle wa\u017cne jest, aby podczas corocznego przegl\u0105du technicznego dok\u0142adnie sprawdza\u0107 gumy st\u00f3p pod k\u0105tem zu\u017cycia; nale\u017cy to robi\u0107 r\u00f3wnie\u017c ka\u017cdorazowo przed u\u017cyciem urz\u0105dzenia Gevelridder. W przypadku zu\u017cycia profilu gumy nale\u017cy wymieni\u0107 je po obu stronach \u2013 dzi\u0119ki temu Gevelridder pozostanie stabilny i nie b\u0119dzie si\u0119 przesuwa\u0107.   <\/p>\n<p>Uwaga:<\/p>\n<p>Zestaw 1 = Gevelridder zakupiony przed 2021 rokiem<\/p>\n<p>Zestaw 2 = dla Gevelridder zakupionego w roku 2022 lub p\u00f3\u017aniej<\/p>\n<p>Do jednego urz\u0105dzenia Gevelridder potrzebuj\u0105 Pa\u0144stwo jednego zestawu!<\/p>\n","protected":false},"featured_media":131512,"template":"","meta":{"_acf_changed":false,"_seopress_robots_primary_cat":"","_seopress_titles_title":"","_seopress_titles_desc":"","_seopress_robots_index":""},"product_brand":[],"product_cat":[1956],"product_tag":[1960],"class_list":{"0":"post-139943","1":"product","2":"type-product","3":"status-publish","4":"has-post-thumbnail","6":"product_cat-czesci-zamienne-2","7":"product_tag-gumowa-stopa-gevelridder","9":"first","10":"instock","11":"taxable","12":"shipping-taxable","13":"purchasable","14":"product-type-simple"},"acf":[],"_links":{"self":[{"href":"https:\/\/gevelridder.nl\/pl\/wp-json\/wp\/v2\/product\/139943","targetHints":{"allow":["GET"]}}],"collection":[{"href":"https:\/\/gevelridder.nl\/pl\/wp-json\/wp\/v2\/product"}],"about":[{"href":"https:\/\/gevelridder.nl\/pl\/wp-json\/wp\/v2\/types\/product"}],"wp:featuredmedia":[{"embeddable":true,"href":"https:\/\/gevelridder.nl\/pl\/wp-json\/wp\/v2\/media\/131512"}],"wp:attachment":[{"href":"https:\/\/gevelridder.nl\/pl\/wp-json\/wp\/v2\/media?parent=139943"}],"wp:term":[{"taxonomy":"product_brand","embeddable":true,"href":"https:\/\/gevelridder.nl\/pl\/wp-json\/wp\/v2\/product_brand?post=139943"},{"taxonomy":"product_cat","embeddable":true,"href":"https:\/\/gevelridder.nl\/pl\/wp-json\/wp\/v2\/product_cat?post=139943"},{"taxonomy":"product_tag","embeddable":true,"href":"https:\/\/gevelridder.nl\/pl\/wp-json\/wp\/v2\/product_tag?post=139943"}],"curies":[{"name":"wp","href":"https:\/\/api.w.org\/{rel}","templated":true}]}}