
{"id":139941,"date":"2026-03-24T11:34:39","date_gmt":"2026-03-24T11:34:39","guid":{"rendered":"https:\/\/gevelridder.nl\/product\/zestaw-stopek-gumowych-gevelridder-2\/"},"modified":"2026-05-07T06:28:44","modified_gmt":"2026-05-07T06:28:44","slug":"zestaw-stopek-gumowych-gevelridder-2","status":"publish","type":"product","link":"https:\/\/gevelridder.nl\/pl\/produkt\/zestaw-stopek-gumowych-gevelridder-2\/","title":{"rendered":"Zestaw stopek gumowych Gevelridder 2"},"content":{"rendered":"<h2>Zestaw gum stopy Gevelknight 2<\/h2>\n<p>Nale\u017cy regularnie wymienia\u0107 Zestaw gum stopy Gevelknight 2. Rycerz wie lepiej ni\u017c ktokolwiek inny, jak wa\u017cne jest dbanie o sw\u00f3j rynsztunek \u2013 dotyczy to r\u00f3wnie\u017c element\u00f3w gumowych stopy. Cz\u0119sto o sukcesie decyduj\u0105 detale.<br \/>Wymiana powinna odbywa\u0107 si\u0119 zar\u00f3wno podczas corocznego przegl\u0105du, jak i w trakcie bie\u017c\u0105cej eksploatacji urz\u0105dzenia Gevelridder. Ka\u017cdego roku nale\u017cy podda\u0107 urz\u0105dzenie obowi\u0105zkowej kontroli technicznej.<br \/>Przed ka\u017cdym u\u017cyciem podno\u015bnika Gevelridder nale\u017cy r\u00f3wnie\u017c przeprowadzi\u0107 kontrol\u0119 wizualn\u0105 gumowych st\u00f3p. W przypadku zu\u017cycia profilu, gumy musz\u0105 zosta\u0107 wymienione po obu stronach, aby zapewni\u0107 stabilno\u015b\u0107 urz\u0105dzenia i zapobiec jego przesuwaniu si\u0119.      <\/p>\n<p>Zestaw gum stopy Gevelridder Set 2 jest odpowiedni dla urz\u0105dze\u0144 Gevelridder zakupionych od 2022 roku.<\/p>\n<p>Uwaga:<\/p>\n<p>Set 1 = Gevelknight zakupiony przed 2021 rokiem<\/p>\n<p>Set 2 = dla urz\u0105dze\u0144 Gevelridder zakupionych w roku 2022 lub p\u00f3\u017aniej<\/p>\n<p>Zestaw jest dost\u0119pny dla nast\u0119puj\u0105cych modeli Gevelknight, <a href=\"https:\/\/gevelridder.nl\/gevelridders\/gevelridders-gevelridders\/\">kliknij tutaj<\/a>.<\/p>\n<p>Do urz\u0105dzenia Gevelknight potrzebujesz zestawu!<\/p>\n<p>Urz\u0105dzenie Gevelridder posiada oznakowanie CE. Firma Gevelridder jest bezpo\u015brednim producentem urz\u0105dzenia, dzi\u0119ki czemu posiada eksperck\u0105 wiedz\u0119 w zakresie wystawiania deklaracji zgodno\u015bci CE. Raz w roku podno\u015bnik Gevelridder musi zosta\u0107 poddany przegl\u0105dowi przez uprawnionego specjalist\u0119.  <\/p>\n<p>CE oznacza \u201eConformit\u00e9 Europ\u00e9enne\u201d. Oznakowanie CE to etykieta wskazuj\u0105ca, \u017ce produkt spe\u0142nia wymagania dyrektyw europejskich. Dyrektywy te odnosz\u0105 si\u0119 do wymog\u00f3w prawnych w zakresie bezpiecze\u0144stwa, zdrowia i ochrony \u015brodowiska.  <\/p>\n<h2>Cel oznakowania CE dla zestawu gum stopy Gevelridder Set 2<\/h2>\n<p>Celem oznakowania CE jest promowanie swobodnego przep\u0142ywu towar\u00f3w mi\u0119dzy pa\u0144stwami cz\u0142onkowskimi UE oraz harmonizacja przepis\u00f3w krajowych w zakresie bezpiecze\u0144stwa i ochrony zdrowia produkt\u00f3w. Produkt posiadaj\u0105cy oznakowanie CE ma swobodny dost\u0119p do rynku mi\u0119dzynarodowego w obr\u0119bie Europy. Oznakowanie CE \u2013 rozpoznawalne po literach C i E \u2013 musi znajdowa\u0107 si\u0119 bezpo\u015brednio na produkcie lub na zamocowanej do niego tabliczce znamionowej.  <\/p>\n<h2>Wnioskowanie o oznakowanie CE lub jego nanoszenie<\/h2>\n<p>Wnioskowanie o oznakowanie CE nie jest mo\u017cliwe; powinno ono zosta\u0107 naniesione samodzielnie przez producent\u00f3w lub importer\u00f3w. Tym samym producent lub importer o\u015bwiadcza, \u017ce produkt spe\u0142nia stawiane mu wymagania. Produkty, dla kt\u00f3rych istnieje dyrektywa europejska, musz\u0105 zawsze by\u0107 z ni\u0105 zgodne i posiada\u0107 oznakowanie CE. Wprowadzenie produktu do obrotu jest mo\u017cliwe tylko wtedy, gdy ocena zgodno\u015bci potwierdzi spe\u0142nienie wymog\u00f3w dyrektywy \u2013 zatem Gevelridder musi r\u00f3wnie\u017c posiada\u0107 odpowiednie gumy. Producent lub importer potwierdza zgodno\u015b\u0107 produktu z wymaganiami za pomoc\u0105 deklaracji zgodno\u015bci WE i mo\u017ce w\u00f3wczas nanie\u015b\u0107 oznakowanie CE.    <\/p>\n<p><a href=\"https:\/\/kader-advies.nl\/begrippen\/ce-markering\/\">Zobacz r\u00f3wnie\u017c.<\/a><\/p>\n<p>&nbsp;<\/p>\n","protected":false},"excerpt":{"rendered":"<p>Drodzy Fachowcy Zakonu Rycerskiego, drodzy Rycerze,<\/p>\n<p>Rycerz wie lepiej ni\u017c ktokolwiek inny, jak wa\u017cne jest dbanie o sw\u00f3j rynsztunek. Cz\u0119sto o sukcesie decyduj\u0105 detale. Dlatego niezwykle wa\u017cne jest, aby podczas corocznego przegl\u0105du dok\u0142adnie sprawdza\u0107 gumy stopy pod k\u0105tem zu\u017cycia. Nale\u017cy to kontrolowa\u0107 r\u00f3wnie\u017c ka\u017cdorazowo przed u\u017cyciem podno\u015bnika Gevelridder. W przypadku zu\u017cycia profilu, gumy stopy musz\u0105 zosta\u0107 wymienione po obu stronach, aby Gevelridder pozosta\u0142 stabilny i nie m\u00f3g\u0142 si\u0119 przesuwa\u0107.    <\/p>\n<p>Uwaga:<\/p>\n<p>Set 1 = Gevelknight zakupiony przed 2021 rokiem<\/p>\n<p>Set 2 = dla urz\u0105dze\u0144 Gevelridder zakupionych w roku 2022 lub p\u00f3\u017aniej<\/p>\n<p>Do urz\u0105dzenia Gevelknight potrzebujesz 1 zestawu!<\/p>\n","protected":false},"featured_media":131756,"template":"","meta":{"_acf_changed":false,"_seopress_robots_primary_cat":"","_seopress_titles_title":"","_seopress_titles_desc":"","_seopress_robots_index":""},"product_brand":[],"product_cat":[1956],"product_tag":[1957,1958],"class_list":{"0":"post-139941","1":"product","2":"type-product","3":"status-publish","4":"has-post-thumbnail","6":"product_cat-czesci-zamienne-2","7":"product_tag-gevelridder","8":"product_tag-gumowa-stopa","10":"first","11":"instock","12":"taxable","13":"shipping-taxable","14":"purchasable","15":"product-type-simple"},"acf":[],"_links":{"self":[{"href":"https:\/\/gevelridder.nl\/pl\/wp-json\/wp\/v2\/product\/139941","targetHints":{"allow":["GET"]}}],"collection":[{"href":"https:\/\/gevelridder.nl\/pl\/wp-json\/wp\/v2\/product"}],"about":[{"href":"https:\/\/gevelridder.nl\/pl\/wp-json\/wp\/v2\/types\/product"}],"wp:featuredmedia":[{"embeddable":true,"href":"https:\/\/gevelridder.nl\/pl\/wp-json\/wp\/v2\/media\/131756"}],"wp:attachment":[{"href":"https:\/\/gevelridder.nl\/pl\/wp-json\/wp\/v2\/media?parent=139941"}],"wp:term":[{"taxonomy":"product_brand","embeddable":true,"href":"https:\/\/gevelridder.nl\/pl\/wp-json\/wp\/v2\/product_brand?post=139941"},{"taxonomy":"product_cat","embeddable":true,"href":"https:\/\/gevelridder.nl\/pl\/wp-json\/wp\/v2\/product_cat?post=139941"},{"taxonomy":"product_tag","embeddable":true,"href":"https:\/\/gevelridder.nl\/pl\/wp-json\/wp\/v2\/product_tag?post=139941"}],"curies":[{"name":"wp","href":"https:\/\/api.w.org\/{rel}","templated":true}]}}