
{"id":139938,"date":"2026-03-24T11:41:17","date_gmt":"2026-03-24T11:41:17","guid":{"rendered":"https:\/\/gevelridder.nl\/product\/czarny-pokrowiec-na-przyssawke-z-pompka-30-cm\/"},"modified":"2026-03-24T11:41:17","modified_gmt":"2026-03-24T11:41:17","slug":"czarny-pokrowiec-na-przyssawke-z-pompka-30-cm","status":"publish","type":"product","link":"https:\/\/gevelridder.nl\/pl\/produkt\/czarny-pokrowiec-na-przyssawke-z-pompka-30-cm\/","title":{"rendered":"Czarny pokrowiec na przyssawk\u0119 z pompk\u0105 30 cm"},"content":{"rendered":"<h2><strong>Rycerska ochrona Twojej przyssawki: sk\u00f3rzany pokrowiec <\/strong><\/h2>\n<p>W samym sercu Holandii, z trosk\u0105 i oddaniem, Gevelridder r\u0119cznie wytwarza sk\u00f3rzany pokrowiec na przyssawk\u0119. To prawdziwe dzie\u0142o rzemios\u0142a, stworzone z mi\u0142o\u015bci\u0105 do detali i jako\u015bci. <\/p>\n<p>Ten sk\u00f3rzany pokrowiec to nie tylko zwyk\u0142e akcesorium; to symbol trwa\u0142o\u015bci i ochrony Twojej cennej przyssawki. Dzi\u0119ki mocnej elastycznej kraw\u0119dzi pokrowiec idealnie pasuje do urz\u0105dzenia, ca\u0142kowicie chroni\u0105c je przed kurzem, brudem i t\u0142uszczem. <\/p>\n<h3><strong>Dlaczego warto wybra\u0107 sk\u00f3rzany pokrowiec na przyssawk\u0119?<\/strong><\/h3>\n<p>Twoja przyssawka to niezb\u0119dne narz\u0119dzie, kt\u00f3re ka\u017cdego dnia ci\u0119\u017cko pracuje. Aby mie\u0107 pewno\u015b\u0107, \u017ce nadal b\u0119dzie wzorowo spe\u0142nia\u0107 swoje zadanie i przez lata wygl\u0105da\u0107 jak nowa, zas\u0142uguje na najlepsz\u0105 ochron\u0119. I tutaj do akcji wkracza sk\u00f3rzany pokrowiec od Gevelridder.  <\/p>\n<p>Niezale\u017cnie od tego, czy jeste\u015b profesjonalist\u0105 w bran\u017cy, czy pasjonatem majsterkowania, doskonale rozumiesz znaczenie odpowiedniej konserwacji narz\u0119dzi. U\u017cycie tego sk\u00f3rzanego pokrowca nie tylko przed\u0142u\u017cy \u017cywotno\u015b\u0107 Twojej przyssawki, ale tak\u017ce pozwoli zachowa\u0107 jej nienaganny wygl\u0105d. \u017baden py\u0142ek kurzu, \u015blad brudu ani plama t\u0142uszczu nie b\u0119d\u0105 ju\u017c w stanie zaszkodzi\u0107 Twojemu urz\u0105dzeniu.  <\/p>\n<p>Sk\u00f3rzany pokrowiec jest odpowiedni mi\u0119dzy innymi dla:<\/p>\n<ul>\n<li><a href=\"https:\/\/gevelridder.nl\/product\/grabo-ottovac\/\" target=\"_blank\" rel=\"noopener\">Ottovac<\/a><\/li>\n<li><a href=\"https:\/\/gevelridder.nl\/product\/anbieding-powr-grip-pompzuiger-lexaan\/\" target=\"_blank\" rel=\"noopener\">Pompzuiger z leksanu<\/a><\/li>\n<li><a href=\"https:\/\/gevelridder.nl\/product\/powr-grip-pompzuiger-metaal\/\" target=\"_blank\" rel=\"noopener\">Stalowa przyssawka z pompk\u0105<\/a><\/li>\n<\/ul>\n<h3><strong>Made in Holland: Symbol jako\u015bci<\/strong><\/h3>\n<p>Wybieraj\u0105c sk\u00f3rzany pokrowiec na przyssawk\u0119 od Gevelridder, stawiasz na jako\u015b\u0107 i rzemios\u0142o. Etykieta \u201eMade in Holland\u201d to gwarancja produkt\u00f3w wytwarzanych w Holandii z dum\u0105 i najwy\u017csz\u0105 staranno\u015bci\u0105. To obietnica zastosowania wysokiej klasy materia\u0142\u00f3w oraz nienagannego wyko\u0144czenia.  <\/p>\n<p>Chro\u0144 swoj\u0105 przyssawk\u0119 z elegancj\u0105 i trwa\u0142o\u015bci\u0105, jak\u0105 daje sk\u00f3rzane rzemios\u0142o. Wybierz sk\u00f3rzany pokrowiec od Gevelridder i zapewnij swojemu urz\u0105dzeniu rycersk\u0105 ochron\u0119, na kt\u00f3r\u0105 zas\u0142uguje. <\/p>\n","protected":false},"excerpt":{"rendered":"<p>Pokrowiec ochronny z elastyczn\u0105 kraw\u0119dzi\u0105 do przyssawek o wi\u0119kszej \u015brednicy, na przyk\u0142ad do podno\u015bnika Quattro Lift. \u015arednica oko\u0142o 30 cm. <\/p>\n","protected":false},"featured_media":132354,"template":"","meta":{"_acf_changed":false,"_seopress_robots_primary_cat":"none","_seopress_titles_title":"","_seopress_titles_desc":"","_seopress_robots_index":""},"product_brand":[],"product_cat":[1952,1953],"product_tag":[1955],"class_list":{"0":"post-139938","1":"product","2":"type-product","3":"status-publish","4":"has-post-thumbnail","6":"product_cat-nosidla-do-szyb","7":"product_cat-przyssawki-z-pompka","8":"product_tag-pokrowiec-na-przyssawke-z-pompka","9":"product_shipping_class-paczka-45-35-25","11":"first","12":"instock","13":"taxable","14":"shipping-taxable","15":"purchasable","16":"product-type-simple"},"acf":[],"_links":{"self":[{"href":"https:\/\/gevelridder.nl\/pl\/wp-json\/wp\/v2\/product\/139938","targetHints":{"allow":["GET"]}}],"collection":[{"href":"https:\/\/gevelridder.nl\/pl\/wp-json\/wp\/v2\/product"}],"about":[{"href":"https:\/\/gevelridder.nl\/pl\/wp-json\/wp\/v2\/types\/product"}],"wp:featuredmedia":[{"embeddable":true,"href":"https:\/\/gevelridder.nl\/pl\/wp-json\/wp\/v2\/media\/132354"}],"wp:attachment":[{"href":"https:\/\/gevelridder.nl\/pl\/wp-json\/wp\/v2\/media?parent=139938"}],"wp:term":[{"taxonomy":"product_brand","embeddable":true,"href":"https:\/\/gevelridder.nl\/pl\/wp-json\/wp\/v2\/product_brand?post=139938"},{"taxonomy":"product_cat","embeddable":true,"href":"https:\/\/gevelridder.nl\/pl\/wp-json\/wp\/v2\/product_cat?post=139938"},{"taxonomy":"product_tag","embeddable":true,"href":"https:\/\/gevelridder.nl\/pl\/wp-json\/wp\/v2\/product_tag?post=139938"}],"curies":[{"name":"wp","href":"https:\/\/api.w.org\/{rel}","templated":true}]}}