
{"id":139874,"date":"2026-03-31T08:14:10","date_gmt":"2026-03-31T08:14:10","guid":{"rendered":"https:\/\/gevelridder.nl\/hulp-en-support\/"},"modified":"2026-05-05T12:58:51","modified_gmt":"2026-05-05T12:58:51","slug":"hulp-en-support","status":"publish","type":"page","link":"https:\/\/gevelridder.nl\/pl\/hulp-en-support\/","title":{"rendered":"Hulp en support"},"content":{"rendered":"\n<div style=\"height:100px\" aria-hidden=\"true\" class=\"wp-block-spacer\"><\/div>\n\n<h2 class=\"wp-block-heading\">W czym mo\u017cemy Pa\u0144stwu pom\u00f3c?<\/h2>\n\n<div class=\"wp-block-wpseopress-faq-block-v2 is-layout-flow wp-block-wpseopress-faq-block-v2-is-layout-flow\">\n<details id=\"lees-vooraf-altijd-de-handleiding\" class=\"wp-block-details is-layout-flow wp-block-details-is-layout-flow\"><summary>Przed u\u017cyciem zawsze przeczytaj instrukcj\u0119 obs\u0142ugi!<\/summary>\n<p>Je\u015bli mimo to maj\u0105 Pa\u0144stwo pytania dotycz\u0105ce naszych \u015brodk\u00f3w pomocniczych i narz\u0119dzi, prosimy o kontakt mailowy; oczywi\u015bcie jeste\u015bmy dost\u0119pni r\u00f3wnie\u017c telefonicznie.<\/p>\n<\/details>\n\n\n\n<details id=\"email\" class=\"wp-block-details is-layout-flow wp-block-details-is-layout-flow\"><summary>E-mail<\/summary>\n<p>Mo\u017cesz do nas napisa\u0107 na adres e-mail: <a href=\"mailto:info@gevelridder.nl?subject=Reactie vanaf de website\" itemprop=\"email\" rel=\"norefferer\" style=\"text-decoration: none;\" target=\"_blank\">info@gevelridder.nl<\/a><\/p>\n<\/details>\n\n\n\n<details id=\"plaatjes-en-fotos-kunnen-afwijken-van-het-geleverde-product\" class=\"wp-block-details is-layout-flow wp-block-details-is-layout-flow\"><summary>Zdj\u0119cia i ilustracje mog\u0105 odbiega\u0107 od wygl\u0105du dostarczonego produktu.<\/summary>\n<p>Zawsze istnieje mo\u017cliwo\u015b\u0107, \u017ce zdj\u0119cia i ilustracje na tej stronie b\u0119d\u0105 nieznacznie odbiega\u0107 od dostarczonego produktu. Gwarantujemy jednak, \u017ce dostarczony produkt b\u0119dzie pod ka\u017cdym wzgl\u0119dem r\u00f3wnowa\u017cny, co oznacza, \u017ce b\u0119dzie funkcjonowa\u0142 zgodnie ze swoim przeznaczeniem. <\/p>\n<\/details>\n\n\n\n<details id=\"wat-is-de-levertijd\" class=\"wp-block-details is-layout-flow wp-block-details-is-layout-flow\"><summary>Jaki jest czas dostawy?<\/summary>\n<p>Dostawa zazwyczaj przebiega bardzo sprawnie. W zasadzie wszystkie produkty posiadamy w magazynie i s\u0105 one dostarczane w ci\u0105gu 2\u20133 dni roboczych od momentu otrzymania p\u0142atno\u015bci. Je\u015bli dotrzymanie tego terminu nie b\u0119dzie mo\u017cliwe, zostaniesz o tym poinformowany.  <\/p>\n<\/details>\n<script type=\"application\/ld+json\">{\"@context\":\"https:\/\/schema.org\",\"@type\":\"FAQPage\",\"url\":\"https:\/\/gevelridder.nl\/hulp-en-support\/\",\"@id\":\"https:\/\/gevelridder.nl\/hulp-en-support\/\",\"mainEntity\":[{\"@type\":\"Question\",\"url\":\"https:\/\/gevelridder.nl\/hulp-en-support\/#lees-vooraf-altijd-de-handleiding\",\"name\":\"Lees vooraf altijd de handleiding!\",\"answerCount\":1,\"acceptedAnswer\":{\"@type\":\"Answer\",\"text\":\"&lt;p>Heeft U toch nog vragen over onze hulpmiddelen en gereedschappen dan kunt u contact opnemen door ons te mailen, telefonisch zijn wij natuurlijk ook bereikbaar.&lt;\/p>\"}},{\"@type\":\"Question\",\"url\":\"https:\/\/gevelridder.nl\/hulp-en-support\/#email\",\"name\":\"Email\",\"answerCount\":1,\"acceptedAnswer\":{\"@type\":\"Answer\",\"text\":\"&lt;p>U kunt ons mailen op het mailadres: <a href=\"mailto:info@gevelridder.nl?subject=Reactie vanaf de website\" itemprop=\"email\" rel=\"norefferer\" style=\"text-decoration: none;\" target=\"_blank\">info@gevelridder.nl<\/a>&lt;\/p>\"}},{\"@type\":\"Question\",\"url\":\"https:\/\/gevelridder.nl\/hulp-en-support\/#plaatjes-en-fotos-kunnen-afwijken-van-het-geleverde-product\",\"name\":\"Plaatjes en foto's kunnen afwijken van het geleverde product.\",\"answerCount\":1,\"acceptedAnswer\":{\"@type\":\"Answer\",\"text\":\"&lt;p>Het is altijd mogelijk dat de foto's en plaatjes op deze website iets afwijken van het geleverde product. Wij garanderen echter dat het geleverde product te allen tijde gelijkwaardig zal zijn, dus zal functioneren zoals het behoort te functioneren.&lt;\/p>\"}},{\"@type\":\"Question\",\"url\":\"https:\/\/gevelridder.nl\/hulp-en-support\/#wat-is-de-levertijd\",\"name\":\"Wat is de levertijd?\",\"answerCount\":1,\"acceptedAnswer\":{\"@type\":\"Answer\",\"text\":\"&lt;p>De levering gaat over het algemeen vrij snel. In principe hebben wij alle producten in voorraad en zullen binnen 2-3 dagen na betaling geleverd worden. Indien dit niet mogelijk is dan ontvangt u hierover een bericht.&lt;\/p>\"}}]}<\/script><\/div>\n","protected":false},"excerpt":{"rendered":"<p>W czym mo\u017cemy Pa\u0144stwu pom\u00f3c?<\/p>\n","protected":false},"author":1,"featured_media":0,"parent":0,"menu_order":0,"comment_status":"closed","ping_status":"closed","template":"page-fullwidth.php","meta":{"_acf_changed":false,"_seopress_robots_primary_cat":"","_seopress_titles_title":"","_seopress_titles_desc":"","_seopress_robots_index":"","footnotes":""},"class_list":["post-139874","page","type-page","status-publish","hentry"],"acf":[],"_links":{"self":[{"href":"https:\/\/gevelridder.nl\/pl\/wp-json\/wp\/v2\/pages\/139874","targetHints":{"allow":["GET"]}}],"collection":[{"href":"https:\/\/gevelridder.nl\/pl\/wp-json\/wp\/v2\/pages"}],"about":[{"href":"https:\/\/gevelridder.nl\/pl\/wp-json\/wp\/v2\/types\/page"}],"author":[{"embeddable":true,"href":"https:\/\/gevelridder.nl\/pl\/wp-json\/wp\/v2\/users\/1"}],"replies":[{"embeddable":true,"href":"https:\/\/gevelridder.nl\/pl\/wp-json\/wp\/v2\/comments?post=139874"}],"version-history":[{"count":2,"href":"https:\/\/gevelridder.nl\/pl\/wp-json\/wp\/v2\/pages\/139874\/revisions"}],"predecessor-version":[{"id":139876,"href":"https:\/\/gevelridder.nl\/pl\/wp-json\/wp\/v2\/pages\/139874\/revisions\/139876"}],"wp:attachment":[{"href":"https:\/\/gevelridder.nl\/pl\/wp-json\/wp\/v2\/media?parent=139874"}],"curies":[{"name":"wp","href":"https:\/\/api.w.org\/{rel}","templated":true}]}}