
{"id":139855,"date":"2026-03-25T08:47:54","date_gmt":"2026-03-25T08:47:54","guid":{"rendered":"https:\/\/gevelridder.nl\/polityka-prywatnosci\/"},"modified":"2026-05-05T12:03:18","modified_gmt":"2026-05-05T12:03:18","slug":"polityka-prywatnosci","status":"publish","type":"page","link":"https:\/\/gevelridder.nl\/pl\/polityka-prywatnosci\/","title":{"rendered":"Polityka prywatno\u015bci"},"content":{"rendered":"\n<p>Przy doradzaniu w zakresie naszych us\u0142ug i\/lub produkt\u00f3w oraz przy ich zakupie, prosimy o podanie Twoich danych osobowych. Firma Gevelridder B.V. przestrzega w tym zakresie przepis\u00f3w Og\u00f3lnego Rozporz\u0105dzenia o Ochronie Danych (RODO). W odniesieniu do ochrony Twojej prywatno\u015bci obowi\u0105zuje nast\u0119puj\u0105ca polityka.   <\/p>\n\n<h4 class=\"wp-block-heading\"><strong>Podmioty odpowiedzialne za Twoj\u0105 <\/strong>prywatno\u015b\u0107<\/h4>\n\n<p>Gevelridder B.V., z siedzib\u0105 statutow\u0105 przy Provincialeweg 4-9, 4013 CL Kapel Avezaath, zarejestrowana w rejestrze handlowym Izby Gospodarczej (Kamer van Koophandel) pod numerem 61679232. Kontakt jest mo\u017cliwy pod adresem<a href=\"tel:+31850270020\" itemprop=\"telephone\" rel=\"norefferer\" style=\"text-decoration: none;\" target=\"_blank\">085 02 70 020<\/a>oraz pod numerem <a href=\"mailto:info@gevelridder.nl?subject=Reactie vanaf de website\" itemprop=\"email\" rel=\"norefferer\" style=\"text-decoration: none;\" target=\"_blank\">info@gevelridder.nl<\/a>.<\/p>\n\n<p>Inspektorem ochrony danych jest Wim de Groot, z kt\u00f3rym mo\u017cna si\u0119 skontaktowa\u0107 pod adresem <a href=\"tel:+31850270020\" itemprop=\"telephone\" rel=\"norefferer\" style=\"text-decoration: none;\" target=\"_blank\">085 02 70 020<\/a> oraz pod numerem<a href=\"mailto:info@gevelridder.nl?subject=Reactie vanaf de website\" itemprop=\"email\" rel=\"norefferer\" style=\"text-decoration: none;\" target=\"_blank\">info@gevelridder.nl<\/a>.<\/p>\n\n<p>Dzi\u0119ki temu wiesz, gdzie mo\u017cesz si\u0119 zwr\u00f3ci\u0107 z pytaniami dotycz\u0105cymi Twojej prywatno\u015bci.<\/p>\n\n<h3 class=\"wp-block-heading\">W jakim celu przetwarzamy Twoje dane osobowe?<\/h3>\n\n<p>W ramach \u015bwiadczonych przez nas us\u0142ug gromadzimy okre\u015blone dane. Szczeg\u00f3\u0142owo opisali\u015bmy to w naszym rejestrze danych. Przetwarzamy Twoje dane osobowe, poniewa\u017c:  <\/p>\n\n<p>Zapisujesz si\u0119 do jednego z naszych newsletter\u00f3w;<br\/>Prosisz nas o informacje, na przyk\u0142ad poprzez stron\u0119 kontaktow\u0105;<br\/>W celu przeprowadzania analiz statystycznych.<\/p>\n\n<h3 class=\"wp-block-heading\"><strong>Jak d\u0142ugo przechowujemy Twoje dane osobowe?<\/strong><\/h3>\n\n<p>Przechowujemy Twoje dane osobowe co najmniej tak d\u0142ugo, jak d\u0142ugo jeste\u015b klientem Gevelridder B.V.. Nawet po zako\u0144czeniu \u015bwiadczenia naszych us\u0142ug jeste\u015bmy prawnie zobowi\u0105zani do przechowywania niekt\u00f3rych danych przez okre\u015blony czas. Ponadto bierzemy pod uwag\u0119 mo\u017cliwo\u015b\u0107 ponownego \u015bwiadczenia us\u0142ug na Twoj\u0105 rzecz w przysz\u0142o\u015bci. Po up\u0142ywie okresu przechowywania Twoje dane zostan\u0105 usuni\u0119te. Masz prawo w dowolnym momencie poprosi\u0107 nas o usuni\u0119cie swoich danych.    <\/p>\n\n<p>Czy chcesz, aby\u015bmy usun\u0119li Twoje dane z naszej bazy? Wy\u015blij wiadomo\u015b\u0107 e-mail na adres info@gevelridder.nl. Rozpatrzymy Twoj\u0105 pro\u015bb\u0119 w ci\u0105gu 7 dni roboczych. Je\u015bli nie wi\u0105\u017ce nas \u017cadna aktualna umowa, przychylimy si\u0119 do Twojej pro\u015bby w tym samym terminie.   <\/p>\n\n<h3 class=\"wp-block-heading\"><strong>Prawo do wgl\u0105du i kontroli<\/strong><\/h3>\n\n<p>Og\u00f3lne Rozporz\u0105dzenie o Ochronie Danych (RODO) przyznaje Ci okre\u015blone prawa w odniesieniu do przetwarzanych przez nas danych osobowych. Masz prawo do usuni\u0119cia danych, prawo do ograniczenia przetwarzania, prawo do wniesienia sprzeciwu wobec przetwarzania oraz prawo do przenoszenia danych. <\/p>\n\n<p>Je\u015bli uwa\u017casz, \u017ce dostarczone przez nas zestawienie danych zawiera b\u0142\u0119dy, mo\u017cesz poprosi\u0107 o ich poprawienie, wysy\u0142aj\u0105c wiadomo\u015b\u0107 e-mail na adres info@gevelridder.nl. Rozpatrzymy Twoj\u0105 pro\u015bb\u0119 w ci\u0105gu 7 dni roboczych. <\/p>\n\n<p>Ponadto masz prawo poinformowa\u0107 nas, \u017ce nie \u017cyczysz sobie otrzymywania informacji o naszych produktach i us\u0142ugach. Mo\u017cesz to zg\u0142osi\u0107, wysy\u0142aj\u0105c wiadomo\u015b\u0107 e-mail na adres info@gevelridder.nl. <\/p>\n\n<h3 class=\"wp-block-heading\"><strong>Polityka prywatno\u015bci innych stron internetowych<\/strong><\/h3>\n\n<p>Na stronie gevelridder.nl znajduj\u0105 si\u0119 odno\u015bniki do innych stron internetowych. Nie ponosimy jednak odpowiedzialno\u015bci za polityk\u0119 prywatno\u015bci tych witryn. W celu uzyskania dalszych informacji na ten temat, odsy\u0142amy bezpo\u015brednio do odpowiednich stron internetowych.  <\/p>\n\n<h3 class=\"wp-block-heading\"><strong>Korzystamy z plik\u00f3w cookies<\/strong><\/h3>\n\n<p>Podczas Twojej wizyty na naszej stronie internetowej korzystamy z plik\u00f3w cookies. W przypadku danych, kt\u00f3re nie s\u0105 zanonimizowane, prosimy o Twoj\u0105 wcze\u015bniejsz\u0105 zgod\u0119. Za pomoc\u0105 plik\u00f3w cookies zbieramy informacje o korzystaniu z naszych us\u0142ug.<br\/>Cookies to ma\u0142e pliki z informacjami, kt\u00f3re Twoja przegl\u0105darka automatycznie zapisuje na komputerze. Dzi\u0119ki nim mo\u017cemy Ci\u0119 rozpozna\u0107 przy kolejnej wizycie. Pliki te nie s\u0142u\u017c\u0105 do identyfikacji konkretnych os\u00f3b, a jedynie komputer\u00f3w, cho\u0107 mog\u0105 zawiera\u0107 informacje o charakterze osobowym. Wykorzystanie plik\u00f3w cookies pozwala nam stale ulepsza\u0107 nasze us\u0142ugi i dostosowywa\u0107 je do \u017cycze\u0144 odwiedzaj\u0105cych \u2013 oczywi\u015bcie z pe\u0142nym poszanowaniem Twojej prywatno\u015bci.        <\/p>\n\n<h3 class=\"wp-block-heading\"><strong>Dlaczego korzystamy z plik\u00f3w cookies?<\/strong><\/h3>\n\n<p>Aby zapewni\u0107 lepsze funkcjonowanie strony internetowej.<br\/>Aby u\u0142atwi\u0107 korzystanie z serwisu.<br\/>Aby mierzy\u0107, czy odwiedzaj\u0105cy z \u0142atwo\u015bci\u0105 znajduj\u0105 na naszej stronie poszukiwane informacje.<\/p>\n\n<h3 class=\"wp-block-heading\"><strong>Jakie pliki cookies wykorzystujemy na tej stronie?<\/strong><\/h3>\n\n<p><strong>Google Analytics<\/strong><br\/>Niniejsza strona internetowa korzysta z Google Analytics, us\u0142ugi analizy ogl\u0105dalno\u015bci stron internetowych udost\u0119pnianej przez Google Inc. Informacje generowane przez plik cookie na temat korzystania z witryny przez u\u017cytkownika (w\u0142\u0105cznie z jego adresem IP) s\u0105 przesy\u0142ane do firmy Google i przechowywane przez ni\u0105 na serwerach w Stanach Zjednoczonych.<br\/>Google wykorzystuje te informacje w celu \u015bledzenia sposobu korzystania z witryny przez u\u017cytkownika, tworzenia raport\u00f3w dotycz\u0105cych ruchu na stronach dla ich operator\u00f3w oraz \u015bwiadczenia innych us\u0142ug zwi\u0105zanych z ruchem na witrynach i korzystaniem z internetu. Google mo\u017ce przekazywa\u0107 te informacje osobom trzecim, je\u015bli jest do tego zobowi\u0105zane przez prawo lub w zakresie, w jakim osoby trzecie przetwarzaj\u0105 te informacje w imieniu Google. Google nie b\u0119dzie \u0142\u0105czy\u0142o adresu IP u\u017cytkownika z \u017cadnymi innymi danymi b\u0119d\u0105cymi w jego posiadaniu.<\/p>\n\n<p><strong>Hotjar<\/strong><br\/>U\u017cywamy narz\u0119dzia <a href=\"https:\/\/www.hotjar.com\/\">Hotjar<\/a>, aby lepiej zrozumie\u0107 potrzeby naszych u\u017cytkownik\u00f3w oraz udoskonali\u0107 nasze us\u0142ugi i zwi\u0105zane z nimi do\u015bwiadczenia. Hotjar to us\u0142uga technologiczna, kt\u00f3ra pomaga nam analizowa\u0107 zachowania u\u017cytkownik\u00f3w, co pozwala nam ulepsza\u0107 stron\u0119 internetow\u0105 w oparciu o ich opinie.<br\/>Hotjar wykorzystuje pliki cookies i inne technologie do zbierania danych na temat zachowania u\u017cytkownik\u00f3w oraz ich urz\u0105dze\u0144 (w szczeg\u00f3lno\u015bci: adres\u00f3w IP urz\u0105dze\u0144 \u2013 rejestrowanych i przechowywanych wy\u0142\u0105cznie w formie zanonimizowanej, rozdzielczo\u015bci ekranu, typu urz\u0105dzenia \u2013 unikalne identyfikatory urz\u0105dze\u0144, informacji o przegl\u0105darce, lokalizacji geograficznej \u2013 wy\u0142\u0105cznie na poziomie kraju, oraz preferowanego j\u0119zyka wy\u015bwietlania naszej strony). Ta funkcjonalno\u015b\u0107 jest aktywowana dopiero po wyra\u017ceniu przez Ciebie zgody na umieszczenie plik\u00f3w cookies.<br\/>Hotjar przechowuje te informacje w pseudonimizowanym profilu u\u017cytkownika. Ani Hotjar, ani my nigdy nie b\u0119dziemy wykorzystywa\u0107 tych danych do identyfikacji poszczeg\u00f3lnych u\u017cytkownik\u00f3w ani do \u0142\u0105czenia ich z dalszymi danymi konkretnej osoby. Aby uzyska\u0107 wi\u0119cej informacji, zapoznaj si\u0119 z polityk\u0105 prywatno\u015bci Hotjar, klikaj\u0105c w <a href=\"https:\/\/www.hotjar.com\/privacy\/\">ten link<\/a>.       <\/p>\n\n<h3 class=\"wp-block-heading\"><strong>Sta\u0142e pliki cookie<\/strong><\/h3>\n\n<p>Dzi\u0119ki zastosowaniu sta\u0142ych plik\u00f3w cookies (permanent cookies) dbamy o to, aby\u015b nie musia\u0142 powtarza\u0107 niekt\u00f3rych czynno\u015bci. Rozpoznajemy preferencje ustawione przez Ciebie podczas poprzedniej wizyty na naszej stronie internetowej. Pozwala to zaoszcz\u0119dzi\u0107 czas i sprawia, \u017ce korzystanie z witryny jest przyjemniejsze. Sta\u0142e pliki cookies mo\u017cesz w ka\u017cdej chwili usun\u0105\u0107 w ustawieniach swojej przegl\u0105darki.   <\/p>\n\n<h3 class=\"wp-block-heading\"><strong>Pliki cookies sesyjne<\/strong><\/h3>\n\n<p>Sesyjne pliki cookies wykorzystujemy podczas Twojej wizyty i s\u0105 one automatycznie usuwane natychmiast po zamkni\u0119ciu przegl\u0105darki. Pozwalaj\u0105 nam one zapami\u0119ta\u0107, kt\u00f3re sekcje strony przegl\u0105dasz podczas danej sesji, dzi\u0119ki czemu mo\u017cemy lepiej dopasowa\u0107 nasze us\u0142ugi do Twoich potrzeb. <\/p>\n\n<h3 class=\"wp-block-heading\"><strong>Pliki cookies medi\u00f3w spo\u0142eczno\u015bciowych<\/strong><\/h3>\n\n<p>Na naszej stronie internetowej znajdziesz przyciski, kt\u00f3re umo\u017cliwiaj\u0105 promowanie naszych post\u00f3w lub stron w mediach spo\u0142eczno\u015bciowych. Mowa tu na przyk\u0142ad o polubieniu (\u201elike\u201d) przez Facebook, Instagram czy YouTube lub wys\u0142aniu tweeta przez platform\u0119 Twitter.<br\/>Przyciski te dzia\u0142aj\u0105 w oparciu o fragmenty kodu pochodz\u0105ce bezpo\u015brednio od samych platform spo\u0142eczno\u015bciowych. Za po\u015brednictwem tego kodu umieszczane s\u0105 pliki cookies, na co nie mamy wp\u0142ywu. Platformy spo\u0142eczno\u015bciowe w swoich o\u015bwiadczeniach o ochronie prywatno\u015bci okre\u015blaj\u0105, co robi\u0105 z Twoimi danymi za po\u015brednictwem tych ciasteczek.<br\/>Nasza strona korzysta r\u00f3wnie\u017c z Facebook Pixel. Narz\u0119dzie to sprawia, \u017ce w serwisie Facebook wy\u015bwietlaj\u0105 Ci si\u0119 odpowiednie tre\u015bci z naszej witryny. W ten spos\u00f3b mo\u017cemy lepiej dopasowa\u0107 nasz\u0105 ofert\u0119 online do Twoich potrzeb.        <\/p>\n\n<h3 class=\"wp-block-heading\"><strong>W\u0142asne \u015bledz\u0105ce pliki cookies<\/strong><\/h3>\n\n<p>O w\u0142asny \u015bledz\u0105cy plik cookie prosimy w momencie, gdy odwiedzasz witryn\u0119 z naszej sieci. Dzi\u0119ki temu mo\u017cemy dowiedzie\u0107 si\u0119, \u017ce opr\u00f3cz naszej strony odwiedzi\u0142e\u015b r\u00f3wnie\u017c inne powi\u0105zane serwisy z naszej sieci.<br\/>Budowany w ten spos\u00f3b profil nie jest powi\u0105zany z Twoim imieniem, nazwiskiem, adresem zamieszkania, adresem e-mail ani podobnymi danymi. S\u0142u\u017cy on wy\u0142\u0105cznie do dopasowania reklam do Twojego profilu, tak aby by\u0142y one dla Ciebie jak najbardziej istotne.  <\/p>\n\n<p><a href=\"https:\/\/gevelridder.nl\/pl\/polityka-prywatnosci\/#\">Dostosowa\u0107 bie\u017c\u0105ce preferencje dotycz\u0105ce plik\u00f3w cookies?<\/a><\/p>\n\n<h3 class=\"wp-block-heading\"><strong>Usuwanie plik\u00f3w cookie w przegl\u0105darce Internet Explorer<\/strong><\/h3>\n\n<p>Przejd\u017a do menu Narz\u0119dzia &gt; Opcje internetowe &gt; karta Og\u00f3lne. W sekcji Historia przegl\u0105dania kliknij Usu\u0144. Je\u015bli nie chcesz usuwa\u0107 wszystkiego, upewnij si\u0119 przynajmniej, \u017ce zaznaczona jest opcja Pliki cookie, a nast\u0119pnie kliknij Usu\u0144.   <\/p>\n\n<h3 class=\"wp-block-heading\"><strong>Usu\u0144 pliki cookie w przegl\u0105darce Firefox<\/strong><\/h3>\n\n<p>Przejd\u017a do Narz\u0119dzia &gt; Opcje &gt; karta Prywatno\u015b\u0107. Kliknij Wyczy\u015b\u0107 histori\u0119 przegl\u0105dania. W sekcji Szczeg\u00f3\u0142y mo\u017cesz zaznaczy\u0107, co dok\u0142adnie chcesz usun\u0105\u0107. Zaznacz w ka\u017cdym razie Ciasteczka. Mo\u017cesz r\u00f3wnie\u017c okre\u015bli\u0107 zakres czasowy usuwanych plik\u00f3w \u2013 wybierz Wszystko.     <\/p>\n\n<h3 class=\"wp-block-heading\"><strong>Usu\u0144 pliki cookie w przegl\u0105darce Chrome<\/strong><\/h3>\n\n<p>Kliknij ikon\u0119 z 3 liniami w prawym g\u00f3rnym rogu. Kliknij Narz\u0119dzia &gt; Wyczy\u015b\u0107 dane przegl\u0105dania\u2026 Upewnij si\u0119 przynajmniej, \u017ce opcja \u201eUsu\u0144 pliki cookie oraz inne dane witryn i wtyczek\u201d jest zaznaczona. Mo\u017cesz r\u00f3wnie\u017c okre\u015bli\u0107, z jakiego okresu maj\u0105 by\u0107 usuni\u0119te pliki cookie. Wybierz opcj\u0119 Wszystko.   <\/p>\n\n<h3 class=\"wp-block-heading\"><strong>Prawa autorskie i baza danych<\/strong><\/h3>\n\n<p>Wszelkie prawa autorskie oraz prawa do baz danych w odniesieniu do (tre\u015bci) naszej strony internetowej s\u0105 wyra\u017anie zastrze\u017cone. Prawa te s\u0105 w\u0142asno\u015bci\u0105 Gevelridder B.V. z siedzib\u0105 w Kapel Avezaath. <\/p>\n\n<h3 class=\"wp-block-heading\"><strong>Zmiany<\/strong><\/h3>\n\n<p>Zastrzegamy sobie prawo do zmiany naszej polityki prywatno\u015bci w dowolnym momencie. Na tej stronie zawsze jednak znajdziesz najnowsz\u0105 wersj\u0119. Dlatego regularnie sprawdzaj nasz\u0105 polityk\u0119 prywatno\u015bci na tej stronie internetowej.  <\/p>\n\n<h3 class=\"wp-block-heading\"><strong>Wyciek danych<\/strong><\/h3>\n\n<p>Je\u015bli uwa\u017casz, \u017ce znalaz\u0142e\u015b s\u0142aby punkt w jednej z naszych us\u0142ug (cyfrowych) \u2013 luk\u0119 w zabezpieczeniach \u2013 lub masz dost\u0119p do poufnych informacji, takich jak dane prywatne (<a href=\"https:\/\/autoriteitpersoonsgegevens.nl\/nl\/onderwerpen\/beveiliging\/meldplicht-datalekken#:~:text=Bij%20een%20datalek%20gaat%20het%20om%20ongeoorloofde%20of%20onbedoelde%20toegang,niet%20voor%20in%20de%20wet.\">wyciek danych<\/a>), chcieliby\u015bmy podj\u0105\u0107 z Tob\u0105 wsp\u00f3\u0142prac\u0119, aby jak najszybciej rozwi\u0105za\u0107 t\u0119 sytuacj\u0119. Dlatego prosimy Ci\u0119 o podzielenie si\u0119 z nami tymi informacjami. <\/p>\n\n<h3 class=\"wp-block-heading\"><strong>Masz skargi dotycz\u0105ce naszej polityki prywatno\u015bci?<\/strong><\/h3>\n\n<p>Masz skarg\u0119 dotycz\u0105c\u0105 sposobu, w jaki obchodzimy si\u0119 z Twoimi danymi osobowymi? Mo\u017cesz j\u0105 do nas zg\u0142osi\u0107, wysy\u0142aj\u0105c e-mail na adres info@gevelridder.nl z tematem \u201eSkarga\u201d. Na Twoje zg\u0142oszenie odpowiemy w ci\u0105gu 7 dni roboczych. Mo\u017cesz r\u00f3wnie\u017c z\u0142o\u017cy\u0107 skarg\u0119 do organu nadzorczego zajmuj\u0105cego si\u0119 ochron\u0105 danych osobowych (Autoriteit Persoonsgegevens).   <\/p>\n\n<p>Zastrzegamy sobie prawo do zmiany niniejszej polityki prywatno\u015bci. Zalecamy regularne sprawdzanie jej tre\u015bci, a w szczeg\u00f3lno\u015bci w momencie, gdy przekazujesz nam swoje dane osobowe.  <\/p>\n\n<h3 class=\"wp-block-heading\"><strong>Masz pytania dotycz\u0105ce naszej polityki prywatno\u015bci?<\/strong><\/h3>\n\n<p>Wy\u015blij e-mail na adres<a href=\"mailto:info@gevelridder.nl?subject=Reactie vanaf de website\" itemprop=\"email\" rel=\"norefferer\" style=\"text-decoration: none;\" target=\"_blank\">info@gevelridder.nl<\/a>. Mo\u017cesz skorzysta\u0107 z tego adresu r\u00f3wnie\u017c wtedy, gdy masz pytania dotycz\u0105ce swoich danych lub chcesz je zmieni\u0107. Nasz dzia\u0142 obs\u0142ugi klienta ch\u0119tnie Ci pomo\u017ce. Mo\u017cesz te\u017c przej\u015b\u0107 do sekcji <a href=\"https:\/\/gevelridder.nl\/pl\/kontakt\/\">kontakt<\/a>.   <\/p>\n","protected":false},"excerpt":{"rendered":"<p>Przy doradzaniu w zakresie naszych us\u0142ug i\/lub produkt\u00f3w oraz przy ich zakupie, prosimy o podanie Twoich danych osobowych. Firma Gevelridder [&hellip;]<\/p>\n","protected":false},"author":1,"featured_media":0,"parent":0,"menu_order":0,"comment_status":"closed","ping_status":"closed","template":"","meta":{"_acf_changed":false,"_seopress_robots_primary_cat":"","_seopress_titles_title":"","_seopress_titles_desc":"","_seopress_robots_index":"","footnotes":""},"class_list":["post-139855","page","type-page","status-publish","hentry"],"acf":[],"_links":{"self":[{"href":"https:\/\/gevelridder.nl\/pl\/wp-json\/wp\/v2\/pages\/139855","targetHints":{"allow":["GET"]}}],"collection":[{"href":"https:\/\/gevelridder.nl\/pl\/wp-json\/wp\/v2\/pages"}],"about":[{"href":"https:\/\/gevelridder.nl\/pl\/wp-json\/wp\/v2\/types\/page"}],"author":[{"embeddable":true,"href":"https:\/\/gevelridder.nl\/pl\/wp-json\/wp\/v2\/users\/1"}],"replies":[{"embeddable":true,"href":"https:\/\/gevelridder.nl\/pl\/wp-json\/wp\/v2\/comments?post=139855"}],"version-history":[{"count":1,"href":"https:\/\/gevelridder.nl\/pl\/wp-json\/wp\/v2\/pages\/139855\/revisions"}],"predecessor-version":[{"id":139856,"href":"https:\/\/gevelridder.nl\/pl\/wp-json\/wp\/v2\/pages\/139855\/revisions\/139856"}],"wp:attachment":[{"href":"https:\/\/gevelridder.nl\/pl\/wp-json\/wp\/v2\/media?parent=139855"}],"curies":[{"name":"wp","href":"https:\/\/api.w.org\/{rel}","templated":true}]}}