
{"id":139846,"date":"2023-08-24T08:13:20","date_gmt":"2023-08-24T08:13:20","guid":{"rendered":"https:\/\/gevelridder.nl\/strona-glowna\/"},"modified":"2023-08-24T08:13:20","modified_gmt":"2023-08-24T08:13:20","slug":"strona-glowna","status":"publish","type":"page","link":"https:\/\/gevelridder.nl\/pl\/","title":{"rendered":"Strona g\u0142\u00f3wna"},"content":{"rendered":"","protected":false},"excerpt":{"rendered":"","protected":false},"author":1,"featured_media":0,"parent":0,"menu_order":0,"comment_status":"closed","ping_status":"closed","template":"","meta":{"_acf_changed":false,"_seopress_robots_primary_cat":"","_seopress_titles_title":"AtoutL\u00e8ve : Des outils de levage simples et respectueux des conditions de travail","_seopress_titles_desc":"Od 30 lat AtoutL\u00e8ve jest niezawodnym dostawc\u0105 i doradc\u0105 w zakresie przyjaznych dla warunk\u00f3w pracy narz\u0119dzi do podnoszenia, takich jak produkty marki AtoutL\u00e8ve.","_seopress_robots_index":"","footnotes":""},"class_list":["post-139846","page","type-page","status-publish","hentry"],"acf":[],"_links":{"self":[{"href":"https:\/\/gevelridder.nl\/pl\/wp-json\/wp\/v2\/pages\/139846","targetHints":{"allow":["GET"]}}],"collection":[{"href":"https:\/\/gevelridder.nl\/pl\/wp-json\/wp\/v2\/pages"}],"about":[{"href":"https:\/\/gevelridder.nl\/pl\/wp-json\/wp\/v2\/types\/page"}],"author":[{"embeddable":true,"href":"https:\/\/gevelridder.nl\/pl\/wp-json\/wp\/v2\/users\/1"}],"replies":[{"embeddable":true,"href":"https:\/\/gevelridder.nl\/pl\/wp-json\/wp\/v2\/comments?post=139846"}],"version-history":[{"count":0,"href":"https:\/\/gevelridder.nl\/pl\/wp-json\/wp\/v2\/pages\/139846\/revisions"}],"wp:attachment":[{"href":"https:\/\/gevelridder.nl\/pl\/wp-json\/wp\/v2\/media?parent=139846"}],"curies":[{"name":"wp","href":"https:\/\/api.w.org\/{rel}","templated":true}]}}