
{"id":139691,"date":"2023-09-01T09:19:15","date_gmt":"2023-09-01T09:19:15","guid":{"rendered":"https:\/\/gevelridder.nl\/?page_id=139691"},"modified":"2026-05-04T09:47:27","modified_gmt":"2026-05-04T09:47:27","slug":"kontakt","status":"publish","type":"page","link":"https:\/\/gevelridder.nl\/pl\/kontakt\/","title":{"rendered":"Kontakt"},"content":{"rendered":"\n<h2 class=\"wp-block-heading\">Gevelridder B.V.<\/h2>\n\n\n\n<p>Nasze biuro sprzeda\u017cy, ekspedycja oraz showroom znajduj\u0105 si\u0119 w Tiel, na terenie przemys\u0142owym Kellen, w samym centrum Holandii. Tam mo\u017cesz osobi\u015bcie si\u0119 z nami skontaktowa\u0107. Wi\u0119kszo\u015b\u0107 produkt\u00f3w w naszym sklepie internetowym jest dost\u0119pna od r\u0119ki. Wysoka jako\u015b\u0107, szybki serwis i dba\u0142o\u015b\u0107 o klienta to nasze priorytety.<\/p>\n\n\n\n<p>Nie mo\u017cesz znale\u017a\u0107 produktu na naszej stronie? Daj nam zna\u0107! Chcesz najpierw obejrze\u0107 lub wypr\u00f3bowa\u0107 nasze produkty? Zadzwo\u0144 do nas, aby um\u00f3wi\u0107 si\u0119 na spotkanie w naszej siedzibie lub na wizyt\u0119 naszego specjalisty u Ciebie na miejscu.<\/p>\n","protected":false},"excerpt":{"rendered":"<p>Gevelridder B.V. Nasze biuro sprzeda\u017cy, ekspedycja oraz showroom znajduj\u0105 si\u0119 w Tiel, na terenie przemys\u0142owym Kellen, w samym centrum Holandii. [&hellip;]<\/p>\n","protected":false},"author":80,"featured_media":0,"parent":0,"menu_order":0,"comment_status":"closed","ping_status":"closed","template":"contact-page.php","meta":{"_acf_changed":false,"_seopress_robots_primary_cat":"","_seopress_titles_title":"","_seopress_titles_desc":"","_seopress_robots_index":"","footnotes":""},"class_list":["post-139691","page","type-page","status-publish","hentry"],"acf":[],"_links":{"self":[{"href":"https:\/\/gevelridder.nl\/pl\/wp-json\/wp\/v2\/pages\/139691","targetHints":{"allow":["GET"]}}],"collection":[{"href":"https:\/\/gevelridder.nl\/pl\/wp-json\/wp\/v2\/pages"}],"about":[{"href":"https:\/\/gevelridder.nl\/pl\/wp-json\/wp\/v2\/types\/page"}],"author":[{"embeddable":true,"href":"https:\/\/gevelridder.nl\/pl\/wp-json\/wp\/v2\/users\/80"}],"replies":[{"embeddable":true,"href":"https:\/\/gevelridder.nl\/pl\/wp-json\/wp\/v2\/comments?post=139691"}],"version-history":[{"count":3,"href":"https:\/\/gevelridder.nl\/pl\/wp-json\/wp\/v2\/pages\/139691\/revisions"}],"predecessor-version":[{"id":139701,"href":"https:\/\/gevelridder.nl\/pl\/wp-json\/wp\/v2\/pages\/139691\/revisions\/139701"}],"wp:attachment":[{"href":"https:\/\/gevelridder.nl\/pl\/wp-json\/wp\/v2\/media?parent=139691"}],"curies":[{"name":"wp","href":"https:\/\/api.w.org\/{rel}","templated":true}]}}