
{"id":134456,"date":"2026-04-03T09:37:21","date_gmt":"2026-04-03T09:37:21","guid":{"rendered":"https:\/\/gevelridder.nl\/?post_type=product&#038;p=134456"},"modified":"2026-04-08T12:31:27","modified_gmt":"2026-04-08T12:31:27","slug":"carve-250kg-2-0","status":"publish","type":"product","link":"https:\/\/gevelridder.nl\/fr\/produit\/carve-250kg-2-0\/","title":{"rendered":"Carve 250kg 2.0"},"content":{"rendered":"\n<h2 class=\"wp-block-heading\"><strong>Le chariot CARVE 250 kg pour panneaux, portes et vitres<\/strong><\/h2>\n\n\n\n<h2 class=\"wp-block-heading\">Le moyen de transport pour panneaux, verre, portes et plans de travail et plateaux en pierre naturelle !<\/h2>\n\n\n\n<p>Tu cherches un moyen efficace et fiable de transporter panneaux, verre, portes mais surtout plans de travail et plateaux en pierre naturelle, m\u00eame dans les espaces les plus restreints ? Alors nous avons de bonnes nouvelles pour toi !<\/p>\n\n\n\n<p><strong>Introduction des chariots de transport CARVE 250 et CARVE 500 kg pour panneaux<\/strong><br>Con\u00e7us en pensant au professionnel. Ces chariots \u00e0 panneaux combinent force, flexibilit\u00e9 et style pour t\u2019offrir la solution de transport parfaite.<\/p>\n\n\n\n<p><strong>Pourquoi le CARVE devrait \u00eatre ton prochain achat :<\/strong><\/p>\n\n\n\n<ol class=\"wp-block-list\">\n<li><strong>Maniabilit\u00e9 exceptionnelle :<\/strong>\u00a0Avec un essieu fixe au centre et des roulettes pivotantes doubles \u00e0 l\u2019avant comme \u00e0 l\u2019arri\u00e8re, le CARVE man\u0153uvre sans effort dans les espaces restreints \u2013 id\u00e9al pour transporter plans de travail et plateaux en pierre naturelle.<\/li>\n\n\n\n<li><strong>Polyvalent :<\/strong>\u00a0Que tu veuilles l\u2019utiliser comme tra\u00eeneau ou que tu ressentes le besoin d\u2019attacher des pinces de serrage pour plus de s\u00e9curit\u00e9 ; le CARVE offre les deux options !<\/li>\n\n\n\n<li><strong>Design \u00e9l\u00e9gant et pratique :<\/strong>\u00a0Le rev\u00eatement en feutre anthracite donne non seulement au CARVE un look \u00e9l\u00e9gant, mais prot\u00e8ge aussi tes mat\u00e9riaux contre les rayures et les dommages.<\/li>\n\n\n\n<li><strong>S\u00e9curit\u00e9 suppl\u00e9mentaire :<\/strong>\u00a0Aucun souci de chocs ou rayures gr\u00e2ce aux pare-chocs avant et arri\u00e8re rembourr\u00e9s.<\/li>\n\n\n\n<li><strong>Compacit\u00e9 et facilit\u00e9 :<\/strong>\u00a0Avec une longueur de 140 cm et une cote utile de 60 mm, le CARVE est facile \u00e0 transporter et ranger.<\/li>\n\n\n\n<li><strong>Design franchit-seuils :<\/strong>\u00a0La construction unique du CARVE rend tr\u00e8s facile de passer par-dessus les obstacles sans d\u00e9stabiliser le chargement.<\/li>\n<\/ol>\n\n\n\n<p><strong>Conclusion :<\/strong><br>Que tu travailles dans la construction, l\u2019am\u00e9nagement int\u00e9rieur, la r\u00e9novation ou dans l\u2019industrie de la pierre naturelle, le chariot CARVE pour panneaux et verre est un outil indispensable. Maniable, durable et \u00e9l\u00e9gant ; Avec ce chariot, le transport devient un jeu d\u2019enfant.<\/p>\n\n\n\n<h4 class=\"wp-block-heading\">TNO \u2013 Fiche d\u2019information sur la charge physique de travail 2018<\/h4>\n\n\n\n<p>Outre la pression psychosociale au travail, la charge physique reste la principale cause de maladies professionnelles et d\u2019absent\u00e9isme. Voici une fiche d\u2019information de TNO avec des chiffres de juin 2018, alors utilise les aides au levage d\u2019AtoutL\u00e8ve !<\/p>\n\n\n\n<h4 class=\"wp-block-heading\">Soulever et porter<\/h4>\n\n\n\n<p>Soulever, c\u2019est prendre et d\u00e9poser une charge avec tes mains, sans te d\u00e9placer. Si tu bouges quelque chose en marchant pendant que tu soul\u00e8ves, on appelle \u00e7a porter. Avec ces conseils, tu peux \u00e9viter les probl\u00e8mes de sant\u00e9.<\/p>\n\n\n\n<p>Quels probl\u00e8mes peux-tu rencontrer ? Soulever et porter au travail est une cause importante de probl\u00e8mes physiques, tels que des douleurs dans le bas du dos, les \u00e9paules, le cou, les genoux et les hanches. Tu peux aussi avoir des probl\u00e8mes de dos en soulevant des objets avec le dos courb\u00e9 ou tordu.<\/p>\n\n\n\n<p>Pour ce chariot \u00e0 plaques sur pneus gonflables, tu es donc \u00e0 la bonne adresse chez AtoutL\u00e8ve. Assure-toi que les chariots (mais aussi les supports de verre) soient toujours de niveau pour \u00e9viter que le verre ne tombe !<\/p>\n","protected":false},"excerpt":{"rendered":"<p><strong>Le Chariot \u00e0 vitres \/ chariot de transport \/ chariot \u00e0 panneaux CARVE l\u00e9ger : Parfait pour le montage de verre (triple), portes et plans de travail dans les espaces restreints.<\/strong><\/p>\n<p><strong>Nouveau : maintenant avec pare-chocs en caoutchouc et amortisseur avant et arri\u00e8re<\/strong>.\u00a0<strong>Le Carve 2.0<\/strong><\/p>\n<p><strong>\u2714\u00a0L= 150 cm, H=20 cm, L=47 cm<\/strong><\/p>\n<p><strong>\u2714<\/strong><strong>\u00a0Pare-chocs (nouveau).<\/strong><\/p>\n<p><strong>\u2714<\/strong><strong>\u00a0<\/strong><strong>CMU 250 kg.<\/strong><\/p>\n<p><strong>\u2714\u00a0Poids propre 8 kg.<\/strong><\/p>\n<p><strong>\u2714<\/strong><strong>\u00a0Avec pneus gonflables (bon amortissement).<\/strong><\/p>\n<p><strong>\u2714<\/strong><strong>\u00a0Pare-chocs de s\u00e9curit\u00e9 contre le basculement du chariot.<\/strong><\/p>\n<p><strong>x<\/strong>\u00a0<strong>Sangles de serrage non incluses<\/strong><\/p>\n<p>\u2660\u00a0<strong>Sangle de serrage \u00e0 commander s\u00e9par\u00e9ment :<\/strong><\/p>\n<ul>\n<li><a href=\"https:\/\/gevelridder.nl\/fr\/product\/serre-joint-alu-pour-chariot-a-vitres\/\">Sangle de serrage Alu (conseil)<\/a><\/li>\n<li><a href=\"https:\/\/gevelridder.nl\/fr\/product\/bride-de-serrage-pour-chariot-a-vitres-1-0-en-acier\/\">Sangle de serrage Acier<\/a><\/li>\n<li><a href=\"https:\/\/gevelridder.nl\/fr\/product\/lance-de-fixation-pour-le-chariot-a-panneaux\/\">Sangle de serrage<\/a><\/li>\n<\/ul>\n","protected":false},"featured_media":132969,"template":"","meta":{"_acf_changed":false,"_seopress_robots_primary_cat":"","_seopress_titles_title":"","_seopress_titles_desc":"","_seopress_robots_index":""},"product_brand":[],"product_cat":[891,892,893,895],"product_tag":[991,1036,1474,993,1081,1015,1030,1057,1327,1333,1336,1653,1654],"class_list":{"0":"post-134456","1":"product","2":"type-product","3":"status-publish","4":"has-post-thumbnail","6":"product_cat-chariot-a-panneaux-et-a-vitres","7":"product_cat-chariots","8":"product_cat-chariots-de-facade","9":"product_cat-diable-a-vitres","10":"product_tag-carve","11":"product_tag-chariot-a-chassis-2","12":"product_tag-chariot-a-chassis","13":"product_tag-chariot-a-portes","14":"product_tag-chariot-a-triple-vitrage","15":"product_tag-chariot-a-vitres","16":"product_tag-chariot-a-vitres-chariot-a-panneaux","17":"product_tag-chariots-a-panneaux","18":"product_tag-transport-de-verre-2","19":"product_tag-transport-de-verre","20":"product_tag-transport-de-verre-a-la-main","21":"product_tag-triple","22":"product_tag-verre-lourd","23":"product_shipping_class-colis-160-50-40","25":"first","26":"instock","27":"taxable","28":"shipping-taxable","29":"purchasable","30":"product-type-simple"},"acf":[],"_links":{"self":[{"href":"https:\/\/gevelridder.nl\/fr\/wp-json\/wp\/v2\/product\/134456","targetHints":{"allow":["GET"]}}],"collection":[{"href":"https:\/\/gevelridder.nl\/fr\/wp-json\/wp\/v2\/product"}],"about":[{"href":"https:\/\/gevelridder.nl\/fr\/wp-json\/wp\/v2\/types\/product"}],"wp:featuredmedia":[{"embeddable":true,"href":"https:\/\/gevelridder.nl\/fr\/wp-json\/wp\/v2\/media\/132969"}],"wp:attachment":[{"href":"https:\/\/gevelridder.nl\/fr\/wp-json\/wp\/v2\/media?parent=134456"}],"wp:term":[{"taxonomy":"product_brand","embeddable":true,"href":"https:\/\/gevelridder.nl\/fr\/wp-json\/wp\/v2\/product_brand?post=134456"},{"taxonomy":"product_cat","embeddable":true,"href":"https:\/\/gevelridder.nl\/fr\/wp-json\/wp\/v2\/product_cat?post=134456"},{"taxonomy":"product_tag","embeddable":true,"href":"https:\/\/gevelridder.nl\/fr\/wp-json\/wp\/v2\/product_tag?post=134456"}],"curies":[{"name":"wp","href":"https:\/\/api.w.org\/{rel}","templated":true}]}}