
{"id":134245,"date":"2026-03-24T08:17:11","date_gmt":"2026-03-24T08:17:11","guid":{"rendered":"https:\/\/gevelridder.nl\/product\/quattro-lift-combi-200\/"},"modified":"2026-04-06T18:59:04","modified_gmt":"2026-04-06T18:59:04","slug":"quattro-lift-combi-200","status":"publish","type":"product","link":"https:\/\/gevelridder.nl\/fr\/produit\/quattro-lift-combi-200\/","title":{"rendered":"Quattro-lift Combi 200"},"content":{"rendered":"\n<h2 class=\"wp-block-heading\">Quattro lift Combi 200<\/h2>\n\n\n\n<p>Avec ce Quattro-lift Combi 200, vous pouvez installer 200 kg de verre tout seul, sans aide suppl\u00e9mentaire. Cet excellent \u00e9l\u00e9vateur de montage pour le professionnel peut \u00e9galement \u00eatre transform\u00e9 en un&nbsp;<a href=\"https:\/\/gevelridder.nl\/fr\/?post_type=product&amp;p=128746\" target=\"_blank\" rel=\"noreferrer noopener\">Quattro lift<\/a>&nbsp;\u00ab normal \u00bb sans chariot \u00e0 billes. D\u2019une pierre deux coups. Ce l\u00e8ve-vitre est la Mercedes des chariots combin\u00e9s de transport et de pose, fabriqu\u00e9 en Australie. Il est extr\u00eamement robuste, compact, intelligent et ne se compose que de petits segments maniables. Le chariot de montage est \u00e9quip\u00e9 d\u2019un frein au pied lourd et solide.<\/p>\n\n\n\n<p>Avec le Quattro lift sans chariot de lest, vous ne pouvez placer que jusqu\u2019\u00e0 80 kg de verre seul, 150 kg \u00e0 deux et 200 kg \u00e0 trois, sans enfreindre la r\u00e9glementation en mati\u00e8re de levage. Vous avez d\u00e9j\u00e0 un Quattro lift 200 ? Vous pouvez alors acheter le chariot de lest s\u00e9par\u00e9ment. Appelez-nous pour plus d\u2019informations.<\/p>\n\n\n\n<p>Un l\u00e8ve-vitre mobile pratique pour tourner, transporter et placer le verre. Vous pouvez \u00e9galement acheter une extension inf\u00e9rieure pour un montant suppl\u00e9mentaire de 187 euros afin de pouvoir ramasser le verre plus bas.<\/p>\n\n\n\n<p>Pourquoi louer ou acheter un Glass Robot co\u00fbteux ? Dans le cadre des calculs d\u2019azote, le Quattro lift est \u00e9galement id\u00e9al pour les constructions \u00e0 proximit\u00e9 des zones Natura 2000. Il n\u2019est pas n\u00e9cessaire d\u2019utiliser des combustibles fossiles suppl\u00e9mentaires pour amener le robot \u00e0 verre co\u00fbteux sur le site et l\u2019y faire fonctionner. Le Quattro lift Combi est un \u00e9l\u00e9vateur de montage compact facile \u00e0 transporter dans votre camionnette, et l\u2019appareil ne fonctionne pas \u00e0 l\u2019\u00e9lectricit\u00e9 ou aux combustibles fossiles. carburant, durable, s\u00fbr, efficace et \u00e0 la main !<\/p>\n\n\n\n<p>L\u2019adorable koala, symbole de l\u2019Australie, est fier de ce chariot. En raison de son apparence d\u2019ours en peluche, il est souvent consid\u00e9r\u00e9 \u00e0 tort comme un ours. \u00ab Koala \u00bb vient de Dharuk, une langue aborig\u00e8ne \u00e9teinte. Cela signifierait quelque chose comme \u00ab ne boit pas \u00bb, faisant r\u00e9f\u00e9rence au fait que le koala boit rarement. Le Quattro lift Combi 200 ne boit pas non plus, alors levons le verre sur ce beau chariot !<\/p>\n\n\n\n<p>Si vous souhaitez recevoir des informations d\u00e9taill\u00e9es ou une d\u00e9monstration sans engagement dans notre salle d\u2019exposition au centre du pays, veuillez nous contacter.<\/p>\n\n\n\n<h2 class=\"wp-block-heading\">Lever le verre \u00e0 la main ?<\/h2>\n\n\n\n<p>Le verre est encore r\u00e9guli\u00e8rement lev\u00e9 et port\u00e9 \u00e0 la main, m\u00eame si ce n\u2019est pas n\u00e9cessaire. Parfois, les moyens de levage et de transport appropri\u00e9s font d\u00e9faut, parfois c\u2019est d\u00fb \u00e0 la paresse de l\u2019employ\u00e9. Le verre peut \u00eatre lev\u00e9 manuellement si les plaques de verre ne sont pas trop grandes et trop lourdes et qu\u2019elles n\u2019ont pas besoin d\u2019\u00eatre transport\u00e9es trop loin. Mais il est \u00e9galement pr\u00e9f\u00e9rable d\u2019utiliser des moyens de levage pour votre propre s\u00e9curit\u00e9.<\/p>\n\n\n\n<p>Mais si vous voulez prendre le risque d\u2019avoir mal au dos toute votre vie, nous, on ne le fait pas !<\/p>\n\n\n\n<p>Voir aussi le catalogue Arbo pour le secteur du verre plat<\/p>\n\n\n\n<p>Une bonne alternative \u00e0 ce produit est l\u2019achat d\u2019un&nbsp;<a href=\"https:\/\/gevelridder.nl\/fr\/?post_type=product&amp;p=128901\">kit AtoutL\u00e8ve<\/a>, avec lequel vous pouvez effectuer encore plus de travail. Ce kit se compose d\u2019un chariot \u00e0 verre, d\u2019un AtoutL\u00e8ve M Hybride, d\u2019une ventouse et de deux pinces de serrage.<\/p>\n\n\n\n<p>Les causes les plus fr\u00e9quentes d\u2019accidents et de blessures sont :<\/p>\n\n\n\n<ul class=\"wp-block-list\">\n<li>Coupures lors de la manipulation du verre<\/li>\n\n\n\n<li>Surcharge physique due au levage et au port de plaques de verre lourdes<\/li>\n\n\n\n<li>Tr\u00e9bucher, glisser ou tomber<\/li>\n\n\n\n<li>\u00catre frapp\u00e9 par une charge qui tombe<\/li>\n<\/ul>\n\n\n\n<p>Principaux risques :<\/p>\n\n\n\n<ul class=\"wp-block-list\">\n<li>Charge physique<\/li>\n\n\n\n<li>\u00catre touch\u00e9 par des mat\u00e9riaux (qui tombent)<\/li>\n\n\n\n<li>Risque de coupure<\/li>\n\n\n\n<li>Tr\u00e9bucher, tomber et glisser<\/li>\n<\/ul>\n\n\n\n<p>Solutions pour les risques :<\/p>\n\n\n\n<ul class=\"wp-block-list\">\n<li>Levage et transport manuels s\u00fbrs<\/li>\n\n\n\n<li>Pr\u00e9venir les blessures lat\u00e9rales<\/li>\n\n\n\n<li>Pr\u00e9venir les chutes, les glissades et les tr\u00e9buchements<\/li>\n\n\n\n<li>L\u2019EPI adapt\u00e9 \u00e0 chaque action !<\/li>\n<\/ul>\n\n\n\n<p>Exactement, donc AtoutL\u00e8ve !<\/p>\n\n\n\n<p>Chez AtoutL\u00e8ve, vous pouvez commander facilement et en toute s\u00e9curit\u00e9 sur le site. Tous les produits sont en stock et rapidement disponibles.<\/p>\n","protected":false},"excerpt":{"rendered":"<p>\u2714\u00a0Utilisable avec ou sans chariot de lest.<\/p>\n<p>\u2714\u00a0Sans chariot de lest 80 kg, avec chariot de lest 200 kg \u00e0 lever seul !<\/p>\n<p>\u2714\u00a0Avec deux grandes ventouses \u00e0 pompe manuelle.<\/p>\n<p>\u2714\u00a0CMU 200 kg.<\/p>\n<p>\u2714\u00a0Poids propre environ 44 kg, chariot de lest 170 kg.<\/p>\n<p>\u2714\u00a0Avec Side-shift !<\/p>\n<p>\u2714\u00a0Fonction de rotation dans le plan et hors plan.<\/p>\n","protected":false},"featured_media":131816,"template":"","meta":{"_acf_changed":false,"_seopress_robots_primary_cat":"none","_seopress_titles_title":"","_seopress_titles_desc":"","_seopress_robots_index":""},"product_brand":[],"product_cat":[899],"product_tag":[997,1452,1632,1629,1905,1164,1327,1907],"class_list":{"0":"post-134245","1":"product","2":"type-product","3":"status-publish","4":"has-post-thumbnail","6":"product_cat-monte-vitre","7":"product_tag-atoutleve","8":"product_tag-chariot-2","9":"product_tag-plaatsingskar","10":"product_tag-placement-de-verre","11":"product_tag-quattro-lift","12":"product_tag-revendeur-atoutleve","13":"product_tag-transport-de-verre-2","14":"product_tag-transport-glas-hand","15":"product_shipping_class-europalette","17":"first","18":"onbackorder","19":"taxable","20":"shipping-taxable","21":"purchasable","22":"product-type-simple"},"acf":[],"_links":{"self":[{"href":"https:\/\/gevelridder.nl\/fr\/wp-json\/wp\/v2\/product\/134245","targetHints":{"allow":["GET"]}}],"collection":[{"href":"https:\/\/gevelridder.nl\/fr\/wp-json\/wp\/v2\/product"}],"about":[{"href":"https:\/\/gevelridder.nl\/fr\/wp-json\/wp\/v2\/types\/product"}],"wp:featuredmedia":[{"embeddable":true,"href":"https:\/\/gevelridder.nl\/fr\/wp-json\/wp\/v2\/media\/131816"}],"wp:attachment":[{"href":"https:\/\/gevelridder.nl\/fr\/wp-json\/wp\/v2\/media?parent=134245"}],"wp:term":[{"taxonomy":"product_brand","embeddable":true,"href":"https:\/\/gevelridder.nl\/fr\/wp-json\/wp\/v2\/product_brand?post=134245"},{"taxonomy":"product_cat","embeddable":true,"href":"https:\/\/gevelridder.nl\/fr\/wp-json\/wp\/v2\/product_cat?post=134245"},{"taxonomy":"product_tag","embeddable":true,"href":"https:\/\/gevelridder.nl\/fr\/wp-json\/wp\/v2\/product_tag?post=134245"}],"curies":[{"name":"wp","href":"https:\/\/api.w.org\/{rel}","templated":true}]}}