
{"id":134238,"date":"2026-03-24T11:38:29","date_gmt":"2026-03-24T11:38:29","guid":{"rendered":"https:\/\/gevelridder.nl\/product\/quattro-lift-kit-de-pompe-auto\/"},"modified":"2026-04-06T19:00:05","modified_gmt":"2026-04-06T19:00:05","slug":"quattro-lift-kit-de-pompe-auto","status":"publish","type":"product","link":"https:\/\/gevelridder.nl\/fr\/produit\/quattro-lift-kit-de-pompe-auto\/","title":{"rendered":"Quattro-lift Kit de Pompe Auto"},"content":{"rendered":"\n<h2 class=\"wp-block-heading\">Quattro-lift Kit de Pompe Auto<\/h2>\n\n\n\n<p>Le syst\u00e8me de vide \u00e0 batterie, le Kit de Pompe Auto Quattro-lift, est con\u00e7u pour permettre aux op\u00e9rateurs d\u2019utiliser l\u2019Express en ayant la confiance que le vide est maintenu automatiquement.<\/p>\n\n\n\n<p>Cependant, aucun syst\u00e8me n\u2019est garanti 100% s\u00fbr, mais celui-ci donne un plus grand sentiment de s\u00e9curit\u00e9. Il est crucial que les op\u00e9rateurs v\u00e9rifient r\u00e9guli\u00e8rement le compteur sur le bo\u00eetier de vide \u00e0 batterie pour s\u2019assurer que le compteur est au-dessus de 17 pouces Hg.<\/p>\n\n\n\n<p>Assure-toi toujours que personne ne se trouve devant ou sous le verre \u00e0 aucun moment, cela s\u2019applique d\u2019ailleurs \u00e0 tout moment lors du travail avec une charge \u00e0 soulever.<\/p>\n\n\n\n<p>Le cadre en H doit \u00eatre utilis\u00e9 avec QUATRE ventouses. Bien que chaque ventouse de 300 mm ait une limite de charge de travail (WLL) de 100 kg. La WLL du cadre en H Express avec DEUX, TROIS ou QUATRE ventouses de 300 mm est de 200 kg, m\u00eame avec le Kit de Pompe Auto Quattro-lift.<\/p>\n\n\n\n<h3 class=\"wp-block-heading\">INSTRUCTIONS DE MONTAGE Kit de Pompe Auto Quattro-lift<\/h3>\n\n\n\n<p>Lors du montage de l\u2019Express avec le syst\u00e8me de vide \u00e0 batterie, toutes les descriptions ci-dessous sont bas\u00e9es sur l\u2019op\u00e9rateur se tenant DERRI\u00c8RE l\u2019Express (c\u2019est-\u00e0-dire PAS du c\u00f4t\u00e9 verre de la machine). La pompe \u00e0 vide est mieux utilis\u00e9e avec le CADRE EN H, mais peut aussi \u00eatre install\u00e9e sur le bras de chargement unique de l\u2019Express. Fais cependant attention \u00e0 ne pas trop \u00e9tirer les c\u00e2bles de vide et d\u2019alimentation qui relient l\u2019unit\u00e9.<\/p>\n\n\n\n<p>Assure-toi que le c\u00e2ble de la batterie est connect\u00e9 \u00c0 L\u2019INT\u00c9RIEUR du bo\u00eetier de batterie. Tu peux t\u00e9l\u00e9charger le manuel ici.<\/p>\n","protected":false},"excerpt":{"rendered":"<p>Le syst\u00e8me de vide \u00e0 batterie pour le Quattro lift Express offre commodit\u00e9 et contr\u00f4le automatique du vide. Bien qu\u2019aucun syst\u00e8me ne soit 100% s\u00fbr, ce syst\u00e8me offre plus de confort, surtout si tu dois placer beaucoup de verre en une journ\u00e9e. Les op\u00e9rateurs doivent r\u00e9guli\u00e8rement v\u00e9rifier le vacuom\u00e8tre et s\u2019assurer que personne ne se trouve devant ou sous le verre. Il s\u2019agit ici d\u2019un mod\u00e8le de d\u00e9monstration. Pas de garantie mais fonctionne tr\u00e8s bien.<\/p>\n","protected":false},"featured_media":0,"template":"","meta":{"_acf_changed":false,"_seopress_robots_primary_cat":"none","_seopress_titles_title":"","_seopress_titles_desc":"","_seopress_robots_index":""},"product_brand":[],"product_cat":[899,902],"product_tag":[1305,997,1264,1299,1632,1024,1906,1905,1122],"class_list":{"0":"post-134238","1":"product","2":"type-product","3":"status-publish","5":"product_cat-monte-vitre","6":"product_cat-outlet","7":"product_tag-assembler-le-verre","8":"product_tag-atoutleve","9":"product_tag-leve-verre-2","10":"product_tag-location-de-leve-verre","11":"product_tag-plaatsingskar","12":"product_tag-pose-de-verre","13":"product_tag-quattro","14":"product_tag-quattro-lift","15":"product_tag-tout-pour-le-verre","16":"product_shipping_class-25-euros","18":"first","19":"instock","20":"sale","21":"sold-individually","22":"taxable","23":"shipping-taxable","24":"purchasable","25":"product-type-simple"},"acf":[],"_links":{"self":[{"href":"https:\/\/gevelridder.nl\/fr\/wp-json\/wp\/v2\/product\/134238","targetHints":{"allow":["GET"]}}],"collection":[{"href":"https:\/\/gevelridder.nl\/fr\/wp-json\/wp\/v2\/product"}],"about":[{"href":"https:\/\/gevelridder.nl\/fr\/wp-json\/wp\/v2\/types\/product"}],"wp:attachment":[{"href":"https:\/\/gevelridder.nl\/fr\/wp-json\/wp\/v2\/media?parent=134238"}],"wp:term":[{"taxonomy":"product_brand","embeddable":true,"href":"https:\/\/gevelridder.nl\/fr\/wp-json\/wp\/v2\/product_brand?post=134238"},{"taxonomy":"product_cat","embeddable":true,"href":"https:\/\/gevelridder.nl\/fr\/wp-json\/wp\/v2\/product_cat?post=134238"},{"taxonomy":"product_tag","embeddable":true,"href":"https:\/\/gevelridder.nl\/fr\/wp-json\/wp\/v2\/product_tag?post=134238"}],"curies":[{"name":"wp","href":"https:\/\/api.w.org\/{rel}","templated":true}]}}