
{"id":134234,"date":"2026-03-24T11:36:30","date_gmt":"2026-03-24T11:36:30","guid":{"rendered":"https:\/\/gevelridder.nl\/product\/quattro-lift-350cwa\/"},"modified":"2026-04-06T18:58:29","modified_gmt":"2026-04-06T18:58:29","slug":"quattro-lift-350cwa","status":"publish","type":"product","link":"https:\/\/gevelridder.nl\/fr\/produit\/quattro-lift-350cwa\/","title":{"rendered":"Quattro-lift 350CWA"},"content":{"rendered":"\n<h2 class=\"wp-block-heading\">Ergonomie et efficacit\u00e9 avec le Quattro-lift 350CWA<\/h2>\n\n\n\n<p>L\u2019ergonomie et l\u2019efficacit\u00e9 se rejoignent avec le Quattro-lift 350CWA : Un travail sans \u00e9missions et confortable<\/p>\n\n\n\n<p>D\u00e9couvre le QuattroLift 350, la solution de levage ultime qui combine ergonomie, orientation client et performances sans \u00e9missions. Avec une capacit\u00e9 de levage jusqu\u2019\u00e0 350 kg et la possibilit\u00e9 d\u2019\u00eatre utilis\u00e9 par une ou deux personnes, cette machine est id\u00e9ale pour le vitrage dans les espaces confin\u00e9s. Avec des fonctionnalit\u00e9s comme des pr\u00e9henseurs \u00e0 vide inclinables, rotatifs et coulissants lat\u00e9ralement, un entra\u00eenement \u00e9lectrique et des ventouses flexibles, le QuattroLift 350 offre une polyvalence et un confort in\u00e9gal\u00e9s.<\/p>\n\n\n\n<ul class=\"wp-block-list\">\n<li>Efficacit\u00e9 sans \u00e9missions : Avec le Quattro-lift 350CWA, tu peux profiter d\u2019un travail efficace sans \u00e9missions nocives. L\u2019entra\u00eenement \u00e9lectrique sur les roues arri\u00e8re assure des performances silencieuses et \u00e9cologiques, m\u00eame sur des terrains accident\u00e9s et des chantiers. Le syst\u00e8me de vide fonctionne sur batteries, te donnant la flexibilit\u00e9 sans d\u00e9pendre de sources d\u2019alimentation externes. Cela rend le QuattroLift 350 non seulement bon pour l\u2019environnement, mais aussi pour ta productivit\u00e9.<\/li>\n\n\n\n<li>Flexibilit\u00e9 et s\u00e9curit\u00e9 : Avec quatre ventouses flexibles r\u00e9glables de 300 mm et la possibilit\u00e9 d\u2019avoir 1 ou 2 syst\u00e8mes de vide totalement ind\u00e9pendants, le QuattroLift 350 offre une adh\u00e9rence et une stabilit\u00e9 maximales lors du levage de verre ou d\u2019autres mat\u00e9riaux. De plus, le verre peut \u00eatre inclin\u00e9 lat\u00e9ralement pour un transport sans probl\u00e8me \u00e0 travers les passages \u00e9troits. La machine \u00e9tant \u00e9quip\u00e9e de s\u00e9rie de contrepoids et d\u2019une conception brevet\u00e9e favorisant le confort et la s\u00e9curit\u00e9, tu peux travailler en toute confiance, sachant que ton corps et ton environnement sont prot\u00e9g\u00e9s.<\/li>\n<\/ul>\n\n\n\n<p>Facilit\u00e9 de transport et d\u2019assemblage : Le QuattroLift 350 est con\u00e7u pour un transport facile et un assemblage rapide. La machine peut \u00eatre facilement transport\u00e9e dans une camionnette et rapidement mont\u00e9e sur le lieu de destination. Avec sa conception compacte et ses fonctionnalit\u00e9s conviviales, le QuattroLift 350 est le partenaire id\u00e9al pour les vitriers et autres professionnels \u00e0 la recherche d\u2019efficacit\u00e9, de fiabilit\u00e9 et de confort.<\/p>\n\n\n\n<h3 class=\"wp-block-heading\">Conclusion Quattro-lift 350CWA<\/h3>\n\n\n\n<p>Avec le QuattroLift 350, tu \u00e9l\u00e8ves l\u2019ergonomie, l\u2019efficacit\u00e9 et le travail sans \u00e9missions \u00e0 un niveau sup\u00e9rieur. Gr\u00e2ce \u00e0 ses fonctionnalit\u00e9s polyvalentes, son excellente adh\u00e9rence, son entra\u00eenement \u00e9lectrique et son transport facile, cette solution de levage est id\u00e9ale pour le vitrage dans les espaces confin\u00e9s et autres applications o\u00f9 la pr\u00e9cision et le confort sont essentiels. D\u00e9couvre toi-m\u00eame les avantages du QuattroLift 350 et am\u00e9liore ton exp\u00e9rience de travail d\u00e8s aujourd\u2019hui.<\/p>\n","protected":false},"excerpt":{"rendered":"<p>D\u00e9couvre le QuattroLift 350, la solution de levage ultime qui combine ergonomie, orientation client et performances sans \u00e9missions. Avec une capacit\u00e9 de levage jusqu\u2019\u00e0 350 kg et la possibilit\u00e9 d\u2019\u00eatre utilis\u00e9 par une ou deux personnes, cette machine est id\u00e9ale pour le vitrage dans les espaces confin\u00e9s. Avec des fonctionnalit\u00e9s comme des pr\u00e9henseurs \u00e0 vide inclinables, rotatifs et coulissants lat\u00e9ralement, un entra\u00eenement \u00e9lectrique et des ventouses flexibles, le QuattroLift 350 offre une polyvalence et un confort in\u00e9gal\u00e9s.<\/p>\n","protected":false},"featured_media":131923,"template":"","meta":{"_acf_changed":false,"_seopress_robots_primary_cat":"none","_seopress_titles_title":"","_seopress_titles_desc":"","_seopress_robots_index":""},"product_brand":[],"product_cat":[899],"product_tag":[997,1632],"class_list":{"0":"post-134234","1":"product","2":"type-product","3":"status-publish","4":"has-post-thumbnail","6":"product_cat-monte-vitre","7":"product_tag-atoutleve","8":"product_tag-plaatsingskar","9":"product_shipping_class-190-euros","11":"first","12":"onbackorder","13":"taxable","14":"shipping-taxable","15":"purchasable","16":"product-type-simple"},"acf":[],"_links":{"self":[{"href":"https:\/\/gevelridder.nl\/fr\/wp-json\/wp\/v2\/product\/134234","targetHints":{"allow":["GET"]}}],"collection":[{"href":"https:\/\/gevelridder.nl\/fr\/wp-json\/wp\/v2\/product"}],"about":[{"href":"https:\/\/gevelridder.nl\/fr\/wp-json\/wp\/v2\/types\/product"}],"wp:featuredmedia":[{"embeddable":true,"href":"https:\/\/gevelridder.nl\/fr\/wp-json\/wp\/v2\/media\/131923"}],"wp:attachment":[{"href":"https:\/\/gevelridder.nl\/fr\/wp-json\/wp\/v2\/media?parent=134234"}],"wp:term":[{"taxonomy":"product_brand","embeddable":true,"href":"https:\/\/gevelridder.nl\/fr\/wp-json\/wp\/v2\/product_brand?post=134234"},{"taxonomy":"product_cat","embeddable":true,"href":"https:\/\/gevelridder.nl\/fr\/wp-json\/wp\/v2\/product_cat?post=134234"},{"taxonomy":"product_tag","embeddable":true,"href":"https:\/\/gevelridder.nl\/fr\/wp-json\/wp\/v2\/product_tag?post=134234"}],"curies":[{"name":"wp","href":"https:\/\/api.w.org\/{rel}","templated":true}]}}