
{"id":134232,"date":"2026-03-24T11:36:30","date_gmt":"2026-03-24T11:36:30","guid":{"rendered":"https:\/\/gevelridder.nl\/product\/portailatoutleve\/"},"modified":"2026-04-06T18:55:30","modified_gmt":"2026-04-06T18:55:30","slug":"portailatoutleve","status":"publish","type":"product","link":"https:\/\/gevelridder.nl\/fr\/produit\/portailatoutleve\/","title":{"rendered":"PortailAtoutL\u00e8ve"},"content":{"rendered":"\n<h2 class=\"wp-block-heading\">Portail Atout L\u00e8ve<\/h2>\n\n\n\n<p>L\u2019AtoutL\u00e8ve PortailAtoutL\u00e8ve se compose d\u2019une traverse avec une poulie au centre pour connecter deux&nbsp;<a href=\"https:\/\/gevelridder.nl\/fr\/product\/atoutleve-m-hybride\/\">AtoutL\u00e8ve Hybride<\/a>. Cela vous permet de soulever de mani\u00e8re autonome, cr\u00e9ant ainsi un ascenseur pour, par exemple, soulever du verre depuis un chevalet \u00e0 verre.<\/p>\n\n\n\n<p>La longueur de la traverse est de 200 cm. La largeur de la traverse est de 30 cm. Attention, il ne s\u2019agit que de la connexion, la traverse entre les AtoutL\u00e8ve. Vous devez commander les AtoutL\u00e8ve s\u00e9par\u00e9ment.<\/p>\n\n\n\n<h2 class=\"wp-block-heading\">Charge maximale PortailAtoutL\u00e8ve<\/h2>\n\n\n\n<p>La charge maximale est de 150\/250 kg, selon la distance. Il est important que la charge soit toujours suspendue au milieu des deux AtoutL\u00e8ve.<\/p>\n\n\n\n<h2 class=\"wp-block-heading\">Risques de travailler sans aide au levage<\/h2>\n\n\n\n<p>Il est mauvais de soulever r\u00e9guli\u00e8rement et lourd. Lors du levage d\u2019objets lourds, il existe un risque de l\u00e9sion des muscles du dos. Les ligaments du tissu conjonctif autour de la colonne vert\u00e9brale ou des disques intervert\u00e9braux. Plus vous soulevez lourd, plus le risque de dommages est grand. Mais m\u00eame le levage d\u2019objets l\u00e9gers peut entra\u00eener des dommages, par exemple parce que cela doit se faire dans une position d\u00e9favorable (se pencher, se tourner ou avec les bras lev\u00e9s) ou en soulevant trop souvent de suite et avec trop peu de temps de r\u00e9cup\u00e9ration. Vous pouvez lire plus d\u2019informations \u00e0 ce sujet dans le&nbsp;<a href=\"https:\/\/www.arboportaal.nl\/onderwerpen\/tillen-en-dragen\/wat-zijn-de-risico%E2%80%99s-van-tillen-en-dragen\">Arboportaal<\/a>.<\/p>\n","protected":false},"excerpt":{"rendered":"<p>L\u2019AtoutL\u00e8ve PortailAtoutL\u00e8ve se compose d\u2019une traverse avec une poulie au centre pour connecter deux\u00a0<a href=\"https:\/\/gevelridder.nl\/fr\/product\/atoutleve-m-hybride\/\">AtoutL\u00e8ve Hybride<\/a>. Cela vous permet de soulever de mani\u00e8re autonome, cr\u00e9ant ainsi un ascenseur pour, par exemple, soulever du verre depuis un chevalet \u00e0 verre.<\/p>\n<p>La longueur de la traverse est de 200 cm. La largeur de la traverse est de 30 cm. Attention, il ne s\u2019agit que de la connexion, la traverse entre les AtoutL\u00e8ve. Vous devez commander les AtoutL\u00e8ve s\u00e9par\u00e9ment.<\/p>\n","protected":false},"featured_media":131918,"template":"","meta":{"_acf_changed":false,"_seopress_robots_primary_cat":"none","_seopress_titles_title":"","_seopress_titles_desc":"","_seopress_robots_index":""},"product_brand":[],"product_cat":[888,904],"product_tag":[997,1390,1399,1903,1904],"class_list":{"0":"post-134232","1":"product","2":"type-product","3":"status-publish","4":"has-post-thumbnail","6":"product_cat-atoutleve","7":"product_cat-pieces-detachees","8":"product_tag-atoutleve","9":"product_tag-levage-2","10":"product_tag-palan","11":"product_tag-portaal","12":"product_tag-portaalridder","13":"product_shipping_class-75-euros","15":"first","16":"instock","17":"taxable","18":"shipping-taxable","19":"purchasable","20":"product-type-simple"},"acf":[],"_links":{"self":[{"href":"https:\/\/gevelridder.nl\/fr\/wp-json\/wp\/v2\/product\/134232","targetHints":{"allow":["GET"]}}],"collection":[{"href":"https:\/\/gevelridder.nl\/fr\/wp-json\/wp\/v2\/product"}],"about":[{"href":"https:\/\/gevelridder.nl\/fr\/wp-json\/wp\/v2\/types\/product"}],"wp:featuredmedia":[{"embeddable":true,"href":"https:\/\/gevelridder.nl\/fr\/wp-json\/wp\/v2\/media\/131918"}],"wp:attachment":[{"href":"https:\/\/gevelridder.nl\/fr\/wp-json\/wp\/v2\/media?parent=134232"}],"wp:term":[{"taxonomy":"product_brand","embeddable":true,"href":"https:\/\/gevelridder.nl\/fr\/wp-json\/wp\/v2\/product_brand?post=134232"},{"taxonomy":"product_cat","embeddable":true,"href":"https:\/\/gevelridder.nl\/fr\/wp-json\/wp\/v2\/product_cat?post=134232"},{"taxonomy":"product_tag","embeddable":true,"href":"https:\/\/gevelridder.nl\/fr\/wp-json\/wp\/v2\/product_tag?post=134232"}],"curies":[{"name":"wp","href":"https:\/\/api.w.org\/{rel}","templated":true}]}}