
{"id":134226,"date":"2026-03-24T11:41:17","date_gmt":"2026-03-24T11:41:17","guid":{"rendered":"https:\/\/gevelridder.nl\/product\/roue-polyfill-400-100-avec-capuchon-de-serrage\/"},"modified":"2026-04-06T19:03:02","modified_gmt":"2026-04-06T19:03:02","slug":"roue-polyfill-400-100-avec-capuchon-de-serrage","status":"publish","type":"product","link":"https:\/\/gevelridder.nl\/fr\/produit\/roue-polyfill-400-100-avec-capuchon-de-serrage\/","title":{"rendered":"Roue Polyfill 400\/100 avec capuchon de serrage"},"content":{"rendered":"\n<h2 class=\"wp-block-heading\">Roue avec remplissage Polyfill 400\/100 avec capuchon de serrage<\/h2>\n\n\n\n<p><strong>S\u00e9rie 54 Roues : Une Fusion d\u2019Innovation et de Fonctionnalit\u00e9<\/strong><\/p>\n\n\n\n<p>Dans un secteur o\u00f9 la qualit\u00e9 et la durabilit\u00e9 sont les cl\u00e9s du succ\u00e8s, nous te pr\u00e9sentons fi\u00e8rement notre S\u00e9rie 54 de roues avec jante en plastique et pneu noir. Elles sont livr\u00e9es avec un roulement \u00e0 rouleaux. Les roues sont remplies de Polyfill MD2.0 pour une suspension optimale, et PLUS JAMAIS DE CREVAISON !<\/p>\n\n\n\n<p>Ces roues, avec une impressionnante capacit\u00e9 de charge de 250 kg, sont ton partenaire fiable pour chaque t\u00e2che, lourde ou l\u00e9g\u00e8re. Leur construction robuste, avec une largeur de roue de 100 mm et un diam\u00e8tre de 400 mm, les rend id\u00e9ales pour une gamme d\u2019applications, des chariots industriels aux chariots de jardin. La longueur du moyeu est de 75 mm.<\/p>\n\n\n\n<p>Les pneus assurent un roulement doux et confortable, absorbent les chocs et minimisent les vibrations, ce qui r\u00e9duit la fatigue de l\u2019utilisateur et prolonge la dur\u00e9e de vie de ton \u00e9quipement.<\/p>\n\n\n\n<p>Note que l\u2019ex\u00e9cution r\u00e9elle de la roue peut diff\u00e9rer de la photo montr\u00e9e. Cependant, ce qui reste inchang\u00e9, c\u2019est notre engagement envers l\u2019excellence et la satisfaction du client.<\/p>\n\n\n\n<p>Nous soulignons aussi l\u2019importance du roulement ; le roulement \u00e0 rouleaux assure une rotation plus fluide. Avec un num\u00e9ro EAN 8718116089995, cette roue n\u2019est pas seulement un produit, mais une promesse de qualit\u00e9 et d\u2019efficacit\u00e9.<\/p>\n\n\n\n<p>Dans le monde des roues, notre S\u00e9rie 54 est synonyme d\u2019innovation, de fonctionnalit\u00e9 et de fiabilit\u00e9, un outil indispensable pour tout professionnel. Nous utilisons ces roues pour le&nbsp;<a href=\"https:\/\/gevelridder.nl\/glaskar-urban-platenwagen-350kg\/\">chariot urban<\/a>&nbsp;et le&nbsp;<a href=\"https:\/\/gevelridder.nl\/fr\/product\/carve-500kg-2-0\/\">chariot carve 500<\/a>.<\/p>\n","protected":false},"excerpt":{"rendered":"<p>C\u2019est un investissement, mais avec ce pneu Polyfill, tu es assur\u00e9 de ne plus jamais avoir de crevaisons. Le comportement de conduite est le m\u00eame que celui des pneus gonflables, cependant, attention : ils sont relativement lourds (8,7 kg pi\u00e8ce !!). Nous recommandons donc toujours des pneus gonflables. D\u00e9lai de livraison de deux semaines.<\/p>\n<p><b>\u2714\u00a0<\/b>Pneu Polyfill : plus jamais de crevaisons.<\/p>\n<div class=\"markdown prose w-full break-words dark:prose-invert light\">\n<p><b>\u2714\u00a0<\/b>Diam\u00e8tre de la roue (mm) 400<\/p>\n<p><b>\u2714\u00a0<\/b>Largeur de la roue (mm) 100<\/p>\n<p><b>\u2714\u00a0<\/b>Capacit\u00e9 de charge (kg) 250<\/p>\n<p><b>\u2714\u00a0<\/b>Type de roulement : Roulement \u00e0 rouleaux<\/p>\n<p><b>\u2714\u00a0<\/b>Mat\u00e9riau de la jante en noyau de Polyamide 6<\/p>\n<p><b>\u2714\u00a0<\/b>Longueur du moyeu (mm) 75<\/p>\n<p><b>\u2714\u00a0<\/b>Diam\u00e8tre de l\u2019al\u00e9sage (mm) 20<\/p>\n<p><b>\u2714\u00a0<\/b>Utilisation int\u00e9rieure et ext\u00e9rieure<\/p>\n<p><b>\u2714\u00a0<\/b>Poids propre 8,7 kg.<\/p>\n<\/div>\n","protected":false},"featured_media":132351,"template":"","meta":{"_acf_changed":false,"_seopress_robots_primary_cat":"none","_seopress_titles_title":"","_seopress_titles_desc":"","_seopress_robots_index":""},"product_brand":[],"product_cat":[893,905],"product_tag":[1054,1131,1536,1793,1792],"class_list":{"0":"post-134226","1":"product","2":"type-product","3":"status-publish","4":"has-post-thumbnail","6":"product_cat-chariots-de-facade","7":"product_cat-pieces-detachees-2","8":"product_tag-chariot-a-panneaux","9":"product_tag-pneu-400","10":"product_tag-pneu-gonflable-chariot-a-verre","11":"product_tag-tillen","12":"product_tag-transport","13":"product_shipping_class-colis-50-50-60","15":"first","16":"instock","17":"taxable","18":"shipping-taxable","19":"purchasable","20":"product-type-simple"},"acf":[],"_links":{"self":[{"href":"https:\/\/gevelridder.nl\/fr\/wp-json\/wp\/v2\/product\/134226","targetHints":{"allow":["GET"]}}],"collection":[{"href":"https:\/\/gevelridder.nl\/fr\/wp-json\/wp\/v2\/product"}],"about":[{"href":"https:\/\/gevelridder.nl\/fr\/wp-json\/wp\/v2\/types\/product"}],"wp:featuredmedia":[{"embeddable":true,"href":"https:\/\/gevelridder.nl\/fr\/wp-json\/wp\/v2\/media\/132351"}],"wp:attachment":[{"href":"https:\/\/gevelridder.nl\/fr\/wp-json\/wp\/v2\/media?parent=134226"}],"wp:term":[{"taxonomy":"product_brand","embeddable":true,"href":"https:\/\/gevelridder.nl\/fr\/wp-json\/wp\/v2\/product_brand?post=134226"},{"taxonomy":"product_cat","embeddable":true,"href":"https:\/\/gevelridder.nl\/fr\/wp-json\/wp\/v2\/product_cat?post=134226"},{"taxonomy":"product_tag","embeddable":true,"href":"https:\/\/gevelridder.nl\/fr\/wp-json\/wp\/v2\/product_tag?post=134226"}],"curies":[{"name":"wp","href":"https:\/\/api.w.org\/{rel}","templated":true}]}}