
{"id":134204,"date":"2026-03-24T08:17:10","date_gmt":"2026-03-24T08:17:10","guid":{"rendered":"https:\/\/gevelridder.nl\/product\/sangle-de-levage-atoutleve-s-et-m\/"},"modified":"2026-04-06T19:04:46","modified_gmt":"2026-04-06T19:04:46","slug":"sangle-de-levage-atoutleve-s-et-m","status":"publish","type":"product","link":"https:\/\/gevelridder.nl\/fr\/produit\/sangle-de-levage-atoutleve-s-et-m\/","title":{"rendered":"Sangle de levage AtoutL\u00e8ve S et M"},"content":{"rendered":"\n<h2 class=\"wp-block-heading\"><strong>La sangle de levage pour le nouvel AtoutL\u00e8ve : le confort de levage \u00e0 son meilleur<\/strong><\/h2>\n\n\n\n<p>Avec la sangle de levage en main, l\u2019AtoutL\u00e8ve est facile \u00e0 tirer vers le haut depuis son point d\u2019appui. Cet accessoire intelligent est sp\u00e9cialement con\u00e7u pour les nouveaux mod\u00e8les AtoutL\u00e8ve S et M.<\/p>\n\n\n\n<p><em>Qu\u2019est-ce qui rend le nouvel AtoutL\u00e8ve si sp\u00e9cial&nbsp;?<\/em><\/p>\n\n\n\n<p>La toute derni\u00e8re version de l\u2019AtoutL\u00e8ve est \u00e9quip\u00e9e d\u2019un treuil ultral\u00e9ger qui peut \u00eatre actionn\u00e9 manuellement avec une manivelle ou \u00e9lectriquement avec une perceuse sans fil. Cela signifie que les nouveaux AtoutL\u00e8ve ont d\u00e9sormais aussi une force de levage \u00e9lectrique&nbsp;! Le treuil est facilement mont\u00e9 \u00e0 l\u2019ext\u00e9rieur de l\u2019AtoutL\u00e8ve, ce qui cr\u00e9e plus d\u2019espace de travail sous l\u2019AtoutL\u00e8ve.<\/p>\n\n\n\n<h3 class=\"wp-block-heading\"><strong>Id\u00e9al pour l\u2019int\u00e9rieur comme pour l\u2019ext\u00e9rieur<\/strong><\/h3>\n\n\n\n<p>L\u2019AtoutL\u00e8ve est le compagnon id\u00e9al pour soulever des objets lourds, que ce soit \u00e0 l\u2019int\u00e9rieur ou \u00e0 l\u2019ext\u00e9rieur. Avec l\u2019entretoise fournie, vous pouvez facilement soulever l\u2019AtoutL\u00e8ve au-dessus d\u2019un rebord de fen\u00eatre, par exemple, ou le placer \u00e0 une certaine distance du mur, afin d\u2019avoir de la place pour faire rouler un chariot \u00e0 verre entre les deux. La nouveaut\u00e9 est la possibilit\u00e9 de placer \u00e9galement une t\u00eate de fl\u00e8che (en option) sur l\u2019AtoutL\u00e8ve M Hybrid, ce qui cr\u00e9e de l\u2019espace pour positionner des \u00e9chafaudages entre l\u2019AtoutL\u00e8ve et la fa\u00e7ade.<\/p>\n\n\n\n<h3 class=\"wp-block-heading\"><strong>Utilisation pratique avec une perceuse sans fil<\/strong><\/h3>\n\n\n\n<p>La poign\u00e9e peut \u00eatre facilement retir\u00e9e du treuil, ce qui vous permet de faire fonctionner l\u2019AtoutL\u00e8ve avec une perceuse sans fil. De plus, le contrepoids au-dessus du crochet est d\u00e9sormais prot\u00e9g\u00e9 par un rev\u00eatement en caoutchouc afin de prot\u00e9ger votre charge de levage.<\/p>\n\n\n\n<h4 class=\"wp-block-heading\"><strong>Compact et portable<\/strong><\/h4>\n\n\n\n<p>Gr\u00e2ce \u00e0 sa conception compacte, ce type d\u2019AtoutL\u00e8ve peut \u00eatre facilement transport\u00e9 dans une voiture ou une petite camionnette. L\u2019AtoutL\u00e8ve est recommand\u00e9 dans le catalogue des normes de s\u00e9curit\u00e9 et de sant\u00e9 au travail pour le vitrage. En utilisant ce produit, vous gardez les mains libres pendant le montage et vous \u00e9liminez le risque de travailler sur des \u00e9chelles et des escabeaux.<\/p>\n\n\n\n<p><em>Principales caract\u00e9ristiques<\/em>&nbsp;:<\/p>\n\n\n\n<ul class=\"wp-block-list\">\n<li>Longueur de transport\u00a0: 2400\u00a0mm<\/li>\n\n\n\n<li>Largeur du pied\u00a0: 850\u00a0mm<\/li>\n\n\n\n<li>Extensible jusqu\u2019\u00e0 4\u00a0m\u00e8tres en 2\u00a0parties (CMU 200\u00a0kg)<\/li>\n\n\n\n<li>Avec l\u2019utilisation de la troisi\u00e8me partie, extensible jusqu\u2019\u00e0 5850\u00a0mm (CMU 200\u00a0kg)<\/li>\n<\/ul>\n\n\n\n<h6 class=\"wp-block-heading\"><strong>Travailler sans AtoutL\u00e8ve M Hybrid&nbsp;?<\/strong><\/h6>\n\n\n\n<p>Le levage est une t\u00e2che fatigante, surtout si elle doit \u00eatre r\u00e9p\u00e9t\u00e9e souvent. Il peut entra\u00eener des l\u00e9sions des muscles du dos, des ligaments du tissu conjonctif autour de la colonne vert\u00e9brale et des disques intervert\u00e9braux. L\u2019AtoutL\u00e8ve est con\u00e7u pour effectuer des travaux verticaux de mani\u00e8re efficace et s\u00fbre, ce qui vous permet de r\u00e9aliser votre travail sans effort.<\/p>\n\n\n\n<p><em>Confort de levage et s\u00e9curit\u00e9, c\u2019est ce que repr\u00e9sente l\u2019AtoutL\u00e8ve.<\/em><\/p>\n","protected":false},"excerpt":{"rendered":"<p>\u00c0 l\u2019aide de la sangle de levage, l\u2019AtoutL\u00e8ve peut \u00eatre facilement tir\u00e9 vers le haut depuis son point d\u2019appui. Cette sangle de levage convient aux AtoutL\u00e8ve S et M.<\/p>\n","protected":false},"featured_media":131510,"template":"","meta":{"_acf_changed":false,"_seopress_robots_primary_cat":"none","_seopress_titles_title":"","_seopress_titles_desc":"","_seopress_robots_index":""},"product_brand":[],"product_cat":[904],"product_tag":[1624],"class_list":{"0":"post-134204","1":"product","2":"type-product","3":"status-publish","4":"has-post-thumbnail","6":"product_cat-pieces-detachees","7":"product_tag-sangle-de-levage-atoutleve","9":"first","10":"instock","11":"taxable","12":"shipping-taxable","13":"purchasable","14":"product-type-simple"},"acf":[],"_links":{"self":[{"href":"https:\/\/gevelridder.nl\/fr\/wp-json\/wp\/v2\/product\/134204","targetHints":{"allow":["GET"]}}],"collection":[{"href":"https:\/\/gevelridder.nl\/fr\/wp-json\/wp\/v2\/product"}],"about":[{"href":"https:\/\/gevelridder.nl\/fr\/wp-json\/wp\/v2\/types\/product"}],"wp:featuredmedia":[{"embeddable":true,"href":"https:\/\/gevelridder.nl\/fr\/wp-json\/wp\/v2\/media\/131510"}],"wp:attachment":[{"href":"https:\/\/gevelridder.nl\/fr\/wp-json\/wp\/v2\/media?parent=134204"}],"wp:term":[{"taxonomy":"product_brand","embeddable":true,"href":"https:\/\/gevelridder.nl\/fr\/wp-json\/wp\/v2\/product_brand?post=134204"},{"taxonomy":"product_cat","embeddable":true,"href":"https:\/\/gevelridder.nl\/fr\/wp-json\/wp\/v2\/product_cat?post=134204"},{"taxonomy":"product_tag","embeddable":true,"href":"https:\/\/gevelridder.nl\/fr\/wp-json\/wp\/v2\/product_tag?post=134204"}],"curies":[{"name":"wp","href":"https:\/\/api.w.org\/{rel}","templated":true}]}}