
{"id":134199,"date":"2026-03-24T11:34:17","date_gmt":"2026-03-24T11:34:17","guid":{"rendered":"https:\/\/gevelridder.nl\/product\/pneu-massif-260-85-avec-capuchon-de-serrage\/"},"modified":"2026-04-06T18:54:20","modified_gmt":"2026-04-06T18:54:20","slug":"pneu-massif-260-85-avec-capuchon-de-serrage","status":"publish","type":"product","link":"https:\/\/gevelridder.nl\/fr\/produit\/pneu-massif-260-85-avec-capuchon-de-serrage\/","title":{"rendered":"Pneu massif 260\/85 avec capuchon de serrage"},"content":{"rendered":"\n<h2 class=\"wp-block-heading\"><strong>Pneu massif avec capuchon de serrage 260\/85<\/strong><\/h2>\n\n\n\n<p>Dans un monde o\u00f9 la mobilit\u00e9 est centrale, le choix de la bonne roue est essentiel. Nos roues S\u00e9rie 54, \u00e9quip\u00e9es d\u2019une jante en plastique avec pneu PU mousse et roulement \u00e0 billes, sont un produit haut de gamme dans le monde des moyens de transport.<\/p>\n\n\n\n<p>Un peu d\u2019histoire nous apprend que les pneus les plus anciens connus \u00e9taient utilis\u00e9s en M\u00e9sopotamie vers 2000 av. J.-C. Des pneus en cuir aux variantes en fer ; la technologie a parcouru un long chemin. Avec l\u2019invention de la vulcanisation du caoutchouc en 1839, une nouvelle \u00e8re de pneus a commenc\u00e9, \u00e0 la fois r\u00e9sistants \u00e0 l\u2019usure et offrant un certain confort.<\/p>\n\n\n\n<p>Le pneu en caoutchouc massif est venu comme une solution pour l\u2019usure et la durabilit\u00e9. Mais \u00e0 l\u2019\u00e9poque moderne o\u00f9 s\u00e9curit\u00e9 et efficacit\u00e9 vont de pair, nous devons peser les avantages et inconv\u00e9nients des diff\u00e9rents types de pneus. Le pneu massif avec capuchon de serrage est id\u00e9al pour les environnements o\u00f9 le sol peut \u00eatre jonch\u00e9 d\u2019objets tranchants, comme des vis ou des \u00e9clats. Cependant, pour une s\u00e9curit\u00e9 et une facilit\u00e9 d\u2019utilisation optimales, nous recommandons nos pneus gonflables, surtout sous notre chariot de fa\u00e7ade l\u00e9ger. Ils offrent plus d\u2019amortissement, ne glissent pas sur le sable ou le gravier, et sont plus faciles \u00e0 man\u0153uvrer par-dessus les seuils.<\/p>\n\n\n\n<p>Bien qu\u2019il puisse \u00eatre int\u00e9ressant de choisir un pneu massif dans des situations sp\u00e9cifiques, nous te rappelons qu\u2019un lieu de travail rang\u00e9 est plus s\u00fbr. Investis donc aussi dans un balai !<\/p>\n\n\n\n<p>Quand nous regardons les profils, nous proposons \u00d8260mm profil bloc pour la solidit\u00e9 et \u00d8400mm profil ligne pour la flexibilit\u00e9 d\u2019utilisation.<\/p>\n\n\n\n<p>En conclusion, les roues S\u00e9rie 54 sont un produit de nombreuses ann\u00e9es d\u2019innovation et offrent le bon \u00e9quilibre entre s\u00e9curit\u00e9 et fonctionnalit\u00e9. Que tu aies besoin d\u2019une roue pour un usage industriel lourd ou pour des t\u00e2ches quotidiennes, nos roues garantissent la qualit\u00e9.<\/p>\n\n\n\n<p>WLL maximale = 150 kg<\/p>\n","protected":false},"excerpt":{"rendered":"<p>Les roues S\u00e9rie 54, \u00e9quip\u00e9es d\u2019une jante en plastique et d\u2019un pneu PU mousse, offrent une durabilit\u00e9 et une facilit\u00e9 d\u2019utilisation ultimes. Bien que les pneus massifs aient leurs avantages, nous recommandons les pneus gonflables pour la s\u00e9curit\u00e9 et le confort. Nos roues, avec profils \u00d8260mm profil bloc, sont le r\u00e9sultat de si\u00e8cles d\u2019innovation en technologie de roues. Choisis la qualit\u00e9, choisis S\u00e9rie 54. La WLL maximale est de 150 kg.<\/p>\n","protected":false},"featured_media":131705,"template":"","meta":{"_acf_changed":false,"_seopress_robots_primary_cat":"none","_seopress_titles_title":"","_seopress_titles_desc":"","_seopress_robots_index":""},"product_brand":[],"product_cat":[893,905],"product_tag":[1545],"class_list":{"0":"post-134199","1":"product","2":"type-product","3":"status-publish","4":"has-post-thumbnail","6":"product_cat-chariots-de-facade","7":"product_cat-pieces-detachees-2","8":"product_tag-pneu-massif","10":"first","11":"instock","12":"taxable","13":"shipping-taxable","14":"purchasable","15":"product-type-simple"},"acf":[],"_links":{"self":[{"href":"https:\/\/gevelridder.nl\/fr\/wp-json\/wp\/v2\/product\/134199","targetHints":{"allow":["GET"]}}],"collection":[{"href":"https:\/\/gevelridder.nl\/fr\/wp-json\/wp\/v2\/product"}],"about":[{"href":"https:\/\/gevelridder.nl\/fr\/wp-json\/wp\/v2\/types\/product"}],"wp:featuredmedia":[{"embeddable":true,"href":"https:\/\/gevelridder.nl\/fr\/wp-json\/wp\/v2\/media\/131705"}],"wp:attachment":[{"href":"https:\/\/gevelridder.nl\/fr\/wp-json\/wp\/v2\/media?parent=134199"}],"wp:term":[{"taxonomy":"product_brand","embeddable":true,"href":"https:\/\/gevelridder.nl\/fr\/wp-json\/wp\/v2\/product_brand?post=134199"},{"taxonomy":"product_cat","embeddable":true,"href":"https:\/\/gevelridder.nl\/fr\/wp-json\/wp\/v2\/product_cat?post=134199"},{"taxonomy":"product_tag","embeddable":true,"href":"https:\/\/gevelridder.nl\/fr\/wp-json\/wp\/v2\/product_tag?post=134199"}],"curies":[{"name":"wp","href":"https:\/\/api.w.org\/{rel}","templated":true}]}}