
{"id":134149,"date":"2026-03-24T08:17:11","date_gmt":"2026-03-24T08:17:11","guid":{"rendered":"https:\/\/gevelridder.nl\/product\/liftmaster-b1-atoutleve\/"},"modified":"2026-04-06T18:45:47","modified_gmt":"2026-04-06T18:45:47","slug":"liftmaster-b1-atoutleve","status":"publish","type":"product","link":"https:\/\/gevelridder.nl\/fr\/produit\/liftmaster-b1-atoutleve\/","title":{"rendered":"LiftMaster B1 AtoutL\u00e8ve"},"content":{"rendered":"\n<h2 class=\"wp-block-heading\">L\u2019AtoutL\u00e8ve 2.0 : L\u2019Aide au Levage Ultime pour une Construction Efficace<\/h2>\n\n\n\n<p>Tu cherches une aide au levage fiable et efficace pour tes projets de construction ? D\u00e9couvre l\u2019AtoutL\u00e8ve 2.0 ! Cette aide au levage avanc\u00e9e est sp\u00e9cialement con\u00e7ue pour une manipulation simple et s\u00fbre d\u2019\u00e9l\u00e9ments de construction jusqu\u2019\u00e0 180 kg. Avec sa construction stable, son m\u00e2t pivotant et inclinable et sa conception compacte, l\u2019AtoutL\u00e8ve 2.0 est le partenaire id\u00e9al pour le transport interne et les travaux sur le chantier.<\/p>\n\n\n\n<h2 class=\"wp-block-heading\">S\u00e9curit\u00e9 et Facilit\u00e9 d\u2019Utilisation<\/h2>\n\n\n\n<p>L\u2019AtoutL\u00e8ve 2.0 a \u00e9t\u00e9 d\u00e9velopp\u00e9 selon les normes les plus \u00e9lev\u00e9es en mati\u00e8re de s\u00e9curit\u00e9 et de facilit\u00e9 d\u2019utilisation. Gr\u00e2ce au montage simple des \u00e9l\u00e9ments de construction et au m\u00e2t pivotant et inclinable, tu peux man\u0153uvrer sans effort et positionner avec pr\u00e9cision. M\u00eame dans les espaces \u00e9troits, cette aide au levage est tr\u00e8s maniable et passe par les portes standard. Avec sa poign\u00e9e r\u00e9glable et sa construction stable \u00e0 roues arri\u00e8re tandem, l\u2019AtoutL\u00e8ve 2.0 offre un contr\u00f4le et un confort optimaux pendant le levage.<\/p>\n\n\n\n<p>Puissant et Fiable : L\u2019AtoutL\u00e8ve 2.0 est \u00e9quip\u00e9 d\u2019un syst\u00e8me de levage avanc\u00e9 qui peut pivoter \u00e0 360\u00b0. Cela te permet de faire pivoter facilement les \u00e9l\u00e9ments de construction dans n\u2019importe quelle position souhait\u00e9e. Avec son double syst\u00e8me de vide et ses 4 ventouses, cette aide au levage offre une adh\u00e9rence in\u00e9gal\u00e9e sur les \u00e9l\u00e9ments de construction, m\u00eame sur des surfaces tr\u00e8s planes et compactes. Le manom\u00e8tre int\u00e9gr\u00e9 assure un contr\u00f4le pr\u00e9cis du vide, tandis que la commande manuelle de la pompe permet une utilisation imm\u00e9diate de l\u2019AtoutL\u00e8ve 2.0.<\/p>\n\n\n\n<p>Flexible et Portable : L\u2019un des grands avantages de l\u2019AtoutL\u00e8ve 2.0 est sa flexibilit\u00e9 et sa portabilit\u00e9. Cette aide au levage peut \u00eatre facilement d\u00e9mont\u00e9e et s\u2019adapte \u00e0 presque toutes les combinaisons. Cela te permet de la transporter facilement vers diff\u00e9rents chantiers. De plus, l\u2019AtoutL\u00e8ve 2.0 peut \u00e9galement \u00eatre utilis\u00e9 en combinaison avec une grue, ce qui le rend encore plus polyvalent dans ses applications.<\/p>\n\n\n\n<h2 class=\"wp-block-heading\">Conclusion<\/h2>\n\n\n\n<p>Si tu cherches une aide au levage fiable, puissante et polyvalente pour tes projets de construction, l\u2019AtoutL\u00e8ve 2.0 est le choix id\u00e9al. Avec sa manipulation simple et s\u00fbre, sa construction stable, son m\u00e2t pivotant et inclinable et sa conception compacte, cette aide au levage offre une solution efficace pour le transport interne et les travaux sur le chantier. Que tu aies besoin de soulever, positionner ou faire pivoter des \u00e9l\u00e9ments de construction, l\u2019AtoutL\u00e8ve 2.0 est toujours pr\u00eat pour toi. N\u2019h\u00e9site plus et augmente la productivit\u00e9 et la s\u00e9curit\u00e9 sur ton chantier avec l\u2019AtoutL\u00e8ve 2.0 \u2013 l\u2019aide au levage ultime pour une construction efficace. Commande d\u00e8s aujourd\u2019hui et d\u00e9couvre toi-m\u00eame les nombreux avantages de cette aide au levage innovante. \u00c9l\u00e8ve le travail lourd \u00e0 de nouveaux sommets avec l\u2019AtoutL\u00e8ve 2.0 et rends tes projets de construction plus rapides, plus s\u00fbrs et plus faciles que jamais !<\/p>\n\n\n\n<h2 class=\"wp-block-heading\">Extra<\/h2>\n\n\n\n<p>Roue tandem stable exclusive (double roue) \u00e0 l\u2019arri\u00e8re pour emp\u00eacher le basculement du chariot. Appelle-nous pour plus d\u2019informations \u00e0 ce sujet.<\/p>\n","protected":false},"excerpt":{"rendered":"<p>L\u2019AtoutL\u00e8ve 2.0 : l\u2019aide au levage id\u00e9ale pour une construction s\u00fbre et efficace. Manipulation simple jusqu\u2019\u00e0 180 kg, compact, maniable et polyvalent. Facile \u00e0 d\u00e9monter en petites pi\u00e8ces manipulables. Nous te conseillons d\u2019acheter un ensemble tandem arri\u00e8re en plus. Appelle-nous pour des conseils.<\/p>\n","protected":false},"featured_media":0,"template":"","meta":{"_acf_changed":false,"_seopress_robots_primary_cat":"none","_seopress_titles_title":"","_seopress_titles_desc":"","_seopress_robots_index":""},"product_brand":[],"product_cat":[892,899],"product_tag":[1189,1149,1146,1198,1042,1024],"class_list":{"0":"post-134149","1":"product","2":"type-product","3":"status-publish","5":"product_cat-chariots","6":"product_cat-monte-vitre","7":"product_tag-allemagne","8":"product_tag-bohle","9":"product_tag-chariot-bleu","10":"product_tag-lergonomie","11":"product_tag-liftmaster-b1","12":"product_tag-pose-de-verre","13":"product_shipping_class-europalette","15":"first","16":"instock","17":"taxable","18":"shipping-taxable","19":"purchasable","20":"product-type-simple"},"acf":[],"_links":{"self":[{"href":"https:\/\/gevelridder.nl\/fr\/wp-json\/wp\/v2\/product\/134149","targetHints":{"allow":["GET"]}}],"collection":[{"href":"https:\/\/gevelridder.nl\/fr\/wp-json\/wp\/v2\/product"}],"about":[{"href":"https:\/\/gevelridder.nl\/fr\/wp-json\/wp\/v2\/types\/product"}],"wp:attachment":[{"href":"https:\/\/gevelridder.nl\/fr\/wp-json\/wp\/v2\/media?parent=134149"}],"wp:term":[{"taxonomy":"product_brand","embeddable":true,"href":"https:\/\/gevelridder.nl\/fr\/wp-json\/wp\/v2\/product_brand?post=134149"},{"taxonomy":"product_cat","embeddable":true,"href":"https:\/\/gevelridder.nl\/fr\/wp-json\/wp\/v2\/product_cat?post=134149"},{"taxonomy":"product_tag","embeddable":true,"href":"https:\/\/gevelridder.nl\/fr\/wp-json\/wp\/v2\/product_tag?post=134149"}],"curies":[{"name":"wp","href":"https:\/\/api.w.org\/{rel}","templated":true}]}}