
{"id":134133,"date":"2026-03-24T11:41:17","date_gmt":"2026-03-24T11:41:17","guid":{"rendered":"https:\/\/gevelridder.nl\/product\/ksf-grm250-mini-grue-leve-vitre\/"},"modified":"2026-04-06T18:43:12","modified_gmt":"2026-04-06T18:43:12","slug":"ksf-grm250-mini-grue-leve-vitre","status":"publish","type":"product","link":"https:\/\/gevelridder.nl\/fr\/produit\/ksf-grm250-mini-grue-leve-vitre\/","title":{"rendered":"KSF GRM250 Mini-grue l\u00e8ve-vitre"},"content":{"rendered":"\n<h3 class=\"wp-block-heading\">La KSF GRM250 Mini-grue l\u00e8ve-vitre : La r\u00e9volution dans l\u2019installation manuelle de verre avec pr\u00e9cision<\/h3>\n\n\n\n<h4 class=\"wp-block-heading\">Introduction<\/h4>\n\n\n\n<p>La KSF GRM250 Mini-grue l\u00e8ve-vitre est salu\u00e9e comme le robot de verre manuel le plus simple au monde. Cette machine innovante conserve toutes les fonctionnalit\u00e9s de ses homologues \u00e9lectriques, mais est enti\u00e8rement manuelle. Elle est con\u00e7ue pour faciliter les t\u00e2ches de traitement du verre et offre une solution fiable et efficace pour les professionnels travaillant sur diff\u00e9rents chantiers de construction.<\/p>\n\n\n\n<h4 class=\"wp-block-heading\">Principales caract\u00e9ristiques et avantages<\/h4>\n\n\n\n<p><strong>1. Conception compacte et stable<\/strong>&nbsp;L\u2019un des principaux d\u00e9fis avec les (mini)grues est leur poids et la logistique pour les transporter sur le chantier. La KSF GRM250 Mini-grue l\u00e8ve-vitre r\u00e9sout ces probl\u00e8mes gr\u00e2ce \u00e0 sa conception compacte et stable. Elle est \u00e9quip\u00e9e de roues avant extensibles, ce qui augmente la stabilit\u00e9 pendant les travaux. Bien qu\u2019elle soit manuelle, elle permet des man\u0153uvres pr\u00e9cises et le placement de panneaux de verre, ce qui la rend id\u00e9ale pour les t\u00e2ches sur des surfaces planes, g\u00e9n\u00e9ralement \u00e0 l\u2019int\u00e9rieur.<\/p>\n\n\n\n<p><strong>2. Montage polyvalent<\/strong>&nbsp;La KSF GRM250 Mini-grue l\u00e8ve-vitre peut \u00eatre d\u00e9mont\u00e9e en plusieurs parties, ce qui la rend exceptionnellement portable. Cette caract\u00e9ristique est particuli\u00e8rement utile pour les travaux aux \u00e9tages sup\u00e9rieurs sans acc\u00e8s \u00e0 l\u2019ascenseur. Le montage et le d\u00e9montage simples garantissent que le robot peut \u00eatre transport\u00e9 et install\u00e9 rapidement, ce qui minimise les temps d\u2019arr\u00eat et augmente la productivit\u00e9 sur le chantier.<\/p>\n\n\n\n<p><strong>3. Capacit\u00e9s puissantes de traitement du verre<\/strong>&nbsp;La KSF GRM250 Mini-grue l\u00e8ve-vitre peut manipuler des plaques de verre jusqu\u2019\u00e0 250 kg. Cela la rend adapt\u00e9e \u00e0 un large \u00e9ventail d\u2019applications, y compris l\u2019installation de fen\u00eatres, de vitrages de sol et m\u00eame de vitrages de toit. Sa construction robuste garantit qu\u2019elle peut traiter ces charges lourdes en toute s\u00e9curit\u00e9 et efficacement.<\/p>\n\n\n\n<h4 class=\"wp-block-heading\">Sp\u00e9cifications techniques<\/h4>\n\n\n\n<p><strong>Poids et capacit\u00e9<\/strong><\/p>\n\n\n\n<ul class=\"wp-block-list\">\n<li><strong>Capacit\u00e9 de charge maximale (CMU) :<\/strong>\u00a0250 kg<\/li>\n\n\n\n<li><strong>Poids total :<\/strong>\u00a0461 kg<\/li>\n<\/ul>\n\n\n\n<p><strong>Maniabilit\u00e9<\/strong><\/p>\n\n\n\n<ul class=\"wp-block-list\">\n<li><strong>Rayon de braquage :<\/strong>\u00a0Petit, ce qui lui permet de se d\u00e9placer facilement dans les espaces restreints.<\/li>\n\n\n\n<li><strong>Roues pivotantes \u00e0 360 degr\u00e9s :<\/strong>\u00a0Am\u00e9liore la maniabilit\u00e9 et la pr\u00e9cision lors du placement du verre.<\/li>\n<\/ul>\n\n\n\n<p><strong>Fonctions suppl\u00e9mentaires<\/strong><\/p>\n\n\n\n<ul class=\"wp-block-list\">\n<li><strong>T\u00eate flexible :<\/strong>\u00a0Permet des ajustements pour diff\u00e9rents sc\u00e9narios de montage de verre.<\/li>\n\n\n\n<li><strong>Treuil manuel avec frein automatique :<\/strong>\u00a0Assure la s\u00e9curit\u00e9 et le contr\u00f4le pendant les travaux.<\/li>\n\n\n\n<li><strong>Quatre ventouses manuelles :<\/strong>\u00a0Chacune avec une capacit\u00e9 de charge de 100 kg et une charge de s\u00e9curit\u00e9 de 70 kg, qui assurent une prise ferme sur les plaques de verre.<\/li>\n<\/ul>\n\n\n\n<h4 class=\"wp-block-heading\">Conclusion<\/h4>\n\n\n\n<p>La KSF GRM250 Mini-grue l\u00e8ve-vitre est une avanc\u00e9e importante dans la technologie de manutention du verre. Ces outils sont con\u00e7us pour r\u00e9pondre aux besoins \u00e9volutifs du secteur de la construction et offrent des solutions \u00e0 la fois efficaces et conviviales. En utilisant ces innovations, les professionnels peuvent atteindre une efficacit\u00e9, une s\u00e9curit\u00e9 et une pr\u00e9cision accrues dans leurs projets de montage de verre.<\/p>\n\n\n\n<p>Pour plus d\u2019informations et pour rester inform\u00e9 des derniers produits, visite le site web d\u2019AtoutL\u00e8ve. D\u00e9couvre l\u2019avenir de la manutention du verre avec la KSF GRM250 Mini-grue l\u00e8ve-vitre et \u00e9l\u00e8ve ton travail \u00e0 un niveau de perfection sup\u00e9rieur.<\/p>\n","protected":false},"excerpt":{"rendered":"<p>Avec la KSF GRM250 Mini-grue l\u00e8ve-vitre, tu poses du verre jusqu\u2019\u00e0 un poids maximal de 250 kg. Aussi bien les fen\u00eatres, dans le sol que sur le toit.<\/p>\n<p><strong>\u2714<\/strong>\u00a0<strong>CMU 250 kg.<\/strong><\/p>\n<p><strong>\u2714\u00a0Petit rayon de braquage.<\/strong><\/p>\n<p><strong>\u2714\u00a0<\/strong><strong>Aussi pour les v\u00e9randas et le verre de sol.<\/strong><\/p>\n<p><strong>\u2714\u00a0<\/strong><strong>T\u00eate flexible.<\/strong><\/p>\n<p><strong>\u2714\u00a0<\/strong><strong>Roue pivotante jusqu\u2019\u00e0 360 degr\u00e9s.<\/strong><\/p>\n<p><strong>\u2714\u00a0<\/strong><strong>4 ventouses manuelles.<\/strong><\/p>\n<p><strong>\u2660\u00a0<\/strong><strong>Option : ventouses \u00e9lectriques (Kim75 plus).<\/strong><\/p>\n<p><strong>\u2714\u00a0<\/strong><strong>poids total du chariot 461 kg.<\/strong><\/p>\n<p><strong>\u2660\u00a0D\u00e9lai de livraison d\u2019environ 2 semaines.<\/strong><\/p>\n","protected":false},"featured_media":132355,"template":"","meta":{"_acf_changed":false,"_seopress_robots_primary_cat":"none","_seopress_titles_title":"","_seopress_titles_desc":"","_seopress_robots_index":""},"product_brand":[],"product_cat":[892,893,899],"product_tag":[997,1632],"class_list":{"0":"post-134133","1":"product","2":"type-product","3":"status-publish","4":"has-post-thumbnail","6":"product_cat-chariots","7":"product_cat-chariots-de-facade","8":"product_cat-monte-vitre","9":"product_tag-atoutleve","10":"product_tag-plaatsingskar","11":"product_shipping_class-europalette","13":"first","14":"onbackorder","15":"taxable","16":"shipping-taxable","17":"purchasable","18":"product-type-simple"},"acf":[],"_links":{"self":[{"href":"https:\/\/gevelridder.nl\/fr\/wp-json\/wp\/v2\/product\/134133","targetHints":{"allow":["GET"]}}],"collection":[{"href":"https:\/\/gevelridder.nl\/fr\/wp-json\/wp\/v2\/product"}],"about":[{"href":"https:\/\/gevelridder.nl\/fr\/wp-json\/wp\/v2\/types\/product"}],"wp:featuredmedia":[{"embeddable":true,"href":"https:\/\/gevelridder.nl\/fr\/wp-json\/wp\/v2\/media\/132355"}],"wp:attachment":[{"href":"https:\/\/gevelridder.nl\/fr\/wp-json\/wp\/v2\/media?parent=134133"}],"wp:term":[{"taxonomy":"product_brand","embeddable":true,"href":"https:\/\/gevelridder.nl\/fr\/wp-json\/wp\/v2\/product_brand?post=134133"},{"taxonomy":"product_cat","embeddable":true,"href":"https:\/\/gevelridder.nl\/fr\/wp-json\/wp\/v2\/product_cat?post=134133"},{"taxonomy":"product_tag","embeddable":true,"href":"https:\/\/gevelridder.nl\/fr\/wp-json\/wp\/v2\/product_tag?post=134133"}],"curies":[{"name":"wp","href":"https:\/\/api.w.org\/{rel}","templated":true}]}}