
{"id":134127,"date":"2026-03-24T08:17:11","date_gmt":"2026-03-24T08:17:11","guid":{"rendered":"https:\/\/gevelridder.nl\/product\/pince-a-chassis-sur-pneus-170-mm\/"},"modified":"2026-04-06T18:52:39","modified_gmt":"2026-04-06T18:52:39","slug":"pince-a-chassis-sur-pneus-170-mm","status":"publish","type":"product","link":"https:\/\/gevelridder.nl\/fr\/produit\/pince-a-chassis-sur-pneus-170-mm\/","title":{"rendered":"Pince \u00e0 ch\u00e2ssis sur pneus 170 mm"},"content":{"rendered":"\n<h2 class=\"wp-block-heading\">La pince \u00e0 ch\u00e2ssis sur pneus 170 mm<\/h2>\n\n\n\n<p>La pince \u00e0 ch\u00e2ssis sur pneus 170 mm a une largeur de 170 mm, mais est \u00e9galement disponible en largeur de 70 et 125 mm. L\u2019int\u00e9rieur est recouvert d\u2019un mat\u00e9riau de protection contre les chocs et les rayures.<br>Dimensions environ 20\u00d720 cm, poids 2 kg.<\/p>\n\n\n\n<h2 class=\"wp-block-heading\">Quels autres petits chariots proposons-nous ?<\/h2>\n\n\n\n<p>Voici les autres petits chariots pratiques que nous avons dans notre gamme :<\/p>\n\n\n\n<ul class=\"wp-block-list\">\n<li><a href=\"https:\/\/gevelridder.nl\/product\/malle-jantje\/\">Malle Jantje<\/a>\u00a0Le Malle Jantje est un petit chariot \u00e0 ch\u00e2ssis pratique que chaque professionnel utilise avec plaisir. Avec le sourire, Malle Jantje transporte les ch\u00e2ssis, les poutres, les stores vers le chantier. Le bac a une largeur de jour de 250 mm, donc adapt\u00e9 aux larges ch\u00e2ssis avec triple vitrage. Le chariot fait 500 mm de long.<\/li>\n\n\n\n<li><a href=\"https:\/\/gevelridder.nl\/product\/kozijn-klem-op-luchtbanden-125-mm\/\">Pince \u00e0 ch\u00e2ssis sur pneus 125 mm<\/a>\u00a0La pince a une largeur de 125 mm. L\u2019int\u00e9rieur est \u00e9galement recouvert d\u2019un mat\u00e9riau de protection contre les chocs et les rayures.<br>Dimensions environ 40\u00d736 cm, poids 2 kg.<\/li>\n\n\n\n<li><a href=\"https:\/\/gevelridder.nl\/product\/kozijn-klem-op-luchtbanden-70-mm\/\">Pince \u00e0 ch\u00e2ssis sur pneus gonflables 70 mm<\/a>\u00a0La pince a une largeur de 70 mm. L\u2019int\u00e9rieur est recouvert d\u2019un mat\u00e9riau de protection contre les chocs et les rayures.<br>Dimensions approximatives 40\u00d730 cm, poids 2 kg.<\/li>\n<\/ul>\n\n\n\n<h3 class=\"wp-block-heading\">Acheter une pince \u00e0 ch\u00e2ssis<\/h3>\n\n\n\n<p>\u00c0 quoi faut-il faire attention quand tu veux acheter une pince \u00e0 ch\u00e2ssis ? Il est important de bien \u00e9valuer l\u2019utilisation que tu en feras. Quels mat\u00e9riaux et dimensions ? Souvent, nos clients optent pour un&nbsp;<a href=\"https:\/\/gevelridder.nl\/product\/glaskar-250-platenwagen\/\">Chariot \u00e0 vitres<\/a>&nbsp;car ce chariot peut aussi tenir debout tout seul.<\/p>\n\n\n\n<p>Savais-tu d\u2019ailleurs qu\u2019AtoutL\u00e8ve est recommand\u00e9 dans le&nbsp;<a href=\"https:\/\/arbovriendelijkehulpmiddelen.volandis.nl\/taken\/glaszetwerk\/fysieke-belasting\/gevelridder\/index.html\" target=\"_blank\" rel=\"noreferrer noopener\">Catalogue Arbo pour la pose de vitres ?<\/a><\/p>\n","protected":false},"excerpt":{"rendered":"<p>La pince a une largeur de 170 mm, mais est \u00e9galement disponible en largeur de 70 et 125 mm. L\u2019int\u00e9rieur est recouvert d\u2019un mat\u00e9riau de protection contre les chocs et les rayures.<br \/>\nDimensions environ 20\u00d720 cm, poids 2 kg.<\/p>\n","protected":false},"featured_media":131528,"template":"","meta":{"_acf_changed":false,"_seopress_robots_primary_cat":"none","_seopress_titles_title":"","_seopress_titles_desc":"","_seopress_robots_index":""},"product_brand":[],"product_cat":[893,895],"product_tag":[1511,1054,1015,1430,1099,1167,1220,1179,1122,1773],"class_list":{"0":"post-134127","1":"product","2":"type-product","3":"status-publish","4":"has-post-thumbnail","6":"product_cat-chariots-de-facade","7":"product_cat-diable-a-vitres","8":"product_tag-chariot-a-panneaux-2","9":"product_tag-chariot-a-panneaux","10":"product_tag-chariot-a-vitres","11":"product_tag-petit-chariot-2","12":"product_tag-plan-de-travail","13":"product_tag-porte-portes","14":"product_tag-porte-verre","15":"product_tag-pose-de-porte","16":"product_tag-tout-pour-le-verre","17":"product_tag-wagen","18":"product_shipping_class-colis-50-50-60","20":"first","21":"instock","22":"taxable","23":"shipping-taxable","24":"purchasable","25":"product-type-simple"},"acf":[],"_links":{"self":[{"href":"https:\/\/gevelridder.nl\/fr\/wp-json\/wp\/v2\/product\/134127","targetHints":{"allow":["GET"]}}],"collection":[{"href":"https:\/\/gevelridder.nl\/fr\/wp-json\/wp\/v2\/product"}],"about":[{"href":"https:\/\/gevelridder.nl\/fr\/wp-json\/wp\/v2\/types\/product"}],"wp:featuredmedia":[{"embeddable":true,"href":"https:\/\/gevelridder.nl\/fr\/wp-json\/wp\/v2\/media\/131528"}],"wp:attachment":[{"href":"https:\/\/gevelridder.nl\/fr\/wp-json\/wp\/v2\/media?parent=134127"}],"wp:term":[{"taxonomy":"product_brand","embeddable":true,"href":"https:\/\/gevelridder.nl\/fr\/wp-json\/wp\/v2\/product_brand?post=134127"},{"taxonomy":"product_cat","embeddable":true,"href":"https:\/\/gevelridder.nl\/fr\/wp-json\/wp\/v2\/product_cat?post=134127"},{"taxonomy":"product_tag","embeddable":true,"href":"https:\/\/gevelridder.nl\/fr\/wp-json\/wp\/v2\/product_tag?post=134127"}],"curies":[{"name":"wp","href":"https:\/\/api.w.org\/{rel}","templated":true}]}}