
{"id":134109,"date":"2026-03-24T08:17:11","date_gmt":"2026-03-24T08:17:11","guid":{"rendered":"https:\/\/gevelridder.nl\/product\/pince-a-chassis-sur-pneus-70-mm\/"},"modified":"2026-04-06T18:53:11","modified_gmt":"2026-04-06T18:53:11","slug":"pince-a-chassis-sur-pneus-70-mm","status":"publish","type":"product","link":"https:\/\/gevelridder.nl\/fr\/produit\/pince-a-chassis-sur-pneus-70-mm\/","title":{"rendered":"Pince \u00e0 ch\u00e2ssis sur pneus 70 mm"},"content":{"rendered":"\n<h2 class=\"wp-block-heading\">La Pince \u00e0 ch\u00e2ssis sur pneus 70 mm<\/h2>\n\n\n\n<p>La Pince \u00e0 ch\u00e2ssis sur pneus 70 mm a une largeur utile de 70 mm, mais peut aussi \u00eatre livr\u00e9e dans une largeur de 70 et 170 mm. L\u2019int\u00e9rieur est recouvert d\u2019un mat\u00e9riau de protection contre les chocs et les rayures.<br>Dimensions environ 20\u00d720 cm, poids 2 kg.<\/p>\n\n\n\n<h2 class=\"wp-block-heading\">Quels autres petits chariots avons-nous en plus de la Pince \u00e0 ch\u00e2ssis sur pneus 70 mm ?<\/h2>\n\n\n\n<p>Voici les autres petits chariots pratiques que nous avons dans notre gamme :<\/p>\n\n\n\n<ul class=\"wp-block-list\">\n<li><a href=\"https:\/\/gevelridder.nl\/product\/malle-jantje\/\">Malle Jantje<\/a>\u00a0Le Malle Jantje est un chariot \u00e0 ch\u00e2ssis pratique que chaque professionnel utilise avec plaisir. Avec le sourire, Malle Jantje transporte ch\u00e2ssis, poutres, stores vers le chantier. Le bac a une largeur utile de 250 mm, donc adapt\u00e9 aux ch\u00e2ssis larges avec triple vitrage. Le chariot fait 500 mm de long.<\/li>\n\n\n\n<li><a href=\"https:\/\/gevelridder.nl\/product\/kozijn-klem-op-luchtbanden170-mm\/\">Pince \u00e0 ch\u00e2ssis sur pneus gonflables 170 mm<\/a>\u00a0La pince a une largeur de 170 mm. L\u2019int\u00e9rieur est \u00e9galement recouvert d\u2019un mat\u00e9riau de protection contre les chocs et les rayures.<br>Dimensions approximatives 40\u00d736 cm, poids 2 kg.<\/li>\n\n\n\n<li><a href=\"https:\/\/gevelridder.nl\/product\/kozijn-klem-op-luchtbanden-125-mm\/\">Pince \u00e0 ch\u00e2ssis sur pneus 125 mm<\/a>\u00a0La pince a une largeur de 125 mm. L\u2019int\u00e9rieur est recouvert d\u2019un mat\u00e9riau de protection contre les chocs et les rayures.<br>Dimensions environ 40\u00d730 cm, poids 2 kg.<\/li>\n<\/ul>\n\n\n\n<h3 class=\"wp-block-heading\">Acheter une pince \u00e0 ch\u00e2ssis ?<\/h3>\n\n\n\n<p>\u00c0 quoi faut-il faire attention si tu veux acheter une pince \u00e0 ch\u00e2ssis ? Il est important de bien inventorier pour quoi tu veux utiliser la pince. Quels mat\u00e9riaux et dimensions ? Souvent nos clients choisissent quand m\u00eame un&nbsp;<a href=\"https:\/\/gevelridder.nl\/product\/kozijn-klem-op-luchtbanden-125-mm\/\">Chariot \u00e0 vitres 250 kg<\/a>&nbsp;ou un&nbsp;<a href=\"https:\/\/gevelridder.nl\/product\/glaskar-platenwagen-150kg\/\">Chariot \u00e0 vitres 150 kg<\/a>&nbsp;parce que ce chariot peut aussi tenir debout de mani\u00e8re autonome.<\/p>\n\n\n\n<p>Tu connais les risques du levage et du portage ? Jette un \u0153il sur ce&nbsp;<a href=\"https:\/\/www.arboportaal.nl\/onderwerpen\/tillen-en-dragen\/wat-zijn-de-risico%E2%80%99s-van-tillen-en-dragen\">site<\/a>.<\/p>\n","protected":false},"excerpt":{"rendered":"<p>La Pince \u00e0 ch\u00e2ssis sur pneus 70 mm est un chariot pratique et solide pour transporter du b\u00e9ton multiplex et autres plaques lourdes.<\/p>\n","protected":false},"featured_media":131562,"template":"","meta":{"_acf_changed":false,"_seopress_robots_primary_cat":"none","_seopress_titles_title":"","_seopress_titles_desc":"","_seopress_robots_index":""},"product_brand":[],"product_cat":[893,895],"product_tag":[1511,1054,1015,1430,1099,1167,1220,1179,1122,1773],"class_list":{"0":"post-134109","1":"product","2":"type-product","3":"status-publish","4":"has-post-thumbnail","6":"product_cat-chariots-de-facade","7":"product_cat-diable-a-vitres","8":"product_tag-chariot-a-panneaux-2","9":"product_tag-chariot-a-panneaux","10":"product_tag-chariot-a-vitres","11":"product_tag-petit-chariot-2","12":"product_tag-plan-de-travail","13":"product_tag-porte-portes","14":"product_tag-porte-verre","15":"product_tag-pose-de-porte","16":"product_tag-tout-pour-le-verre","17":"product_tag-wagen","18":"product_shipping_class-colis-50-50-60","20":"first","21":"instock","22":"taxable","23":"shipping-taxable","24":"purchasable","25":"product-type-simple"},"acf":[],"_links":{"self":[{"href":"https:\/\/gevelridder.nl\/fr\/wp-json\/wp\/v2\/product\/134109","targetHints":{"allow":["GET"]}}],"collection":[{"href":"https:\/\/gevelridder.nl\/fr\/wp-json\/wp\/v2\/product"}],"about":[{"href":"https:\/\/gevelridder.nl\/fr\/wp-json\/wp\/v2\/types\/product"}],"wp:featuredmedia":[{"embeddable":true,"href":"https:\/\/gevelridder.nl\/fr\/wp-json\/wp\/v2\/media\/131562"}],"wp:attachment":[{"href":"https:\/\/gevelridder.nl\/fr\/wp-json\/wp\/v2\/media?parent=134109"}],"wp:term":[{"taxonomy":"product_brand","embeddable":true,"href":"https:\/\/gevelridder.nl\/fr\/wp-json\/wp\/v2\/product_brand?post=134109"},{"taxonomy":"product_cat","embeddable":true,"href":"https:\/\/gevelridder.nl\/fr\/wp-json\/wp\/v2\/product_cat?post=134109"},{"taxonomy":"product_tag","embeddable":true,"href":"https:\/\/gevelridder.nl\/fr\/wp-json\/wp\/v2\/product_tag?post=134109"}],"curies":[{"name":"wp","href":"https:\/\/api.w.org\/{rel}","templated":true}]}}