
{"id":134086,"date":"2026-03-24T08:17:10","date_gmt":"2026-03-24T08:17:10","guid":{"rendered":"https:\/\/gevelridder.nl\/product\/kim150-pompe-electrique\/"},"modified":"2026-04-06T18:39:44","modified_gmt":"2026-04-06T18:39:44","slug":"kim150-plus","status":"publish","type":"product","link":"https:\/\/gevelridder.nl\/fr\/produit\/kim150-plus\/","title":{"rendered":"Kim150 pompe \u00e9lectrique"},"content":{"rendered":"\n<h2 class=\"wp-block-heading\"><strong>Kim150 Plus \u2013 Le L\u00e8ve-Vitre \u00e0 Ventouse le Plus L\u00e9ger au Monde<\/strong><\/h2>\n\n\n\n<p>Le&nbsp;<strong>Kim150 Plus<\/strong>&nbsp;est&nbsp;<strong>le l\u00e8ve-vitre \u00e0 ventouse le plus l\u00e9ger<\/strong>&nbsp;au monde dans sa cat\u00e9gorie. Gr\u00e2ce \u00e0 son&nbsp;<strong>ch\u00e2ssis en aluminium ultra-l\u00e9ger<\/strong>&nbsp;et \u00e0 deux puissants&nbsp;<strong>aspirateurs \u00e0 vide Kim23 Plus<\/strong>, ce l\u00e8ve-vitre \u00e0 ventouse est id\u00e9al pour soulever de mani\u00e8re s\u00fbre et sans effort des&nbsp;<strong>mat\u00e9riaux lourds non poreux<\/strong>&nbsp;comme&nbsp;<strong>le verre, les carreaux c\u00e9ramiques, les plaques et les surfaces m\u00e9talliques lisses<\/strong>.<\/p>\n\n\n\n<p>Avec des&nbsp;<strong>dimensions de 23 x 63 cm et seulement 9 cm d\u2019\u00e9paisseur<\/strong>&nbsp;(ventouses incluses), ce l\u00e8ve-vitre \u00e0 ventouse innovant offre une flexibilit\u00e9 maximale pour&nbsp;<strong>les poseurs de vitres, entrepreneurs et professionnels du b\u00e2timent<\/strong>. De plus, les&nbsp;<strong>deux aspirateurs \u00e0 vide Kim120 Plus<\/strong>&nbsp;peuvent facilement \u00eatre retir\u00e9s du ch\u00e2ssis et utilis\u00e9s s\u00e9par\u00e9ment. Faire d\u2019une pierre deux coups !<\/p>\n\n\n\n<hr class=\"wp-block-separator has-alpha-channel-opacity\"\/>\n\n\n\n<h2 class=\"wp-block-heading\"><strong>Kim150 Plus : Puissance d\u2019Aspiration Maximale dans un Design Compact<\/strong><\/h2>\n\n\n\n<p>Le&nbsp;<strong>Kim150 Plus<\/strong>&nbsp;contient deux&nbsp;<strong>aspirateurs \u00e0 vide Kim23<\/strong>, aliment\u00e9s par une&nbsp;<strong>batterie lithium interne<\/strong>. Ce syst\u00e8me innovant offre une&nbsp;<strong>pompe \u00e0 vide automatique<\/strong>, qui s\u2019active d\u00e8s que la d\u00e9pression&nbsp;<strong>atteint environ -0,5 bar<\/strong>. Cela rend&nbsp;<strong>le processus de levage enti\u00e8rement automatis\u00e9<\/strong>, sans que l\u2019utilisateur ait \u00e0 se soucier de la perte de pression.<\/p>\n\n\n\n<p><strong>Principaux avantages :<\/strong><br><br><strong>\u2714&nbsp;<\/strong><strong>Le&nbsp;plus l\u00e9ger&nbsp;l\u00e8ve-vitre \u00e0 ventouse au monde avec une capacit\u00e9 de 150 kg<\/strong><br><strong>\u2714&nbsp;Syst\u00e8me de vide automatique<\/strong>&nbsp;\u2013 s\u2019active et se d\u00e9sactive automatiquement pour une s\u00e9curit\u00e9 optimale<br><strong>\u2714&nbsp;Batterie lithium puissante (5000 mAh)<\/strong>&nbsp;\u2013 jusqu\u2019\u00e0&nbsp;<strong>16 heures d\u2019utilisation continue<\/strong>&nbsp;apr\u00e8s seulement&nbsp;<strong>8 heures de charge<\/strong><br><strong>\u2714&nbsp;\u00c9cran LED avec codes couleur<\/strong>&nbsp;\u2013 toujours un aper\u00e7u du niveau de vide (vert) et de l\u2019\u00e9tat de la batterie (rouge)<br><strong>\u2714&nbsp;Caoutchouc gris<\/strong>&nbsp;\u2013 \u00e9vite les taches ou rayures sur le verre et les surfaces lisses<\/p>\n\n\n\n<p>Le&nbsp;<strong>l\u00e8ve-vitre \u00e0 ventouse Kim150 Plus<\/strong>&nbsp;peut facilement aspirer sur des mat\u00e9riaux comme :<br>? Verre<br>? Carreaux c\u00e9ramiques<br>? Plaques m\u00e9talliques lisses<br>? Meubles, plans de travail et plus<\/p>\n\n\n\n<hr class=\"wp-block-separator has-alpha-channel-opacity\"\/>\n\n\n\n<h2 class=\"wp-block-heading\"><strong>Charge et Utilisation : Simple et Efficace<\/strong><\/h2>\n\n\n\n<p>Le&nbsp;<strong>Kim150 Plus<\/strong>&nbsp;se charge via un&nbsp;<strong>c\u00e2ble USB-C<\/strong>, conforme aux&nbsp;<strong>normes UE<\/strong>. Cela signifie que tu peux facilement utiliser un&nbsp;<strong>adaptateur de smartphone<\/strong>&nbsp;pour plus de praticit\u00e9.&nbsp;<strong>En 8 heures, la batterie est enti\u00e8rement charg\u00e9e<\/strong>, pr\u00eate pour jusqu\u2019\u00e0&nbsp;<strong>16 heures d\u2019utilisation ininterrompue<\/strong>.<\/p>\n\n\n\n<p><strong>Inclus dans l\u2019emballage :<\/strong><br>\u2714&nbsp;<strong>Aspirateur \u00e0 vide Kim23 Plus (x2)<\/strong><br>\u2714&nbsp;<strong>C\u00e2ble de charge USB-C<\/strong><br>\u2714&nbsp;<strong>Filtres de rechange (3 pi\u00e8ces)<\/strong><br>\u2714&nbsp;<strong>Brosse de nettoyage<\/strong><br>\u2714&nbsp;<strong>Mode d\u2019emploi (NL &amp; EN)<\/strong><br>\u2714&nbsp;<strong>Mallette de transport robuste gratuite<\/strong><\/p>\n\n\n\n<hr class=\"wp-block-separator has-alpha-channel-opacity\"\/>\n\n\n\n<h2 class=\"wp-block-heading\"><strong>Pourquoi le Kim150 Plus pour les Poseurs de Vitres et Professionnels du B\u00e2timent ?<\/strong><\/h2>\n\n\n\n<p>Le&nbsp;<strong>l\u00e8ve-vitre \u00e0 ventouse Kim150 Plus<\/strong>&nbsp;est un&nbsp;<strong>outil indispensable<\/strong>&nbsp;pour&nbsp;<strong>les poseurs de vitres, entrepreneurs et sous-traitants<\/strong>&nbsp;qui veulent soulever des&nbsp;<strong>mat\u00e9riaux lourds de mani\u00e8re s\u00fbre et ergonomique<\/strong>. Gr\u00e2ce \u00e0 sa&nbsp;<strong>conception l\u00e9g\u00e8re<\/strong>&nbsp;et \u00e0 sa&nbsp;<strong>forte puissance d\u2019aspiration<\/strong>, ce l\u00e8ve-vitre \u00e0 ventouse est parfait pour&nbsp;<strong>le montage horizontal et vertical<\/strong>.<\/p>\n\n\n\n<p>?&nbsp;<strong>Travail s\u00fbr et ergonomique<\/strong>&nbsp;\u2013 recommand\u00e9 par les&nbsp;<strong>outils respectueux de l\u2019ergonomie<\/strong><br>?&nbsp;<strong>Gain de temps<\/strong>&nbsp;\u2013 travail plus rapide et efficace avec moins d\u2019effort<br>?&nbsp;<strong>Adh\u00e9rence et stabilit\u00e9 maximales<\/strong>&nbsp;\u2013 \u00e9vite les dommages au verre et autres mat\u00e9riaux<\/p>\n\n\n\n<hr class=\"wp-block-separator has-alpha-channel-opacity\"\/>\n\n\n\n<h2 class=\"wp-block-heading\"><strong>Protection Antichute : S\u00e9curit\u00e9 Suppl\u00e9mentaire en Hauteur<\/strong><\/h2>\n\n\n\n<p>Le&nbsp;<strong>l\u00e8ve-vitre \u00e0 ventouse Kim150 Plus<\/strong>&nbsp;est \u00e9quip\u00e9 d\u2019<strong>encoches<\/strong>&nbsp;sp\u00e9ciales pour fixer une&nbsp;<strong>protection antichute<\/strong>. Cela rend le l\u00e8ve-vitre adapt\u00e9 au&nbsp;<strong>levage d\u2019objets au-dessus de 1,2 m\u00e8tre de hauteur<\/strong>, une mesure de s\u00e9curit\u00e9 obligatoire lors de travaux en hauteur.<\/p>\n\n\n\n<p>Avec le&nbsp;<strong>Kim150 Plus<\/strong>, tu travailles non seulement&nbsp;<strong>plus vite<\/strong>, mais surtout&nbsp;<strong>plus s\u00fbrement<\/strong>.<\/p>\n\n\n\n<hr class=\"wp-block-separator has-alpha-channel-opacity\"\/>\n\n\n\n<h2 class=\"wp-block-heading\"><strong>Commande D\u00e8s Aujourd\u2019hui le L\u00e8ve-Vitre \u00e0 Ventouse le Plus L\u00e9ger au Monde !<\/strong><\/h2>\n\n\n\n<p>Tu veux profiter de la derni\u00e8re&nbsp;<strong>technologie de vide l\u00e9g\u00e8re<\/strong>&nbsp;et soulever sans effort des mat\u00e9riaux lourds ? Commande le&nbsp;<strong>l\u00e8ve-vitre \u00e0 ventouse Kim150 Plus<\/strong>&nbsp;d\u00e8s aujourd\u2019hui et d\u00e9couvre&nbsp;<strong>l\u2019efficacit\u00e9 et la s\u00e9curit\u00e9 maximales<\/strong>.<\/p>\n\n\n\n<p>?&nbsp;<strong>Commande maintenant via AtoutL\u00e8ve.nl et d\u00e9couvre la puissance du Kim150 Plus !<\/strong>&nbsp;?<\/p>\n\n\n\n<hr class=\"wp-block-separator has-alpha-channel-opacity\"\/>\n\n\n\n<p>Ce texte contient les principaux&nbsp;<strong>mots-cl\u00e9s (optimisation SEO)<\/strong>&nbsp;comme&nbsp;<strong>l\u00e8ve-vitre \u00e0 ventouse<\/strong>,&nbsp;<strong>l\u00e8ve-vitre \u00e0 ventouse le plus l\u00e9ger au monde<\/strong>,&nbsp;<strong>pompe \u00e0 vide automatique<\/strong>,&nbsp;<strong>poseurs de vitres<\/strong>, et&nbsp;<strong>levage s\u00e9curis\u00e9<\/strong>. De plus, la&nbsp;<strong>lisibilit\u00e9 a \u00e9t\u00e9 am\u00e9lior\u00e9e<\/strong>&nbsp;et cibl\u00e9e sur le groupe cible (professionnels techniques).<\/p>\n\n\n\n<p>Tu veux encore des ajustements ou ajouter des accents sp\u00e9cifiques ? ?<\/p>\n","protected":false},"excerpt":{"rendered":"<p data-start=\"64\" data-end=\"329\">Le\u00a0<strong data-start=\"67\" data-end=\"82\">Kim150 PLUS<\/strong>\u00a0est un\u00a0<strong data-start=\"102\" data-end=\"130\">l\u00e8ve-vitre \u00e9lectrique \u00e0 ventouse<\/strong>\u00a0ultra-l\u00e9ger avec deux puissants\u00a0<strong data-start=\"150\" data-end=\"174\">aspirateurs \u00e0 vide Kim23<\/strong>\u00a0dans un\u00a0<strong data-start=\"182\" data-end=\"209\">ch\u00e2ssis en aluminium robuste<\/strong>.<\/p>\n<p data-start=\"331\" data-end=\"751\"><b>\u2714\u00a0<\/b><strong data-start=\"333\" data-end=\"355\">Ne p\u00e8se que 5 kg<\/strong>\u00a0\u2013\u00a0le l\u00e8ve-vitre \u00e0 ventouse de 150 kg le plus l\u00e9ger au monde !<br data-start=\"401\" data-end=\"404\" \/><b>\u2714\u00a0<\/b><strong data-start=\"406\" data-end=\"430\" data-is-only-node=\"\">Rechargeable via USB-C<\/strong>\u00a0\u2013 jusqu\u2019\u00e0\u00a0<strong data-start=\"437\" data-end=\"455\">16 heures d\u2019utilisation intensive<\/strong>\u00a0avec une seule charge<br data-start=\"472\" data-end=\"475\" \/><b>\u2714\u00a0<\/b><strong data-start=\"477\" data-end=\"493\">Caoutchouc gris<\/strong>\u00a0\u2013 \u00e9vite les rayures sur le verre et les surfaces lisses<br data-start=\"543\" data-end=\"546\" \/><b>\u2714\u00a0<\/b><strong data-start=\"548\" data-end=\"563\">\u00c9cran LED<\/strong>\u00a0\u2013 \u00e9tat du vide et de la batterie en temps r\u00e9el<br data-start=\"601\" data-end=\"604\" \/><b>\u2714\u00a0<\/b><strong data-start=\"606\" data-end=\"622\">Trois positions<\/strong>\u00a0\u2013 utilisation flexible pour diverses applications<br data-start=\"669\" data-end=\"672\" \/><b>\u2714\u00a0Deux\u00a0<\/b><strong data-start=\"674\" data-end=\"698\">aspirateurs \u00e0 vide Kim23<\/strong>\u00a0\u2013 utilisables aussi s\u00e9par\u00e9ment comme\u00a0<strong data-start=\"722\" data-end=\"736\">aspirateur \u00e0 main<\/strong><\/p>\n","protected":false},"featured_media":132232,"template":"","meta":{"_acf_changed":false,"_seopress_robots_primary_cat":"none","_seopress_titles_title":"","_seopress_titles_desc":"","_seopress_robots_index":""},"product_brand":[],"product_cat":[897,903,906],"product_tag":[1669,1696,997,1884,1667,1423,1509,1390,1321,1275,1563,1021,1399,1885,1853,1792,1689,1308,1826,1312,1886,1893,1307,1212],"class_list":{"0":"post-134086","1":"product","2":"type-product","3":"status-publish","4":"has-post-thumbnail","6":"product_cat-kim","7":"product_cat-palonniers-a-ventouses","8":"product_cat-porte-verres","9":"product_tag-agenceurs","10":"product_tag-aluminiumlift","11":"product_tag-atoutleve","12":"product_tag-auto","13":"product_tag-chassis-de-fenetre","14":"product_tag-hissage","15":"product_tag-levage-3","16":"product_tag-levage-2","17":"product_tag-levage-de-verre","18":"product_tag-location-monte-verre","19":"product_tag-miroiterie-2","20":"product_tag-monte-verre","21":"product_tag-palan","22":"product_tag-plus","23":"product_tag-sirliftalot4","24":"product_tag-transport","25":"product_tag-ventouse","26":"product_tag-ventouse-a-pompe","27":"product_tag-ventouse-a-vide","28":"product_tag-verre-2","29":"product_tag-vide","30":"product_tag-vide-2","31":"product_tag-vitrier","32":"product_tag-vitrier-2","33":"product_shipping_class-paquet-80-50-20","35":"first","36":"instock","37":"taxable","38":"shipping-taxable","39":"purchasable","40":"product-type-simple"},"acf":[],"_links":{"self":[{"href":"https:\/\/gevelridder.nl\/fr\/wp-json\/wp\/v2\/product\/134086","targetHints":{"allow":["GET"]}}],"collection":[{"href":"https:\/\/gevelridder.nl\/fr\/wp-json\/wp\/v2\/product"}],"about":[{"href":"https:\/\/gevelridder.nl\/fr\/wp-json\/wp\/v2\/types\/product"}],"wp:featuredmedia":[{"embeddable":true,"href":"https:\/\/gevelridder.nl\/fr\/wp-json\/wp\/v2\/media\/132232"}],"wp:attachment":[{"href":"https:\/\/gevelridder.nl\/fr\/wp-json\/wp\/v2\/media?parent=134086"}],"wp:term":[{"taxonomy":"product_brand","embeddable":true,"href":"https:\/\/gevelridder.nl\/fr\/wp-json\/wp\/v2\/product_brand?post=134086"},{"taxonomy":"product_cat","embeddable":true,"href":"https:\/\/gevelridder.nl\/fr\/wp-json\/wp\/v2\/product_cat?post=134086"},{"taxonomy":"product_tag","embeddable":true,"href":"https:\/\/gevelridder.nl\/fr\/wp-json\/wp\/v2\/product_tag?post=134086"}],"curies":[{"name":"wp","href":"https:\/\/api.w.org\/{rel}","templated":true}]}}