
{"id":134080,"date":"2026-03-24T11:40:03","date_gmt":"2026-03-24T11:40:03","guid":{"rendered":"https:\/\/gevelridder.nl\/product\/kit-dextension-kim-plus-quattro\/"},"modified":"2026-04-06T18:41:43","modified_gmt":"2026-04-06T18:41:43","slug":"kit-dextension-kim-plus-quattro","status":"publish","type":"product","link":"https:\/\/gevelridder.nl\/fr\/produit\/kit-dextension-kim-plus-quattro\/","title":{"rendered":"Kit d\u2019extension Kim plus Quattro"},"content":{"rendered":"\n<h2 class=\"wp-block-heading\">Kit d\u2019extension Kim plus Quattro<\/h2>\n\n\n\n<p>Ce kit d\u2019extension, le Kim plus Quattro, comprend une structure en H et quatre ventouses Kim75. Ce kit s\u2019installe en un tour de main sur l\u2019\u00e9l\u00e9vateur Quattro 200 et le Quattro lift Combi, donc fini le pompage manuel.<\/p>\n\n\n\n<p>Si vous souhaitez recevoir des informations d\u00e9taill\u00e9es ou une d\u00e9monstration sans engagement dans notre magnifique showroom au centre du pays, n\u2019h\u00e9sitez pas \u00e0 nous contacter.<\/p>\n\n\n\n<h3 class=\"wp-block-heading\">\u00c9vitez de porter le verre \u00e0 la main avec le kit d\u2019extension Kim plus Quattro<\/h3>\n\n\n\n<p>Le verre est encore souvent soulev\u00e9 et port\u00e9 \u00e0 la main, ce qui n\u2019est pas n\u00e9cessaire. Parfois, les bons outils d\u2019aide au levage et au transport manquent, parfois c\u2019est par facilit\u00e9 de l\u2019employ\u00e9. Pourquoi risquer d\u2019avoir mal au dos toute votre vie, nous ne le ferons pas !<\/p>\n\n\n\n<p><a href=\"https:\/\/arbocatalogus-vlakglas.nl\/handeling\/handmatig-tillen-en-dragen-van-glas\">Conseil : le catalogue Arbo pour l\u2019industrie du verre plat<\/a><\/p>\n\n\n\n<p>Une bonne alternative \u00e0 ce produit est l\u2019achat d\u2019un kit&nbsp;<a href=\"https:\/\/gevelridder.nl\/fr\/product\/entretoise-atoutleve-2-metres\/\">AtoutL\u00e8ve<\/a>, avec lequel vous pouvez effectuer encore plus de t\u00e2ches. Ce kit comprend un chariot, un AtoutL\u00e8ve, une ventouse et une pince de serrage.<\/p>\n\n\n\n<p>Les causes les plus fr\u00e9quentes d\u2019accidents et de blessures sont :<\/p>\n\n\n\n<ul class=\"wp-block-list\">\n<li>Coupures lors de la manipulation du verre<\/li>\n\n\n\n<li>Surcharge physique due au levage et au transport de plaques de verre lourdes<\/li>\n\n\n\n<li>Tr\u00e9buchements, glissades ou chutes<\/li>\n\n\n\n<li>\u00catre frapp\u00e9 par une charge qui tombe<\/li>\n<\/ul>\n\n\n\n<p>Principaux risques :<\/p>\n\n\n\n<ol class=\"wp-block-list\">\n<li>Charge physique<\/li>\n\n\n\n<li>\u00catre heurt\u00e9 par des mat\u00e9riaux (qui tombent)<\/li>\n\n\n\n<li>Risque de coupure<\/li>\n\n\n\n<li>Tr\u00e9buchements, chutes et glissades<\/li>\n<\/ol>\n\n\n\n<p>Solutions pour les risques :<\/p>\n\n\n\n<ol class=\"wp-block-list\">\n<li>Levage et transport manuel s\u00e9curis\u00e9s<\/li>\n\n\n\n<li>Pr\u00e9vention des blessures par coupure<\/li>\n\n\n\n<li>Pr\u00e9vention des chutes, glissades et tr\u00e9buchements<\/li>\n\n\n\n<li>Les EPI appropri\u00e9s pour chaque manipulation !<\/li>\n<\/ol>\n\n\n\n<p>C\u2019est pourquoi AtoutL\u00e8ve !<\/p>\n","protected":false},"excerpt":{"rendered":"<p>Ce kit d\u2019extension, le Quattro-lift 200kg Pro, comprend une structure en H et quatre ventouses Kim75. Vous pouvez facilement le monter sur votre\u00a0<a href=\"https:\/\/gevelridder.nl\/product\/quattro-lift-200kg-met-console\/\">Quattro lift 200<\/a>\u00a0ou\u00a0<a href=\"https:\/\/gevelridder.nl\/fr\/?post_type=product&amp;p=129185\">Quattro lift combi<\/a>.<\/p>\n","protected":false},"featured_media":132278,"template":"","meta":{"_acf_changed":false,"_seopress_robots_primary_cat":"none","_seopress_titles_title":"","_seopress_titles_desc":"","_seopress_robots_index":""},"product_brand":[],"product_cat":[893,899],"product_tag":[997,1632],"class_list":{"0":"post-134080","1":"product","2":"type-product","3":"status-publish","4":"has-post-thumbnail","6":"product_cat-chariots-de-facade","7":"product_cat-monte-vitre","8":"product_tag-atoutleve","9":"product_tag-plaatsingskar","10":"product_shipping_class-paquet-80-50-20","12":"first","13":"instock","14":"sold-individually","15":"taxable","16":"shipping-taxable","17":"purchasable","18":"product-type-simple"},"acf":[],"_links":{"self":[{"href":"https:\/\/gevelridder.nl\/fr\/wp-json\/wp\/v2\/product\/134080","targetHints":{"allow":["GET"]}}],"collection":[{"href":"https:\/\/gevelridder.nl\/fr\/wp-json\/wp\/v2\/product"}],"about":[{"href":"https:\/\/gevelridder.nl\/fr\/wp-json\/wp\/v2\/types\/product"}],"wp:featuredmedia":[{"embeddable":true,"href":"https:\/\/gevelridder.nl\/fr\/wp-json\/wp\/v2\/media\/132278"}],"wp:attachment":[{"href":"https:\/\/gevelridder.nl\/fr\/wp-json\/wp\/v2\/media?parent=134080"}],"wp:term":[{"taxonomy":"product_brand","embeddable":true,"href":"https:\/\/gevelridder.nl\/fr\/wp-json\/wp\/v2\/product_brand?post=134080"},{"taxonomy":"product_cat","embeddable":true,"href":"https:\/\/gevelridder.nl\/fr\/wp-json\/wp\/v2\/product_cat?post=134080"},{"taxonomy":"product_tag","embeddable":true,"href":"https:\/\/gevelridder.nl\/fr\/wp-json\/wp\/v2\/product_tag?post=134080"}],"curies":[{"name":"wp","href":"https:\/\/api.w.org\/{rel}","templated":true}]}}