
{"id":134046,"date":"2026-03-24T11:39:17","date_gmt":"2026-03-24T11:39:17","guid":{"rendered":"https:\/\/gevelridder.nl\/product\/chariot-coulissant-i-care-pour-le-secteur-logistique-zgan\/"},"modified":"2026-04-06T18:21:49","modified_gmt":"2026-04-06T18:21:49","slug":"chariot-coulissant-i-care-pour-le-secteur-logistique-zgan","status":"publish","type":"product","link":"https:\/\/gevelridder.nl\/fr\/produit\/chariot-coulissant-i-care-pour-le-secteur-logistique-zgan\/","title":{"rendered":"Chariot coulissant I-Care pour le secteur logistique zgan"},"content":{"rendered":"\n<p>I-Care signifie Innovative Cargo Assistance and Rolling Equipment, et c\u2019est un outil r\u00e9volutionnaire qui \u00e9l\u00e8ve ton transport de marchandises \u00e0 un niveau compl\u00e8tement nouveau. Avec une hauteur de 50 cm, I-Care offre un avantage unique \u2013 il rend le chargement et le d\u00e9chargement des marchandises un jeu d\u2019enfant. Qu\u2019il s\u2019agisse de cartons, de batteries ou d\u2019autres charges, tu peux facilement les faire glisser depuis un camion sur le plateau I-Care et vice versa. Cela te fait gagner un temps pr\u00e9cieux et \u00e9limine la n\u00e9cessit\u00e9 de soulever des charges lourdes.<\/p>\n\n\n\n<p>L\u2019une des caract\u00e9ristiques les plus remarquables d\u2019I-Care est le design ergonomique avec des d\u00e9coupes sp\u00e9ciales brevet\u00e9es sur le plateau. Ces d\u00e9coupes te permettent de saisir les charges sans effort sans solliciter ton dos. Nous comprenons l\u2019importance de ton bien-\u00eatre et nous nous effor\u00e7ons de minimiser les maux de dos tout en travaillant efficacement. I-Care est mont\u00e9 sur des pneus pneumatiques, ce qui permet de pousser facilement la charge par-dessus un seuil.<\/p>\n\n\n\n<p>Que tu sois un coursier qui transporte des meubles, des batteries ou des cartons, I-Care est con\u00e7u pour r\u00e9pondre \u00e0 tes besoins. Avec une capacit\u00e9 de charge impressionnante de 250 kg, ce chariot offre durabilit\u00e9 et fiabilit\u00e9, quelle que soit la taille ou le poids de ta charge. Les roulettes pivotantes, \u00e9quip\u00e9es de freins, offrent une maniabilit\u00e9 suppl\u00e9mentaire et assurent un stationnement s\u00fbr, m\u00eame dans des espaces restreints.<\/p>\n\n\n\n<p>I-Care est con\u00e7u par les ing\u00e9nieurs d\u00e9vou\u00e9s d\u2019AtoutL\u00e8ve, qui comprennent l\u2019importance de rendre ton travail plus facile et plus efficace. Cet outil innovant am\u00e9liore non seulement ton efficacit\u00e9, mais augmente aussi la satisfaction de tes clients. Investis d\u00e8s aujourd\u2019hui dans I-Care et d\u00e9couvre comment ce chariot intelligent va simplifier tes t\u00e2ches de transport et augmenter ton plaisir au travail. Rends ton travail plus facile et plus efficace avec I-Care !<\/p>\n","protected":false},"excerpt":{"rendered":"<p>I-Care, qui signifie Innovative Cargo Assistance and Rolling Equipment, est un chariot r\u00e9volutionnaire d\u2019une hauteur de 50 cm (peut d\u2019ailleurs \u00eatre livr\u00e9 sur mesure \u00e0 toute hauteur). Il permet de faire glisser facilement des objets lourds comme des cartons, des batteries et des meubles depuis un camion sur le plateau et vice versa. Le design ergonomique avec des d\u00e9coupes intelligentes pour faciliter la prise en main de la livraison. Fiable et facile \u00e0 faire rouler sur un seuil et un terrain in\u00e9gal : l\u2019I-Care. Ce chariot pr\u00e9sente un petit dommage sur le plateau sup\u00e9rieur, mais cela n\u2019affecte pas la fonctionnalit\u00e9.<\/p>\n","protected":false},"featured_media":132196,"template":"","meta":{"_acf_changed":false,"_seopress_robots_primary_cat":"none","_seopress_titles_title":"","_seopress_titles_desc":"","_seopress_robots_index":""},"product_brand":[],"product_cat":[890,892,893,895,902],"product_tag":[1858,1455,1107,1054,1608,1158,1468,1530,1859,1860,1861],"class_list":{"0":"post-134046","1":"product","2":"type-product","3":"status-publish","4":"has-post-thumbnail","6":"product_cat-cargoridder","7":"product_cat-chariots","8":"product_cat-chariots-de-facade","9":"product_cat-diable-a-vitres","10":"product_cat-outlet","11":"product_tag-accu-kar","12":"product_tag-chariot-3","13":"product_tag-chariot-a-batteries","14":"product_tag-chariot-a-panneaux","15":"product_tag-chariot-donduleur","16":"product_tag-chariot-de-camion","17":"product_tag-chariot-de-coursier","18":"product_tag-logistique","19":"product_tag-trnapsort","20":"product_tag-zonnepanelen-wagen","21":"product_tag-zware-dozen","22":"product_shipping_class-65-euros","24":"first","25":"outofstock","26":"taxable","27":"shipping-taxable","28":"purchasable","29":"product-type-simple"},"acf":[],"_links":{"self":[{"href":"https:\/\/gevelridder.nl\/fr\/wp-json\/wp\/v2\/product\/134046","targetHints":{"allow":["GET"]}}],"collection":[{"href":"https:\/\/gevelridder.nl\/fr\/wp-json\/wp\/v2\/product"}],"about":[{"href":"https:\/\/gevelridder.nl\/fr\/wp-json\/wp\/v2\/types\/product"}],"wp:featuredmedia":[{"embeddable":true,"href":"https:\/\/gevelridder.nl\/fr\/wp-json\/wp\/v2\/media\/132196"}],"wp:attachment":[{"href":"https:\/\/gevelridder.nl\/fr\/wp-json\/wp\/v2\/media?parent=134046"}],"wp:term":[{"taxonomy":"product_brand","embeddable":true,"href":"https:\/\/gevelridder.nl\/fr\/wp-json\/wp\/v2\/product_brand?post=134046"},{"taxonomy":"product_cat","embeddable":true,"href":"https:\/\/gevelridder.nl\/fr\/wp-json\/wp\/v2\/product_cat?post=134046"},{"taxonomy":"product_tag","embeddable":true,"href":"https:\/\/gevelridder.nl\/fr\/wp-json\/wp\/v2\/product_tag?post=134046"}],"curies":[{"name":"wp","href":"https:\/\/api.w.org\/{rel}","templated":true}]}}