
{"id":134045,"date":"2026-03-24T11:33:09","date_gmt":"2026-03-24T11:33:09","guid":{"rendered":"https:\/\/gevelridder.nl\/product\/location-elevateur-de-serre\/"},"modified":"2026-04-06T18:46:16","modified_gmt":"2026-04-06T18:46:16","slug":"location-elevateur-de-serre","status":"publish","type":"product","link":"https:\/\/gevelridder.nl\/fr\/produit\/location-elevateur-de-serre\/","title":{"rendered":"Location \u00e9l\u00e9vateur de serre"},"content":{"rendered":"\n<h2 class=\"wp-block-heading\">LOCATION \u00e9l\u00e9vateur de serre<\/h2>\n\n\n\n<p>L\u00e8ve-serre pour la pose de vitres longues et \u00e9troites dans un toit de serre depuis le dessous, \u00e9quip\u00e9 d\u2019un palonnier avec ventouses manuelles et d\u2019un treuil \u00e9lectrique. Contacte-nous par e-mail ou t\u00e9l\u00e9phone pour plus d\u2019infos.<\/p>\n\n\n\n<ul class=\"wp-block-list\">\n<li>135 \u20ac par jour<\/li>\n<\/ul>\n\n\n\n<p>Chez nous, une journ\u00e9e correspond \u00e0 24 heures, du moment o\u00f9 tu r\u00e9cup\u00e8res l\u2019appareil jusqu\u2019\u00e0 son retour. La dur\u00e9e minimale de location est de 2 jours.<\/p>\n\n\n\n<p>Merci d\u2019indiquer le jour ou la p\u00e9riode souhait\u00e9e, pour v\u00e9rifier la disponibilit\u00e9.<\/p>\n\n\n\n<p>Disponibilit\u00e9 limit\u00e9e, r\u00e9serve \u00e0 temps ! Nous vendons aussi cet \u00e9l\u00e9vateur, qui est rapidement livrable !<\/p>\n\n\n\n<p>La caution est de 500 euros<\/p>\n\n\n\n<p>Nous louons uniquement aux professionnels du verre, pas aux particuliers.<\/p>\n\n\n\n<h2 class=\"wp-block-heading\">Le l\u00e8ve-charge convient pour<\/h2>\n\n\n\n<p>Jusqu\u2019\u00e0 une hauteur de 4,2 m\u00e8tres, \u00e9lectrique, \u00e9galement adapt\u00e9 pour l\u2019installation de plaques de plafond, stores, volets roulants, climatiseurs, etc. Avec une plateforme pratique fournie.Fonctionne avec un treuil \u00e9lectrique et est tr\u00e8s compact \u00e0 transporter et \u00e0 installer sur le lieu de montage. Si tu installes des stores ou des volets roulants, nous avons aussi des&nbsp;<a href=\"https:\/\/gevelridder.nl\/fr\/?post_type=product&amp;p=129060\">chariots pratiques<\/a>&nbsp;pour le&nbsp;<a href=\"https:\/\/gevelridder.nl\/fr\/product\/chariot-a-vitres-et-chariot-a-panneaux-150kg-2-0\/\">transport<\/a>&nbsp;sans endommager les profil\u00e9s.<\/p>\n\n\n\n<h2 class=\"wp-block-heading\"><a href=\"https:\/\/www.youtube.com\/watch?v=vezwIrxufKc\">D\u00e9tails L\u00e8ve-serre<\/a><\/h2>\n\n\n\n<p>\u00c9quip\u00e9 d\u2019un palonnier avec 4 ventouses manuelles, mais il y a aussi un accessoire pour l\u2019installation de plaques de plafond, stores, volets roulants, etc.<br>Peut atteindre une hauteur de 4,2 m\u00e8tres.<br>Convient pour un poids maximum de 120 kg.<br>Appelle-nous ou \u00e9cris-nous pour plus d\u2019informations,<\/p>\n","protected":false},"excerpt":{"rendered":"<p>Location d\u2019\u00e9l\u00e9vateur de serre, appelle-nous ou envoie-nous un e-mail pour plus d\u2019informations et pour r\u00e9server. Uniquement pour les professionnels, nous ne louons pas aux particuliers.<\/p>\n<p>Le l\u00e8ve-charge portable pour montage de verre est un monte-charge de montage extr\u00eamement compact et l\u00e9ger pour monter facilement le verre et autres objets lourds qui doivent \u00eatre install\u00e9s en hauteur.<\/p>\n<p><strong>\u2714\u00a0150 euros par jour, minimum 2 jours de location.<\/strong><\/p>\n<p><strong>\u2714\u00a0CMU de 120 kg.<\/strong><\/p>\n<p><strong>\u2714\u00a0Jusqu\u2019\u00e0 4,2 m\u00e8tres de haut.<\/strong><\/p>\n<p><strong>\u2714\u00a0Poids 66 kg.<\/strong><\/p>\n<p><strong>\u2714\u00a0Avec plateau \u00e0 ventouses avec supports.<\/strong><\/p>\n<p><strong>\u2714\u00a0550\u00d7650 mm en transport.<\/strong><\/p>\n<p><strong>\u2714\u00a01,0x 1,1 ou 0,75 x 1,6 m pendant l\u2019utilisation.<\/strong><\/p>\n<p><strong>\u2714\u00a0montage rapide par 1 personne.<\/strong><\/p>\n<p><strong>\u2714\u00a0\u00c9quip\u00e9 d\u2019une t\u00e9l\u00e9commande filaire.<\/strong><\/p>\n<p><strong>\u2714\u00a0Levage au millim\u00e8tre pr\u00e8s.<\/strong><\/p>\n<p><strong>\u2714\u00a0Toits de serre.<\/strong><\/p>\n<p><strong>\u2714\u00a0Couvertures de terrasse.<\/strong><\/p>\n<p>\u2660 La caution est de 500 euros<strong>.<\/strong><\/p>\n<p>\u2660 Le locataire doit assurer lui-m\u00eame l\u2019appareil contre les dommages, le vol et l\u2019incendie.<\/p>\n<p>\u2660 L\u2019appareil est \u00e0 r\u00e9cup\u00e9rer et \u00e0 rapporter \u00e0 Kapel Avezaath.<\/p>\n<p>&nbsp;<\/p>\n<p>ATTENTION : Nous louons uniquement aux professionnels (du verre), pas aux particuliers. Appareil disponible en quantit\u00e9 limit\u00e9e.<\/p>\n","protected":false},"featured_media":131588,"template":"","meta":{"_acf_changed":false,"_seopress_robots_primary_cat":"none","_seopress_titles_title":"","_seopress_titles_desc":"","_seopress_robots_index":""},"product_brand":[],"product_cat":[892,899],"product_tag":[1452,1443,1024,1649,1805],"class_list":{"0":"post-134045","1":"product","2":"type-product","3":"status-publish","4":"has-post-thumbnail","6":"product_cat-chariots","7":"product_cat-monte-vitre","8":"product_tag-chariot-2","9":"product_tag-louer","10":"product_tag-pose-de-verre","11":"product_tag-prevention-du-mal-de-dos","12":"product_tag-serreglas","13":"product_shipping_class-europalette","15":"first","16":"instock","17":"taxable","18":"shipping-taxable","19":"purchasable","20":"product-type-simple"},"acf":[],"_links":{"self":[{"href":"https:\/\/gevelridder.nl\/fr\/wp-json\/wp\/v2\/product\/134045","targetHints":{"allow":["GET"]}}],"collection":[{"href":"https:\/\/gevelridder.nl\/fr\/wp-json\/wp\/v2\/product"}],"about":[{"href":"https:\/\/gevelridder.nl\/fr\/wp-json\/wp\/v2\/types\/product"}],"wp:featuredmedia":[{"embeddable":true,"href":"https:\/\/gevelridder.nl\/fr\/wp-json\/wp\/v2\/media\/131588"}],"wp:attachment":[{"href":"https:\/\/gevelridder.nl\/fr\/wp-json\/wp\/v2\/media?parent=134045"}],"wp:term":[{"taxonomy":"product_brand","embeddable":true,"href":"https:\/\/gevelridder.nl\/fr\/wp-json\/wp\/v2\/product_brand?post=134045"},{"taxonomy":"product_cat","embeddable":true,"href":"https:\/\/gevelridder.nl\/fr\/wp-json\/wp\/v2\/product_cat?post=134045"},{"taxonomy":"product_tag","embeddable":true,"href":"https:\/\/gevelridder.nl\/fr\/wp-json\/wp\/v2\/product_tag?post=134045"}],"curies":[{"name":"wp","href":"https:\/\/api.w.org\/{rel}","templated":true}]}}