
{"id":134039,"date":"2026-03-24T11:40:02","date_gmt":"2026-03-24T11:40:02","guid":{"rendered":"https:\/\/gevelridder.nl\/product\/chevalet-a-verre-en-bois-hauteur-169-cm\/"},"modified":"2026-04-06T18:24:41","modified_gmt":"2026-04-06T18:24:41","slug":"chevalet-a-verre-en-bois-hauteur-169-cm","status":"publish","type":"product","link":"https:\/\/gevelridder.nl\/fr\/produit\/chevalet-a-verre-en-bois-hauteur-169-cm\/","title":{"rendered":"Chevalet \u00e0 verre en bois \u2013 hauteur 169 cm"},"content":{"rendered":"\n<h3 class=\"wp-block-heading\"><strong>Chevalets en bois pour verre et transport \u2013 Chevalet \u00e0 verre en bois \u2013 hauteur 169 cm<\/strong><\/h3>\n\n\n\n<p>Le chevalet \u00e0 verre en bois \u2013 hauteur 169 cm est id\u00e9al pour le stockage et le transport du verre, des panneaux, des portes, des fen\u00eatres, des ch\u00e2ssis et autres mat\u00e9riaux devant \u00eatre stock\u00e9s \u00e0 la verticale. Ils sont constitu\u00e9s d\u2019une combinaison de cloisons verticales en bois et de traverses.<\/p>\n\n\n\n<ul class=\"wp-block-list\">\n<li>L\u00e9ger<\/li>\n\n\n\n<li>Livraison en kit<\/li>\n<\/ul>\n\n\n\n<p>Largeur 80 cm, Longueur 182 cm, Hauteur 169 cm.<br>Chevalet \u00e0 verre ou de transport parfait pour le stockage et le transport de verre, panneaux, pierre naturelle, carrelage, fen\u00eatres, ch\u00e2ssis et portes\u2026 Configuration modulaire et exp\u00e9dition. Temps de montage court.<\/p>\n\n\n\n<p>Gr\u00e2ce \u00e0 la faible distance entre les montants, ce chevalet convient \u00e9galement parfaitement au stockage de petites pi\u00e8ces de verre et d\u2019autres panneaux. Les cloisons centrales sont plus espac\u00e9es pour permettre le d\u00e9placement du chevalet avec un transpalette.<\/p>\n\n\n\n<h4 class=\"wp-block-heading\">PROTOCOLE DE S\u00c9CURIT\u00c9 :<\/h4>\n\n\n\n<ul class=\"wp-block-list\">\n<li>Assure-toi toujours d\u2019avoir suffisamment d\u2019espace entre les chevalets pour man\u0153uvrer<br>avec une griffe, un chariot ou un appareil de levage \u00e0 vide, au minimum 700 mm<\/li>\n\n\n\n<li>Tu ne dois jamais te trouver entre les chevalets ou entre les chevalets dans le prolongement du chevalet (effet domino) lors de la man\u0153uvre<br>avec une griffe ou un appareil de levage.<\/li>\n\n\n\n<li>Ne pas charger plus haut que 20 cm au-dessus de la structure.<\/li>\n\n\n\n<li>Ne pas charger au-del\u00e0 du pied du chevalet.<\/li>\n\n\n\n<li>Toujours charger le chevalet de mani\u00e8re sym\u00e9trique.<\/li>\n\n\n\n<li>\u00c9vite les risques de chocs ou de pouss\u00e9es par ex. des camions, des chariots \u00e9l\u00e9vateurs ou du vent, par ex. pr\u00e8s des ouvertures de portes.<\/li>\n\n\n\n<li>La fixation au sol est autoris\u00e9e mais pas obligatoire, le plus important est que ces chevalets soient bien align\u00e9s, sur un sol parfaitement plat et de niveau.<\/li>\n<\/ul>\n","protected":false},"excerpt":{"rendered":"<p class=\"ai-optimize-30 ai-optimize-introduction\"><strong>\u2714\u00a0<\/strong><strong>80 cm de large, 182 cm de long et 169 cm de haut<\/strong><\/p>\n<p class=\"ai-optimize-31\"><strong>\u2714\u00a0<\/strong><strong>Capacit\u00e9 de charge de 1500 kg<\/strong><\/p>\n<p class=\"ai-optimize-32\"><strong>\u2714\u00a0Exp\u00e9dition en kit plat<\/strong><\/p>\n<p class=\"ai-optimize-33\"><strong>\u2714\u00a0D\u00e9pla\u00e7able avec un transpalette.<\/strong><\/p>\n","protected":false},"featured_media":132260,"template":"","meta":{"_acf_changed":false,"_seopress_robots_primary_cat":"none","_seopress_titles_title":"","_seopress_titles_desc":"","_seopress_robots_index":""},"product_brand":[],"product_cat":[894],"product_tag":[1362,1437,1542,1614,1611],"class_list":{"0":"post-134039","1":"product","2":"type-product","3":"status-publish","4":"has-post-thumbnail","6":"product_cat-chevalet-a-verre","7":"product_tag-chevalet-a-verre-bon-marche","8":"product_tag-chevalet-a-verre-en-bois","9":"product_tag-chevalet-dentrepot","10":"product_tag-stockage-de-chassis","11":"product_tag-stockage-verre","12":"product_shipping_class-65-euros","14":"first","15":"instock","16":"taxable","17":"shipping-taxable","18":"purchasable","19":"product-type-simple"},"acf":[],"_links":{"self":[{"href":"https:\/\/gevelridder.nl\/fr\/wp-json\/wp\/v2\/product\/134039","targetHints":{"allow":["GET"]}}],"collection":[{"href":"https:\/\/gevelridder.nl\/fr\/wp-json\/wp\/v2\/product"}],"about":[{"href":"https:\/\/gevelridder.nl\/fr\/wp-json\/wp\/v2\/types\/product"}],"wp:featuredmedia":[{"embeddable":true,"href":"https:\/\/gevelridder.nl\/fr\/wp-json\/wp\/v2\/media\/132260"}],"wp:attachment":[{"href":"https:\/\/gevelridder.nl\/fr\/wp-json\/wp\/v2\/media?parent=134039"}],"wp:term":[{"taxonomy":"product_brand","embeddable":true,"href":"https:\/\/gevelridder.nl\/fr\/wp-json\/wp\/v2\/product_brand?post=134039"},{"taxonomy":"product_cat","embeddable":true,"href":"https:\/\/gevelridder.nl\/fr\/wp-json\/wp\/v2\/product_cat?post=134039"},{"taxonomy":"product_tag","embeddable":true,"href":"https:\/\/gevelridder.nl\/fr\/wp-json\/wp\/v2\/product_tag?post=134039"}],"curies":[{"name":"wp","href":"https:\/\/api.w.org\/{rel}","templated":true}]}}