
{"id":134026,"date":"2026-03-24T08:17:09","date_gmt":"2026-03-24T08:17:09","guid":{"rendered":"https:\/\/gevelridder.nl\/product\/cable-dacier-petit-crochet-atoutleve-s\/"},"modified":"2026-04-06T17:57:42","modified_gmt":"2026-04-06T17:57:42","slug":"cable-dacier-petit-crochet-atoutleve-s","status":"publish","type":"product","link":"https:\/\/gevelridder.nl\/fr\/produit\/cable-dacier-petit-crochet-atoutleve-s\/","title":{"rendered":"C\u00e2ble d\u2019acier petit crochet AtoutL\u00e8ve S"},"content":{"rendered":"\n<h2 class=\"wp-block-heading\">C\u00e2ble d\u2019acier petit crochet AtoutL\u00e8ve S<\/h2>\n\n\n\n<p>Membres de l\u2019Ordre des Chevaliers, bien s\u00fbr il peut arriver que le c\u00e2ble d\u2019acier avec petit crochet pour l\u2019AtoutL\u00e8ve S l\u00e2che apr\u00e8s un long tournoi difficile, h\u00e9las. AtoutL\u00e8ve peut t\u2019aider \u00e0 repartir au combat le plus rapidement possible dans ta croisade avec un nouveau c\u00e2ble. Ce c\u00e2ble convient pour l\u2019AtoutL\u00e8ve S. \u00c9conomise de l\u2019argent en commandant directement d\u2019autres&nbsp;<a href=\"https:\/\/gevelridder.nl\/product\/glaskar-250-platenwagen\/\">armes de Chevalier<\/a>&nbsp;de notre collection.<\/p>\n\n\n\n<p>L\u2019<a href=\"https:\/\/gevelridder.nl\/product\/gevelridder-s-incl-afstandhouder\/\">AtoutL\u00e8ve S<\/a>&nbsp;est \u00e9quip\u00e9 d\u2019un c\u00e2ble d\u2019acier avec petit crochet de s\u00e9curit\u00e9 et contrepoids o\u00f9 les objets peuvent \u00eatre suspendus.<\/p>\n\n\n\n<p>Le c\u00e2ble d\u2019acier petit crochet pour l\u2019AtoutL\u00e8ve S co\u00fbte cher \u00e0 l\u2019achat, vraiment dommage pour les ducats. Comment peux-tu prolonger la dur\u00e9e de vie du c\u00e2ble ? Apr\u00e8s un travail avec l\u2019AtoutL\u00e8ve tu veux naturellement rentrer chez toi le plus vite possible, pour que ta femme puisse t\u2019aider \u00e0 enlever ta lourde cotte de mailles, la vie d\u2019un Chevalier sans mal de dos ne consiste pas seulement en tournois. Cependant, souvent le c\u00e2ble est enroul\u00e9 trop rapidement et sans charge. Cela peut cr\u00e9er des boucles sur le tambour causant des plis et donc des dommages. Assure-toi donc que le c\u00e2ble soit enroul\u00e9 avec soin et tendu, alors la dur\u00e9e de vie du c\u00e2ble sera \u00e9norm\u00e9ment prolong\u00e9e.<\/p>\n\n\n\n<p>Le c\u00e2ble est fabriqu\u00e9 en acier de haute qualit\u00e9. Il est \u00e9galement fin et flexible.<\/p>\n\n\n\n<p>N\u2019oublie pas de v\u00e9rifier que tes \u00e9quipements de protection individuelle sont \u00e9galement en bon \u00e9tat pendant le tournoi.<\/p>\n\n\n\n<p>Attention \u00e0 bien&nbsp;<a href=\"https:\/\/gevelridder.nl\/fr\/product-categorie\/pieces-detachees\/\">commander le bon type de c\u00e2ble<\/a>.<\/p>\n\n\n\n<h2 class=\"wp-block-heading\"><strong>\u00e9quipements de protection C\u00e2ble d\u2019acier petit crochet AtoutL\u00e8ve S<\/strong><\/h2>\n\n\n\n<p>La loi sur les conditions de travail (Arbowet) stipule que l\u2019employeur doit mettre \u00e0 disposition les \u00e9quipements de protection individuelle (EPI) n\u00e9cessaires. Les EPI \u00e0 porter et les situations dans lesquelles ils doivent \u00eatre port\u00e9s doivent \u00eatre inclus dans l\u2019analyse et l\u2019\u00e9valuation des risques (RI&amp;E). L\u2019employ\u00e9 a&nbsp;l\u2019obligation de porter les EPI mis \u00e0 disposition par l\u2019employeur.&nbsp;Le Chevalier de l\u2019Ordre des Chevaliers peut naturellement aussi se procurer ces \u00e9quipements de protection chez AtoutL\u00e8ve. Aussi bien un&nbsp;<a href=\"https:\/\/gevelridder.nl\/product\/werkhandschoenen-activgrip-omega-maat-xl\/\">gant<\/a>&nbsp;qu\u2019un&nbsp;<a href=\"https:\/\/gevelridder.nl\/product\/polsbescherming\/\">prot\u00e8ge-poignet<\/a>.<\/p>\n\n\n\n<ul class=\"wp-block-list\">\n<li>Les v\u00eatements de travail et les chaussures de s\u00e9curit\u00e9 (classe S3) sont obligatoires lors de la pose\/montage de verre en raison du risque de blessures par coupure. La pluie n\u00e9cessite des v\u00eatements imperm\u00e9ables.<\/li>\n<\/ul>\n\n\n\n<ul class=\"wp-block-list\">\n<li>Protection auditive (avec un amortissement suffisant) lors du clouage et de l\u2019\u00e9limination du mastic.<\/li>\n\n\n\n<li>Les lunettes de s\u00e9curit\u00e9 offrent une protection contre les \u00e9clats de verre lors du traitement et de l\u2019\u00e9limination manuels du verre.<\/li>\n\n\n\n<li>Casque de s\u00e9curit\u00e9 s\u2019il existe un risque d\u2019\u00eatre heurt\u00e9 par des objets tombant ou de se cogner la t\u00eate.<\/li>\n\n\n\n<li>Protection antichute telle qu\u2019un harnais avec une ligne de s\u00e9curit\u00e9 lors de travaux en hauteur si aucune mesure technique n\u2019a \u00e9t\u00e9 prise pour exclure les chutes.<\/li>\n\n\n\n<li>Les gants r\u00e9sistants aux coupures (classe de coupure minimale 3) offrent une protection contre les blessures par coupure du verre. Les gants avec lesquels il est agr\u00e9able de travailler sont fabriqu\u00e9s \u00e0 partir de kevlar, de fibres d\u2019aramide, de fils de dyneema ou de fils spectra. Ces gants sont tr\u00e8s r\u00e9sistants aux coupures et souples. Un rev\u00eatement en caoutchouc assure une adh\u00e9rence optimale. Une bonne coupe, l\u2019absence de coutures et la protection du poignet sont importants. Voir l\u2019explication dans la zone de texte.<\/li>\n\n\n\n<li>La protection du poignet offre une protection contre les blessures par coupure du verre.<\/li>\n<\/ul>\n\n\n\n<p>Pour plus d\u2019informations, clique&nbsp;<a href=\"https:\/\/www.volandis.nl\/media\/1125\/16063832-a-blad-glaszetten-hr.pdf\">ici.<\/a><\/p>\n","protected":false},"excerpt":{"rendered":"<p>Crochet de charge avec clapet et c\u00e2ble d\u2019acier flexible sp\u00e9cial pour l\u2019AtoutL\u00e8ve S. Au-dessus du crochet est mont\u00e9 un cylindre de lest pour pouvoir d\u00e9rouler le c\u00e2ble plus facilement. Nouveaut\u00e9 : le lest est prot\u00e9g\u00e9 par du caoutchouc.<\/p>\n","protected":false},"featured_media":131511,"template":"","meta":{"_acf_changed":false,"_seopress_robots_primary_cat":"none","_seopress_titles_title":"","_seopress_titles_desc":"","_seopress_robots_index":""},"product_brand":[],"product_cat":[904],"product_tag":[997,1075],"class_list":{"0":"post-134026","1":"product","2":"type-product","3":"status-publish","4":"has-post-thumbnail","6":"product_cat-pieces-detachees","7":"product_tag-atoutleve","8":"product_tag-cable-en-acier","9":"product_shipping_class-25-euros","11":"first","12":"instock","13":"taxable","14":"shipping-taxable","15":"purchasable","16":"product-type-simple"},"acf":[],"_links":{"self":[{"href":"https:\/\/gevelridder.nl\/fr\/wp-json\/wp\/v2\/product\/134026","targetHints":{"allow":["GET"]}}],"collection":[{"href":"https:\/\/gevelridder.nl\/fr\/wp-json\/wp\/v2\/product"}],"about":[{"href":"https:\/\/gevelridder.nl\/fr\/wp-json\/wp\/v2\/types\/product"}],"wp:featuredmedia":[{"embeddable":true,"href":"https:\/\/gevelridder.nl\/fr\/wp-json\/wp\/v2\/media\/131511"}],"wp:attachment":[{"href":"https:\/\/gevelridder.nl\/fr\/wp-json\/wp\/v2\/media?parent=134026"}],"wp:term":[{"taxonomy":"product_brand","embeddable":true,"href":"https:\/\/gevelridder.nl\/fr\/wp-json\/wp\/v2\/product_brand?post=134026"},{"taxonomy":"product_cat","embeddable":true,"href":"https:\/\/gevelridder.nl\/fr\/wp-json\/wp\/v2\/product_cat?post=134026"},{"taxonomy":"product_tag","embeddable":true,"href":"https:\/\/gevelridder.nl\/fr\/wp-json\/wp\/v2\/product_tag?post=134026"}],"curies":[{"name":"wp","href":"https:\/\/api.w.org\/{rel}","templated":true}]}}