
{"id":134020,"date":"2026-03-24T08:17:09","date_gmt":"2026-03-24T08:17:09","guid":{"rendered":"https:\/\/gevelridder.nl\/product\/cable-en-acier-petit-crochet-atoutleve-l\/"},"modified":"2026-04-06T17:59:35","modified_gmt":"2026-04-06T17:59:35","slug":"cable-en-acier-petit-crochet-atoutleve-l","status":"publish","type":"product","link":"https:\/\/gevelridder.nl\/fr\/produit\/cable-en-acier-petit-crochet-atoutleve-l\/","title":{"rendered":"C\u00e2ble en acier petit crochet AtoutL\u00e8ve L"},"content":{"rendered":"\n<h2 class=\"wp-block-heading\">C\u00e2ble en acier petit crochet AtoutL\u00e8ve L<\/h2>\n\n\n\n<p>Membres de l\u2019Ordre des Chevaliers, bien s\u00fbr, il peut arriver que le c\u00e2ble en acier avec petit crochet pour l\u2019AtoutL\u00e8ve L l\u00e2che apr\u00e8s un long et p\u00e9nible tournoi, c\u2019est dommage. AtoutL\u00e8ve peut t\u2019aider \u00e0 repartir au combat le plus vite possible dans ta croisade avec un nouveau c\u00e2ble. Ce c\u00e2ble est adapt\u00e9 \u00e0 l\u2019AtoutL\u00e8ve L. \u00c9conomise de l\u2019argent en commandant directement d\u2019autres&nbsp;<a href=\"https:\/\/gevelridder.nl\/product\/glaskar-250-platenwagen\/\">armes de Chevalier<\/a>&nbsp;dans notre collection.<\/p>\n\n\n\n<p>L\u2019<a href=\"https:\/\/gevelridder.nl\/product\/gevelridder-l\/\">AtoutL\u00e8ve L<\/a>&nbsp;est \u00e9quip\u00e9 d\u2019un c\u00e2ble en acier avec petit crochet de s\u00e9curit\u00e9 et contrepoids auquel des objets peuvent \u00eatre suspendus.<\/p>\n\n\n\n<p>Le c\u00e2ble en acier avec petit crochet pour l\u2019AtoutL\u00e8ve L co\u00fbte cher \u00e0 l\u2019achat, c\u2019est vraiment dommage de d\u00e9penser des ducats. Comment prolonger la dur\u00e9e de vie du c\u00e2ble ? Apr\u00e8s un travail avec l\u2019AtoutL\u00e8ve, tu veux bien s\u00fbr rentrer chez toi le plus vite possible, pour que ta femme puisse t\u2019aider \u00e0 enlever ta lourde cotte de mailles, car la vie d\u2019un Chevalier sans mal de dos ne se r\u00e9sume pas uniquement \u00e0 des tournois. Cependant, le c\u00e2ble est souvent enroul\u00e9 trop rapidement et sans charge. Cela peut entra\u00eener la formation de boucles sur le tambour, ce qui provoque des plis et donc des dommages. Veille donc \u00e0 enrouler le c\u00e2ble avec soin et fermement, cela prolongera consid\u00e9rablement sa dur\u00e9e de vie.<\/p>\n\n\n\n<p>Le c\u00e2ble est fabriqu\u00e9 en acier de haute qualit\u00e9. Il est \u00e9galement fin et flexible.<\/p>\n\n\n\n<p>N\u2019oublie pas de v\u00e9rifier que tes \u00e9quipements de protection individuelle sont \u00e9galement en bon \u00e9tat pendant le tournoi.<\/p>\n\n\n\n<h2 class=\"wp-block-heading\"><strong>\u00e9quipements de protection C\u00e2ble en acier petit crochet AtoutL\u00e8ve L<\/strong><\/h2>\n\n\n\n<p>La loi sur les conditions de travail (Arbowet) stipule que l\u2019employeur doit mettre \u00e0 disposition les \u00e9quipements de protection individuelle (EPI) n\u00e9cessaires. Les EPI \u00e0 porter et les situations dans lesquelles ils doivent \u00eatre port\u00e9s doivent \u00eatre inclus dans l\u2019analyse et l\u2019\u00e9valuation des risques (RI&amp;E). L\u2019employ\u00e9 a&nbsp;l\u2019obligation de porter les EPI mis \u00e0 disposition par l\u2019employeur.&nbsp;Le Chevalier de l\u2019Ordre des Chevaliers peut bien s\u00fbr \u00e9galement acheter ces \u00e9quipements de protection chez AtoutL\u00e8ve. Aussi bien un&nbsp;<a href=\"https:\/\/gevelridder.nl\/product\/werkhandschoenen-activgrip-omega-maat-xl\/\">gant<\/a>&nbsp;qu\u2019une&nbsp;<a href=\"https:\/\/gevelridder.nl\/product\/polsbescherming\/\">protection de poignet<\/a>.<\/p>\n\n\n\n<ul class=\"wp-block-list\">\n<li>Les v\u00eatements de travail et les chaussures de s\u00e9curit\u00e9 (classe S3) sont obligatoires lors de la pose\/montage de verre en raison du risque de blessures par coupure. La pluie n\u00e9cessite des v\u00eatements imperm\u00e9ables.<\/li>\n<\/ul>\n\n\n\n<ul class=\"wp-block-list\">\n<li>Protection auditive (avec un amortissement suffisant) lors du clouage et de l\u2019\u00e9limination du mastic.<\/li>\n\n\n\n<li>Les lunettes de s\u00e9curit\u00e9 offrent une protection contre les \u00e9clats de verre lors du traitement et de l\u2019\u00e9limination manuels du verre.<\/li>\n\n\n\n<li>Casque de s\u00e9curit\u00e9 s\u2019il existe un risque d\u2019\u00eatre heurt\u00e9 par des objets tombant ou de se cogner la t\u00eate.<\/li>\n\n\n\n<li>Protection antichute telle qu\u2019un harnais avec une ligne de s\u00e9curit\u00e9 lors de travaux en hauteur si aucune mesure technique n\u2019a \u00e9t\u00e9 prise pour exclure les chutes.<\/li>\n\n\n\n<li>Les gants r\u00e9sistants aux coupures (classe de coupure minimale 3) offrent une protection contre les blessures par coupure du verre. Les gants avec lesquels il est agr\u00e9able de travailler sont fabriqu\u00e9s \u00e0 partir de kevlar, de fibres d\u2019aramide, de fils de dyneema ou de fils spectra. Ces gants sont tr\u00e8s r\u00e9sistants aux coupures et souples. Un rev\u00eatement en caoutchouc assure une adh\u00e9rence optimale. Une bonne coupe, l\u2019absence de coutures et la protection du poignet sont importants. Voir l\u2019explication dans la zone de texte.<\/li>\n\n\n\n<li>La protection du poignet offre une protection contre les blessures par coupure du verre.<\/li>\n<\/ul>\n\n\n\n<p>Pour plus d\u2019informations, clique&nbsp;<a href=\"https:\/\/www.volandis.nl\/media\/1125\/16063832-a-blad-glaszetten-hr.pdf\">ici.<\/a><\/p>\n","protected":false},"excerpt":{"rendered":"<p>Crochet de levage avec clapet et c\u00e2ble en acier flexible sp\u00e9cial pour l\u2019AtoutL\u00e8ve L. C\u00e2ble de 21 m\u00e8tres de long. Un cylindre de lest est mont\u00e9 au-dessus du crochet pour faciliter le d\u00e9roulement du c\u00e2ble. La nouveaut\u00e9 est que le lest est prot\u00e9g\u00e9 par du caoutchouc.<\/p>\n","protected":false},"featured_media":131511,"template":"","meta":{"_acf_changed":false,"_seopress_robots_primary_cat":"none","_seopress_titles_title":"","_seopress_titles_desc":"","_seopress_robots_index":""},"product_brand":[],"product_cat":[904],"product_tag":[1003],"class_list":{"0":"post-134020","1":"product","2":"type-product","3":"status-publish","4":"has-post-thumbnail","6":"product_cat-pieces-detachees","7":"product_tag-cable-atoutleve","8":"product_shipping_class-25-euros","10":"first","11":"instock","12":"taxable","13":"shipping-taxable","14":"purchasable","15":"product-type-simple"},"acf":[],"_links":{"self":[{"href":"https:\/\/gevelridder.nl\/fr\/wp-json\/wp\/v2\/product\/134020","targetHints":{"allow":["GET"]}}],"collection":[{"href":"https:\/\/gevelridder.nl\/fr\/wp-json\/wp\/v2\/product"}],"about":[{"href":"https:\/\/gevelridder.nl\/fr\/wp-json\/wp\/v2\/types\/product"}],"wp:featuredmedia":[{"embeddable":true,"href":"https:\/\/gevelridder.nl\/fr\/wp-json\/wp\/v2\/media\/131511"}],"wp:attachment":[{"href":"https:\/\/gevelridder.nl\/fr\/wp-json\/wp\/v2\/media?parent=134020"}],"wp:term":[{"taxonomy":"product_brand","embeddable":true,"href":"https:\/\/gevelridder.nl\/fr\/wp-json\/wp\/v2\/product_brand?post=134020"},{"taxonomy":"product_cat","embeddable":true,"href":"https:\/\/gevelridder.nl\/fr\/wp-json\/wp\/v2\/product_cat?post=134020"},{"taxonomy":"product_tag","embeddable":true,"href":"https:\/\/gevelridder.nl\/fr\/wp-json\/wp\/v2\/product_tag?post=134020"}],"curies":[{"name":"wp","href":"https:\/\/api.w.org\/{rel}","templated":true}]}}