
{"id":134005,"date":"2026-03-24T11:34:16","date_gmt":"2026-03-24T11:34:16","guid":{"rendered":"https:\/\/gevelridder.nl\/product\/lance-de-fixation-pour-le-chariot-a-panneaux\/"},"modified":"2026-04-06T18:43:42","modified_gmt":"2026-04-06T18:43:42","slug":"lance-de-fixation-pour-le-chariot-a-panneaux","status":"publish","type":"product","link":"https:\/\/gevelridder.nl\/fr\/produit\/lance-de-fixation-pour-le-chariot-a-panneaux\/","title":{"rendered":"Lance de fixation pour le chariot \u00e0 panneaux"},"content":{"rendered":"\n<h2 class=\"wp-block-heading\">Lance de fixation<\/h2>\n\n\n\n<p>La lance de fixation pour le chariot AtoutL\u00e8ve emp\u00eache votre panneau (vitr\u00e9) de basculer vers l\u2019avant.<\/p>\n\n\n\n<p>En principe, une lance suffit, mais pour les grands panneaux (vitr\u00e9s), nous conseillons deux lances. Si tu transportes des vitres de plus grandes dimensions sur&nbsp;<a href=\"https:\/\/gevelridder.nl\/product\/glaskar-250-platenwagen\/\">le chariot \u00e0 vitres<\/a>&nbsp;d\u2019AtoutL\u00e8ve, nous te conseillons la&nbsp;<a href=\"https:\/\/gevelridder.nl\/fr\/product\/bride-de-serrage-pour-chariot-a-vitres-1-0-en-acier\/\">pince de serrage<\/a>.<\/p>\n\n\n\n<p>La lance de fixation est fabriqu\u00e9e en acier inoxydable de haute qualit\u00e9 et bien s\u00fbr : Made in Holland. Le prix est \u00e0 l\u2019unit\u00e9.<\/p>\n\n\n\n<h2 class=\"wp-block-heading\">Lance de fixation au&nbsp;<a href=\"https:\/\/nl.wikipedia.org\/wiki\/Lans_(wapen)\">Moyen \u00c2ge<\/a>.<\/h2>\n\n\n\n<p>Au Moyen \u00c2ge, les principales armes du chevalier \u00e0 cheval \u00e9taient l\u2019\u00e9p\u00e9e et la lance. Il pouvait \u00e9galement utiliser une dague et une masse d\u2019armes \u00e0 garniture de fer. Pour se prot\u00e9ger, le chevalier portait une cotte de mailles qui n\u2019offrait pas une protection compl\u00e8te, ce qui l\u2019amenait \u00e0 couvrir de plus en plus de parties de son corps avec des plaques de fer, donnant finalement naissance \u00e0 l\u2019armure. Cela conduisit, apr\u00e8s l\u2019an 1000, \u00e0 un changement dans l\u2019utilisation de la lance. Le manche en bois avec sa pointe en fer d\u2019environ 15 cm resta, mais on commen\u00e7a \u00e0 manier la lance diff\u00e9remment. Jusqu\u2019alors, on levait la lance au-dessus de la t\u00eate pour frapper ou la lancer, ou on la tenait sous le bras droit pour maintenir l\u2019\u00e9quilibre.<\/p>\n\n\n\n<p>Les recherches montrent qu\u2019\u00e0 partir du dernier quart du XIe si\u00e8cle, on utilisait des lances plus lourdes qu\u2019on maintenait serr\u00e9es sous l\u2019aisselle et qu\u2019on tenait avec la main droite juste derri\u00e8re un arr\u00eat de lance. L\u2019arr\u00eat de lance \u00e9tait install\u00e9 pour offrir une r\u00e9sistance lors d\u2019un impact. La lance pointait en diagonale au-dessus du cou du cheval vers la gauche. En lan\u00e7ant son cheval au galop, le chevalier pouvait ainsi porter un coup mortel. Cette technique est appel\u00e9e technique de la&nbsp;<em>lance couch\u00e9e<\/em>.&nbsp;<a href=\"https:\/\/nl.wikipedia.org\/w\/index.php?title=Maurice_Keen&amp;action=edit&amp;redlink=1\">Maurice Keen<\/a>&nbsp;d\u00e9crivait un chevalier utilisant cette technique comme un \u2018projectile humain\u2019. Cette technique n\u00e9cessitait un entra\u00eenement sp\u00e9cial. Le chevalier devait simultan\u00e9ment tenir son bouclier de la main gauche, manier les r\u00eanes et rester en selle. Les selles \u00e9taient sp\u00e9cialement adapt\u00e9es pour cette technique.&nbsp;<sup><a href=\"https:\/\/nl.wikipedia.org\/wiki\/Lans_(wapen)#cite_note-1\">[1]<\/a><\/sup><\/p>\n","protected":false},"excerpt":{"rendered":"<p>La pince de serrage s\u2019adapte au chariot AtoutL\u00e8ve 150 kg et au chariot AtoutL\u00e8ve 4\u00d74.<br \/>\nElle est fabriqu\u00e9e en acier de haute qualit\u00e9, bien trait\u00e9 contre la rouille et recouverte de caoutchouc pour ne pas endommager le verre ou les panneaux.<\/p>\n","protected":false},"featured_media":131698,"template":"","meta":{"_acf_changed":false,"_seopress_robots_primary_cat":"none","_seopress_titles_title":"","_seopress_titles_desc":"","_seopress_robots_index":""},"product_brand":[],"product_cat":[893,905],"product_tag":[1015,1204,1072,1170],"class_list":{"0":"post-134005","1":"product","2":"type-product","3":"status-publish","4":"has-post-thumbnail","6":"product_cat-chariots-de-facade","7":"product_cat-pieces-detachees-2","8":"product_tag-chariot-a-vitres","9":"product_tag-fixation-du-verre","10":"product_tag-lance-de-serrage","11":"product_tag-portes-sur-chariot-a-verre","12":"product_shipping_class-25-euros","14":"first","15":"instock","16":"taxable","17":"shipping-taxable","18":"purchasable","19":"product-type-simple"},"acf":[],"_links":{"self":[{"href":"https:\/\/gevelridder.nl\/fr\/wp-json\/wp\/v2\/product\/134005","targetHints":{"allow":["GET"]}}],"collection":[{"href":"https:\/\/gevelridder.nl\/fr\/wp-json\/wp\/v2\/product"}],"about":[{"href":"https:\/\/gevelridder.nl\/fr\/wp-json\/wp\/v2\/types\/product"}],"wp:featuredmedia":[{"embeddable":true,"href":"https:\/\/gevelridder.nl\/fr\/wp-json\/wp\/v2\/media\/131698"}],"wp:attachment":[{"href":"https:\/\/gevelridder.nl\/fr\/wp-json\/wp\/v2\/media?parent=134005"}],"wp:term":[{"taxonomy":"product_brand","embeddable":true,"href":"https:\/\/gevelridder.nl\/fr\/wp-json\/wp\/v2\/product_brand?post=134005"},{"taxonomy":"product_cat","embeddable":true,"href":"https:\/\/gevelridder.nl\/fr\/wp-json\/wp\/v2\/product_cat?post=134005"},{"taxonomy":"product_tag","embeddable":true,"href":"https:\/\/gevelridder.nl\/fr\/wp-json\/wp\/v2\/product_tag?post=134005"}],"curies":[{"name":"wp","href":"https:\/\/api.w.org\/{rel}","templated":true}]}}